{"id":17405,"date":"2026-04-15T18:14:05","date_gmt":"2026-04-15T18:14:05","guid":{"rendered":"https:\/\/sagrinex.com\/produit\/pro-staub-sdp-159-freischneider-223-cm%c2%b3-motor-51-cm-messer-4000-m%c2%b2\/"},"modified":"2026-04-15T21:12:34","modified_gmt":"2026-04-15T21:12:34","slug":"pro-staub-sdp-159-freischneider-223-cm%c2%b3-motor-51-cm-messer-4000-m%c2%b2","status":"publish","type":"product","link":"https:\/\/sagrinex.com\/de\/produit\/pro-staub-sdp-159-freischneider-223-cm%c2%b3-motor-51-cm-messer-4000-m%c2%b2\/","title":{"rendered":"Pro Staub Sdp 159 Freischneider \u2013 223 Cm\u00b3 Motor, 51 Cm Messer, 4000 M\u00b2"},"content":{"rendered":"<h4>Hauptvorteile:<\/h4>\n<p>\u25aa\ufe0f <strong data-start=\"761\" data-end=\"793\">Leistungsstarker RATO RV 225-Motor: <\/strong>223 cm\u00b3 \u2013 4,1 Wh (5,5 PS) f\u00fcr den intensiven Einsatz konzipiert<\/p>\n<p><strong data-start=\"1445\" data-end=\"1499\">\u25aa\ufe0f Getriebe mit 7-Positionen-Geschwindigkeitsvariator<\/strong> : einstellbarer Fortschritt von 2 bis 4,2 km\/h je nach Bedingungen<\/p>\n<p>\u25aa\ufe0f <strong data-start=\"1565\" data-end=\"1606\">Auf der Motorwelle montiertes Mulchmesser<\/strong> : Effizienter Schnitt und Motorschutz durch Sicherheitslager<\/p>\n<p>\u25aa\ufe0f <strong data-start=\"1681\" data-end=\"1742\">Stahlgeh\u00e4use mit abnehmbaren Front- und Seitenabweisern<\/strong> : verst\u00e4rkte Sicherheit und Kontrolle von Projektionen<\/p>\n<p>\u25aa\ufe0f <strong data-start=\"656\" data-end=\"685\">Einstellung des Lenkerschnitts: <\/strong>4 Schnitth\u00f6hen (55 bis 110 mm) ohne Arbeitsunterbrechung<\/p>\n<p>\u25aa\ufe0f <strong data-start=\"1908\" data-end=\"1939\">Optimaler Fahrkomfort<\/strong> : gro\u00dfe Hinterr\u00e4der f\u00fcr Traktion, schwenkbares Vorderrad f\u00fcr Pr\u00e4zision<\/p>\n<p>\u25aa\ufe0f <strong data-start=\"2027\" data-end=\"2081\">Lenker ohne Werkzeug in der H\u00f6he und im Offset verstellbar<\/strong> : Ergonomie angepasst an alle Bediener<\/p>\n<p>\u25aa\ufe0f <strong data-start=\"2129\" data-end=\"2163\">Angepasst an komplexes Gel\u00e4nde<\/strong> : Unterholz, Hanglagen bis 20 %, unregelm\u00e4\u00dfige oder bewachsene B\u00f6den<\/p>\n<p><strong data-start=\"2231\" data-end=\"2255\">\u25aa\ufe0f Benutzersicherheit<\/strong> : \u201eTotmann\u201c-Griff am Lenker f\u00fcr sofortiges Abstellen des Motors<\/p>\n","protected":false},"excerpt":{"rendered":"<h4>Professioneller Freischneider STAUB SDP 159: Leistung, Robustheit und Pr\u00e4zision f\u00fcr die Pflege von Grundst\u00fccken bis zu 4000 m\u00b2.<\/h4>\n<p data-start=\"355\" data-end=\"724\">Der STAUB SDP 159 wurde f\u00fcr Profis in der Landschaftspflege, Gemeinden oder regelm\u00e4\u00dfige Anwender auf gro\u00dfen Fl\u00e4chen entwickelt und erf\u00fcllt zuverl\u00e4ssig die Anforderungen des Feldes. Sein robustes Design und sein 7-Gang-Variatorgetriebe erm\u00f6glichen eine perfekte Anpassung des Vortriebs an die Vegetationsdichte oder die Beschaffenheit des Gel\u00e4ndes.<\/p>\n<p data-start=\"726\" data-end=\"1119\">Dank seines direkt auf der Motorwelle montierten und durch ein Sicherheitslager gesch\u00fctzten Mulchmessers zerkleinert er effektiv hohes Gras und leichtes Gestr\u00fcpp und schont dabei die Mechanik. Sein h\u00f6hen- und offsetverstellbarer Lenker sorgt in Kombination mit einem schwenkbaren Vorderrad und gro\u00dfen Hinterr\u00e4dern f\u00fcr Komfort, Man\u00f6vrierf\u00e4higkeit und Stabilit\u00e4t, auch an Steigungen oder zwischen Hindernissen.<\/p>\n<p data-start=\"1121\" data-end=\"1315\">Der SDP 159 ist ideal f\u00fcr die Pflege von Grundst\u00fccken mit einer Gr\u00f6\u00dfe von 4000 m\u00b2 und bietet sicheres und effizientes Handling in allen Gel\u00e4ndearten, einschlie\u00dflich steiler, steiniger oder teilweise bewaldeter Gebiete.<\/p>\n","protected":false},"featured_media":10245,"comment_status":"open","ping_status":"closed","template":"","meta":[],"product_brand":[],"product_cat":[326,320],"product_tag":[],"class_list":{"0":"post-17405","1":"product","2":"type-product","3":"status-publish","4":"has-post-thumbnail","6":"product_cat-freischneider","7":"product_cat-unsere-rasenmaher","9":"first","10":"instock","11":"shipping-taxable","12":"purchasable","13":"product-type-simple"},"yoast_head":"<!-- This site is optimized with the Yoast SEO plugin v27.4 - https:\/\/yoast.com\/product\/yoast-seo-wordpress\/ -->\n<title>Pro Staub Sdp 159 Freischneider \u2013 223 Cm\u00b3 Motor, 51 Cm Messer, 4000 M\u00b2 - Sagrinex \u2013 Anhaenger, Container &amp; Landtechnik \ud83c\udf3e\ud83d\ude9c<\/title>\n<meta name=\"robots\" content=\"index, follow, max-snippet:-1, max-image-preview:large, max-video-preview:-1\" \/>\n<link rel=\"canonical\" href=\"https:\/\/sagrinex.com\/produit\/pro-staub-sdp-159-freischneider-223-cm\u00b3-motor-51-cm-messer-4000-m\u00b2\/?lang=de\" \/>\n<meta property=\"og:locale\" content=\"de_DE\" \/>\n<meta property=\"og:type\" content=\"article\" \/>\n<meta property=\"og:title\" content=\"Pro Staub Sdp 159 Freischneider \u2013 223 Cm\u00b3 Motor, 51 Cm Messer, 4000 M\u00b2 - Sagrinex \u2013 Anhaenger, Container &amp; Landtechnik \ud83c\udf3e\ud83d\ude9c\" \/>\n<meta property=\"og:description\" content=\"Professioneller Freischneider STAUB SDP 159: Leistung, Robustheit und Pr\u00e4zision f\u00fcr die Pflege von Grundst\u00fccken bis zu 4000 m\u00b2. Der STAUB SDP 159 wurde f\u00fcr Profis in der Landschaftspflege, Gemeinden oder regelm\u00e4\u00dfige Anwender auf gro\u00dfen Fl\u00e4chen entwickelt und erf\u00fcllt zuverl\u00e4ssig die Anforderungen des Feldes. Sein robustes Design und sein 7-Gang-Variatorgetriebe erm\u00f6glichen eine perfekte Anpassung des Vortriebs an die Vegetationsdichte oder die Beschaffenheit des Gel\u00e4ndes. Dank seines direkt auf der Motorwelle montierten und durch ein Sicherheitslager gesch\u00fctzten Mulchmessers zerkleinert er effektiv hohes Gras und leichtes Gestr\u00fcpp und schont dabei die Mechanik. Sein h\u00f6hen- und offsetverstellbarer Lenker sorgt in Kombination mit einem schwenkbaren Vorderrad und gro\u00dfen Hinterr\u00e4dern f\u00fcr Komfort, Man\u00f6vrierf\u00e4higkeit und Stabilit\u00e4t, auch an Steigungen oder zwischen Hindernissen. Der SDP 159 ist ideal f\u00fcr die Pflege von Grundst\u00fccken mit einer Gr\u00f6\u00dfe von 4000 m\u00b2 und bietet sicheres und effizientes Handling in allen Gel\u00e4ndearten, einschlie\u00dflich steiler, steiniger oder teilweise bewaldeter Gebiete.\" \/>\n<meta property=\"og:url\" content=\"https:\/\/sagrinex.com\/produit\/pro-staub-sdp-159-freischneider-223-cm\u00b3-motor-51-cm-messer-4000-m\u00b2\/?lang=de\" \/>\n<meta property=\"og:site_name\" content=\"Sagrinex \u2013 Anhaenger, Container &amp; Landtechnik \ud83c\udf3e\ud83d\ude9c\" \/>\n<meta property=\"article:modified_time\" content=\"2026-04-15T21:12:34+00:00\" \/>\n<meta property=\"og:image\" content=\"https:\/\/sagrinex.com\/wp-content\/uploads\/2026\/03\/Image-404.jpeg\" \/>\n\t<meta property=\"og:image:width\" content=\"1800\" \/>\n\t<meta property=\"og:image:height\" content=\"1800\" \/>\n\t<meta property=\"og:image:type\" content=\"image\/jpeg\" \/>\n<meta name=\"twitter:card\" content=\"summary_large_image\" \/>\n<meta name=\"twitter:label1\" content=\"Gesch\u00e4tzte Lesezeit\" \/>\n\t<meta name=\"twitter:data1\" content=\"1\u00a0Minute\" \/>\n<script type=\"application\/ld+json\" class=\"yoast-schema-graph\">{\"@context\":\"https:\\\/\\\/schema.org\",\"@graph\":[{\"@type\":\"WebPage\",\"@id\":\"https:\\\/\\\/sagrinex.com\\\/produit\\\/pro-staub-sdp-159-freischneider-223-cm%c2%b3-motor-51-cm-messer-4000-m%c2%b2\\\/?lang=de\",\"url\":\"https:\\\/\\\/sagrinex.com\\\/produit\\\/pro-staub-sdp-159-freischneider-223-cm%c2%b3-motor-51-cm-messer-4000-m%c2%b2\\\/?lang=de\",\"name\":\"Pro Staub Sdp 159 Freischneider \u2013 223 Cm\u00b3 Motor, 51 Cm Messer, 4000 M\u00b2 - Sagrinex \u2013 Anhaenger, Container &amp; Landtechnik \ud83c\udf3e\ud83d\ude9c\",\"isPartOf\":{\"@id\":\"https:\\\/\\\/sagrinex.com\\\/#website\"},\"primaryImageOfPage\":{\"@id\":\"https:\\\/\\\/sagrinex.com\\\/produit\\\/pro-staub-sdp-159-freischneider-223-cm%c2%b3-motor-51-cm-messer-4000-m%c2%b2\\\/?lang=de#primaryimage\"},\"image\":{\"@id\":\"https:\\\/\\\/sagrinex.com\\\/produit\\\/pro-staub-sdp-159-freischneider-223-cm%c2%b3-motor-51-cm-messer-4000-m%c2%b2\\\/?lang=de#primaryimage\"},\"thumbnailUrl\":\"https:\\\/\\\/sagrinex.com\\\/wp-content\\\/uploads\\\/2026\\\/03\\\/Image-404.jpeg\",\"datePublished\":\"2026-04-15T18:14:05+00:00\",\"dateModified\":\"2026-04-15T21:12:34+00:00\",\"breadcrumb\":{\"@id\":\"https:\\\/\\\/sagrinex.com\\\/produit\\\/pro-staub-sdp-159-freischneider-223-cm%c2%b3-motor-51-cm-messer-4000-m%c2%b2\\\/?lang=de#breadcrumb\"},\"inLanguage\":\"de\",\"potentialAction\":[{\"@type\":\"ReadAction\",\"target\":[\"https:\\\/\\\/sagrinex.com\\\/produit\\\/pro-staub-sdp-159-freischneider-223-cm%c2%b3-motor-51-cm-messer-4000-m%c2%b2\\\/?lang=de\"]}]},{\"@type\":\"ImageObject\",\"inLanguage\":\"de\",\"@id\":\"https:\\\/\\\/sagrinex.com\\\/produit\\\/pro-staub-sdp-159-freischneider-223-cm%c2%b3-motor-51-cm-messer-4000-m%c2%b2\\\/?lang=de#primaryimage\",\"url\":\"https:\\\/\\\/sagrinex.com\\\/wp-content\\\/uploads\\\/2026\\\/03\\\/Image-404.jpeg\",\"contentUrl\":\"https:\\\/\\\/sagrinex.com\\\/wp-content\\\/uploads\\\/2026\\\/03\\\/Image-404.jpeg\",\"width\":1800,\"height\":1800},{\"@type\":\"BreadcrumbList\",\"@id\":\"https:\\\/\\\/sagrinex.com\\\/produit\\\/pro-staub-sdp-159-freischneider-223-cm%c2%b3-motor-51-cm-messer-4000-m%c2%b2\\\/?lang=de#breadcrumb\",\"itemListElement\":[{\"@type\":\"ListItem\",\"position\":1,\"name\":\"Accueil\",\"item\":\"https:\\\/\\\/sagrinex.com\\\/?lang=de\"},{\"@type\":\"ListItem\",\"position\":2,\"name\":\"Shop\",\"item\":\"https:\\\/\\\/sagrinex.com\\\/shop\\\/\"},{\"@type\":\"ListItem\",\"position\":3,\"name\":\"Pro Staub Sdp 159 Freischneider \u2013 223 Cm\u00b3 Motor, 51 Cm Messer, 4000 M\u00b2\"}]},{\"@type\":\"WebSite\",\"@id\":\"https:\\\/\\\/sagrinex.com\\\/#website\",\"url\":\"https:\\\/\\\/sagrinex.com\\\/\",\"name\":\"Sagrinex \u2013 Spezialist f\u00fcr Anh\u00e4nger, Container & Landtechnik\",\"description\":\"Anhaenger, Container &amp; Landtechnik \u2014 Online-Verkauf &amp; kostenloses Angebot\",\"publisher\":{\"@id\":\"https:\\\/\\\/sagrinex.com\\\/#organization\"},\"potentialAction\":[{\"@type\":\"SearchAction\",\"target\":{\"@type\":\"EntryPoint\",\"urlTemplate\":\"https:\\\/\\\/sagrinex.com\\\/?s={search_term_string}\"},\"query-input\":{\"@type\":\"PropertyValueSpecification\",\"valueRequired\":true,\"valueName\":\"search_term_string\"}}],\"inLanguage\":\"de\"},{\"@type\":\"Organization\",\"@id\":\"https:\\\/\\\/sagrinex.com\\\/#organization\",\"name\":\"Sagrinex \u2013 Remorques, Conteneurs & Mat\u00e9riel Agricole\",\"url\":\"https:\\\/\\\/sagrinex.com\\\/\",\"logo\":{\"@type\":\"ImageObject\",\"inLanguage\":\"de\",\"@id\":\"https:\\\/\\\/sagrinex.com\\\/#\\\/schema\\\/logo\\\/image\\\/\",\"url\":\"https:\\\/\\\/sagrinex.com\\\/wp-content\\\/uploads\\\/2026\\\/03\\\/7f1ac463-ef5a-425d-bdd6-a5da03a334a9-1024x683.png\",\"contentUrl\":\"https:\\\/\\\/sagrinex.com\\\/wp-content\\\/uploads\\\/2026\\\/03\\\/7f1ac463-ef5a-425d-bdd6-a5da03a334a9-1024x683.png\",\"width\":1024,\"height\":683,\"caption\":\"Sagrinex \u2013 Remorques, Conteneurs & Mat\u00e9riel Agricole\"},\"image\":{\"@id\":\"https:\\\/\\\/sagrinex.com\\\/#\\\/schema\\\/logo\\\/image\\\/\"}}]}<\/script>\n<!-- \/ Yoast SEO plugin. -->","yoast_head_json":{"title":"Pro Staub Sdp 159 Freischneider \u2013 223 Cm\u00b3 Motor, 51 Cm Messer, 4000 M\u00b2 - Sagrinex \u2013 Anhaenger, Container &amp; Landtechnik \ud83c\udf3e\ud83d\ude9c","robots":{"index":"index","follow":"follow","max-snippet":"max-snippet:-1","max-image-preview":"max-image-preview:large","max-video-preview":"max-video-preview:-1"},"canonical":"https:\/\/sagrinex.com\/produit\/pro-staub-sdp-159-freischneider-223-cm\u00b3-motor-51-cm-messer-4000-m\u00b2\/?lang=de","og_locale":"de_DE","og_type":"article","og_title":"Pro Staub Sdp 159 Freischneider \u2013 223 Cm\u00b3 Motor, 51 Cm Messer, 4000 M\u00b2 - Sagrinex \u2013 Anhaenger, Container &amp; Landtechnik \ud83c\udf3e\ud83d\ude9c","og_description":"Professioneller Freischneider STAUB SDP 159: Leistung, Robustheit und Pr\u00e4zision f\u00fcr die Pflege von Grundst\u00fccken bis zu 4000 m\u00b2. Der STAUB SDP 159 wurde f\u00fcr Profis in der Landschaftspflege, Gemeinden oder regelm\u00e4\u00dfige Anwender auf gro\u00dfen Fl\u00e4chen entwickelt und erf\u00fcllt zuverl\u00e4ssig die Anforderungen des Feldes. Sein robustes Design und sein 7-Gang-Variatorgetriebe erm\u00f6glichen eine perfekte Anpassung des Vortriebs an die Vegetationsdichte oder die Beschaffenheit des Gel\u00e4ndes. Dank seines direkt auf der Motorwelle montierten und durch ein Sicherheitslager gesch\u00fctzten Mulchmessers zerkleinert er effektiv hohes Gras und leichtes Gestr\u00fcpp und schont dabei die Mechanik. Sein h\u00f6hen- und offsetverstellbarer Lenker sorgt in Kombination mit einem schwenkbaren Vorderrad und gro\u00dfen Hinterr\u00e4dern f\u00fcr Komfort, Man\u00f6vrierf\u00e4higkeit und Stabilit\u00e4t, auch an Steigungen oder zwischen Hindernissen. Der SDP 159 ist ideal f\u00fcr die Pflege von Grundst\u00fccken mit einer Gr\u00f6\u00dfe von 4000 m\u00b2 und bietet sicheres und effizientes Handling in allen Gel\u00e4ndearten, einschlie\u00dflich steiler, steiniger oder teilweise bewaldeter Gebiete.","og_url":"https:\/\/sagrinex.com\/produit\/pro-staub-sdp-159-freischneider-223-cm\u00b3-motor-51-cm-messer-4000-m\u00b2\/?lang=de","og_site_name":"Sagrinex \u2013 Anhaenger, Container &amp; Landtechnik \ud83c\udf3e\ud83d\ude9c","article_modified_time":"2026-04-15T21:12:34+00:00","og_image":[{"width":1800,"height":1800,"url":"https:\/\/sagrinex.com\/wp-content\/uploads\/2026\/03\/Image-404.jpeg","type":"image\/jpeg"}],"twitter_card":"summary_large_image","twitter_misc":{"Gesch\u00e4tzte Lesezeit":"1\u00a0Minute"},"schema":{"@context":"https:\/\/schema.org","@graph":[{"@type":"WebPage","@id":"https:\/\/sagrinex.com\/produit\/pro-staub-sdp-159-freischneider-223-cm%c2%b3-motor-51-cm-messer-4000-m%c2%b2\/?lang=de","url":"https:\/\/sagrinex.com\/produit\/pro-staub-sdp-159-freischneider-223-cm%c2%b3-motor-51-cm-messer-4000-m%c2%b2\/?lang=de","name":"Pro Staub Sdp 159 Freischneider \u2013 223 Cm\u00b3 Motor, 51 Cm Messer, 4000 M\u00b2 - Sagrinex \u2013 Anhaenger, Container &amp; Landtechnik \ud83c\udf3e\ud83d\ude9c","isPartOf":{"@id":"https:\/\/sagrinex.com\/#website"},"primaryImageOfPage":{"@id":"https:\/\/sagrinex.com\/produit\/pro-staub-sdp-159-freischneider-223-cm%c2%b3-motor-51-cm-messer-4000-m%c2%b2\/?lang=de#primaryimage"},"image":{"@id":"https:\/\/sagrinex.com\/produit\/pro-staub-sdp-159-freischneider-223-cm%c2%b3-motor-51-cm-messer-4000-m%c2%b2\/?lang=de#primaryimage"},"thumbnailUrl":"https:\/\/sagrinex.com\/wp-content\/uploads\/2026\/03\/Image-404.jpeg","datePublished":"2026-04-15T18:14:05+00:00","dateModified":"2026-04-15T21:12:34+00:00","breadcrumb":{"@id":"https:\/\/sagrinex.com\/produit\/pro-staub-sdp-159-freischneider-223-cm%c2%b3-motor-51-cm-messer-4000-m%c2%b2\/?lang=de#breadcrumb"},"inLanguage":"de","potentialAction":[{"@type":"ReadAction","target":["https:\/\/sagrinex.com\/produit\/pro-staub-sdp-159-freischneider-223-cm%c2%b3-motor-51-cm-messer-4000-m%c2%b2\/?lang=de"]}]},{"@type":"ImageObject","inLanguage":"de","@id":"https:\/\/sagrinex.com\/produit\/pro-staub-sdp-159-freischneider-223-cm%c2%b3-motor-51-cm-messer-4000-m%c2%b2\/?lang=de#primaryimage","url":"https:\/\/sagrinex.com\/wp-content\/uploads\/2026\/03\/Image-404.jpeg","contentUrl":"https:\/\/sagrinex.com\/wp-content\/uploads\/2026\/03\/Image-404.jpeg","width":1800,"height":1800},{"@type":"BreadcrumbList","@id":"https:\/\/sagrinex.com\/produit\/pro-staub-sdp-159-freischneider-223-cm%c2%b3-motor-51-cm-messer-4000-m%c2%b2\/?lang=de#breadcrumb","itemListElement":[{"@type":"ListItem","position":1,"name":"Accueil","item":"https:\/\/sagrinex.com\/?lang=de"},{"@type":"ListItem","position":2,"name":"Shop","item":"https:\/\/sagrinex.com\/shop\/"},{"@type":"ListItem","position":3,"name":"Pro Staub Sdp 159 Freischneider \u2013 223 Cm\u00b3 Motor, 51 Cm Messer, 4000 M\u00b2"}]},{"@type":"WebSite","@id":"https:\/\/sagrinex.com\/#website","url":"https:\/\/sagrinex.com\/","name":"Sagrinex \u2013 Spezialist f\u00fcr Anh\u00e4nger, Container & Landtechnik","description":"Anhaenger, Container &amp; Landtechnik \u2014 Online-Verkauf &amp; kostenloses Angebot","publisher":{"@id":"https:\/\/sagrinex.com\/#organization"},"potentialAction":[{"@type":"SearchAction","target":{"@type":"EntryPoint","urlTemplate":"https:\/\/sagrinex.com\/?s={search_term_string}"},"query-input":{"@type":"PropertyValueSpecification","valueRequired":true,"valueName":"search_term_string"}}],"inLanguage":"de"},{"@type":"Organization","@id":"https:\/\/sagrinex.com\/#organization","name":"Sagrinex \u2013 Remorques, Conteneurs & Mat\u00e9riel Agricole","url":"https:\/\/sagrinex.com\/","logo":{"@type":"ImageObject","inLanguage":"de","@id":"https:\/\/sagrinex.com\/#\/schema\/logo\/image\/","url":"https:\/\/sagrinex.com\/wp-content\/uploads\/2026\/03\/7f1ac463-ef5a-425d-bdd6-a5da03a334a9-1024x683.png","contentUrl":"https:\/\/sagrinex.com\/wp-content\/uploads\/2026\/03\/7f1ac463-ef5a-425d-bdd6-a5da03a334a9-1024x683.png","width":1024,"height":683,"caption":"Sagrinex \u2013 Remorques, Conteneurs & Mat\u00e9riel Agricole"},"image":{"@id":"https:\/\/sagrinex.com\/#\/schema\/logo\/image\/"}}]}},"jetpack_sharing_enabled":true,"_links":{"self":[{"href":"https:\/\/sagrinex.com\/de\/wp-json\/wp\/v2\/product\/17405","targetHints":{"allow":["GET"]}}],"collection":[{"href":"https:\/\/sagrinex.com\/de\/wp-json\/wp\/v2\/product"}],"about":[{"href":"https:\/\/sagrinex.com\/de\/wp-json\/wp\/v2\/types\/product"}],"replies":[{"embeddable":true,"href":"https:\/\/sagrinex.com\/de\/wp-json\/wp\/v2\/comments?post=17405"}],"version-history":[{"count":0,"href":"https:\/\/sagrinex.com\/de\/wp-json\/wp\/v2\/product\/17405\/revisions"}],"wp:featuredmedia":[{"embeddable":true,"href":"https:\/\/sagrinex.com\/de\/wp-json\/wp\/v2\/media\/10245"}],"wp:attachment":[{"href":"https:\/\/sagrinex.com\/de\/wp-json\/wp\/v2\/media?parent=17405"}],"wp:term":[{"taxonomy":"product_brand","embeddable":true,"href":"https:\/\/sagrinex.com\/de\/wp-json\/wp\/v2\/product_brand?post=17405"},{"taxonomy":"product_cat","embeddable":true,"href":"https:\/\/sagrinex.com\/de\/wp-json\/wp\/v2\/product_cat?post=17405"},{"taxonomy":"product_tag","embeddable":true,"href":"https:\/\/sagrinex.com\/de\/wp-json\/wp\/v2\/product_tag?post=17405"}],"curies":[{"name":"wp","href":"https:\/\/api.w.org\/{rel}","templated":true}]}}