{"id":17406,"date":"2026-04-15T18:14:25","date_gmt":"2026-04-15T18:14:25","guid":{"rendered":"https:\/\/sagrinex.com\/produit\/freischneider-staub-sdp-459-55-ps-rato-motor-52-cm-schnitt-5000-m%c2%b2\/"},"modified":"2026-04-15T21:12:34","modified_gmt":"2026-04-15T21:12:34","slug":"freischneider-staub-sdp-459-55-ps-rato-motor-52-cm-schnitt-5000-m%c2%b2","status":"publish","type":"product","link":"https:\/\/sagrinex.com\/de\/produit\/freischneider-staub-sdp-459-55-ps-rato-motor-52-cm-schnitt-5000-m%c2%b2\/","title":{"rendered":"Freischneider Staub Sdp 459 \u2013 5,5 Ps Rato-motor, 52 Cm Schnitt, 5000 M\u00b2"},"content":{"rendered":"<h4>Hauptvorteile:<\/h4>\n<p>\u25aa\ufe0f <strong data-start=\"938\" data-end=\"960\">RATO RV 225 Motor<\/strong> : zuverl\u00e4ssig, leistungsstark (5,5 PS), ideal f\u00fcr den regelm\u00e4\u00dfigen Einsatz in dichter Vegetation<\/p>\n<p>\u25aa\ufe0f <strong data-start=\"1045\" data-end=\"1083\">Oszillierendes Offset-Schneidsystem<\/strong> : width 52 cm, protects the engine in the event of an impact<\/p>\n<p>\u25aa\ufe0f <strong data-start=\"1139\" data-end=\"1179\">Zwei Geschwindigkeiten vorw\u00e4rts + r\u00fcckw\u00e4rts<\/strong> : erleichtert das Man\u00f6vrieren und die Anpassung an die Vegetation<\/p>\n<p>\u25aa\ufe0f <strong data-start=\"1242\" data-end=\"1266\" data-is-only-node=\"\">Pannensichere R\u00e4der<\/strong> : geeignet f\u00fcr unebenes Gel\u00e4nde<\/p>\n<p>\u25aa\ufe0f <strong data-start=\"1307\" data-end=\"1334\">Verstellbares Schneidpad<\/strong> : adjustable according to the thickness of the grass or the density of the copse<\/p>\n<p>\u25aa\ufe0f <strong data-start=\"1407\" data-end=\"1450\">Lenker in H\u00f6he und Offset verstellbar<\/strong> : Bedienkomfort f\u00fcr alle Gr\u00f6\u00dfen<\/p>\n<p>\u25aa\ufe0f <strong data-start=\"1503\" data-end=\"1528\">Sichere Nutzung<\/strong> : Ergonomischer Griff mit integriertem Klingenstopp<\/p>\n","protected":false},"excerpt":{"rendered":"<h4>Professionelle Leistung und Zuverl\u00e4ssigkeit f\u00fcr die Instandhaltung gro\u00dfer technischer Gel\u00e4nde.<\/h4>\n<p data-start=\"176\" data-end=\"554\">Der Thermo-Freischneider STAUB SDP 459 wurde speziell f\u00fcr die Bed\u00fcrfnisse von Profis und Privatpersonen mit gro\u00dfen Landfl\u00e4chen und dichter Vegetation entwickelt und bietet eine zuverl\u00e4ssige und effiziente L\u00f6sung. Sein 5,5 PS starker 4-Takt-RATO-Motor sorgt f\u00fcr konstante Leistung, w\u00e4hrend die Schnittbreite von 52 cm die Bearbeitung gro\u00dfer Fl\u00e4chen durch begrenzte Durchg\u00e4nge erm\u00f6glicht.<\/p>\n<p data-start=\"556\" data-end=\"989\">Die zwei Vorw\u00e4rtsg\u00e4nge und der R\u00fcckw\u00e4rtsgang erleichtern das Man\u00f6vrieren auch in engen oder schwer zug\u00e4nglichen R\u00e4umen. Der h\u00f6hen- und versatzverstellbare Lenker tr\u00e4gt zu einem h\u00f6heren Bedienkomfort bei, angepasst an die K\u00f6rperform des Bedieners und die Gel\u00e4ndebedingungen. Die Konfiguration mit zwei Hinterr\u00e4dern und zwei Kufen garantiert eine gute Stabilit\u00e4t, insbesondere auf unebenem oder absch\u00fcssigem Untergrund und sogar im Schlamm.<\/p>\n","protected":false},"featured_media":10242,"comment_status":"open","ping_status":"closed","template":"","meta":[],"product_brand":[],"product_cat":[326,320],"product_tag":[],"class_list":{"0":"post-17406","1":"product","2":"type-product","3":"status-publish","4":"has-post-thumbnail","6":"product_cat-freischneider","7":"product_cat-unsere-rasenmaher","9":"first","10":"instock","11":"shipping-taxable","12":"purchasable","13":"product-type-simple"},"yoast_head":"<!-- This site is optimized with the Yoast SEO plugin v27.5 - https:\/\/yoast.com\/product\/yoast-seo-wordpress\/ -->\n<title>Freischneider Staub Sdp 459 \u2013 5,5 Ps Rato-motor, 52 Cm Schnitt, 5000 M\u00b2 - Sagrinex \u2013 Anhaenger, Container &amp; Landtechnik \ud83c\udf3e\ud83d\ude9c<\/title>\n<meta name=\"robots\" content=\"index, follow, max-snippet:-1, max-image-preview:large, max-video-preview:-1\" \/>\n<link rel=\"canonical\" href=\"https:\/\/sagrinex.com\/produit\/freischneider-staub-sdp-459-55-ps-rato-motor-52-cm-schnitt-5000-m\u00b2\/?lang=de\" \/>\n<meta property=\"og:locale\" content=\"de_DE\" \/>\n<meta property=\"og:type\" content=\"article\" \/>\n<meta property=\"og:title\" content=\"Freischneider Staub Sdp 459 \u2013 5,5 Ps Rato-motor, 52 Cm Schnitt, 5000 M\u00b2 - Sagrinex \u2013 Anhaenger, Container &amp; Landtechnik \ud83c\udf3e\ud83d\ude9c\" \/>\n<meta property=\"og:description\" content=\"Professionelle Leistung und Zuverl\u00e4ssigkeit f\u00fcr die Instandhaltung gro\u00dfer technischer Gel\u00e4nde. Der Thermo-Freischneider STAUB SDP 459 wurde speziell f\u00fcr die Bed\u00fcrfnisse von Profis und Privatpersonen mit gro\u00dfen Landfl\u00e4chen und dichter Vegetation entwickelt und bietet eine zuverl\u00e4ssige und effiziente L\u00f6sung. Sein 5,5 PS starker 4-Takt-RATO-Motor sorgt f\u00fcr konstante Leistung, w\u00e4hrend die Schnittbreite von 52 cm die Bearbeitung gro\u00dfer Fl\u00e4chen durch begrenzte Durchg\u00e4nge erm\u00f6glicht. Die zwei Vorw\u00e4rtsg\u00e4nge und der R\u00fcckw\u00e4rtsgang erleichtern das Man\u00f6vrieren auch in engen oder schwer zug\u00e4nglichen R\u00e4umen. Der h\u00f6hen- und versatzverstellbare Lenker tr\u00e4gt zu einem h\u00f6heren Bedienkomfort bei, angepasst an die K\u00f6rperform des Bedieners und die Gel\u00e4ndebedingungen. Die Konfiguration mit zwei Hinterr\u00e4dern und zwei Kufen garantiert eine gute Stabilit\u00e4t, insbesondere auf unebenem oder absch\u00fcssigem Untergrund und sogar im Schlamm.\" \/>\n<meta property=\"og:url\" content=\"https:\/\/sagrinex.com\/produit\/freischneider-staub-sdp-459-55-ps-rato-motor-52-cm-schnitt-5000-m\u00b2\/?lang=de\" \/>\n<meta property=\"og:site_name\" content=\"Sagrinex \u2013 Anhaenger, Container &amp; Landtechnik \ud83c\udf3e\ud83d\ude9c\" \/>\n<meta property=\"article:modified_time\" content=\"2026-04-15T21:12:34+00:00\" \/>\n<meta property=\"og:image\" content=\"https:\/\/sagrinex.com\/wp-content\/uploads\/2026\/03\/Image-403.jpeg\" \/>\n\t<meta property=\"og:image:width\" content=\"1800\" \/>\n\t<meta property=\"og:image:height\" content=\"1800\" \/>\n\t<meta property=\"og:image:type\" content=\"image\/jpeg\" \/>\n<meta name=\"twitter:card\" content=\"summary_large_image\" \/>\n<script type=\"application\/ld+json\" class=\"yoast-schema-graph\">{\"@context\":\"https:\\\/\\\/schema.org\",\"@graph\":[{\"@type\":\"WebPage\",\"@id\":\"https:\\\/\\\/sagrinex.com\\\/produit\\\/freischneider-staub-sdp-459-55-ps-rato-motor-52-cm-schnitt-5000-m%c2%b2\\\/?lang=de\",\"url\":\"https:\\\/\\\/sagrinex.com\\\/produit\\\/freischneider-staub-sdp-459-55-ps-rato-motor-52-cm-schnitt-5000-m%c2%b2\\\/?lang=de\",\"name\":\"Freischneider Staub Sdp 459 \u2013 5,5 Ps Rato-motor, 52 Cm Schnitt, 5000 M\u00b2 - Sagrinex \u2013 Anhaenger, Container &amp; Landtechnik \ud83c\udf3e\ud83d\ude9c\",\"isPartOf\":{\"@id\":\"https:\\\/\\\/sagrinex.com\\\/#website\"},\"primaryImageOfPage\":{\"@id\":\"https:\\\/\\\/sagrinex.com\\\/produit\\\/freischneider-staub-sdp-459-55-ps-rato-motor-52-cm-schnitt-5000-m%c2%b2\\\/?lang=de#primaryimage\"},\"image\":{\"@id\":\"https:\\\/\\\/sagrinex.com\\\/produit\\\/freischneider-staub-sdp-459-55-ps-rato-motor-52-cm-schnitt-5000-m%c2%b2\\\/?lang=de#primaryimage\"},\"thumbnailUrl\":\"https:\\\/\\\/sagrinex.com\\\/wp-content\\\/uploads\\\/2026\\\/03\\\/Image-403.jpeg\",\"datePublished\":\"2026-04-15T18:14:25+00:00\",\"dateModified\":\"2026-04-15T21:12:34+00:00\",\"breadcrumb\":{\"@id\":\"https:\\\/\\\/sagrinex.com\\\/produit\\\/freischneider-staub-sdp-459-55-ps-rato-motor-52-cm-schnitt-5000-m%c2%b2\\\/?lang=de#breadcrumb\"},\"inLanguage\":\"de\",\"potentialAction\":[{\"@type\":\"ReadAction\",\"target\":[\"https:\\\/\\\/sagrinex.com\\\/produit\\\/freischneider-staub-sdp-459-55-ps-rato-motor-52-cm-schnitt-5000-m%c2%b2\\\/?lang=de\"]}]},{\"@type\":\"ImageObject\",\"inLanguage\":\"de\",\"@id\":\"https:\\\/\\\/sagrinex.com\\\/produit\\\/freischneider-staub-sdp-459-55-ps-rato-motor-52-cm-schnitt-5000-m%c2%b2\\\/?lang=de#primaryimage\",\"url\":\"https:\\\/\\\/sagrinex.com\\\/wp-content\\\/uploads\\\/2026\\\/03\\\/Image-403.jpeg\",\"contentUrl\":\"https:\\\/\\\/sagrinex.com\\\/wp-content\\\/uploads\\\/2026\\\/03\\\/Image-403.jpeg\",\"width\":1800,\"height\":1800},{\"@type\":\"BreadcrumbList\",\"@id\":\"https:\\\/\\\/sagrinex.com\\\/produit\\\/freischneider-staub-sdp-459-55-ps-rato-motor-52-cm-schnitt-5000-m%c2%b2\\\/?lang=de#breadcrumb\",\"itemListElement\":[{\"@type\":\"ListItem\",\"position\":1,\"name\":\"Accueil\",\"item\":\"https:\\\/\\\/sagrinex.com\\\/?lang=de\"},{\"@type\":\"ListItem\",\"position\":2,\"name\":\"Shop\",\"item\":\"https:\\\/\\\/sagrinex.com\\\/shop\\\/\"},{\"@type\":\"ListItem\",\"position\":3,\"name\":\"Freischneider Staub Sdp 459 \u2013 5,5 Ps Rato-motor, 52 Cm Schnitt, 5000 M\u00b2\"}]},{\"@type\":\"WebSite\",\"@id\":\"https:\\\/\\\/sagrinex.com\\\/#website\",\"url\":\"https:\\\/\\\/sagrinex.com\\\/\",\"name\":\"Sagrinex \u2013 Spezialist f\u00fcr Anh\u00e4nger, Container & Landtechnik\",\"description\":\"Anhaenger, Container &amp; Landtechnik \u2014 Online-Verkauf &amp; kostenloses Angebot\",\"publisher\":{\"@id\":\"https:\\\/\\\/sagrinex.com\\\/#organization\"},\"potentialAction\":[{\"@type\":\"SearchAction\",\"target\":{\"@type\":\"EntryPoint\",\"urlTemplate\":\"https:\\\/\\\/sagrinex.com\\\/?s={search_term_string}\"},\"query-input\":{\"@type\":\"PropertyValueSpecification\",\"valueRequired\":true,\"valueName\":\"search_term_string\"}}],\"inLanguage\":\"de\"},{\"@type\":\"Organization\",\"@id\":\"https:\\\/\\\/sagrinex.com\\\/#organization\",\"name\":\"Sagrinex \u2013 Remorques, Conteneurs & Mat\u00e9riel Agricole\",\"url\":\"https:\\\/\\\/sagrinex.com\\\/\",\"logo\":{\"@type\":\"ImageObject\",\"inLanguage\":\"de\",\"@id\":\"https:\\\/\\\/sagrinex.com\\\/#\\\/schema\\\/logo\\\/image\\\/\",\"url\":\"https:\\\/\\\/sagrinex.com\\\/wp-content\\\/uploads\\\/2026\\\/03\\\/7f1ac463-ef5a-425d-bdd6-a5da03a334a9-1024x683.png\",\"contentUrl\":\"https:\\\/\\\/sagrinex.com\\\/wp-content\\\/uploads\\\/2026\\\/03\\\/7f1ac463-ef5a-425d-bdd6-a5da03a334a9-1024x683.png\",\"width\":1024,\"height\":683,\"caption\":\"Sagrinex \u2013 Remorques, Conteneurs & Mat\u00e9riel Agricole\"},\"image\":{\"@id\":\"https:\\\/\\\/sagrinex.com\\\/#\\\/schema\\\/logo\\\/image\\\/\"}}]}<\/script>\n<!-- \/ Yoast SEO plugin. -->","yoast_head_json":{"title":"Freischneider Staub Sdp 459 \u2013 5,5 Ps Rato-motor, 52 Cm Schnitt, 5000 M\u00b2 - Sagrinex \u2013 Anhaenger, Container &amp; Landtechnik \ud83c\udf3e\ud83d\ude9c","robots":{"index":"index","follow":"follow","max-snippet":"max-snippet:-1","max-image-preview":"max-image-preview:large","max-video-preview":"max-video-preview:-1"},"canonical":"https:\/\/sagrinex.com\/produit\/freischneider-staub-sdp-459-55-ps-rato-motor-52-cm-schnitt-5000-m\u00b2\/?lang=de","og_locale":"de_DE","og_type":"article","og_title":"Freischneider Staub Sdp 459 \u2013 5,5 Ps Rato-motor, 52 Cm Schnitt, 5000 M\u00b2 - Sagrinex \u2013 Anhaenger, Container &amp; Landtechnik \ud83c\udf3e\ud83d\ude9c","og_description":"Professionelle Leistung und Zuverl\u00e4ssigkeit f\u00fcr die Instandhaltung gro\u00dfer technischer Gel\u00e4nde. Der Thermo-Freischneider STAUB SDP 459 wurde speziell f\u00fcr die Bed\u00fcrfnisse von Profis und Privatpersonen mit gro\u00dfen Landfl\u00e4chen und dichter Vegetation entwickelt und bietet eine zuverl\u00e4ssige und effiziente L\u00f6sung. Sein 5,5 PS starker 4-Takt-RATO-Motor sorgt f\u00fcr konstante Leistung, w\u00e4hrend die Schnittbreite von 52 cm die Bearbeitung gro\u00dfer Fl\u00e4chen durch begrenzte Durchg\u00e4nge erm\u00f6glicht. Die zwei Vorw\u00e4rtsg\u00e4nge und der R\u00fcckw\u00e4rtsgang erleichtern das Man\u00f6vrieren auch in engen oder schwer zug\u00e4nglichen R\u00e4umen. Der h\u00f6hen- und versatzverstellbare Lenker tr\u00e4gt zu einem h\u00f6heren Bedienkomfort bei, angepasst an die K\u00f6rperform des Bedieners und die Gel\u00e4ndebedingungen. Die Konfiguration mit zwei Hinterr\u00e4dern und zwei Kufen garantiert eine gute Stabilit\u00e4t, insbesondere auf unebenem oder absch\u00fcssigem Untergrund und sogar im Schlamm.","og_url":"https:\/\/sagrinex.com\/produit\/freischneider-staub-sdp-459-55-ps-rato-motor-52-cm-schnitt-5000-m\u00b2\/?lang=de","og_site_name":"Sagrinex \u2013 Anhaenger, Container &amp; Landtechnik \ud83c\udf3e\ud83d\ude9c","article_modified_time":"2026-04-15T21:12:34+00:00","og_image":[{"width":1800,"height":1800,"url":"https:\/\/sagrinex.com\/wp-content\/uploads\/2026\/03\/Image-403.jpeg","type":"image\/jpeg"}],"twitter_card":"summary_large_image","schema":{"@context":"https:\/\/schema.org","@graph":[{"@type":"WebPage","@id":"https:\/\/sagrinex.com\/produit\/freischneider-staub-sdp-459-55-ps-rato-motor-52-cm-schnitt-5000-m%c2%b2\/?lang=de","url":"https:\/\/sagrinex.com\/produit\/freischneider-staub-sdp-459-55-ps-rato-motor-52-cm-schnitt-5000-m%c2%b2\/?lang=de","name":"Freischneider Staub Sdp 459 \u2013 5,5 Ps Rato-motor, 52 Cm Schnitt, 5000 M\u00b2 - Sagrinex \u2013 Anhaenger, Container &amp; Landtechnik \ud83c\udf3e\ud83d\ude9c","isPartOf":{"@id":"https:\/\/sagrinex.com\/#website"},"primaryImageOfPage":{"@id":"https:\/\/sagrinex.com\/produit\/freischneider-staub-sdp-459-55-ps-rato-motor-52-cm-schnitt-5000-m%c2%b2\/?lang=de#primaryimage"},"image":{"@id":"https:\/\/sagrinex.com\/produit\/freischneider-staub-sdp-459-55-ps-rato-motor-52-cm-schnitt-5000-m%c2%b2\/?lang=de#primaryimage"},"thumbnailUrl":"https:\/\/sagrinex.com\/wp-content\/uploads\/2026\/03\/Image-403.jpeg","datePublished":"2026-04-15T18:14:25+00:00","dateModified":"2026-04-15T21:12:34+00:00","breadcrumb":{"@id":"https:\/\/sagrinex.com\/produit\/freischneider-staub-sdp-459-55-ps-rato-motor-52-cm-schnitt-5000-m%c2%b2\/?lang=de#breadcrumb"},"inLanguage":"de","potentialAction":[{"@type":"ReadAction","target":["https:\/\/sagrinex.com\/produit\/freischneider-staub-sdp-459-55-ps-rato-motor-52-cm-schnitt-5000-m%c2%b2\/?lang=de"]}]},{"@type":"ImageObject","inLanguage":"de","@id":"https:\/\/sagrinex.com\/produit\/freischneider-staub-sdp-459-55-ps-rato-motor-52-cm-schnitt-5000-m%c2%b2\/?lang=de#primaryimage","url":"https:\/\/sagrinex.com\/wp-content\/uploads\/2026\/03\/Image-403.jpeg","contentUrl":"https:\/\/sagrinex.com\/wp-content\/uploads\/2026\/03\/Image-403.jpeg","width":1800,"height":1800},{"@type":"BreadcrumbList","@id":"https:\/\/sagrinex.com\/produit\/freischneider-staub-sdp-459-55-ps-rato-motor-52-cm-schnitt-5000-m%c2%b2\/?lang=de#breadcrumb","itemListElement":[{"@type":"ListItem","position":1,"name":"Accueil","item":"https:\/\/sagrinex.com\/?lang=de"},{"@type":"ListItem","position":2,"name":"Shop","item":"https:\/\/sagrinex.com\/shop\/"},{"@type":"ListItem","position":3,"name":"Freischneider Staub Sdp 459 \u2013 5,5 Ps Rato-motor, 52 Cm Schnitt, 5000 M\u00b2"}]},{"@type":"WebSite","@id":"https:\/\/sagrinex.com\/#website","url":"https:\/\/sagrinex.com\/","name":"Sagrinex \u2013 Spezialist f\u00fcr Anh\u00e4nger, Container & Landtechnik","description":"Anhaenger, Container &amp; Landtechnik \u2014 Online-Verkauf &amp; kostenloses Angebot","publisher":{"@id":"https:\/\/sagrinex.com\/#organization"},"potentialAction":[{"@type":"SearchAction","target":{"@type":"EntryPoint","urlTemplate":"https:\/\/sagrinex.com\/?s={search_term_string}"},"query-input":{"@type":"PropertyValueSpecification","valueRequired":true,"valueName":"search_term_string"}}],"inLanguage":"de"},{"@type":"Organization","@id":"https:\/\/sagrinex.com\/#organization","name":"Sagrinex \u2013 Remorques, Conteneurs & Mat\u00e9riel Agricole","url":"https:\/\/sagrinex.com\/","logo":{"@type":"ImageObject","inLanguage":"de","@id":"https:\/\/sagrinex.com\/#\/schema\/logo\/image\/","url":"https:\/\/sagrinex.com\/wp-content\/uploads\/2026\/03\/7f1ac463-ef5a-425d-bdd6-a5da03a334a9-1024x683.png","contentUrl":"https:\/\/sagrinex.com\/wp-content\/uploads\/2026\/03\/7f1ac463-ef5a-425d-bdd6-a5da03a334a9-1024x683.png","width":1024,"height":683,"caption":"Sagrinex \u2013 Remorques, Conteneurs & Mat\u00e9riel Agricole"},"image":{"@id":"https:\/\/sagrinex.com\/#\/schema\/logo\/image\/"}}]}},"jetpack_sharing_enabled":true,"_links":{"self":[{"href":"https:\/\/sagrinex.com\/de\/wp-json\/wp\/v2\/product\/17406","targetHints":{"allow":["GET"]}}],"collection":[{"href":"https:\/\/sagrinex.com\/de\/wp-json\/wp\/v2\/product"}],"about":[{"href":"https:\/\/sagrinex.com\/de\/wp-json\/wp\/v2\/types\/product"}],"replies":[{"embeddable":true,"href":"https:\/\/sagrinex.com\/de\/wp-json\/wp\/v2\/comments?post=17406"}],"version-history":[{"count":0,"href":"https:\/\/sagrinex.com\/de\/wp-json\/wp\/v2\/product\/17406\/revisions"}],"wp:featuredmedia":[{"embeddable":true,"href":"https:\/\/sagrinex.com\/de\/wp-json\/wp\/v2\/media\/10242"}],"wp:attachment":[{"href":"https:\/\/sagrinex.com\/de\/wp-json\/wp\/v2\/media?parent=17406"}],"wp:term":[{"taxonomy":"product_brand","embeddable":true,"href":"https:\/\/sagrinex.com\/de\/wp-json\/wp\/v2\/product_brand?post=17406"},{"taxonomy":"product_cat","embeddable":true,"href":"https:\/\/sagrinex.com\/de\/wp-json\/wp\/v2\/product_cat?post=17406"},{"taxonomy":"product_tag","embeddable":true,"href":"https:\/\/sagrinex.com\/de\/wp-json\/wp\/v2\/product_tag?post=17406"}],"curies":[{"name":"wp","href":"https:\/\/api.w.org\/{rel}","templated":true}]}}