{"id":17407,"date":"2026-04-15T18:14:48","date_gmt":"2026-04-15T18:14:48","guid":{"rendered":"https:\/\/sagrinex.com\/produit\/staub-sdp-158-thermo-freischneider-mit-raedern\/"},"modified":"2026-04-15T21:12:35","modified_gmt":"2026-04-15T21:12:35","slug":"staub-sdp-158-thermo-freischneider-mit-raedern","status":"publish","type":"product","link":"https:\/\/sagrinex.com\/de\/produit\/staub-sdp-158-thermo-freischneider-mit-raedern\/","title":{"rendered":"Staub Sdp 158 Thermo-freischneider mit R\u00e4dern"},"content":{"rendered":"<h1 class=\"ng-scope\"><strong>EIGENSCHAFTEN<\/strong><\/h1>\n<table class=\"ce-product-features\">\n<tbody>\n<tr class=\"ce-product-features__row\">\n<th class=\"ce-product-features__label\">Energietyp<\/th>\n<td class=\"ce-product-features__value\">Thermisch<\/td>\n<\/tr>\n<tr class=\"ce-product-features__row\">\n<th class=\"ce-product-features__label\">Motor<\/th>\n<td class=\"ce-product-features__value\">YAMAHA MA 190<\/td>\n<\/tr>\n<tr class=\"ce-product-features__row\">\n<th class=\"ce-product-features__label\">Hubraum<\/th>\n<td class=\"ce-product-features__value\">190 cm3<\/td>\n<\/tr>\n<tr class=\"ce-product-features__row\">\n<th class=\"ce-product-features__label\">Leistung<\/th>\n<td class=\"ce-product-features__value\">4 kW \/ 5,4 ch<\/td>\n<\/tr>\n<tr class=\"ce-product-features__row\">\n<th class=\"ce-product-features__label\">Garantie (Privatnutzer)<\/th>\n<td class=\"ce-product-features__value\">2 Jahre<\/td>\n<\/tr>\n<tr class=\"ce-product-features__row\">\n<th class=\"ce-product-features__label\">Schnittfl\u00e4che<\/th>\n<td class=\"ce-product-features__value\">4000 m2<\/td>\n<\/tr>\n<tr class=\"ce-product-features__row\">\n<th class=\"ce-product-features__label\">Gewicht<\/th>\n<td class=\"ce-product-features__value\">65 kg<\/td>\n<\/tr>\n<tr class=\"ce-product-features__row\">\n<th class=\"ce-product-features__label\">Arbeitsbreite<\/th>\n<td class=\"ce-product-features__value\">51 cm<\/td>\n<\/tr>\n<tr class=\"ce-product-features__row\">\n<th class=\"ce-product-features__label\">Geschwindigkeiten<\/th>\n<td class=\"ce-product-features__value\">Variator 7 Positionen von 2 bis 4,2 km\/h<\/td>\n<\/tr>\n<tr class=\"ce-product-features__row\">\n<th class=\"ce-product-features__label\">Schnitth\u00f6he<\/th>\n<td class=\"ce-product-features__value\">55-70-90-110 mm (4 Positionen am Lenker)<\/td>\n<\/tr>\n<tr class=\"ce-product-features__row\">\n<th class=\"ce-product-features__label\">Lenker<\/th>\n<td class=\"ce-product-features__value\">in der H\u00f6he verstellbar und werkzeuglos zusammenklappbar<\/td>\n<\/tr>\n<tr class=\"ce-product-features__row\">\n<th class=\"ce-product-features__label\">Maximale Neigung<\/th>\n<td class=\"ce-product-features__value\">20% \u2013 11\u00b0<\/td>\n<\/tr>\n<\/tbody>\n<\/table>\n","protected":false},"excerpt":{"rendered":"<p>Der Thermo-Freischneider Staub SDP 158 <strong>erm\u00f6glicht das problemlose M\u00e4hen von Gras bis zu einer H\u00f6he von 50 cm<\/strong> am <strong>Grundst\u00fccke bis 4000 m\u00b2<\/strong> insbesondere in <strong>kleines Unterholz, auch dorniges.<\/strong><\/p>\n<p><strong>Das Stahlm\u00e4hdeck<\/strong> mit einer Arbeitsbreite von 51 cm ist mit abnehmbaren Deflektoren (vorne und seitlich) ausgestattet.<\/p>\n<p><strong>Die 4 Schnitth\u00f6hen sind am Lenker verstellbar<\/strong>Die gro\u00dfen Hinterr\u00e4der sowie das schwenkbare Vorderrad machen ihn zu einer wendigen Maschine, die sich an alle Gel\u00e4ndearten anpasst. Der werkzeuglos h\u00f6henverstellbare Lenker verf\u00fcgt \u00fcber 2 Positionen zur Anpassung an die K\u00f6rpergr\u00f6\u00dfe des Benutzers.<\/p>\n<p><strong>Aus Sicherheitsgr\u00fcnden<\/strong> Am Lenker befindet sich ein \u201eTotmann\u201c-Griff, der den Motor stoppt.<\/p>\n<p><strong>WICHTIGER HINWEIS:<\/strong>\u00a0Bei Lieferung ist der Motor\u00f6ltank leer. Das Starten ohne \u00d6l kann zu schweren Motorsch\u00e4den f\u00fchren. Achten Sie vor allem darauf, dass Sie die richtige Menge \u00d6l nachf\u00fcllen, wie in der Anleitung angegeben.<\/p>\n","protected":false},"featured_media":10238,"comment_status":"open","ping_status":"closed","template":"","meta":[],"product_brand":[],"product_cat":[326,320],"product_tag":[],"class_list":{"0":"post-17407","1":"product","2":"type-product","3":"status-publish","4":"has-post-thumbnail","6":"product_cat-freischneider","7":"product_cat-unsere-rasenmaher","9":"first","10":"instock","11":"shipping-taxable","12":"purchasable","13":"product-type-simple"},"yoast_head":"<!-- This site is optimized with the Yoast SEO plugin v27.4 - https:\/\/yoast.com\/product\/yoast-seo-wordpress\/ -->\n<title>Staub Sdp 158 Thermo-freischneider mit R\u00e4dern - Sagrinex \u2013 Anhaenger, Container &amp; Landtechnik \ud83c\udf3e\ud83d\ude9c<\/title>\n<meta name=\"robots\" content=\"index, follow, max-snippet:-1, max-image-preview:large, max-video-preview:-1\" \/>\n<link rel=\"canonical\" href=\"https:\/\/sagrinex.com\/produit\/staub-sdp-158-thermo-freischneider-mit-raedern\/?lang=de\" \/>\n<meta property=\"og:locale\" content=\"de_DE\" \/>\n<meta property=\"og:type\" content=\"article\" \/>\n<meta property=\"og:title\" content=\"Staub Sdp 158 Thermo-freischneider mit R\u00e4dern - Sagrinex \u2013 Anhaenger, Container &amp; Landtechnik \ud83c\udf3e\ud83d\ude9c\" \/>\n<meta property=\"og:description\" content=\"Der Thermo-Freischneider Staub SDP 158 erm\u00f6glicht das problemlose M\u00e4hen von Gras bis zu einer H\u00f6he von 50 cm am Grundst\u00fccke bis 4000 m\u00b2 insbesondere in kleines Unterholz, auch dorniges. Das Stahlm\u00e4hdeck mit einer Arbeitsbreite von 51 cm ist mit abnehmbaren Deflektoren (vorne und seitlich) ausgestattet. Die 4 Schnitth\u00f6hen sind am Lenker verstellbarDie gro\u00dfen Hinterr\u00e4der sowie das schwenkbare Vorderrad machen ihn zu einer wendigen Maschine, die sich an alle Gel\u00e4ndearten anpasst. Der werkzeuglos h\u00f6henverstellbare Lenker verf\u00fcgt \u00fcber 2 Positionen zur Anpassung an die K\u00f6rpergr\u00f6\u00dfe des Benutzers. Aus Sicherheitsgr\u00fcnden Am Lenker befindet sich ein \u201eTotmann\u201c-Griff, der den Motor stoppt. WICHTIGER HINWEIS:\u00a0Bei Lieferung ist der Motor\u00f6ltank leer. Das Starten ohne \u00d6l kann zu schweren Motorsch\u00e4den f\u00fchren. Achten Sie vor allem darauf, dass Sie die richtige Menge \u00d6l nachf\u00fcllen, wie in der Anleitung angegeben.\" \/>\n<meta property=\"og:url\" content=\"https:\/\/sagrinex.com\/produit\/staub-sdp-158-thermo-freischneider-mit-raedern\/?lang=de\" \/>\n<meta property=\"og:site_name\" content=\"Sagrinex \u2013 Anhaenger, Container &amp; Landtechnik \ud83c\udf3e\ud83d\ude9c\" \/>\n<meta property=\"article:modified_time\" content=\"2026-04-15T21:12:35+00:00\" \/>\n<meta property=\"og:image\" content=\"https:\/\/sagrinex.com\/wp-content\/uploads\/2026\/03\/Image-402.jpeg\" \/>\n\t<meta property=\"og:image:width\" content=\"800\" \/>\n\t<meta property=\"og:image:height\" content=\"800\" \/>\n\t<meta property=\"og:image:type\" content=\"image\/jpeg\" \/>\n<meta name=\"twitter:card\" content=\"summary_large_image\" \/>\n<script type=\"application\/ld+json\" class=\"yoast-schema-graph\">{\"@context\":\"https:\\\/\\\/schema.org\",\"@graph\":[{\"@type\":\"WebPage\",\"@id\":\"https:\\\/\\\/sagrinex.com\\\/produit\\\/staub-sdp-158-thermo-freischneider-mit-raedern\\\/?lang=de\",\"url\":\"https:\\\/\\\/sagrinex.com\\\/produit\\\/staub-sdp-158-thermo-freischneider-mit-raedern\\\/?lang=de\",\"name\":\"Staub Sdp 158 Thermo-freischneider mit R\u00e4dern - Sagrinex \u2013 Anhaenger, Container &amp; Landtechnik \ud83c\udf3e\ud83d\ude9c\",\"isPartOf\":{\"@id\":\"https:\\\/\\\/sagrinex.com\\\/#website\"},\"primaryImageOfPage\":{\"@id\":\"https:\\\/\\\/sagrinex.com\\\/produit\\\/staub-sdp-158-thermo-freischneider-mit-raedern\\\/?lang=de#primaryimage\"},\"image\":{\"@id\":\"https:\\\/\\\/sagrinex.com\\\/produit\\\/staub-sdp-158-thermo-freischneider-mit-raedern\\\/?lang=de#primaryimage\"},\"thumbnailUrl\":\"https:\\\/\\\/sagrinex.com\\\/wp-content\\\/uploads\\\/2026\\\/03\\\/Image-402.jpeg\",\"datePublished\":\"2026-04-15T18:14:48+00:00\",\"dateModified\":\"2026-04-15T21:12:35+00:00\",\"breadcrumb\":{\"@id\":\"https:\\\/\\\/sagrinex.com\\\/produit\\\/staub-sdp-158-thermo-freischneider-mit-raedern\\\/?lang=de#breadcrumb\"},\"inLanguage\":\"de\",\"potentialAction\":[{\"@type\":\"ReadAction\",\"target\":[\"https:\\\/\\\/sagrinex.com\\\/produit\\\/staub-sdp-158-thermo-freischneider-mit-raedern\\\/?lang=de\"]}]},{\"@type\":\"ImageObject\",\"inLanguage\":\"de\",\"@id\":\"https:\\\/\\\/sagrinex.com\\\/produit\\\/staub-sdp-158-thermo-freischneider-mit-raedern\\\/?lang=de#primaryimage\",\"url\":\"https:\\\/\\\/sagrinex.com\\\/wp-content\\\/uploads\\\/2026\\\/03\\\/Image-402.jpeg\",\"contentUrl\":\"https:\\\/\\\/sagrinex.com\\\/wp-content\\\/uploads\\\/2026\\\/03\\\/Image-402.jpeg\",\"width\":800,\"height\":800},{\"@type\":\"BreadcrumbList\",\"@id\":\"https:\\\/\\\/sagrinex.com\\\/produit\\\/staub-sdp-158-thermo-freischneider-mit-raedern\\\/?lang=de#breadcrumb\",\"itemListElement\":[{\"@type\":\"ListItem\",\"position\":1,\"name\":\"Accueil\",\"item\":\"https:\\\/\\\/sagrinex.com\\\/?lang=de\"},{\"@type\":\"ListItem\",\"position\":2,\"name\":\"Shop\",\"item\":\"https:\\\/\\\/sagrinex.com\\\/shop\\\/\"},{\"@type\":\"ListItem\",\"position\":3,\"name\":\"Staub Sdp 158 Thermo-freischneider mit R\u00e4dern\"}]},{\"@type\":\"WebSite\",\"@id\":\"https:\\\/\\\/sagrinex.com\\\/#website\",\"url\":\"https:\\\/\\\/sagrinex.com\\\/\",\"name\":\"Sagrinex \u2013 Spezialist f\u00fcr Anh\u00e4nger, Container & Landtechnik\",\"description\":\"Anhaenger, Container &amp; Landtechnik \u2014 Online-Verkauf &amp; kostenloses Angebot\",\"publisher\":{\"@id\":\"https:\\\/\\\/sagrinex.com\\\/#organization\"},\"potentialAction\":[{\"@type\":\"SearchAction\",\"target\":{\"@type\":\"EntryPoint\",\"urlTemplate\":\"https:\\\/\\\/sagrinex.com\\\/?s={search_term_string}\"},\"query-input\":{\"@type\":\"PropertyValueSpecification\",\"valueRequired\":true,\"valueName\":\"search_term_string\"}}],\"inLanguage\":\"de\"},{\"@type\":\"Organization\",\"@id\":\"https:\\\/\\\/sagrinex.com\\\/#organization\",\"name\":\"Sagrinex \u2013 Remorques, Conteneurs & Mat\u00e9riel Agricole\",\"url\":\"https:\\\/\\\/sagrinex.com\\\/\",\"logo\":{\"@type\":\"ImageObject\",\"inLanguage\":\"de\",\"@id\":\"https:\\\/\\\/sagrinex.com\\\/#\\\/schema\\\/logo\\\/image\\\/\",\"url\":\"https:\\\/\\\/sagrinex.com\\\/wp-content\\\/uploads\\\/2026\\\/03\\\/7f1ac463-ef5a-425d-bdd6-a5da03a334a9-1024x683.png\",\"contentUrl\":\"https:\\\/\\\/sagrinex.com\\\/wp-content\\\/uploads\\\/2026\\\/03\\\/7f1ac463-ef5a-425d-bdd6-a5da03a334a9-1024x683.png\",\"width\":1024,\"height\":683,\"caption\":\"Sagrinex \u2013 Remorques, Conteneurs & Mat\u00e9riel Agricole\"},\"image\":{\"@id\":\"https:\\\/\\\/sagrinex.com\\\/#\\\/schema\\\/logo\\\/image\\\/\"}}]}<\/script>\n<!-- \/ Yoast SEO plugin. -->","yoast_head_json":{"title":"Staub Sdp 158 Thermo-freischneider mit R\u00e4dern - Sagrinex \u2013 Anhaenger, Container &amp; Landtechnik \ud83c\udf3e\ud83d\ude9c","robots":{"index":"index","follow":"follow","max-snippet":"max-snippet:-1","max-image-preview":"max-image-preview:large","max-video-preview":"max-video-preview:-1"},"canonical":"https:\/\/sagrinex.com\/produit\/staub-sdp-158-thermo-freischneider-mit-raedern\/?lang=de","og_locale":"de_DE","og_type":"article","og_title":"Staub Sdp 158 Thermo-freischneider mit R\u00e4dern - Sagrinex \u2013 Anhaenger, Container &amp; Landtechnik \ud83c\udf3e\ud83d\ude9c","og_description":"Der Thermo-Freischneider Staub SDP 158 erm\u00f6glicht das problemlose M\u00e4hen von Gras bis zu einer H\u00f6he von 50 cm am Grundst\u00fccke bis 4000 m\u00b2 insbesondere in kleines Unterholz, auch dorniges. Das Stahlm\u00e4hdeck mit einer Arbeitsbreite von 51 cm ist mit abnehmbaren Deflektoren (vorne und seitlich) ausgestattet. Die 4 Schnitth\u00f6hen sind am Lenker verstellbarDie gro\u00dfen Hinterr\u00e4der sowie das schwenkbare Vorderrad machen ihn zu einer wendigen Maschine, die sich an alle Gel\u00e4ndearten anpasst. Der werkzeuglos h\u00f6henverstellbare Lenker verf\u00fcgt \u00fcber 2 Positionen zur Anpassung an die K\u00f6rpergr\u00f6\u00dfe des Benutzers. Aus Sicherheitsgr\u00fcnden Am Lenker befindet sich ein \u201eTotmann\u201c-Griff, der den Motor stoppt. WICHTIGER HINWEIS:\u00a0Bei Lieferung ist der Motor\u00f6ltank leer. Das Starten ohne \u00d6l kann zu schweren Motorsch\u00e4den f\u00fchren. Achten Sie vor allem darauf, dass Sie die richtige Menge \u00d6l nachf\u00fcllen, wie in der Anleitung angegeben.","og_url":"https:\/\/sagrinex.com\/produit\/staub-sdp-158-thermo-freischneider-mit-raedern\/?lang=de","og_site_name":"Sagrinex \u2013 Anhaenger, Container &amp; Landtechnik \ud83c\udf3e\ud83d\ude9c","article_modified_time":"2026-04-15T21:12:35+00:00","og_image":[{"width":800,"height":800,"url":"https:\/\/sagrinex.com\/wp-content\/uploads\/2026\/03\/Image-402.jpeg","type":"image\/jpeg"}],"twitter_card":"summary_large_image","schema":{"@context":"https:\/\/schema.org","@graph":[{"@type":"WebPage","@id":"https:\/\/sagrinex.com\/produit\/staub-sdp-158-thermo-freischneider-mit-raedern\/?lang=de","url":"https:\/\/sagrinex.com\/produit\/staub-sdp-158-thermo-freischneider-mit-raedern\/?lang=de","name":"Staub Sdp 158 Thermo-freischneider mit R\u00e4dern - Sagrinex \u2013 Anhaenger, Container &amp; Landtechnik \ud83c\udf3e\ud83d\ude9c","isPartOf":{"@id":"https:\/\/sagrinex.com\/#website"},"primaryImageOfPage":{"@id":"https:\/\/sagrinex.com\/produit\/staub-sdp-158-thermo-freischneider-mit-raedern\/?lang=de#primaryimage"},"image":{"@id":"https:\/\/sagrinex.com\/produit\/staub-sdp-158-thermo-freischneider-mit-raedern\/?lang=de#primaryimage"},"thumbnailUrl":"https:\/\/sagrinex.com\/wp-content\/uploads\/2026\/03\/Image-402.jpeg","datePublished":"2026-04-15T18:14:48+00:00","dateModified":"2026-04-15T21:12:35+00:00","breadcrumb":{"@id":"https:\/\/sagrinex.com\/produit\/staub-sdp-158-thermo-freischneider-mit-raedern\/?lang=de#breadcrumb"},"inLanguage":"de","potentialAction":[{"@type":"ReadAction","target":["https:\/\/sagrinex.com\/produit\/staub-sdp-158-thermo-freischneider-mit-raedern\/?lang=de"]}]},{"@type":"ImageObject","inLanguage":"de","@id":"https:\/\/sagrinex.com\/produit\/staub-sdp-158-thermo-freischneider-mit-raedern\/?lang=de#primaryimage","url":"https:\/\/sagrinex.com\/wp-content\/uploads\/2026\/03\/Image-402.jpeg","contentUrl":"https:\/\/sagrinex.com\/wp-content\/uploads\/2026\/03\/Image-402.jpeg","width":800,"height":800},{"@type":"BreadcrumbList","@id":"https:\/\/sagrinex.com\/produit\/staub-sdp-158-thermo-freischneider-mit-raedern\/?lang=de#breadcrumb","itemListElement":[{"@type":"ListItem","position":1,"name":"Accueil","item":"https:\/\/sagrinex.com\/?lang=de"},{"@type":"ListItem","position":2,"name":"Shop","item":"https:\/\/sagrinex.com\/shop\/"},{"@type":"ListItem","position":3,"name":"Staub Sdp 158 Thermo-freischneider mit R\u00e4dern"}]},{"@type":"WebSite","@id":"https:\/\/sagrinex.com\/#website","url":"https:\/\/sagrinex.com\/","name":"Sagrinex \u2013 Spezialist f\u00fcr Anh\u00e4nger, Container & Landtechnik","description":"Anhaenger, Container &amp; Landtechnik \u2014 Online-Verkauf &amp; kostenloses Angebot","publisher":{"@id":"https:\/\/sagrinex.com\/#organization"},"potentialAction":[{"@type":"SearchAction","target":{"@type":"EntryPoint","urlTemplate":"https:\/\/sagrinex.com\/?s={search_term_string}"},"query-input":{"@type":"PropertyValueSpecification","valueRequired":true,"valueName":"search_term_string"}}],"inLanguage":"de"},{"@type":"Organization","@id":"https:\/\/sagrinex.com\/#organization","name":"Sagrinex \u2013 Remorques, Conteneurs & Mat\u00e9riel Agricole","url":"https:\/\/sagrinex.com\/","logo":{"@type":"ImageObject","inLanguage":"de","@id":"https:\/\/sagrinex.com\/#\/schema\/logo\/image\/","url":"https:\/\/sagrinex.com\/wp-content\/uploads\/2026\/03\/7f1ac463-ef5a-425d-bdd6-a5da03a334a9-1024x683.png","contentUrl":"https:\/\/sagrinex.com\/wp-content\/uploads\/2026\/03\/7f1ac463-ef5a-425d-bdd6-a5da03a334a9-1024x683.png","width":1024,"height":683,"caption":"Sagrinex \u2013 Remorques, Conteneurs & Mat\u00e9riel Agricole"},"image":{"@id":"https:\/\/sagrinex.com\/#\/schema\/logo\/image\/"}}]}},"jetpack_sharing_enabled":true,"_links":{"self":[{"href":"https:\/\/sagrinex.com\/de\/wp-json\/wp\/v2\/product\/17407","targetHints":{"allow":["GET"]}}],"collection":[{"href":"https:\/\/sagrinex.com\/de\/wp-json\/wp\/v2\/product"}],"about":[{"href":"https:\/\/sagrinex.com\/de\/wp-json\/wp\/v2\/types\/product"}],"replies":[{"embeddable":true,"href":"https:\/\/sagrinex.com\/de\/wp-json\/wp\/v2\/comments?post=17407"}],"version-history":[{"count":0,"href":"https:\/\/sagrinex.com\/de\/wp-json\/wp\/v2\/product\/17407\/revisions"}],"wp:featuredmedia":[{"embeddable":true,"href":"https:\/\/sagrinex.com\/de\/wp-json\/wp\/v2\/media\/10238"}],"wp:attachment":[{"href":"https:\/\/sagrinex.com\/de\/wp-json\/wp\/v2\/media?parent=17407"}],"wp:term":[{"taxonomy":"product_brand","embeddable":true,"href":"https:\/\/sagrinex.com\/de\/wp-json\/wp\/v2\/product_brand?post=17407"},{"taxonomy":"product_cat","embeddable":true,"href":"https:\/\/sagrinex.com\/de\/wp-json\/wp\/v2\/product_cat?post=17407"},{"taxonomy":"product_tag","embeddable":true,"href":"https:\/\/sagrinex.com\/de\/wp-json\/wp\/v2\/product_tag?post=17407"}],"curies":[{"name":"wp","href":"https:\/\/api.w.org\/{rel}","templated":true}]}}