{"id":17410,"date":"2026-04-15T18:16:12","date_gmt":"2026-04-15T18:16:12","guid":{"rendered":"https:\/\/sagrinex.com\/produit\/farmtrac-ft26m-mechanischer-traktor\/"},"modified":"2026-04-15T21:12:35","modified_gmt":"2026-04-15T21:12:35","slug":"farmtrac-ft26m-mechanischer-traktor","status":"publish","type":"product","link":"https:\/\/sagrinex.com\/de\/produit\/farmtrac-ft26m-mechanischer-traktor\/","title":{"rendered":"Farmtrac FT26M Mechanischer Traktor"},"content":{"rendered":"<p>Hauptmerkmale:<\/p>\n<p>Leistungsstarker Motor: <strong>Der Farmtrac FT 26 ist mit einem Mitsubishi-Motor mit 24,4 PS 1318 cm3<\/strong> ausgestattet, der optimale Leistung f\u00fcr eine Vielzahl von landwirtschaftlichen Aufgaben garantiert. Er ist so konzipiert, dass er zuverl\u00e4ssige und effiziente Leistung auch unter den anspruchsvollsten Bedingungen bietet.<\/p>\n<p>Vielseitiges Getriebe: Dieser Traktor ist mit einem<strong> mechanischen Schaltgetriebe mit 9 Vorw\u00e4rtsg\u00e4ngen und 3 R\u00fcckw\u00e4rtsg\u00e4ngen<\/strong> ausgestattet, sodass Sie die Geschwindigkeit w\u00e4hlen k\u00f6nnen, die f\u00fcr Ihre spezifische Arbeit geeignet ist. Ob Sie langsam f\u00fcr pr\u00e4zise Aufgaben arbeiten m\u00fcssen oder schnell von einem Ort zum anderen fahren m\u00fcssen, der <strong>Farmtrac FT 26<\/strong> passt sich Ihren Anforderungen an.<\/p>\n<p>Kompakte Bauweise: Der <strong>Farmtrac FT 26<\/strong> hat eine <strong>kompakte Bauweise, die ihm hervorragende Man\u00f6vrierf\u00e4higkeit verleiht<\/strong> und ist ideal f\u00fcr begrenzte Fl\u00e4chen. Sie k\u00f6nnen m\u00fchelos zwischen den Kulturpflanzenreihen man\u00f6vrieren oder in engen Bereichen arbeiten, dank seiner geringen Gr\u00f6\u00dfe.<\/p>\n<p>Bedienerkomfort:<strong> Dieser Traktor ist mit einer ergonomischen Bedienplattform ausgestattet, die optimalen Komfort w\u00e4hrend langer Arbeitsstunden bietet.<\/strong> Die Bedienelemente sind gut angebracht und einfach zu bedienen, was eine angenehme und m\u00fchelos Verwendung gew\u00e4hrleistet.<\/p>\n<p>Vielseitigkeit der Zubeh\u00f6rteile: <strong>Kompatibel mit einer breiten Palette von Zubeh\u00f6rteilen und landwirtschaftlichen Ger\u00e4ten, die Ihnen erh\u00f6hte Vielseitigkeit bieten.<\/strong> Unabh\u00e4ngig davon, ob Sie einen M\u00e4her, einen Anh\u00e4nger, einen Kultivator oder eine Egge ben\u00f6tigen, kann dieser Traktor mit dem entsprechenden Zubeh\u00f6rteil ausgestattet werden, um Ihre spezifischen Anforderungen zu erf\u00fcllen.<\/p>\n<p>Haltbarkeit und Zuverl\u00e4ssigkeit: <strong>Farmtrac<\/strong> <strong>ist eine Marke, die f\u00fcr die Qualit\u00e4t und Haltbarkeit ihrer Produkte bekannt ist.<\/strong> Der <strong>FT 26<\/strong> ist da keine Ausnahme. Gebaut mit hochwertigen Materialien und robusten Komponenten, ist dieser Traktor so konzipiert, dass er intensive Nutzung und schwierige Bedingungen widersteht, was ihn zu einer dauerhaften Investition f\u00fcr Ihren landwirtschaftlichen Betrieb macht.<\/p>\n<p><strong>Der kompakte Traktor Farmtrac FT 26 ist das ideale Werkzeug f\u00fcr Landwirte und Landbesitzer, die eine leistungsstarke, vielseitige und zuverl\u00e4ssige L\u00f6sung f\u00fcr ihre landwirtschaftlichen Anforderungen suchen.<\/strong> Mit seiner Leistung, Man\u00f6vrierf\u00e4higkeit und Haltbarkeit erm\u00f6glicht er Ihnen, Ihre Aufgaben effizient und m\u00fchelos zu bew\u00e4ltigen. Vertrauen Sie auf <strong>Farmtrac<\/strong>, um Ihnen die beste landwirtschaftliche Ausr\u00fcstung zu liefern.<\/p>\n","protected":false},"excerpt":{"rendered":"<p>Das\u00a0<strong>Farmtrac FT 26 Kompakttraktor<\/strong>\u00a0ist ein\u00a0leistungsstarker und vielseitiger Traktor, der speziell auf die Bed\u00fcrfnisse von Landwirten und Landbesitzern zugeschnitten ist. Mit seinen realen Funktionen bietet es au\u00dfergew\u00f6hnliche Leistung bei kompakter Gr\u00f6\u00dfe und ist somit ideal f\u00fcr den Einsatz in kleinen Bauernh\u00f6fen, Obstg\u00e4rten, Weinbergen und Gew\u00e4chsh\u00e4usern.<\/p>\n","protected":false},"featured_media":10188,"comment_status":"open","ping_status":"closed","template":"","meta":[],"product_brand":[],"product_cat":[322,340],"product_tag":[],"class_list":{"0":"post-17410","1":"product","2":"type-product","3":"status-publish","4":"has-post-thumbnail","6":"product_cat-landwirtschaftliche-geraete-und-zubehoer","7":"product_cat-traktoren","9":"first","10":"instock","11":"shipping-taxable","12":"purchasable","13":"product-type-simple"},"yoast_head":"<!-- This site is optimized with the Yoast SEO plugin v27.5 - https:\/\/yoast.com\/product\/yoast-seo-wordpress\/ -->\n<title>Farmtrac FT26M Mechanischer Traktor - Sagrinex \u2013 Anhaenger, Container &amp; Landtechnik \ud83c\udf3e\ud83d\ude9c<\/title>\n<meta name=\"robots\" content=\"index, follow, max-snippet:-1, max-image-preview:large, max-video-preview:-1\" \/>\n<link rel=\"canonical\" href=\"https:\/\/sagrinex.com\/produit\/farmtrac-ft26m-mechanischer-traktor\/?lang=de\" \/>\n<meta property=\"og:locale\" content=\"de_DE\" \/>\n<meta property=\"og:type\" content=\"article\" \/>\n<meta property=\"og:title\" content=\"Farmtrac FT26M Mechanischer Traktor - Sagrinex \u2013 Anhaenger, Container &amp; Landtechnik \ud83c\udf3e\ud83d\ude9c\" \/>\n<meta property=\"og:description\" content=\"Das\u00a0Farmtrac FT 26 Kompakttraktor\u00a0ist ein\u00a0leistungsstarker und vielseitiger Traktor, der speziell auf die Bed\u00fcrfnisse von Landwirten und Landbesitzern zugeschnitten ist. Mit seinen realen Funktionen bietet es au\u00dfergew\u00f6hnliche Leistung bei kompakter Gr\u00f6\u00dfe und ist somit ideal f\u00fcr den Einsatz in kleinen Bauernh\u00f6fen, Obstg\u00e4rten, Weinbergen und Gew\u00e4chsh\u00e4usern.\" \/>\n<meta property=\"og:url\" content=\"https:\/\/sagrinex.com\/produit\/farmtrac-ft26m-mechanischer-traktor\/?lang=de\" \/>\n<meta property=\"og:site_name\" content=\"Sagrinex \u2013 Anhaenger, Container &amp; Landtechnik \ud83c\udf3e\ud83d\ude9c\" \/>\n<meta property=\"article:modified_time\" content=\"2026-04-15T21:12:35+00:00\" \/>\n<meta property=\"og:image\" content=\"https:\/\/sagrinex.com\/wp-content\/uploads\/2026\/03\/Image-362.jpeg\" \/>\n\t<meta property=\"og:image:width\" content=\"693\" \/>\n\t<meta property=\"og:image:height\" content=\"602\" \/>\n\t<meta property=\"og:image:type\" content=\"image\/jpeg\" \/>\n<meta name=\"twitter:card\" content=\"summary_large_image\" \/>\n<meta name=\"twitter:label1\" content=\"Gesch\u00e4tzte Lesezeit\" \/>\n\t<meta name=\"twitter:data1\" content=\"2\u00a0Minuten\" \/>\n<script type=\"application\/ld+json\" class=\"yoast-schema-graph\">{\"@context\":\"https:\\\/\\\/schema.org\",\"@graph\":[{\"@type\":\"WebPage\",\"@id\":\"https:\\\/\\\/sagrinex.com\\\/produit\\\/farmtrac-ft26m-mechanischer-traktor\\\/?lang=de\",\"url\":\"https:\\\/\\\/sagrinex.com\\\/produit\\\/farmtrac-ft26m-mechanischer-traktor\\\/?lang=de\",\"name\":\"Farmtrac FT26M Mechanischer Traktor - Sagrinex \u2013 Anhaenger, Container &amp; Landtechnik \ud83c\udf3e\ud83d\ude9c\",\"isPartOf\":{\"@id\":\"https:\\\/\\\/sagrinex.com\\\/#website\"},\"primaryImageOfPage\":{\"@id\":\"https:\\\/\\\/sagrinex.com\\\/produit\\\/farmtrac-ft26m-mechanischer-traktor\\\/?lang=de#primaryimage\"},\"image\":{\"@id\":\"https:\\\/\\\/sagrinex.com\\\/produit\\\/farmtrac-ft26m-mechanischer-traktor\\\/?lang=de#primaryimage\"},\"thumbnailUrl\":\"https:\\\/\\\/sagrinex.com\\\/wp-content\\\/uploads\\\/2026\\\/03\\\/Image-362.jpeg\",\"datePublished\":\"2026-04-15T18:16:12+00:00\",\"dateModified\":\"2026-04-15T21:12:35+00:00\",\"breadcrumb\":{\"@id\":\"https:\\\/\\\/sagrinex.com\\\/produit\\\/farmtrac-ft26m-mechanischer-traktor\\\/?lang=de#breadcrumb\"},\"inLanguage\":\"de\",\"potentialAction\":[{\"@type\":\"ReadAction\",\"target\":[\"https:\\\/\\\/sagrinex.com\\\/produit\\\/farmtrac-ft26m-mechanischer-traktor\\\/?lang=de\"]}]},{\"@type\":\"ImageObject\",\"inLanguage\":\"de\",\"@id\":\"https:\\\/\\\/sagrinex.com\\\/produit\\\/farmtrac-ft26m-mechanischer-traktor\\\/?lang=de#primaryimage\",\"url\":\"https:\\\/\\\/sagrinex.com\\\/wp-content\\\/uploads\\\/2026\\\/03\\\/Image-362.jpeg\",\"contentUrl\":\"https:\\\/\\\/sagrinex.com\\\/wp-content\\\/uploads\\\/2026\\\/03\\\/Image-362.jpeg\",\"width\":693,\"height\":602},{\"@type\":\"BreadcrumbList\",\"@id\":\"https:\\\/\\\/sagrinex.com\\\/produit\\\/farmtrac-ft26m-mechanischer-traktor\\\/?lang=de#breadcrumb\",\"itemListElement\":[{\"@type\":\"ListItem\",\"position\":1,\"name\":\"Accueil\",\"item\":\"https:\\\/\\\/sagrinex.com\\\/?lang=de\"},{\"@type\":\"ListItem\",\"position\":2,\"name\":\"Shop\",\"item\":\"https:\\\/\\\/sagrinex.com\\\/shop\\\/\"},{\"@type\":\"ListItem\",\"position\":3,\"name\":\"Farmtrac FT26M Mechanischer Traktor\"}]},{\"@type\":\"WebSite\",\"@id\":\"https:\\\/\\\/sagrinex.com\\\/#website\",\"url\":\"https:\\\/\\\/sagrinex.com\\\/\",\"name\":\"Sagrinex \u2013 Spezialist f\u00fcr Anh\u00e4nger, Container & Landtechnik\",\"description\":\"Anhaenger, Container &amp; Landtechnik \u2014 Online-Verkauf &amp; kostenloses Angebot\",\"publisher\":{\"@id\":\"https:\\\/\\\/sagrinex.com\\\/#organization\"},\"potentialAction\":[{\"@type\":\"SearchAction\",\"target\":{\"@type\":\"EntryPoint\",\"urlTemplate\":\"https:\\\/\\\/sagrinex.com\\\/?s={search_term_string}\"},\"query-input\":{\"@type\":\"PropertyValueSpecification\",\"valueRequired\":true,\"valueName\":\"search_term_string\"}}],\"inLanguage\":\"de\"},{\"@type\":\"Organization\",\"@id\":\"https:\\\/\\\/sagrinex.com\\\/#organization\",\"name\":\"Sagrinex \u2013 Remorques, Conteneurs & Mat\u00e9riel Agricole\",\"url\":\"https:\\\/\\\/sagrinex.com\\\/\",\"logo\":{\"@type\":\"ImageObject\",\"inLanguage\":\"de\",\"@id\":\"https:\\\/\\\/sagrinex.com\\\/#\\\/schema\\\/logo\\\/image\\\/\",\"url\":\"https:\\\/\\\/sagrinex.com\\\/wp-content\\\/uploads\\\/2026\\\/03\\\/7f1ac463-ef5a-425d-bdd6-a5da03a334a9-1024x683.png\",\"contentUrl\":\"https:\\\/\\\/sagrinex.com\\\/wp-content\\\/uploads\\\/2026\\\/03\\\/7f1ac463-ef5a-425d-bdd6-a5da03a334a9-1024x683.png\",\"width\":1024,\"height\":683,\"caption\":\"Sagrinex \u2013 Remorques, Conteneurs & Mat\u00e9riel Agricole\"},\"image\":{\"@id\":\"https:\\\/\\\/sagrinex.com\\\/#\\\/schema\\\/logo\\\/image\\\/\"}}]}<\/script>\n<!-- \/ Yoast SEO plugin. -->","yoast_head_json":{"title":"Farmtrac FT26M Mechanischer Traktor - Sagrinex \u2013 Anhaenger, Container &amp; Landtechnik \ud83c\udf3e\ud83d\ude9c","robots":{"index":"index","follow":"follow","max-snippet":"max-snippet:-1","max-image-preview":"max-image-preview:large","max-video-preview":"max-video-preview:-1"},"canonical":"https:\/\/sagrinex.com\/produit\/farmtrac-ft26m-mechanischer-traktor\/?lang=de","og_locale":"de_DE","og_type":"article","og_title":"Farmtrac FT26M Mechanischer Traktor - Sagrinex \u2013 Anhaenger, Container &amp; Landtechnik \ud83c\udf3e\ud83d\ude9c","og_description":"Das\u00a0Farmtrac FT 26 Kompakttraktor\u00a0ist ein\u00a0leistungsstarker und vielseitiger Traktor, der speziell auf die Bed\u00fcrfnisse von Landwirten und Landbesitzern zugeschnitten ist. Mit seinen realen Funktionen bietet es au\u00dfergew\u00f6hnliche Leistung bei kompakter Gr\u00f6\u00dfe und ist somit ideal f\u00fcr den Einsatz in kleinen Bauernh\u00f6fen, Obstg\u00e4rten, Weinbergen und Gew\u00e4chsh\u00e4usern.","og_url":"https:\/\/sagrinex.com\/produit\/farmtrac-ft26m-mechanischer-traktor\/?lang=de","og_site_name":"Sagrinex \u2013 Anhaenger, Container &amp; Landtechnik \ud83c\udf3e\ud83d\ude9c","article_modified_time":"2026-04-15T21:12:35+00:00","og_image":[{"width":693,"height":602,"url":"https:\/\/sagrinex.com\/wp-content\/uploads\/2026\/03\/Image-362.jpeg","type":"image\/jpeg"}],"twitter_card":"summary_large_image","twitter_misc":{"Gesch\u00e4tzte Lesezeit":"2\u00a0Minuten"},"schema":{"@context":"https:\/\/schema.org","@graph":[{"@type":"WebPage","@id":"https:\/\/sagrinex.com\/produit\/farmtrac-ft26m-mechanischer-traktor\/?lang=de","url":"https:\/\/sagrinex.com\/produit\/farmtrac-ft26m-mechanischer-traktor\/?lang=de","name":"Farmtrac FT26M Mechanischer Traktor - Sagrinex \u2013 Anhaenger, Container &amp; Landtechnik \ud83c\udf3e\ud83d\ude9c","isPartOf":{"@id":"https:\/\/sagrinex.com\/#website"},"primaryImageOfPage":{"@id":"https:\/\/sagrinex.com\/produit\/farmtrac-ft26m-mechanischer-traktor\/?lang=de#primaryimage"},"image":{"@id":"https:\/\/sagrinex.com\/produit\/farmtrac-ft26m-mechanischer-traktor\/?lang=de#primaryimage"},"thumbnailUrl":"https:\/\/sagrinex.com\/wp-content\/uploads\/2026\/03\/Image-362.jpeg","datePublished":"2026-04-15T18:16:12+00:00","dateModified":"2026-04-15T21:12:35+00:00","breadcrumb":{"@id":"https:\/\/sagrinex.com\/produit\/farmtrac-ft26m-mechanischer-traktor\/?lang=de#breadcrumb"},"inLanguage":"de","potentialAction":[{"@type":"ReadAction","target":["https:\/\/sagrinex.com\/produit\/farmtrac-ft26m-mechanischer-traktor\/?lang=de"]}]},{"@type":"ImageObject","inLanguage":"de","@id":"https:\/\/sagrinex.com\/produit\/farmtrac-ft26m-mechanischer-traktor\/?lang=de#primaryimage","url":"https:\/\/sagrinex.com\/wp-content\/uploads\/2026\/03\/Image-362.jpeg","contentUrl":"https:\/\/sagrinex.com\/wp-content\/uploads\/2026\/03\/Image-362.jpeg","width":693,"height":602},{"@type":"BreadcrumbList","@id":"https:\/\/sagrinex.com\/produit\/farmtrac-ft26m-mechanischer-traktor\/?lang=de#breadcrumb","itemListElement":[{"@type":"ListItem","position":1,"name":"Accueil","item":"https:\/\/sagrinex.com\/?lang=de"},{"@type":"ListItem","position":2,"name":"Shop","item":"https:\/\/sagrinex.com\/shop\/"},{"@type":"ListItem","position":3,"name":"Farmtrac FT26M Mechanischer Traktor"}]},{"@type":"WebSite","@id":"https:\/\/sagrinex.com\/#website","url":"https:\/\/sagrinex.com\/","name":"Sagrinex \u2013 Spezialist f\u00fcr Anh\u00e4nger, Container & Landtechnik","description":"Anhaenger, Container &amp; Landtechnik \u2014 Online-Verkauf &amp; kostenloses Angebot","publisher":{"@id":"https:\/\/sagrinex.com\/#organization"},"potentialAction":[{"@type":"SearchAction","target":{"@type":"EntryPoint","urlTemplate":"https:\/\/sagrinex.com\/?s={search_term_string}"},"query-input":{"@type":"PropertyValueSpecification","valueRequired":true,"valueName":"search_term_string"}}],"inLanguage":"de"},{"@type":"Organization","@id":"https:\/\/sagrinex.com\/#organization","name":"Sagrinex \u2013 Remorques, Conteneurs & Mat\u00e9riel Agricole","url":"https:\/\/sagrinex.com\/","logo":{"@type":"ImageObject","inLanguage":"de","@id":"https:\/\/sagrinex.com\/#\/schema\/logo\/image\/","url":"https:\/\/sagrinex.com\/wp-content\/uploads\/2026\/03\/7f1ac463-ef5a-425d-bdd6-a5da03a334a9-1024x683.png","contentUrl":"https:\/\/sagrinex.com\/wp-content\/uploads\/2026\/03\/7f1ac463-ef5a-425d-bdd6-a5da03a334a9-1024x683.png","width":1024,"height":683,"caption":"Sagrinex \u2013 Remorques, Conteneurs & Mat\u00e9riel Agricole"},"image":{"@id":"https:\/\/sagrinex.com\/#\/schema\/logo\/image\/"}}]}},"jetpack_sharing_enabled":true,"_links":{"self":[{"href":"https:\/\/sagrinex.com\/de\/wp-json\/wp\/v2\/product\/17410","targetHints":{"allow":["GET"]}}],"collection":[{"href":"https:\/\/sagrinex.com\/de\/wp-json\/wp\/v2\/product"}],"about":[{"href":"https:\/\/sagrinex.com\/de\/wp-json\/wp\/v2\/types\/product"}],"replies":[{"embeddable":true,"href":"https:\/\/sagrinex.com\/de\/wp-json\/wp\/v2\/comments?post=17410"}],"version-history":[{"count":0,"href":"https:\/\/sagrinex.com\/de\/wp-json\/wp\/v2\/product\/17410\/revisions"}],"wp:featuredmedia":[{"embeddable":true,"href":"https:\/\/sagrinex.com\/de\/wp-json\/wp\/v2\/media\/10188"}],"wp:attachment":[{"href":"https:\/\/sagrinex.com\/de\/wp-json\/wp\/v2\/media?parent=17410"}],"wp:term":[{"taxonomy":"product_brand","embeddable":true,"href":"https:\/\/sagrinex.com\/de\/wp-json\/wp\/v2\/product_brand?post=17410"},{"taxonomy":"product_cat","embeddable":true,"href":"https:\/\/sagrinex.com\/de\/wp-json\/wp\/v2\/product_cat?post=17410"},{"taxonomy":"product_tag","embeddable":true,"href":"https:\/\/sagrinex.com\/de\/wp-json\/wp\/v2\/product_tag?post=17410"}],"curies":[{"name":"wp","href":"https:\/\/api.w.org\/{rel}","templated":true}]}}