{"id":17411,"date":"2026-04-15T18:16:43","date_gmt":"2026-04-15T18:16:43","guid":{"rendered":"https:\/\/sagrinex.com\/produit\/kubota-ek1-261-dt-25-ps-traktor\/"},"modified":"2026-04-15T21:12:35","modified_gmt":"2026-04-15T21:12:35","slug":"kubota-ek1-261-dt-25-ps-traktor","status":"publish","type":"product","link":"https:\/\/sagrinex.com\/de\/produit\/kubota-ek1-261-dt-25-ps-traktor\/","title":{"rendered":"Kubota EK1-261 Dt 25 Ps Traktor"},"content":{"rendered":"<p><strong>AUSSTATTUNG<\/strong><\/p>\n<p>Beleuchtetes Armaturenbrett, CE-Scheinwerfer vorne, \u00dcberrollb\u00fcgel, 2 R\u00fcckspiegel, Sitz mit Gurt und Anwesenheitskontrollvorrichtung, Gegengewichthalter, optional Vordergegengewicht-Set (x4 Gewichte \u00e0 30 kg und Befestigungen), Anh\u00e4ngekupplungen VA & VH, und Anh\u00e4ngekupplung. Landwirtschaftsreifen VA 6.00-12. Landwirtschaftsreifen VH 8.3-20.<\/p>\n<p><strong>MOTOR<\/strong><\/p>\n<p>\u2022 Stage V Dieselmotor<\/p>\n<p>\u2022 Mechanische Einspritzung<\/p>\n<p>\u2022 Drehzahl bei maximaler Leistung: 2700 U\/min<\/p>\n<p>\u2022 Drehzahl bei maximales Drehmoment: 1800 U\/min<\/p>\n<p>\u2022 Fl\u00fcssigkeitsk\u00fchlung<\/p>\n<p>\u2022 Kraftstofftank: 24 l<\/p>\n<p><strong>HUBWERK<\/strong><\/p>\n<p>\u2022 Hubwerkssteuerung mit Positionskontrolle & Kraftkontrolle<\/p>\n<p>\u2022 Hubkapazit\u00e4t: 800 kg an den Kugelgelenken<\/p>\n<p>\u2022 Einstellung der Senkgeschwindigkeit des Hubwerks<\/p>\n<p>\u2022 3-Punkt-Kupplung Kategorie I<\/p>\n<p>\u2022 Stabilisatoren mit au\u00dfenliegender Einstellung<\/p>\n<p><strong>GETRIEBE<\/strong><\/p>\n<p>\u2022 Mechanisches Getriebe 9AV\/3 VH<\/p>\n<p>\u2022 Ausschaltbares 4WD<\/p>\n<p><strong>HYDRAULIKSYSTEM<\/strong><\/p>\n<p>\u2022 Hydraulikanlage mit offenem Mittelpunkt<\/p>\n<p>\u2022 Pumpenkapazit\u00e4t: 20L\/min<\/p>\n<p>\u2022 1 Doppelwirkventil serie<\/p>\n<p><strong>KRAFTENTNAHME<\/strong><\/p>\n<p>\u2022 Heckzapfwelle 540\/450 ECO<\/p>\n<p>\u2022 Zapfwellendrehzahl-Wahlschalter sanft und leicht zug\u00e4nglich<\/p>\n<p><strong>FAHRERSTAND<\/strong><\/p>\n<p>\u2022 Halbebene Plattform mit Gummimatte<\/p>\n<p>\u2022 Ergonomische Bedienelemente auf dem Armaturenbrett und an den Kotfl\u00fcgeln konzentriert<\/p>\n<p>\u2022 Beleuchtetes Armaturenbrett<\/p>\n<p>\u2022 Komfortsitz<\/p>\n<p><strong>VORDERACHSE<\/strong><\/p>\n<p>\u2022 4WD-Einschalthebel in Reichweite<\/p>\n<p>\u2022 Bodenfreiheit 315 mm<\/p>\n<p>\u2022 Hydrostatische Servolenkung<\/p>\n<p>\u2022 Kegelradantriebssystem<\/p>\n<p><strong>HINTERACHSE<\/strong><\/p>\n<p>\u2022 Differentialsperren serienm\u00e4\u00dfig<\/p>\n<p>\u2022 Mehrscheibenbremsen getaucht<\/p>\n<p><strong>ABMESSUNGEN (je nach Modellen und Ausstattung)<\/strong><\/p>\n<p>\u2022 L\u00e4nge (Gesamtl\u00e4nge): 2465 mm<\/p>\n<p>\u2022 Breite (Gesamtbreite): 1050 mm<\/p>\n<p>\u2022 Maximale H\u00f6he: 2190 mm<\/p>\n<p>\u2022 Radstand: 1550 mm<\/p>\n<p><strong>Montage und Inbetriebnahme in unseren Werkst\u00e4tten durchgef\u00fchrt.<\/strong><\/p>\n","protected":false},"excerpt":{"rendered":"<p><strong>Der Kubota EK EK1-261 DT 25 PS Traktor aus der EK1-Serie zeichnet sich durch seine Einfachheit, die Ergonomie seiner Fahrposition, seine Motorleistung und nat\u00fcrlich seine Robustheit aus. <\/strong><\/p>\n<p>Dieser Traktor war <strong>Entwickelt, um eine Vielzahl von Aufgaben zu erf\u00fcllen<\/strong> ausgehend von <strong>M\u00e4hen bis zur Bodenbearbeitung<\/strong> durch die <strong>Transport und Handhabung<\/strong>. Die EK1-Philosophie ist<strong>bieten maximale Zufriedenheit<\/strong> bei einer gro\u00dfen Auswahl an Budgets!<\/p>\n","protected":false},"featured_media":10161,"comment_status":"open","ping_status":"closed","template":"","meta":[],"product_brand":[],"product_cat":[322,340],"product_tag":[],"class_list":{"0":"post-17411","1":"product","2":"type-product","3":"status-publish","4":"has-post-thumbnail","6":"product_cat-landwirtschaftliche-geraete-und-zubehoer","7":"product_cat-traktoren","9":"first","10":"instock","11":"shipping-taxable","12":"purchasable","13":"product-type-simple"},"yoast_head":"<!-- This site is optimized with the Yoast SEO plugin v27.5 - https:\/\/yoast.com\/product\/yoast-seo-wordpress\/ -->\n<title>Kubota EK1-261 Dt 25 Ps Traktor - Sagrinex \u2013 Anhaenger, Container &amp; Landtechnik \ud83c\udf3e\ud83d\ude9c<\/title>\n<meta name=\"robots\" content=\"index, follow, max-snippet:-1, max-image-preview:large, max-video-preview:-1\" \/>\n<link rel=\"canonical\" href=\"https:\/\/sagrinex.com\/produit\/kubota-ek1-261-dt-25-ps-traktor\/?lang=de\" \/>\n<meta property=\"og:locale\" content=\"de_DE\" \/>\n<meta property=\"og:type\" content=\"article\" \/>\n<meta property=\"og:title\" content=\"Kubota EK1-261 Dt 25 Ps Traktor - Sagrinex \u2013 Anhaenger, Container &amp; Landtechnik \ud83c\udf3e\ud83d\ude9c\" \/>\n<meta property=\"og:description\" content=\"Der Kubota EK EK1-261 DT 25 PS Traktor aus der EK1-Serie zeichnet sich durch seine Einfachheit, die Ergonomie seiner Fahrposition, seine Motorleistung und nat\u00fcrlich seine Robustheit aus. Dieser Traktor war Entwickelt, um eine Vielzahl von Aufgaben zu erf\u00fcllen ausgehend von M\u00e4hen bis zur Bodenbearbeitung durch die Transport und Handhabung. Die EK1-Philosophie istbieten maximale Zufriedenheit bei einer gro\u00dfen Auswahl an Budgets!\" \/>\n<meta property=\"og:url\" content=\"https:\/\/sagrinex.com\/produit\/kubota-ek1-261-dt-25-ps-traktor\/?lang=de\" \/>\n<meta property=\"og:site_name\" content=\"Sagrinex \u2013 Anhaenger, Container &amp; Landtechnik \ud83c\udf3e\ud83d\ude9c\" \/>\n<meta property=\"article:modified_time\" content=\"2026-04-15T21:12:35+00:00\" \/>\n<meta property=\"og:image\" content=\"https:\/\/sagrinex.com\/wp-content\/uploads\/2026\/03\/Image-357.jpeg\" \/>\n\t<meta property=\"og:image:width\" content=\"2000\" \/>\n\t<meta property=\"og:image:height\" content=\"1333\" \/>\n\t<meta property=\"og:image:type\" content=\"image\/jpeg\" \/>\n<meta name=\"twitter:card\" content=\"summary_large_image\" \/>\n<meta name=\"twitter:label1\" content=\"Gesch\u00e4tzte Lesezeit\" \/>\n\t<meta name=\"twitter:data1\" content=\"1\u00a0Minute\" \/>\n<script type=\"application\/ld+json\" class=\"yoast-schema-graph\">{\"@context\":\"https:\\\/\\\/schema.org\",\"@graph\":[{\"@type\":\"WebPage\",\"@id\":\"https:\\\/\\\/sagrinex.com\\\/produit\\\/kubota-ek1-261-dt-25-ps-traktor\\\/?lang=de\",\"url\":\"https:\\\/\\\/sagrinex.com\\\/produit\\\/kubota-ek1-261-dt-25-ps-traktor\\\/?lang=de\",\"name\":\"Kubota EK1-261 Dt 25 Ps Traktor - Sagrinex \u2013 Anhaenger, Container &amp; Landtechnik \ud83c\udf3e\ud83d\ude9c\",\"isPartOf\":{\"@id\":\"https:\\\/\\\/sagrinex.com\\\/#website\"},\"primaryImageOfPage\":{\"@id\":\"https:\\\/\\\/sagrinex.com\\\/produit\\\/kubota-ek1-261-dt-25-ps-traktor\\\/?lang=de#primaryimage\"},\"image\":{\"@id\":\"https:\\\/\\\/sagrinex.com\\\/produit\\\/kubota-ek1-261-dt-25-ps-traktor\\\/?lang=de#primaryimage\"},\"thumbnailUrl\":\"https:\\\/\\\/sagrinex.com\\\/wp-content\\\/uploads\\\/2026\\\/03\\\/Image-357.jpeg\",\"datePublished\":\"2026-04-15T18:16:43+00:00\",\"dateModified\":\"2026-04-15T21:12:35+00:00\",\"breadcrumb\":{\"@id\":\"https:\\\/\\\/sagrinex.com\\\/produit\\\/kubota-ek1-261-dt-25-ps-traktor\\\/?lang=de#breadcrumb\"},\"inLanguage\":\"de\",\"potentialAction\":[{\"@type\":\"ReadAction\",\"target\":[\"https:\\\/\\\/sagrinex.com\\\/produit\\\/kubota-ek1-261-dt-25-ps-traktor\\\/?lang=de\"]}]},{\"@type\":\"ImageObject\",\"inLanguage\":\"de\",\"@id\":\"https:\\\/\\\/sagrinex.com\\\/produit\\\/kubota-ek1-261-dt-25-ps-traktor\\\/?lang=de#primaryimage\",\"url\":\"https:\\\/\\\/sagrinex.com\\\/wp-content\\\/uploads\\\/2026\\\/03\\\/Image-357.jpeg\",\"contentUrl\":\"https:\\\/\\\/sagrinex.com\\\/wp-content\\\/uploads\\\/2026\\\/03\\\/Image-357.jpeg\",\"width\":2000,\"height\":1333},{\"@type\":\"BreadcrumbList\",\"@id\":\"https:\\\/\\\/sagrinex.com\\\/produit\\\/kubota-ek1-261-dt-25-ps-traktor\\\/?lang=de#breadcrumb\",\"itemListElement\":[{\"@type\":\"ListItem\",\"position\":1,\"name\":\"Accueil\",\"item\":\"https:\\\/\\\/sagrinex.com\\\/?lang=de\"},{\"@type\":\"ListItem\",\"position\":2,\"name\":\"Shop\",\"item\":\"https:\\\/\\\/sagrinex.com\\\/shop\\\/\"},{\"@type\":\"ListItem\",\"position\":3,\"name\":\"Kubota EK1-261 Dt 25 Ps Traktor\"}]},{\"@type\":\"WebSite\",\"@id\":\"https:\\\/\\\/sagrinex.com\\\/#website\",\"url\":\"https:\\\/\\\/sagrinex.com\\\/\",\"name\":\"Sagrinex \u2013 Spezialist f\u00fcr Anh\u00e4nger, Container & Landtechnik\",\"description\":\"Anhaenger, Container &amp; Landtechnik \u2014 Online-Verkauf &amp; kostenloses Angebot\",\"publisher\":{\"@id\":\"https:\\\/\\\/sagrinex.com\\\/#organization\"},\"potentialAction\":[{\"@type\":\"SearchAction\",\"target\":{\"@type\":\"EntryPoint\",\"urlTemplate\":\"https:\\\/\\\/sagrinex.com\\\/?s={search_term_string}\"},\"query-input\":{\"@type\":\"PropertyValueSpecification\",\"valueRequired\":true,\"valueName\":\"search_term_string\"}}],\"inLanguage\":\"de\"},{\"@type\":\"Organization\",\"@id\":\"https:\\\/\\\/sagrinex.com\\\/#organization\",\"name\":\"Sagrinex \u2013 Remorques, Conteneurs & Mat\u00e9riel Agricole\",\"url\":\"https:\\\/\\\/sagrinex.com\\\/\",\"logo\":{\"@type\":\"ImageObject\",\"inLanguage\":\"de\",\"@id\":\"https:\\\/\\\/sagrinex.com\\\/#\\\/schema\\\/logo\\\/image\\\/\",\"url\":\"https:\\\/\\\/sagrinex.com\\\/wp-content\\\/uploads\\\/2026\\\/03\\\/7f1ac463-ef5a-425d-bdd6-a5da03a334a9-1024x683.png\",\"contentUrl\":\"https:\\\/\\\/sagrinex.com\\\/wp-content\\\/uploads\\\/2026\\\/03\\\/7f1ac463-ef5a-425d-bdd6-a5da03a334a9-1024x683.png\",\"width\":1024,\"height\":683,\"caption\":\"Sagrinex \u2013 Remorques, Conteneurs & Mat\u00e9riel Agricole\"},\"image\":{\"@id\":\"https:\\\/\\\/sagrinex.com\\\/#\\\/schema\\\/logo\\\/image\\\/\"}}]}<\/script>\n<!-- \/ Yoast SEO plugin. -->","yoast_head_json":{"title":"Kubota EK1-261 Dt 25 Ps Traktor - Sagrinex \u2013 Anhaenger, Container &amp; Landtechnik \ud83c\udf3e\ud83d\ude9c","robots":{"index":"index","follow":"follow","max-snippet":"max-snippet:-1","max-image-preview":"max-image-preview:large","max-video-preview":"max-video-preview:-1"},"canonical":"https:\/\/sagrinex.com\/produit\/kubota-ek1-261-dt-25-ps-traktor\/?lang=de","og_locale":"de_DE","og_type":"article","og_title":"Kubota EK1-261 Dt 25 Ps Traktor - Sagrinex \u2013 Anhaenger, Container &amp; Landtechnik \ud83c\udf3e\ud83d\ude9c","og_description":"Der Kubota EK EK1-261 DT 25 PS Traktor aus der EK1-Serie zeichnet sich durch seine Einfachheit, die Ergonomie seiner Fahrposition, seine Motorleistung und nat\u00fcrlich seine Robustheit aus. Dieser Traktor war Entwickelt, um eine Vielzahl von Aufgaben zu erf\u00fcllen ausgehend von M\u00e4hen bis zur Bodenbearbeitung durch die Transport und Handhabung. Die EK1-Philosophie istbieten maximale Zufriedenheit bei einer gro\u00dfen Auswahl an Budgets!","og_url":"https:\/\/sagrinex.com\/produit\/kubota-ek1-261-dt-25-ps-traktor\/?lang=de","og_site_name":"Sagrinex \u2013 Anhaenger, Container &amp; Landtechnik \ud83c\udf3e\ud83d\ude9c","article_modified_time":"2026-04-15T21:12:35+00:00","og_image":[{"width":2000,"height":1333,"url":"https:\/\/sagrinex.com\/wp-content\/uploads\/2026\/03\/Image-357.jpeg","type":"image\/jpeg"}],"twitter_card":"summary_large_image","twitter_misc":{"Gesch\u00e4tzte Lesezeit":"1\u00a0Minute"},"schema":{"@context":"https:\/\/schema.org","@graph":[{"@type":"WebPage","@id":"https:\/\/sagrinex.com\/produit\/kubota-ek1-261-dt-25-ps-traktor\/?lang=de","url":"https:\/\/sagrinex.com\/produit\/kubota-ek1-261-dt-25-ps-traktor\/?lang=de","name":"Kubota EK1-261 Dt 25 Ps Traktor - Sagrinex \u2013 Anhaenger, Container &amp; Landtechnik \ud83c\udf3e\ud83d\ude9c","isPartOf":{"@id":"https:\/\/sagrinex.com\/#website"},"primaryImageOfPage":{"@id":"https:\/\/sagrinex.com\/produit\/kubota-ek1-261-dt-25-ps-traktor\/?lang=de#primaryimage"},"image":{"@id":"https:\/\/sagrinex.com\/produit\/kubota-ek1-261-dt-25-ps-traktor\/?lang=de#primaryimage"},"thumbnailUrl":"https:\/\/sagrinex.com\/wp-content\/uploads\/2026\/03\/Image-357.jpeg","datePublished":"2026-04-15T18:16:43+00:00","dateModified":"2026-04-15T21:12:35+00:00","breadcrumb":{"@id":"https:\/\/sagrinex.com\/produit\/kubota-ek1-261-dt-25-ps-traktor\/?lang=de#breadcrumb"},"inLanguage":"de","potentialAction":[{"@type":"ReadAction","target":["https:\/\/sagrinex.com\/produit\/kubota-ek1-261-dt-25-ps-traktor\/?lang=de"]}]},{"@type":"ImageObject","inLanguage":"de","@id":"https:\/\/sagrinex.com\/produit\/kubota-ek1-261-dt-25-ps-traktor\/?lang=de#primaryimage","url":"https:\/\/sagrinex.com\/wp-content\/uploads\/2026\/03\/Image-357.jpeg","contentUrl":"https:\/\/sagrinex.com\/wp-content\/uploads\/2026\/03\/Image-357.jpeg","width":2000,"height":1333},{"@type":"BreadcrumbList","@id":"https:\/\/sagrinex.com\/produit\/kubota-ek1-261-dt-25-ps-traktor\/?lang=de#breadcrumb","itemListElement":[{"@type":"ListItem","position":1,"name":"Accueil","item":"https:\/\/sagrinex.com\/?lang=de"},{"@type":"ListItem","position":2,"name":"Shop","item":"https:\/\/sagrinex.com\/shop\/"},{"@type":"ListItem","position":3,"name":"Kubota EK1-261 Dt 25 Ps Traktor"}]},{"@type":"WebSite","@id":"https:\/\/sagrinex.com\/#website","url":"https:\/\/sagrinex.com\/","name":"Sagrinex \u2013 Spezialist f\u00fcr Anh\u00e4nger, Container & Landtechnik","description":"Anhaenger, Container &amp; Landtechnik \u2014 Online-Verkauf &amp; kostenloses Angebot","publisher":{"@id":"https:\/\/sagrinex.com\/#organization"},"potentialAction":[{"@type":"SearchAction","target":{"@type":"EntryPoint","urlTemplate":"https:\/\/sagrinex.com\/?s={search_term_string}"},"query-input":{"@type":"PropertyValueSpecification","valueRequired":true,"valueName":"search_term_string"}}],"inLanguage":"de"},{"@type":"Organization","@id":"https:\/\/sagrinex.com\/#organization","name":"Sagrinex \u2013 Remorques, Conteneurs & Mat\u00e9riel Agricole","url":"https:\/\/sagrinex.com\/","logo":{"@type":"ImageObject","inLanguage":"de","@id":"https:\/\/sagrinex.com\/#\/schema\/logo\/image\/","url":"https:\/\/sagrinex.com\/wp-content\/uploads\/2026\/03\/7f1ac463-ef5a-425d-bdd6-a5da03a334a9-1024x683.png","contentUrl":"https:\/\/sagrinex.com\/wp-content\/uploads\/2026\/03\/7f1ac463-ef5a-425d-bdd6-a5da03a334a9-1024x683.png","width":1024,"height":683,"caption":"Sagrinex \u2013 Remorques, Conteneurs & Mat\u00e9riel Agricole"},"image":{"@id":"https:\/\/sagrinex.com\/#\/schema\/logo\/image\/"}}]}},"jetpack_sharing_enabled":true,"_links":{"self":[{"href":"https:\/\/sagrinex.com\/de\/wp-json\/wp\/v2\/product\/17411","targetHints":{"allow":["GET"]}}],"collection":[{"href":"https:\/\/sagrinex.com\/de\/wp-json\/wp\/v2\/product"}],"about":[{"href":"https:\/\/sagrinex.com\/de\/wp-json\/wp\/v2\/types\/product"}],"replies":[{"embeddable":true,"href":"https:\/\/sagrinex.com\/de\/wp-json\/wp\/v2\/comments?post=17411"}],"version-history":[{"count":0,"href":"https:\/\/sagrinex.com\/de\/wp-json\/wp\/v2\/product\/17411\/revisions"}],"wp:featuredmedia":[{"embeddable":true,"href":"https:\/\/sagrinex.com\/de\/wp-json\/wp\/v2\/media\/10161"}],"wp:attachment":[{"href":"https:\/\/sagrinex.com\/de\/wp-json\/wp\/v2\/media?parent=17411"}],"wp:term":[{"taxonomy":"product_brand","embeddable":true,"href":"https:\/\/sagrinex.com\/de\/wp-json\/wp\/v2\/product_brand?post=17411"},{"taxonomy":"product_cat","embeddable":true,"href":"https:\/\/sagrinex.com\/de\/wp-json\/wp\/v2\/product_cat?post=17411"},{"taxonomy":"product_tag","embeddable":true,"href":"https:\/\/sagrinex.com\/de\/wp-json\/wp\/v2\/product_tag?post=17411"}],"curies":[{"name":"wp","href":"https:\/\/api.w.org\/{rel}","templated":true}]}}