{"id":17415,"date":"2026-04-15T18:18:34","date_gmt":"2026-04-15T18:18:34","guid":{"rendered":"https:\/\/sagrinex.com\/produit\/lovol-m504c-kabinentraktor\/"},"modified":"2026-04-15T21:12:35","modified_gmt":"2026-04-15T21:12:35","slug":"lovol-m504c-kabinentraktor","status":"publish","type":"product","link":"https:\/\/sagrinex.com\/de\/produit\/lovol-m504c-kabinentraktor\/","title":{"rendered":"Lovol M504C Kabinentraktor"},"content":{"rendered":"<p>Die Zapfwelle 540 oder 1000 U\/min wird durch elektrische Steuerung eingekuppelt. Sie ist mit einem Luftkompressor mit Tank f\u00fcr pneumatische Bremsung ausgestattet. Sie erm\u00f6glicht die Verwendung von Landmaschinen dank ihrer 3-Punkt-Kupplung Kategorie 2, sie ist auch mit Deichsel, Wagenhaken, Lochstange und Zulassungsbescheinigung ausgestattet.<\/p>\n<p><strong>Die Neuheiten der Traktoren LOVOL M504 sind:<\/strong><\/p>\n<ul>\n<li><strong>Neue Motorisierung mit DOOSAN D18 Euro 5 Motor<\/strong><\/li>\n<li><strong>Aktivierung der Vorderachse durch einen elektrischen Knopf<\/strong><\/li>\n<li><strong>Aktivierung der elektrischen Zapfwelle mit progressiver Schaltung (hydraulische Kupplung) um Rucke in der Maschine zu vermeiden<\/strong><\/li>\n<li><strong>Verbesserte Bremsung durch Funktionieren der Vorderachse beim Bremsen.<\/strong><\/li>\n<li><strong>Geschwindigkeitsanzeiger in km\/h<\/strong><\/li>\n<\/ul>\n<p>Panoramakabine<br \/>\nSchiebedach<br \/>\nHeizung und Klimaanlage<br \/>\nLuftaufbereitung<br \/>\nFlacher Boden<br \/>\nSchaltgehebel an der Seite<br \/>\nElliptische Frontleuchten<br \/>\nLED-R\u00fcckleuchten<\/p>\n<p><strong>Motor<\/strong><br \/>\nDOOSAN D18 Turbo Euro 5 Motor<br \/>\nFl\u00fcssigkeitsk\u00fchlung<br \/>\nMotordrehzahl: 2 400 U\/min<br \/>\nZylinder: 3<br \/>\nHubraum: 1 794 cm3<\/p>\n<p>Wendekreis (ohne Bremsung): 348 cm<\/p>\n<p><strong>Bremsen:<\/strong> Doppelscheibenbremsen mit \u00d6lbad<br \/>\n<strong>Lenkung:<\/strong> unterst\u00fctzt, hydrostatisch<\/p>\n<p><strong>Getriebe<\/strong><br \/>\nGetriebe: synchronisiertes Mechanikgetriebe von 2,37 bis 38,46 km\/h<br \/>\nG\u00e4nge: 12 vorw\u00e4rts, 12 r\u00fcckw\u00e4rts<br \/>\nReversierer: mechanisch<\/p>\n<p><strong>Hydraulik<\/strong><br \/>\n2 Doppelwirkungsverteiler \u2013 4 \u00d6lentnahmestellen<br \/>\nPumpendurchsatz: 40 L\/min<\/p>\n<p><strong>Zapfwelle<\/strong><br \/>\nRotationsgeschwindigkeit: 540 \u2013 1 000 U\/min<br \/>\nTyp: Welle mit 6 Nuten 35 x 6<br \/>\nElektrohydraulische Schaltung<\/p>\n<p><strong>Landmaschinen-Reifen<\/strong><br \/>\nVorne: 280\/70R20<br \/>\nHinten: 380\/70R28<br \/>\nDruck: 0,9 bis 1,2 bar<\/p>\n<p><strong>Oberlenker<\/strong>: Position und Kraftregelung<\/p>\n<p><strong>Hubkapazit\u00e4t<\/strong>: 2200 kg an der Kugel, 1400 kg bei 61 cm<\/p>\n<p><strong>Tanks<\/strong><br \/>\nKraftstoff: 60 L<br \/>\nK\u00fchler: 6 L<br \/>\nMotor\u00f6l: 6 L mit Filter<br \/>\nGetriebe\u00f6l: 39 L<br \/>\nGetriebe\u00f6l Vorderachse: 7 L<\/p>\n","protected":false},"excerpt":{"rendered":"<p>Der landwirtschaftliche Traktor LOVOL M504C mit einer Leistung von 50 PS und <strong>DOOSAN D18 EURO 5 Motor,<\/strong> ist ein Traktor mit Panorama-Klimaanlage und beheizter Kabine mit erneuerter Luft. Dieses Ger\u00e4t ist einfach zu bedienen, seine Geschwindigkeiten sind mechanisch mit 4 G\u00e4ngen in Bereichen (kleine, mittlere und hohe Geschwindigkeiten) mit R\u00fcckw\u00e4rtsgang, der insgesamt 12 Vorw\u00e4rtsg\u00e4nge und 12 R\u00fcckw\u00e4rtsg\u00e4nge erm\u00f6glicht, mit seiner Servolenkung und der Allradantriebsfunktion k\u00f6nnen Sie auch durch die engsten Bereiche fahren.<\/p>\n","protected":false},"featured_media":9794,"comment_status":"open","ping_status":"closed","template":"","meta":[],"product_brand":[],"product_cat":[322,340],"product_tag":[],"class_list":{"0":"post-17415","1":"product","2":"type-product","3":"status-publish","4":"has-post-thumbnail","6":"product_cat-landwirtschaftliche-geraete-und-zubehoer","7":"product_cat-traktoren","9":"first","10":"instock","11":"shipping-taxable","12":"purchasable","13":"product-type-simple"},"yoast_head":"<!-- This site is optimized with the Yoast SEO plugin v27.5 - https:\/\/yoast.com\/product\/yoast-seo-wordpress\/ -->\n<title>Lovol M504C Kabinentraktor - Sagrinex \u2013 Anhaenger, Container &amp; Landtechnik \ud83c\udf3e\ud83d\ude9c<\/title>\n<meta name=\"robots\" content=\"index, follow, max-snippet:-1, max-image-preview:large, max-video-preview:-1\" \/>\n<link rel=\"canonical\" href=\"https:\/\/sagrinex.com\/produit\/lovol-m504c-kabinentraktor\/?lang=de\" \/>\n<meta property=\"og:locale\" content=\"de_DE\" \/>\n<meta property=\"og:type\" content=\"article\" \/>\n<meta property=\"og:title\" content=\"Lovol M504C Kabinentraktor - Sagrinex \u2013 Anhaenger, Container &amp; Landtechnik \ud83c\udf3e\ud83d\ude9c\" \/>\n<meta property=\"og:description\" content=\"Der landwirtschaftliche Traktor LOVOL M504C mit einer Leistung von 50 PS und DOOSAN D18 EURO 5 Motor, ist ein Traktor mit Panorama-Klimaanlage und beheizter Kabine mit erneuerter Luft. Dieses Ger\u00e4t ist einfach zu bedienen, seine Geschwindigkeiten sind mechanisch mit 4 G\u00e4ngen in Bereichen (kleine, mittlere und hohe Geschwindigkeiten) mit R\u00fcckw\u00e4rtsgang, der insgesamt 12 Vorw\u00e4rtsg\u00e4nge und 12 R\u00fcckw\u00e4rtsg\u00e4nge erm\u00f6glicht, mit seiner Servolenkung und der Allradantriebsfunktion k\u00f6nnen Sie auch durch die engsten Bereiche fahren.\" \/>\n<meta property=\"og:url\" content=\"https:\/\/sagrinex.com\/produit\/lovol-m504c-kabinentraktor\/?lang=de\" \/>\n<meta property=\"og:site_name\" content=\"Sagrinex \u2013 Anhaenger, Container &amp; Landtechnik \ud83c\udf3e\ud83d\ude9c\" \/>\n<meta property=\"article:modified_time\" content=\"2026-04-15T21:12:35+00:00\" \/>\n<meta property=\"og:image\" content=\"https:\/\/sagrinex.com\/wp-content\/uploads\/2026\/03\/Image-268.jpeg\" \/>\n\t<meta property=\"og:image:width\" content=\"1100\" \/>\n\t<meta property=\"og:image:height\" content=\"1422\" \/>\n\t<meta property=\"og:image:type\" content=\"image\/jpeg\" \/>\n<meta name=\"twitter:card\" content=\"summary_large_image\" \/>\n<meta name=\"twitter:label1\" content=\"Gesch\u00e4tzte Lesezeit\" \/>\n\t<meta name=\"twitter:data1\" content=\"1\u00a0Minute\" \/>\n<script type=\"application\/ld+json\" class=\"yoast-schema-graph\">{\"@context\":\"https:\\\/\\\/schema.org\",\"@graph\":[{\"@type\":\"WebPage\",\"@id\":\"https:\\\/\\\/sagrinex.com\\\/produit\\\/lovol-m504c-kabinentraktor\\\/?lang=de\",\"url\":\"https:\\\/\\\/sagrinex.com\\\/produit\\\/lovol-m504c-kabinentraktor\\\/?lang=de\",\"name\":\"Lovol M504C Kabinentraktor - Sagrinex \u2013 Anhaenger, Container &amp; Landtechnik \ud83c\udf3e\ud83d\ude9c\",\"isPartOf\":{\"@id\":\"https:\\\/\\\/sagrinex.com\\\/#website\"},\"primaryImageOfPage\":{\"@id\":\"https:\\\/\\\/sagrinex.com\\\/produit\\\/lovol-m504c-kabinentraktor\\\/?lang=de#primaryimage\"},\"image\":{\"@id\":\"https:\\\/\\\/sagrinex.com\\\/produit\\\/lovol-m504c-kabinentraktor\\\/?lang=de#primaryimage\"},\"thumbnailUrl\":\"https:\\\/\\\/sagrinex.com\\\/wp-content\\\/uploads\\\/2026\\\/03\\\/Image-268.jpeg\",\"datePublished\":\"2026-04-15T18:18:34+00:00\",\"dateModified\":\"2026-04-15T21:12:35+00:00\",\"breadcrumb\":{\"@id\":\"https:\\\/\\\/sagrinex.com\\\/produit\\\/lovol-m504c-kabinentraktor\\\/?lang=de#breadcrumb\"},\"inLanguage\":\"de\",\"potentialAction\":[{\"@type\":\"ReadAction\",\"target\":[\"https:\\\/\\\/sagrinex.com\\\/produit\\\/lovol-m504c-kabinentraktor\\\/?lang=de\"]}]},{\"@type\":\"ImageObject\",\"inLanguage\":\"de\",\"@id\":\"https:\\\/\\\/sagrinex.com\\\/produit\\\/lovol-m504c-kabinentraktor\\\/?lang=de#primaryimage\",\"url\":\"https:\\\/\\\/sagrinex.com\\\/wp-content\\\/uploads\\\/2026\\\/03\\\/Image-268.jpeg\",\"contentUrl\":\"https:\\\/\\\/sagrinex.com\\\/wp-content\\\/uploads\\\/2026\\\/03\\\/Image-268.jpeg\",\"width\":1100,\"height\":1422},{\"@type\":\"BreadcrumbList\",\"@id\":\"https:\\\/\\\/sagrinex.com\\\/produit\\\/lovol-m504c-kabinentraktor\\\/?lang=de#breadcrumb\",\"itemListElement\":[{\"@type\":\"ListItem\",\"position\":1,\"name\":\"Accueil\",\"item\":\"https:\\\/\\\/sagrinex.com\\\/?lang=de\"},{\"@type\":\"ListItem\",\"position\":2,\"name\":\"Shop\",\"item\":\"https:\\\/\\\/sagrinex.com\\\/shop\\\/\"},{\"@type\":\"ListItem\",\"position\":3,\"name\":\"Lovol M504C Kabinentraktor\"}]},{\"@type\":\"WebSite\",\"@id\":\"https:\\\/\\\/sagrinex.com\\\/#website\",\"url\":\"https:\\\/\\\/sagrinex.com\\\/\",\"name\":\"Sagrinex \u2013 Spezialist f\u00fcr Anh\u00e4nger, Container & Landtechnik\",\"description\":\"Anhaenger, Container &amp; Landtechnik \u2014 Online-Verkauf &amp; kostenloses Angebot\",\"publisher\":{\"@id\":\"https:\\\/\\\/sagrinex.com\\\/#organization\"},\"potentialAction\":[{\"@type\":\"SearchAction\",\"target\":{\"@type\":\"EntryPoint\",\"urlTemplate\":\"https:\\\/\\\/sagrinex.com\\\/?s={search_term_string}\"},\"query-input\":{\"@type\":\"PropertyValueSpecification\",\"valueRequired\":true,\"valueName\":\"search_term_string\"}}],\"inLanguage\":\"de\"},{\"@type\":\"Organization\",\"@id\":\"https:\\\/\\\/sagrinex.com\\\/#organization\",\"name\":\"Sagrinex \u2013 Remorques, Conteneurs & Mat\u00e9riel Agricole\",\"url\":\"https:\\\/\\\/sagrinex.com\\\/\",\"logo\":{\"@type\":\"ImageObject\",\"inLanguage\":\"de\",\"@id\":\"https:\\\/\\\/sagrinex.com\\\/#\\\/schema\\\/logo\\\/image\\\/\",\"url\":\"https:\\\/\\\/sagrinex.com\\\/wp-content\\\/uploads\\\/2026\\\/03\\\/7f1ac463-ef5a-425d-bdd6-a5da03a334a9-1024x683.png\",\"contentUrl\":\"https:\\\/\\\/sagrinex.com\\\/wp-content\\\/uploads\\\/2026\\\/03\\\/7f1ac463-ef5a-425d-bdd6-a5da03a334a9-1024x683.png\",\"width\":1024,\"height\":683,\"caption\":\"Sagrinex \u2013 Remorques, Conteneurs & Mat\u00e9riel Agricole\"},\"image\":{\"@id\":\"https:\\\/\\\/sagrinex.com\\\/#\\\/schema\\\/logo\\\/image\\\/\"}}]}<\/script>\n<!-- \/ Yoast SEO plugin. -->","yoast_head_json":{"title":"Lovol M504C Kabinentraktor - Sagrinex \u2013 Anhaenger, Container &amp; Landtechnik \ud83c\udf3e\ud83d\ude9c","robots":{"index":"index","follow":"follow","max-snippet":"max-snippet:-1","max-image-preview":"max-image-preview:large","max-video-preview":"max-video-preview:-1"},"canonical":"https:\/\/sagrinex.com\/produit\/lovol-m504c-kabinentraktor\/?lang=de","og_locale":"de_DE","og_type":"article","og_title":"Lovol M504C Kabinentraktor - Sagrinex \u2013 Anhaenger, Container &amp; Landtechnik \ud83c\udf3e\ud83d\ude9c","og_description":"Der landwirtschaftliche Traktor LOVOL M504C mit einer Leistung von 50 PS und DOOSAN D18 EURO 5 Motor, ist ein Traktor mit Panorama-Klimaanlage und beheizter Kabine mit erneuerter Luft. Dieses Ger\u00e4t ist einfach zu bedienen, seine Geschwindigkeiten sind mechanisch mit 4 G\u00e4ngen in Bereichen (kleine, mittlere und hohe Geschwindigkeiten) mit R\u00fcckw\u00e4rtsgang, der insgesamt 12 Vorw\u00e4rtsg\u00e4nge und 12 R\u00fcckw\u00e4rtsg\u00e4nge erm\u00f6glicht, mit seiner Servolenkung und der Allradantriebsfunktion k\u00f6nnen Sie auch durch die engsten Bereiche fahren.","og_url":"https:\/\/sagrinex.com\/produit\/lovol-m504c-kabinentraktor\/?lang=de","og_site_name":"Sagrinex \u2013 Anhaenger, Container &amp; Landtechnik \ud83c\udf3e\ud83d\ude9c","article_modified_time":"2026-04-15T21:12:35+00:00","og_image":[{"width":1100,"height":1422,"url":"https:\/\/sagrinex.com\/wp-content\/uploads\/2026\/03\/Image-268.jpeg","type":"image\/jpeg"}],"twitter_card":"summary_large_image","twitter_misc":{"Gesch\u00e4tzte Lesezeit":"1\u00a0Minute"},"schema":{"@context":"https:\/\/schema.org","@graph":[{"@type":"WebPage","@id":"https:\/\/sagrinex.com\/produit\/lovol-m504c-kabinentraktor\/?lang=de","url":"https:\/\/sagrinex.com\/produit\/lovol-m504c-kabinentraktor\/?lang=de","name":"Lovol M504C Kabinentraktor - Sagrinex \u2013 Anhaenger, Container &amp; Landtechnik \ud83c\udf3e\ud83d\ude9c","isPartOf":{"@id":"https:\/\/sagrinex.com\/#website"},"primaryImageOfPage":{"@id":"https:\/\/sagrinex.com\/produit\/lovol-m504c-kabinentraktor\/?lang=de#primaryimage"},"image":{"@id":"https:\/\/sagrinex.com\/produit\/lovol-m504c-kabinentraktor\/?lang=de#primaryimage"},"thumbnailUrl":"https:\/\/sagrinex.com\/wp-content\/uploads\/2026\/03\/Image-268.jpeg","datePublished":"2026-04-15T18:18:34+00:00","dateModified":"2026-04-15T21:12:35+00:00","breadcrumb":{"@id":"https:\/\/sagrinex.com\/produit\/lovol-m504c-kabinentraktor\/?lang=de#breadcrumb"},"inLanguage":"de","potentialAction":[{"@type":"ReadAction","target":["https:\/\/sagrinex.com\/produit\/lovol-m504c-kabinentraktor\/?lang=de"]}]},{"@type":"ImageObject","inLanguage":"de","@id":"https:\/\/sagrinex.com\/produit\/lovol-m504c-kabinentraktor\/?lang=de#primaryimage","url":"https:\/\/sagrinex.com\/wp-content\/uploads\/2026\/03\/Image-268.jpeg","contentUrl":"https:\/\/sagrinex.com\/wp-content\/uploads\/2026\/03\/Image-268.jpeg","width":1100,"height":1422},{"@type":"BreadcrumbList","@id":"https:\/\/sagrinex.com\/produit\/lovol-m504c-kabinentraktor\/?lang=de#breadcrumb","itemListElement":[{"@type":"ListItem","position":1,"name":"Accueil","item":"https:\/\/sagrinex.com\/?lang=de"},{"@type":"ListItem","position":2,"name":"Shop","item":"https:\/\/sagrinex.com\/shop\/"},{"@type":"ListItem","position":3,"name":"Lovol M504C Kabinentraktor"}]},{"@type":"WebSite","@id":"https:\/\/sagrinex.com\/#website","url":"https:\/\/sagrinex.com\/","name":"Sagrinex \u2013 Spezialist f\u00fcr Anh\u00e4nger, Container & Landtechnik","description":"Anhaenger, Container &amp; Landtechnik \u2014 Online-Verkauf &amp; kostenloses Angebot","publisher":{"@id":"https:\/\/sagrinex.com\/#organization"},"potentialAction":[{"@type":"SearchAction","target":{"@type":"EntryPoint","urlTemplate":"https:\/\/sagrinex.com\/?s={search_term_string}"},"query-input":{"@type":"PropertyValueSpecification","valueRequired":true,"valueName":"search_term_string"}}],"inLanguage":"de"},{"@type":"Organization","@id":"https:\/\/sagrinex.com\/#organization","name":"Sagrinex \u2013 Remorques, Conteneurs & Mat\u00e9riel Agricole","url":"https:\/\/sagrinex.com\/","logo":{"@type":"ImageObject","inLanguage":"de","@id":"https:\/\/sagrinex.com\/#\/schema\/logo\/image\/","url":"https:\/\/sagrinex.com\/wp-content\/uploads\/2026\/03\/7f1ac463-ef5a-425d-bdd6-a5da03a334a9-1024x683.png","contentUrl":"https:\/\/sagrinex.com\/wp-content\/uploads\/2026\/03\/7f1ac463-ef5a-425d-bdd6-a5da03a334a9-1024x683.png","width":1024,"height":683,"caption":"Sagrinex \u2013 Remorques, Conteneurs & Mat\u00e9riel Agricole"},"image":{"@id":"https:\/\/sagrinex.com\/#\/schema\/logo\/image\/"}}]}},"jetpack_sharing_enabled":true,"_links":{"self":[{"href":"https:\/\/sagrinex.com\/de\/wp-json\/wp\/v2\/product\/17415","targetHints":{"allow":["GET"]}}],"collection":[{"href":"https:\/\/sagrinex.com\/de\/wp-json\/wp\/v2\/product"}],"about":[{"href":"https:\/\/sagrinex.com\/de\/wp-json\/wp\/v2\/types\/product"}],"replies":[{"embeddable":true,"href":"https:\/\/sagrinex.com\/de\/wp-json\/wp\/v2\/comments?post=17415"}],"version-history":[{"count":0,"href":"https:\/\/sagrinex.com\/de\/wp-json\/wp\/v2\/product\/17415\/revisions"}],"wp:featuredmedia":[{"embeddable":true,"href":"https:\/\/sagrinex.com\/de\/wp-json\/wp\/v2\/media\/9794"}],"wp:attachment":[{"href":"https:\/\/sagrinex.com\/de\/wp-json\/wp\/v2\/media?parent=17415"}],"wp:term":[{"taxonomy":"product_brand","embeddable":true,"href":"https:\/\/sagrinex.com\/de\/wp-json\/wp\/v2\/product_brand?post=17415"},{"taxonomy":"product_cat","embeddable":true,"href":"https:\/\/sagrinex.com\/de\/wp-json\/wp\/v2\/product_cat?post=17415"},{"taxonomy":"product_tag","embeddable":true,"href":"https:\/\/sagrinex.com\/de\/wp-json\/wp\/v2\/product_tag?post=17415"}],"curies":[{"name":"wp","href":"https:\/\/api.w.org\/{rel}","templated":true}]}}