{"id":17417,"date":"2026-04-15T18:19:25","date_gmt":"2026-04-15T18:19:25","guid":{"rendered":"https:\/\/sagrinex.com\/produit\/lovol-m404c-traktorkabine-frontlader\/"},"modified":"2026-04-15T21:12:35","modified_gmt":"2026-04-15T21:12:35","slug":"lovol-m404c-traktorkabine-frontlader","status":"publish","type":"product","link":"https:\/\/sagrinex.com\/de\/produit\/lovol-m404c-traktorkabine-frontlader\/","title":{"rendered":"Lovol M404C Traktorkabine + Frontlader"},"content":{"rendered":"<section class=\"product-description-section block-section\">\n<div class=\"section-content\">\n<div class=\"product-description \">\n<div class=\"rte-content\">\n<p>Dieser Traktor ist benutzerfreundlich, seine Geschwindigkeiten sind mechanisch mit 4 G\u00e4ngen pro Bereich (kleine und gro\u00dfe Geschwindigkeiten) mit mechanischem Umkehrhebel, was insgesamt 8 Vorw\u00e4rtsg\u00e4nge und 8 R\u00fcckw\u00e4rtsg\u00e4nge ergibt. Der Traktor LOVOL M404C mit seiner Servolenkung und seiner Allradantriebsfunktion erm\u00f6glicht es Ihnen, in die unzug\u00e4nglichsten Orte zu gelangen.<\/p>\n<p>Panoramakabine<br \/>\nHeizung<br \/>\nFlacher Boden<br \/>\nSchaltgest\u00e4nge an der Seite<\/p>\n<p><strong>Motor<\/strong><br \/>\nDieselmotor Euro 5 DOOSAN<br \/>\nFl\u00fcssigkeitsk\u00fchlung<br \/>\nMotordrehzahl: 2 350 U\/min<br \/>\nZylinder: 3<br \/>\nHubraum: 1 800 cm3<\/p>\n<p>Geschwindigkeit von 1,97 bis 29,67 km\/h<br \/>\nBremsen: doppelte Scheibenbremsen mit \u00d6lbad<br \/>\nLenkung: servounterst\u00fctzt, hydrostatisch<\/p>\n<p><strong>Getriebe<\/strong><br \/>\nSchaltgetriebe: mechanisch synchronisiert<br \/>\n\u00dcbersetzungen: 8 Vorw\u00e4rts, 8 R\u00fcckw\u00e4rts<br \/>\nUmkehrhebel: mechanisch<br \/>\nKupplung: trocken, einfache Scheibe<\/p>\n<p><strong>Hydraulik<\/strong><br \/>\n2 Doppelwirkungsverteiler \u2013 4 \u00d6lanschl\u00fcsse<br \/>\nPumpenleistung: 38 L\/min<\/p>\n<p><strong>Zapfwelle<\/strong><br \/>\nDrehzahl: 540 \u2013 1 000 U\/min Elektrohydraulisch<br \/>\nTyp: Welle mit 6 Rillen 35 x 6<\/p>\n<p><strong>Landwirtschaftsreifen<\/strong><br \/>\nVorne: 260\/70R16<br \/>\nHinten: 320\/85R24<br \/>\nDruck: 0,9 bis 1,2 bar<\/p>\n<p><strong>Hubwerk:<\/strong> Position und Kraftregelung<\/p>\n<p><strong>Hubkapazit\u00e4t:<\/strong> 1750 kg am Kugel, 850 kg bei 61 cm<\/p>\n<p><strong>Tanks<\/strong><br \/>\nKraftstoff: 35 L<br \/>\nK\u00fchler: 6 L<br \/>\nMotor\u00f6l: 6 L<br \/>\nGetriebe\u00f6l: 11 L<br \/>\nHubwerk \u00d6l: 9 L<\/p>\n<p><strong>Lader-Merkmale:<\/strong><br \/>\nHubkraft: 550 kg<br \/>\nSch\u00fctthohe: 2 450 mm<br \/>\nSchaufelbreite: 1 500 mm<br \/>\nSchaufelvolumen: 0,2 m3<br \/>\nGewicht: 450 kg<\/p>\n<\/div>\n<\/div>\n<\/div>\n<\/section>\n","protected":false},"excerpt":{"rendered":"<p>Der landwirtschaftliche Traktor LOVOL M404C, 40 PS, mit Motorisierung <strong>DOOSAN EURO 5,<\/strong> ist ein Traktor mit beheizter Panoramakabine und ausgestattet mit einem Frontlader mit Erdschaufel und Pfl\u00fccker.<\/p>\n","protected":false},"featured_media":5988,"comment_status":"open","ping_status":"closed","template":"","meta":[],"product_brand":[],"product_cat":[322,340],"product_tag":[],"class_list":{"0":"post-17417","1":"product","2":"type-product","3":"status-publish","4":"has-post-thumbnail","6":"product_cat-landwirtschaftliche-geraete-und-zubehoer","7":"product_cat-traktoren","9":"first","10":"instock","11":"shipping-taxable","12":"purchasable","13":"product-type-simple"},"yoast_head":"<!-- This site is optimized with the Yoast SEO plugin v27.5 - https:\/\/yoast.com\/product\/yoast-seo-wordpress\/ -->\n<title>Lovol M404C Traktorkabine + Frontlader - Sagrinex \u2013 Anhaenger, Container &amp; Landtechnik \ud83c\udf3e\ud83d\ude9c<\/title>\n<meta name=\"robots\" content=\"index, follow, max-snippet:-1, max-image-preview:large, max-video-preview:-1\" \/>\n<link rel=\"canonical\" href=\"https:\/\/sagrinex.com\/produit\/lovol-m404c-traktorkabine-frontlader\/?lang=de\" \/>\n<meta property=\"og:locale\" content=\"de_DE\" \/>\n<meta property=\"og:type\" content=\"article\" \/>\n<meta property=\"og:title\" content=\"Lovol M404C Traktorkabine + Frontlader - Sagrinex \u2013 Anhaenger, Container &amp; Landtechnik \ud83c\udf3e\ud83d\ude9c\" \/>\n<meta property=\"og:description\" content=\"Der landwirtschaftliche Traktor LOVOL M404C, 40 PS, mit Motorisierung DOOSAN EURO 5, ist ein Traktor mit beheizter Panoramakabine und ausgestattet mit einem Frontlader mit Erdschaufel und Pfl\u00fccker.\" \/>\n<meta property=\"og:url\" content=\"https:\/\/sagrinex.com\/produit\/lovol-m404c-traktorkabine-frontlader\/?lang=de\" \/>\n<meta property=\"og:site_name\" content=\"Sagrinex \u2013 Anhaenger, Container &amp; Landtechnik \ud83c\udf3e\ud83d\ude9c\" \/>\n<meta property=\"article:modified_time\" content=\"2026-04-15T21:12:35+00:00\" \/>\n<meta property=\"og:image\" content=\"https:\/\/sagrinex.com\/wp-content\/uploads\/2026\/03\/Image-247.jpeg\" \/>\n\t<meta property=\"og:image:width\" content=\"1920\" \/>\n\t<meta property=\"og:image:height\" content=\"1280\" \/>\n\t<meta property=\"og:image:type\" content=\"image\/jpeg\" \/>\n<meta name=\"twitter:card\" content=\"summary_large_image\" \/>\n<meta name=\"twitter:label1\" content=\"Gesch\u00e4tzte Lesezeit\" \/>\n\t<meta name=\"twitter:data1\" content=\"1\u00a0Minute\" \/>\n<script type=\"application\/ld+json\" class=\"yoast-schema-graph\">{\"@context\":\"https:\\\/\\\/schema.org\",\"@graph\":[{\"@type\":\"WebPage\",\"@id\":\"https:\\\/\\\/sagrinex.com\\\/produit\\\/lovol-m404c-traktorkabine-frontlader\\\/?lang=de\",\"url\":\"https:\\\/\\\/sagrinex.com\\\/produit\\\/lovol-m404c-traktorkabine-frontlader\\\/?lang=de\",\"name\":\"Lovol M404C Traktorkabine + Frontlader - Sagrinex \u2013 Anhaenger, Container &amp; Landtechnik \ud83c\udf3e\ud83d\ude9c\",\"isPartOf\":{\"@id\":\"https:\\\/\\\/sagrinex.com\\\/#website\"},\"primaryImageOfPage\":{\"@id\":\"https:\\\/\\\/sagrinex.com\\\/produit\\\/lovol-m404c-traktorkabine-frontlader\\\/?lang=de#primaryimage\"},\"image\":{\"@id\":\"https:\\\/\\\/sagrinex.com\\\/produit\\\/lovol-m404c-traktorkabine-frontlader\\\/?lang=de#primaryimage\"},\"thumbnailUrl\":\"https:\\\/\\\/sagrinex.com\\\/wp-content\\\/uploads\\\/2026\\\/03\\\/Image-247.jpeg\",\"datePublished\":\"2026-04-15T18:19:25+00:00\",\"dateModified\":\"2026-04-15T21:12:35+00:00\",\"breadcrumb\":{\"@id\":\"https:\\\/\\\/sagrinex.com\\\/produit\\\/lovol-m404c-traktorkabine-frontlader\\\/?lang=de#breadcrumb\"},\"inLanguage\":\"de\",\"potentialAction\":[{\"@type\":\"ReadAction\",\"target\":[\"https:\\\/\\\/sagrinex.com\\\/produit\\\/lovol-m404c-traktorkabine-frontlader\\\/?lang=de\"]}]},{\"@type\":\"ImageObject\",\"inLanguage\":\"de\",\"@id\":\"https:\\\/\\\/sagrinex.com\\\/produit\\\/lovol-m404c-traktorkabine-frontlader\\\/?lang=de#primaryimage\",\"url\":\"https:\\\/\\\/sagrinex.com\\\/wp-content\\\/uploads\\\/2026\\\/03\\\/Image-247.jpeg\",\"contentUrl\":\"https:\\\/\\\/sagrinex.com\\\/wp-content\\\/uploads\\\/2026\\\/03\\\/Image-247.jpeg\",\"width\":1920,\"height\":1280},{\"@type\":\"BreadcrumbList\",\"@id\":\"https:\\\/\\\/sagrinex.com\\\/produit\\\/lovol-m404c-traktorkabine-frontlader\\\/?lang=de#breadcrumb\",\"itemListElement\":[{\"@type\":\"ListItem\",\"position\":1,\"name\":\"Accueil\",\"item\":\"https:\\\/\\\/sagrinex.com\\\/?lang=de\"},{\"@type\":\"ListItem\",\"position\":2,\"name\":\"Shop\",\"item\":\"https:\\\/\\\/sagrinex.com\\\/shop\\\/\"},{\"@type\":\"ListItem\",\"position\":3,\"name\":\"Lovol M404C Traktorkabine + Frontlader\"}]},{\"@type\":\"WebSite\",\"@id\":\"https:\\\/\\\/sagrinex.com\\\/#website\",\"url\":\"https:\\\/\\\/sagrinex.com\\\/\",\"name\":\"Sagrinex \u2013 Spezialist f\u00fcr Anh\u00e4nger, Container & Landtechnik\",\"description\":\"Anhaenger, Container &amp; Landtechnik \u2014 Online-Verkauf &amp; kostenloses Angebot\",\"publisher\":{\"@id\":\"https:\\\/\\\/sagrinex.com\\\/#organization\"},\"potentialAction\":[{\"@type\":\"SearchAction\",\"target\":{\"@type\":\"EntryPoint\",\"urlTemplate\":\"https:\\\/\\\/sagrinex.com\\\/?s={search_term_string}\"},\"query-input\":{\"@type\":\"PropertyValueSpecification\",\"valueRequired\":true,\"valueName\":\"search_term_string\"}}],\"inLanguage\":\"de\"},{\"@type\":\"Organization\",\"@id\":\"https:\\\/\\\/sagrinex.com\\\/#organization\",\"name\":\"Sagrinex \u2013 Remorques, Conteneurs & Mat\u00e9riel Agricole\",\"url\":\"https:\\\/\\\/sagrinex.com\\\/\",\"logo\":{\"@type\":\"ImageObject\",\"inLanguage\":\"de\",\"@id\":\"https:\\\/\\\/sagrinex.com\\\/#\\\/schema\\\/logo\\\/image\\\/\",\"url\":\"https:\\\/\\\/sagrinex.com\\\/wp-content\\\/uploads\\\/2026\\\/03\\\/7f1ac463-ef5a-425d-bdd6-a5da03a334a9-1024x683.png\",\"contentUrl\":\"https:\\\/\\\/sagrinex.com\\\/wp-content\\\/uploads\\\/2026\\\/03\\\/7f1ac463-ef5a-425d-bdd6-a5da03a334a9-1024x683.png\",\"width\":1024,\"height\":683,\"caption\":\"Sagrinex \u2013 Remorques, Conteneurs & Mat\u00e9riel Agricole\"},\"image\":{\"@id\":\"https:\\\/\\\/sagrinex.com\\\/#\\\/schema\\\/logo\\\/image\\\/\"}}]}<\/script>\n<!-- \/ Yoast SEO plugin. -->","yoast_head_json":{"title":"Lovol M404C Traktorkabine + Frontlader - Sagrinex \u2013 Anhaenger, Container &amp; Landtechnik \ud83c\udf3e\ud83d\ude9c","robots":{"index":"index","follow":"follow","max-snippet":"max-snippet:-1","max-image-preview":"max-image-preview:large","max-video-preview":"max-video-preview:-1"},"canonical":"https:\/\/sagrinex.com\/produit\/lovol-m404c-traktorkabine-frontlader\/?lang=de","og_locale":"de_DE","og_type":"article","og_title":"Lovol M404C Traktorkabine + Frontlader - Sagrinex \u2013 Anhaenger, Container &amp; Landtechnik \ud83c\udf3e\ud83d\ude9c","og_description":"Der landwirtschaftliche Traktor LOVOL M404C, 40 PS, mit Motorisierung DOOSAN EURO 5, ist ein Traktor mit beheizter Panoramakabine und ausgestattet mit einem Frontlader mit Erdschaufel und Pfl\u00fccker.","og_url":"https:\/\/sagrinex.com\/produit\/lovol-m404c-traktorkabine-frontlader\/?lang=de","og_site_name":"Sagrinex \u2013 Anhaenger, Container &amp; Landtechnik \ud83c\udf3e\ud83d\ude9c","article_modified_time":"2026-04-15T21:12:35+00:00","og_image":[{"width":1920,"height":1280,"url":"https:\/\/sagrinex.com\/wp-content\/uploads\/2026\/03\/Image-247.jpeg","type":"image\/jpeg"}],"twitter_card":"summary_large_image","twitter_misc":{"Gesch\u00e4tzte Lesezeit":"1\u00a0Minute"},"schema":{"@context":"https:\/\/schema.org","@graph":[{"@type":"WebPage","@id":"https:\/\/sagrinex.com\/produit\/lovol-m404c-traktorkabine-frontlader\/?lang=de","url":"https:\/\/sagrinex.com\/produit\/lovol-m404c-traktorkabine-frontlader\/?lang=de","name":"Lovol M404C Traktorkabine + Frontlader - Sagrinex \u2013 Anhaenger, Container &amp; Landtechnik \ud83c\udf3e\ud83d\ude9c","isPartOf":{"@id":"https:\/\/sagrinex.com\/#website"},"primaryImageOfPage":{"@id":"https:\/\/sagrinex.com\/produit\/lovol-m404c-traktorkabine-frontlader\/?lang=de#primaryimage"},"image":{"@id":"https:\/\/sagrinex.com\/produit\/lovol-m404c-traktorkabine-frontlader\/?lang=de#primaryimage"},"thumbnailUrl":"https:\/\/sagrinex.com\/wp-content\/uploads\/2026\/03\/Image-247.jpeg","datePublished":"2026-04-15T18:19:25+00:00","dateModified":"2026-04-15T21:12:35+00:00","breadcrumb":{"@id":"https:\/\/sagrinex.com\/produit\/lovol-m404c-traktorkabine-frontlader\/?lang=de#breadcrumb"},"inLanguage":"de","potentialAction":[{"@type":"ReadAction","target":["https:\/\/sagrinex.com\/produit\/lovol-m404c-traktorkabine-frontlader\/?lang=de"]}]},{"@type":"ImageObject","inLanguage":"de","@id":"https:\/\/sagrinex.com\/produit\/lovol-m404c-traktorkabine-frontlader\/?lang=de#primaryimage","url":"https:\/\/sagrinex.com\/wp-content\/uploads\/2026\/03\/Image-247.jpeg","contentUrl":"https:\/\/sagrinex.com\/wp-content\/uploads\/2026\/03\/Image-247.jpeg","width":1920,"height":1280},{"@type":"BreadcrumbList","@id":"https:\/\/sagrinex.com\/produit\/lovol-m404c-traktorkabine-frontlader\/?lang=de#breadcrumb","itemListElement":[{"@type":"ListItem","position":1,"name":"Accueil","item":"https:\/\/sagrinex.com\/?lang=de"},{"@type":"ListItem","position":2,"name":"Shop","item":"https:\/\/sagrinex.com\/shop\/"},{"@type":"ListItem","position":3,"name":"Lovol M404C Traktorkabine + Frontlader"}]},{"@type":"WebSite","@id":"https:\/\/sagrinex.com\/#website","url":"https:\/\/sagrinex.com\/","name":"Sagrinex \u2013 Spezialist f\u00fcr Anh\u00e4nger, Container & Landtechnik","description":"Anhaenger, Container &amp; Landtechnik \u2014 Online-Verkauf &amp; kostenloses Angebot","publisher":{"@id":"https:\/\/sagrinex.com\/#organization"},"potentialAction":[{"@type":"SearchAction","target":{"@type":"EntryPoint","urlTemplate":"https:\/\/sagrinex.com\/?s={search_term_string}"},"query-input":{"@type":"PropertyValueSpecification","valueRequired":true,"valueName":"search_term_string"}}],"inLanguage":"de"},{"@type":"Organization","@id":"https:\/\/sagrinex.com\/#organization","name":"Sagrinex \u2013 Remorques, Conteneurs & Mat\u00e9riel Agricole","url":"https:\/\/sagrinex.com\/","logo":{"@type":"ImageObject","inLanguage":"de","@id":"https:\/\/sagrinex.com\/#\/schema\/logo\/image\/","url":"https:\/\/sagrinex.com\/wp-content\/uploads\/2026\/03\/7f1ac463-ef5a-425d-bdd6-a5da03a334a9-1024x683.png","contentUrl":"https:\/\/sagrinex.com\/wp-content\/uploads\/2026\/03\/7f1ac463-ef5a-425d-bdd6-a5da03a334a9-1024x683.png","width":1024,"height":683,"caption":"Sagrinex \u2013 Remorques, Conteneurs & Mat\u00e9riel Agricole"},"image":{"@id":"https:\/\/sagrinex.com\/#\/schema\/logo\/image\/"}}]}},"jetpack_sharing_enabled":true,"_links":{"self":[{"href":"https:\/\/sagrinex.com\/de\/wp-json\/wp\/v2\/product\/17417","targetHints":{"allow":["GET"]}}],"collection":[{"href":"https:\/\/sagrinex.com\/de\/wp-json\/wp\/v2\/product"}],"about":[{"href":"https:\/\/sagrinex.com\/de\/wp-json\/wp\/v2\/types\/product"}],"replies":[{"embeddable":true,"href":"https:\/\/sagrinex.com\/de\/wp-json\/wp\/v2\/comments?post=17417"}],"version-history":[{"count":0,"href":"https:\/\/sagrinex.com\/de\/wp-json\/wp\/v2\/product\/17417\/revisions"}],"wp:featuredmedia":[{"embeddable":true,"href":"https:\/\/sagrinex.com\/de\/wp-json\/wp\/v2\/media\/5988"}],"wp:attachment":[{"href":"https:\/\/sagrinex.com\/de\/wp-json\/wp\/v2\/media?parent=17417"}],"wp:term":[{"taxonomy":"product_brand","embeddable":true,"href":"https:\/\/sagrinex.com\/de\/wp-json\/wp\/v2\/product_brand?post=17417"},{"taxonomy":"product_cat","embeddable":true,"href":"https:\/\/sagrinex.com\/de\/wp-json\/wp\/v2\/product_cat?post=17417"},{"taxonomy":"product_tag","embeddable":true,"href":"https:\/\/sagrinex.com\/de\/wp-json\/wp\/v2\/product_tag?post=17417"}],"curies":[{"name":"wp","href":"https:\/\/api.w.org\/{rel}","templated":true}]}}