{"id":17418,"date":"2026-04-15T18:20:23","date_gmt":"2026-04-15T18:20:23","guid":{"rendered":"https:\/\/sagrinex.com\/produit\/lovol-m404r-traktor\/"},"modified":"2026-05-01T22:41:07","modified_gmt":"2026-05-01T22:41:07","slug":"lovol-m404r-traktor","status":"publish","type":"product","link":"https:\/\/sagrinex.com\/de\/produit\/lovol-m404r-traktor\/","title":{"rendered":"Lovol M404R Traktor"},"content":{"rendered":"<p>Dieser Traktor ist einfach zu bedienen, seine Geschwindigkeiten sind mechanisch mit 4 Geschwindigkeiten in Bereichen (niedrige und hohe Geschwindigkeit) mit mechanischem Umkehrer, was insgesamt 8 Vorw\u00e4rtsg\u00e4nge und 8 R\u00fcckw\u00e4rtsg\u00e4nge ergibt. Mit dem LOVOL M404R-Traktor mit Servolenkung und Allradantrieb k\u00f6nnen Sie auch die unzug\u00e4nglichsten Stellen passieren.<\/p>\n<p>Klappbarer \u00dcberrollb\u00fcgel und Dach (Vordach)<br \/>\nFlacher Boden<br \/>\nSchalthebel seitlich<\/p>\n<p><strong>Motor<\/strong><br \/>\nEuro 5 DOOSAN-Dieselmotor<br \/>\nFl\u00fcssigkeitsk\u00fchlung<br \/>\nMotordrehzahl: 2.350 U\/min<br \/>\nZylinder: 3<br \/>\nHubraum: 1.800 cm3<\/p>\n<p>Geschwindigkeit von 1,97 bis 29,67 km\/h<br \/>\nBremsen: Doppelscheiben im \u00d6lbad<br \/>\nLenkung: servounterst\u00fctzt, hydrostatisch<\/p>\n<p><strong>\u00dcbertragung<\/strong><br \/>\nGetriebe: synchronisierte Mechanik<br \/>\nG\u00e4nge: 8 vorne, 8 hinten<br \/>\nWechselrichter: mechanisch<br \/>\nKupplung: trocken, Einscheibenkupplung<\/p>\n<p><strong>Hydraulik<\/strong><br \/>\n2 doppeltwirkende Verteiler \u2013 4 \u00d6lanschl\u00fcsse<br \/>\nPumpendurchflussraten: 38 l\/min<\/p>\n<p><strong>Zapfwelle<\/strong><br \/>\nDrehzahl: 540 \u2013 1.000 U\/min Elektrohydraulisch<br \/>\nTyp: 6-Keilwelle 35 x 6<\/p>\n<p><strong>Landwirtschaftliche Reifen<\/strong><br \/>\nVorne: 260\/70R16<br \/>\nHinten: 320\/85R24<br \/>\nDruck: 0,9 bis 1,2 bar<\/p>\n<p><strong>Heben:<\/strong>\u00a0Positions- und Kraftkontrolle<\/p>\n<p><strong>Tragf\u00e4higkeit:<\/strong>\u00a01750 kg an der Kniescheibe, 850 kg bei 61 cm<\/p>\n<p><strong>Panzer<\/strong><br \/>\nKraftstoff: 35 L<br \/>\nHeizk\u00f6rper: 6 L<br \/>\nMotor\u00f6l: 6 L<br \/>\nKasten\u00f6l: 11 L<br \/>\nHebe\u00f6l: 9 L<\/p>\n","protected":false},"excerpt":{"rendered":"<p>Der landwirtschaftliche Traktor LOVOL M404R mit einer Leistung von 40 PS und Motorisierung <strong>DOOSAN EURO 5,<\/strong> ist ein Traktor mit \u00dcberrollb\u00fcgel und Dach (Verdeck).<\/p>\n","protected":false},"featured_media":18717,"comment_status":"open","ping_status":"closed","template":"","meta":[],"product_brand":[],"product_cat":[322,340],"product_tag":[],"class_list":{"0":"post-17418","1":"product","2":"type-product","3":"status-publish","4":"has-post-thumbnail","6":"product_cat-landwirtschaftliche-geraete-und-zubehoer","7":"product_cat-traktoren","9":"first","10":"instock","11":"shipping-taxable","12":"purchasable","13":"product-type-simple"},"yoast_head":"<!-- This site is optimized with the Yoast SEO plugin v27.5 - https:\/\/yoast.com\/product\/yoast-seo-wordpress\/ -->\n<title>Lovol M404R Traktor - Sagrinex \u2013 Anhaenger, Container &amp; Landtechnik \ud83c\udf3e\ud83d\ude9c<\/title>\n<meta name=\"robots\" content=\"index, follow, max-snippet:-1, max-image-preview:large, max-video-preview:-1\" \/>\n<link rel=\"canonical\" href=\"https:\/\/sagrinex.com\/de\/produit\/lovol-m404r-traktor\/\" \/>\n<meta property=\"og:locale\" content=\"de_DE\" \/>\n<meta property=\"og:type\" content=\"article\" \/>\n<meta property=\"og:title\" content=\"Lovol M404R Traktor - Sagrinex \u2013 Anhaenger, Container &amp; Landtechnik \ud83c\udf3e\ud83d\ude9c\" \/>\n<meta property=\"og:description\" content=\"Der landwirtschaftliche Traktor LOVOL M404R mit einer Leistung von 40 PS und Motorisierung DOOSAN EURO 5, ist ein Traktor mit \u00dcberrollb\u00fcgel und Dach (Verdeck).\" \/>\n<meta property=\"og:url\" content=\"https:\/\/sagrinex.com\/de\/produit\/lovol-m404r-traktor\/\" \/>\n<meta property=\"og:site_name\" content=\"Sagrinex \u2013 Anhaenger, Container &amp; Landtechnik \ud83c\udf3e\ud83d\ude9c\" \/>\n<meta property=\"article:modified_time\" content=\"2026-05-01T22:41:07+00:00\" \/>\n<meta property=\"og:image\" content=\"https:\/\/sagrinex.com\/wp-content\/uploads\/2026\/04\/Image-228.jpeg-removebg-preview.png\" \/>\n\t<meta property=\"og:image:width\" content=\"439\" \/>\n\t<meta property=\"og:image:height\" content=\"568\" \/>\n\t<meta property=\"og:image:type\" content=\"image\/png\" \/>\n<meta name=\"twitter:card\" content=\"summary_large_image\" \/>\n<meta name=\"twitter:label1\" content=\"Gesch\u00e4tzte Lesezeit\" \/>\n\t<meta name=\"twitter:data1\" content=\"1\u00a0Minute\" \/>\n<script type=\"application\/ld+json\" class=\"yoast-schema-graph\">{\"@context\":\"https:\\\/\\\/schema.org\",\"@graph\":[{\"@type\":\"WebPage\",\"@id\":\"https:\\\/\\\/sagrinex.com\\\/de\\\/produit\\\/lovol-m404r-traktor\\\/\",\"url\":\"https:\\\/\\\/sagrinex.com\\\/de\\\/produit\\\/lovol-m404r-traktor\\\/\",\"name\":\"Lovol M404R Traktor - Sagrinex \u2013 Anhaenger, Container &amp; Landtechnik \ud83c\udf3e\ud83d\ude9c\",\"isPartOf\":{\"@id\":\"https:\\\/\\\/sagrinex.com\\\/#website\"},\"primaryImageOfPage\":{\"@id\":\"https:\\\/\\\/sagrinex.com\\\/de\\\/produit\\\/lovol-m404r-traktor\\\/#primaryimage\"},\"image\":{\"@id\":\"https:\\\/\\\/sagrinex.com\\\/de\\\/produit\\\/lovol-m404r-traktor\\\/#primaryimage\"},\"thumbnailUrl\":\"https:\\\/\\\/sagrinex.com\\\/wp-content\\\/uploads\\\/2026\\\/04\\\/Image-228.jpeg-removebg-preview.png\",\"datePublished\":\"2026-04-15T18:20:23+00:00\",\"dateModified\":\"2026-05-01T22:41:07+00:00\",\"breadcrumb\":{\"@id\":\"https:\\\/\\\/sagrinex.com\\\/de\\\/produit\\\/lovol-m404r-traktor\\\/#breadcrumb\"},\"inLanguage\":\"de\",\"potentialAction\":[{\"@type\":\"ReadAction\",\"target\":[\"https:\\\/\\\/sagrinex.com\\\/de\\\/produit\\\/lovol-m404r-traktor\\\/\"]}]},{\"@type\":\"ImageObject\",\"inLanguage\":\"de\",\"@id\":\"https:\\\/\\\/sagrinex.com\\\/de\\\/produit\\\/lovol-m404r-traktor\\\/#primaryimage\",\"url\":\"https:\\\/\\\/sagrinex.com\\\/wp-content\\\/uploads\\\/2026\\\/04\\\/Image-228.jpeg-removebg-preview.png\",\"contentUrl\":\"https:\\\/\\\/sagrinex.com\\\/wp-content\\\/uploads\\\/2026\\\/04\\\/Image-228.jpeg-removebg-preview.png\",\"width\":439,\"height\":568},{\"@type\":\"BreadcrumbList\",\"@id\":\"https:\\\/\\\/sagrinex.com\\\/de\\\/produit\\\/lovol-m404r-traktor\\\/#breadcrumb\",\"itemListElement\":[{\"@type\":\"ListItem\",\"position\":1,\"name\":\"Accueil\",\"item\":\"https:\\\/\\\/sagrinex.com\\\/?lang=de\"},{\"@type\":\"ListItem\",\"position\":2,\"name\":\"Shop\",\"item\":\"https:\\\/\\\/sagrinex.com\\\/shop\\\/\"},{\"@type\":\"ListItem\",\"position\":3,\"name\":\"Lovol M404R Traktor\"}]},{\"@type\":\"WebSite\",\"@id\":\"https:\\\/\\\/sagrinex.com\\\/#website\",\"url\":\"https:\\\/\\\/sagrinex.com\\\/\",\"name\":\"Sagrinex \u2013 Spezialist f\u00fcr Anh\u00e4nger, Container & Landtechnik\",\"description\":\"Anhaenger, Container &amp; Landtechnik \u2014 Online-Verkauf &amp; kostenloses Angebot\",\"publisher\":{\"@id\":\"https:\\\/\\\/sagrinex.com\\\/#organization\"},\"potentialAction\":[{\"@type\":\"SearchAction\",\"target\":{\"@type\":\"EntryPoint\",\"urlTemplate\":\"https:\\\/\\\/sagrinex.com\\\/?s={search_term_string}\"},\"query-input\":{\"@type\":\"PropertyValueSpecification\",\"valueRequired\":true,\"valueName\":\"search_term_string\"}}],\"inLanguage\":\"de\"},{\"@type\":\"Organization\",\"@id\":\"https:\\\/\\\/sagrinex.com\\\/#organization\",\"name\":\"Sagrinex \u2013 Remorques, Conteneurs & Mat\u00e9riel Agricole\",\"url\":\"https:\\\/\\\/sagrinex.com\\\/\",\"logo\":{\"@type\":\"ImageObject\",\"inLanguage\":\"de\",\"@id\":\"https:\\\/\\\/sagrinex.com\\\/#\\\/schema\\\/logo\\\/image\\\/\",\"url\":\"https:\\\/\\\/sagrinex.com\\\/wp-content\\\/uploads\\\/2026\\\/03\\\/7f1ac463-ef5a-425d-bdd6-a5da03a334a9-1024x683.png\",\"contentUrl\":\"https:\\\/\\\/sagrinex.com\\\/wp-content\\\/uploads\\\/2026\\\/03\\\/7f1ac463-ef5a-425d-bdd6-a5da03a334a9-1024x683.png\",\"width\":1024,\"height\":683,\"caption\":\"Sagrinex \u2013 Remorques, Conteneurs & Mat\u00e9riel Agricole\"},\"image\":{\"@id\":\"https:\\\/\\\/sagrinex.com\\\/#\\\/schema\\\/logo\\\/image\\\/\"}}]}<\/script>\n<!-- \/ Yoast SEO plugin. -->","yoast_head_json":{"title":"Lovol M404R Traktor - Sagrinex \u2013 Anhaenger, Container &amp; Landtechnik \ud83c\udf3e\ud83d\ude9c","robots":{"index":"index","follow":"follow","max-snippet":"max-snippet:-1","max-image-preview":"max-image-preview:large","max-video-preview":"max-video-preview:-1"},"canonical":"https:\/\/sagrinex.com\/de\/produit\/lovol-m404r-traktor\/","og_locale":"de_DE","og_type":"article","og_title":"Lovol M404R Traktor - Sagrinex \u2013 Anhaenger, Container &amp; Landtechnik \ud83c\udf3e\ud83d\ude9c","og_description":"Der landwirtschaftliche Traktor LOVOL M404R mit einer Leistung von 40 PS und Motorisierung DOOSAN EURO 5, ist ein Traktor mit \u00dcberrollb\u00fcgel und Dach (Verdeck).","og_url":"https:\/\/sagrinex.com\/de\/produit\/lovol-m404r-traktor\/","og_site_name":"Sagrinex \u2013 Anhaenger, Container &amp; Landtechnik \ud83c\udf3e\ud83d\ude9c","article_modified_time":"2026-05-01T22:41:07+00:00","og_image":[{"width":439,"height":568,"url":"https:\/\/sagrinex.com\/wp-content\/uploads\/2026\/04\/Image-228.jpeg-removebg-preview.png","type":"image\/png"}],"twitter_card":"summary_large_image","twitter_misc":{"Gesch\u00e4tzte Lesezeit":"1\u00a0Minute"},"schema":{"@context":"https:\/\/schema.org","@graph":[{"@type":"WebPage","@id":"https:\/\/sagrinex.com\/de\/produit\/lovol-m404r-traktor\/","url":"https:\/\/sagrinex.com\/de\/produit\/lovol-m404r-traktor\/","name":"Lovol M404R Traktor - Sagrinex \u2013 Anhaenger, Container &amp; Landtechnik \ud83c\udf3e\ud83d\ude9c","isPartOf":{"@id":"https:\/\/sagrinex.com\/#website"},"primaryImageOfPage":{"@id":"https:\/\/sagrinex.com\/de\/produit\/lovol-m404r-traktor\/#primaryimage"},"image":{"@id":"https:\/\/sagrinex.com\/de\/produit\/lovol-m404r-traktor\/#primaryimage"},"thumbnailUrl":"https:\/\/sagrinex.com\/wp-content\/uploads\/2026\/04\/Image-228.jpeg-removebg-preview.png","datePublished":"2026-04-15T18:20:23+00:00","dateModified":"2026-05-01T22:41:07+00:00","breadcrumb":{"@id":"https:\/\/sagrinex.com\/de\/produit\/lovol-m404r-traktor\/#breadcrumb"},"inLanguage":"de","potentialAction":[{"@type":"ReadAction","target":["https:\/\/sagrinex.com\/de\/produit\/lovol-m404r-traktor\/"]}]},{"@type":"ImageObject","inLanguage":"de","@id":"https:\/\/sagrinex.com\/de\/produit\/lovol-m404r-traktor\/#primaryimage","url":"https:\/\/sagrinex.com\/wp-content\/uploads\/2026\/04\/Image-228.jpeg-removebg-preview.png","contentUrl":"https:\/\/sagrinex.com\/wp-content\/uploads\/2026\/04\/Image-228.jpeg-removebg-preview.png","width":439,"height":568},{"@type":"BreadcrumbList","@id":"https:\/\/sagrinex.com\/de\/produit\/lovol-m404r-traktor\/#breadcrumb","itemListElement":[{"@type":"ListItem","position":1,"name":"Accueil","item":"https:\/\/sagrinex.com\/?lang=de"},{"@type":"ListItem","position":2,"name":"Shop","item":"https:\/\/sagrinex.com\/shop\/"},{"@type":"ListItem","position":3,"name":"Lovol M404R Traktor"}]},{"@type":"WebSite","@id":"https:\/\/sagrinex.com\/#website","url":"https:\/\/sagrinex.com\/","name":"Sagrinex \u2013 Spezialist f\u00fcr Anh\u00e4nger, Container & Landtechnik","description":"Anhaenger, Container &amp; Landtechnik \u2014 Online-Verkauf &amp; kostenloses Angebot","publisher":{"@id":"https:\/\/sagrinex.com\/#organization"},"potentialAction":[{"@type":"SearchAction","target":{"@type":"EntryPoint","urlTemplate":"https:\/\/sagrinex.com\/?s={search_term_string}"},"query-input":{"@type":"PropertyValueSpecification","valueRequired":true,"valueName":"search_term_string"}}],"inLanguage":"de"},{"@type":"Organization","@id":"https:\/\/sagrinex.com\/#organization","name":"Sagrinex \u2013 Remorques, Conteneurs & Mat\u00e9riel Agricole","url":"https:\/\/sagrinex.com\/","logo":{"@type":"ImageObject","inLanguage":"de","@id":"https:\/\/sagrinex.com\/#\/schema\/logo\/image\/","url":"https:\/\/sagrinex.com\/wp-content\/uploads\/2026\/03\/7f1ac463-ef5a-425d-bdd6-a5da03a334a9-1024x683.png","contentUrl":"https:\/\/sagrinex.com\/wp-content\/uploads\/2026\/03\/7f1ac463-ef5a-425d-bdd6-a5da03a334a9-1024x683.png","width":1024,"height":683,"caption":"Sagrinex \u2013 Remorques, Conteneurs & Mat\u00e9riel Agricole"},"image":{"@id":"https:\/\/sagrinex.com\/#\/schema\/logo\/image\/"}}]}},"jetpack_sharing_enabled":true,"_links":{"self":[{"href":"https:\/\/sagrinex.com\/de\/wp-json\/wp\/v2\/product\/17418","targetHints":{"allow":["GET"]}}],"collection":[{"href":"https:\/\/sagrinex.com\/de\/wp-json\/wp\/v2\/product"}],"about":[{"href":"https:\/\/sagrinex.com\/de\/wp-json\/wp\/v2\/types\/product"}],"replies":[{"embeddable":true,"href":"https:\/\/sagrinex.com\/de\/wp-json\/wp\/v2\/comments?post=17418"}],"version-history":[{"count":1,"href":"https:\/\/sagrinex.com\/de\/wp-json\/wp\/v2\/product\/17418\/revisions"}],"predecessor-version":[{"id":18739,"href":"https:\/\/sagrinex.com\/de\/wp-json\/wp\/v2\/product\/17418\/revisions\/18739"}],"wp:featuredmedia":[{"embeddable":true,"href":"https:\/\/sagrinex.com\/de\/wp-json\/wp\/v2\/media\/18717"}],"wp:attachment":[{"href":"https:\/\/sagrinex.com\/de\/wp-json\/wp\/v2\/media?parent=17418"}],"wp:term":[{"taxonomy":"product_brand","embeddable":true,"href":"https:\/\/sagrinex.com\/de\/wp-json\/wp\/v2\/product_brand?post=17418"},{"taxonomy":"product_cat","embeddable":true,"href":"https:\/\/sagrinex.com\/de\/wp-json\/wp\/v2\/product_cat?post=17418"},{"taxonomy":"product_tag","embeddable":true,"href":"https:\/\/sagrinex.com\/de\/wp-json\/wp\/v2\/product_tag?post=17418"}],"curies":[{"name":"wp","href":"https:\/\/api.w.org\/{rel}","templated":true}]}}