{"id":17424,"date":"2026-04-15T18:22:46","date_gmt":"2026-04-15T18:22:46","guid":{"rendered":"https:\/\/sagrinex.com\/produit\/lovol-m254c-traktorkabine-frontlader\/"},"modified":"2026-04-15T21:12:35","modified_gmt":"2026-04-15T21:12:35","slug":"lovol-m254c-traktorkabine-frontlader","status":"publish","type":"product","link":"https:\/\/sagrinex.com\/de\/produit\/lovol-m254c-traktorkabine-frontlader\/","title":{"rendered":"Lovol M254C Traktorkabine + Frontlader"},"content":{"rendered":"<p>Dieser Traktor ist einfach zu bedienen, seine Geschwindigkeiten sind mechanisch mit 4 G\u00e4ngen pro Bereich (Kleinere und gr\u00f6\u00dfere Geschwindigkeiten) mit mechanischem Umkehrsystem, was insgesamt 8 Vorw\u00e4rtsg\u00e4nge und 8 R\u00fcckw\u00e4rtsg\u00e4nge ergibt. Der Traktor LOVOL M254C mit seiner Servolenkung und seiner Funktion Allradantrieb erm\u00f6glicht es Ihnen, Ihre Gel\u00e4nde mit landwirtschaftlichen Ger\u00e4ten zu bearbeiten, die f\u00fcr diese Baureihe geeignet sind (Rotavator, Steineingr\u00e4ber, Horizontalschredder oder andere).<\/p>\n<p>Aktivierung der elektrischen Zapfwelle mit progressivem Einschalten (Hydraulikkupplung), um St\u00f6\u00dfe auf dem Ger\u00e4t zu vermeiden.<\/p>\n<p>Panoramakabine<br \/>\nHeizung<br \/>\nFlacher Boden<br \/>\nSchalthebel seitlich<\/p>\n<p><strong>Motor Euro 5<\/strong><br \/>\nFl\u00fcssigkeitsk\u00fchlung<br \/>\nMotordrehzahl: 2 350 U\/min<br \/>\nZylinder: 3<br \/>\nHubraum: 1 500 cm3<\/p>\n<p><strong>Getriebe<\/strong><br \/>\nSchaltgetriebe: mechanisch<br \/>\n\u00dcbersetzungen: 8 Vorw\u00e4rts, 8 R\u00fcckw\u00e4rts<br \/>\nUmkehrsystem: mechanisch<br \/>\nKupplung: trocken, einfache Scheibe<\/p>\n<p>Geschwindigkeit von 1,88 bis 28,30 km\/h<br \/>\nBremsen: Trockene Backen- und Trommelbremsen<br \/>\nLenkung: Servolenkung, hydrostatisch<\/p>\n<p><strong>Hydraulik<\/strong><br \/>\n2 Doppelwirkungsventile \u2013 4 \u00d6lzapfstellen<br \/>\nPumpenflussrate: 28 L\/min<\/p>\n<p><strong>Zapfwelle<br \/>\n<\/strong>Drehzahl: 540 \u2013 1 000 U\/min Elektrohydraulisch<br \/>\nTyp: Welle mit 6 Nuten 35 x 6<\/p>\n<p><strong>Landwirtschaftsreifen<\/strong><br \/>\nVorne: 260\/70 R16<br \/>\nHinten: 280\/85 R24<br \/>\nDruck: 1.2 bis 1.5 bar<\/p>\n<p><strong>Hubwerk:<\/strong> Position und Kraftkontrolle<\/p>\n<p><strong>Hubkapazit\u00e4t:<\/strong> 800 kg an der Kugel, 540 kg bei 61 cm<\/p>\n<p><strong>Tanks<\/strong><br \/>\nKraftstoff: 35 L<br \/>\nK\u00fchler: 6 L<br \/>\nMotor\u00f6l: 5 L<br \/>\nGetriebe\u00f6l: 11 L<br \/>\nHubwerk-\u00d6l: 9 L<br \/>\n\u00d6l Achsgetriebe Vorderachse: 6 L<\/p>\n<p><strong>Eigenschaften des Laders:<\/strong><br \/>\nHubkraft: 550 kg<br \/>\nKipphohe: 2 450 mm<br \/>\nSchaufelbreite: 1 500 mm<br \/>\nSchaufelkapazit\u00e4t: 0.2 m3<br \/>\nGewicht: 450 kg<\/p>\n","protected":false},"excerpt":{"rendered":"<p>Der landwirtschaftliche Traktor LOVOL M254C mit einer Leistung von 25 PS ist ein Traktor mit beheizter Panoramakabine und Frontlader mit dritter Funktion f\u00fcr Gabel oder Krokodilschaufel. Der EURO-Hakenlader ist serienm\u00e4\u00dfig ausgestattet mit: einer Erdschaufel und einem Schaufelrahmen.<\/p>\n","protected":false},"featured_media":5860,"comment_status":"open","ping_status":"closed","template":"","meta":[],"product_brand":[],"product_cat":[322,340],"product_tag":[],"class_list":{"0":"post-17424","1":"product","2":"type-product","3":"status-publish","4":"has-post-thumbnail","6":"product_cat-landwirtschaftliche-geraete-und-zubehoer","7":"product_cat-traktoren","9":"first","10":"instock","11":"shipping-taxable","12":"purchasable","13":"product-type-simple"},"yoast_head":"<!-- This site is optimized with the Yoast SEO plugin v27.5 - https:\/\/yoast.com\/product\/yoast-seo-wordpress\/ -->\n<title>Lovol M254C Traktorkabine + Frontlader - Sagrinex \u2013 Anhaenger, Container &amp; Landtechnik \ud83c\udf3e\ud83d\ude9c<\/title>\n<meta name=\"robots\" content=\"index, follow, max-snippet:-1, max-image-preview:large, max-video-preview:-1\" \/>\n<link rel=\"canonical\" href=\"https:\/\/sagrinex.com\/produit\/lovol-m254c-traktorkabine-frontlader\/?lang=de\" \/>\n<meta property=\"og:locale\" content=\"de_DE\" \/>\n<meta property=\"og:type\" content=\"article\" \/>\n<meta property=\"og:title\" content=\"Lovol M254C Traktorkabine + Frontlader - Sagrinex \u2013 Anhaenger, Container &amp; Landtechnik \ud83c\udf3e\ud83d\ude9c\" \/>\n<meta property=\"og:description\" content=\"Der landwirtschaftliche Traktor LOVOL M254C mit einer Leistung von 25 PS ist ein Traktor mit beheizter Panoramakabine und Frontlader mit dritter Funktion f\u00fcr Gabel oder Krokodilschaufel. Der EURO-Hakenlader ist serienm\u00e4\u00dfig ausgestattet mit: einer Erdschaufel und einem Schaufelrahmen.\" \/>\n<meta property=\"og:url\" content=\"https:\/\/sagrinex.com\/produit\/lovol-m254c-traktorkabine-frontlader\/?lang=de\" \/>\n<meta property=\"og:site_name\" content=\"Sagrinex \u2013 Anhaenger, Container &amp; Landtechnik \ud83c\udf3e\ud83d\ude9c\" \/>\n<meta property=\"article:modified_time\" content=\"2026-04-15T21:12:35+00:00\" \/>\n<meta property=\"og:image\" content=\"https:\/\/sagrinex.com\/wp-content\/uploads\/2026\/03\/Image-168-1.jpeg\" \/>\n\t<meta property=\"og:image:width\" content=\"1100\" \/>\n\t<meta property=\"og:image:height\" content=\"1422\" \/>\n\t<meta property=\"og:image:type\" content=\"image\/jpeg\" \/>\n<meta name=\"twitter:card\" content=\"summary_large_image\" \/>\n<meta name=\"twitter:label1\" content=\"Gesch\u00e4tzte Lesezeit\" \/>\n\t<meta name=\"twitter:data1\" content=\"1\u00a0Minute\" \/>\n<script type=\"application\/ld+json\" class=\"yoast-schema-graph\">{\"@context\":\"https:\\\/\\\/schema.org\",\"@graph\":[{\"@type\":\"WebPage\",\"@id\":\"https:\\\/\\\/sagrinex.com\\\/produit\\\/lovol-m254c-traktorkabine-frontlader\\\/?lang=de\",\"url\":\"https:\\\/\\\/sagrinex.com\\\/produit\\\/lovol-m254c-traktorkabine-frontlader\\\/?lang=de\",\"name\":\"Lovol M254C Traktorkabine + Frontlader - Sagrinex \u2013 Anhaenger, Container &amp; Landtechnik \ud83c\udf3e\ud83d\ude9c\",\"isPartOf\":{\"@id\":\"https:\\\/\\\/sagrinex.com\\\/#website\"},\"primaryImageOfPage\":{\"@id\":\"https:\\\/\\\/sagrinex.com\\\/produit\\\/lovol-m254c-traktorkabine-frontlader\\\/?lang=de#primaryimage\"},\"image\":{\"@id\":\"https:\\\/\\\/sagrinex.com\\\/produit\\\/lovol-m254c-traktorkabine-frontlader\\\/?lang=de#primaryimage\"},\"thumbnailUrl\":\"https:\\\/\\\/sagrinex.com\\\/wp-content\\\/uploads\\\/2026\\\/03\\\/Image-168-1.jpeg\",\"datePublished\":\"2026-04-15T18:22:46+00:00\",\"dateModified\":\"2026-04-15T21:12:35+00:00\",\"breadcrumb\":{\"@id\":\"https:\\\/\\\/sagrinex.com\\\/produit\\\/lovol-m254c-traktorkabine-frontlader\\\/?lang=de#breadcrumb\"},\"inLanguage\":\"de\",\"potentialAction\":[{\"@type\":\"ReadAction\",\"target\":[\"https:\\\/\\\/sagrinex.com\\\/produit\\\/lovol-m254c-traktorkabine-frontlader\\\/?lang=de\"]}]},{\"@type\":\"ImageObject\",\"inLanguage\":\"de\",\"@id\":\"https:\\\/\\\/sagrinex.com\\\/produit\\\/lovol-m254c-traktorkabine-frontlader\\\/?lang=de#primaryimage\",\"url\":\"https:\\\/\\\/sagrinex.com\\\/wp-content\\\/uploads\\\/2026\\\/03\\\/Image-168-1.jpeg\",\"contentUrl\":\"https:\\\/\\\/sagrinex.com\\\/wp-content\\\/uploads\\\/2026\\\/03\\\/Image-168-1.jpeg\",\"width\":1100,\"height\":1422},{\"@type\":\"BreadcrumbList\",\"@id\":\"https:\\\/\\\/sagrinex.com\\\/produit\\\/lovol-m254c-traktorkabine-frontlader\\\/?lang=de#breadcrumb\",\"itemListElement\":[{\"@type\":\"ListItem\",\"position\":1,\"name\":\"Accueil\",\"item\":\"https:\\\/\\\/sagrinex.com\\\/?lang=de\"},{\"@type\":\"ListItem\",\"position\":2,\"name\":\"Shop\",\"item\":\"https:\\\/\\\/sagrinex.com\\\/shop\\\/\"},{\"@type\":\"ListItem\",\"position\":3,\"name\":\"Lovol M254C Traktorkabine + Frontlader\"}]},{\"@type\":\"WebSite\",\"@id\":\"https:\\\/\\\/sagrinex.com\\\/#website\",\"url\":\"https:\\\/\\\/sagrinex.com\\\/\",\"name\":\"Sagrinex \u2013 Spezialist f\u00fcr Anh\u00e4nger, Container & Landtechnik\",\"description\":\"Anhaenger, Container &amp; Landtechnik \u2014 Online-Verkauf &amp; kostenloses Angebot\",\"publisher\":{\"@id\":\"https:\\\/\\\/sagrinex.com\\\/#organization\"},\"potentialAction\":[{\"@type\":\"SearchAction\",\"target\":{\"@type\":\"EntryPoint\",\"urlTemplate\":\"https:\\\/\\\/sagrinex.com\\\/?s={search_term_string}\"},\"query-input\":{\"@type\":\"PropertyValueSpecification\",\"valueRequired\":true,\"valueName\":\"search_term_string\"}}],\"inLanguage\":\"de\"},{\"@type\":\"Organization\",\"@id\":\"https:\\\/\\\/sagrinex.com\\\/#organization\",\"name\":\"Sagrinex \u2013 Remorques, Conteneurs & Mat\u00e9riel Agricole\",\"url\":\"https:\\\/\\\/sagrinex.com\\\/\",\"logo\":{\"@type\":\"ImageObject\",\"inLanguage\":\"de\",\"@id\":\"https:\\\/\\\/sagrinex.com\\\/#\\\/schema\\\/logo\\\/image\\\/\",\"url\":\"https:\\\/\\\/sagrinex.com\\\/wp-content\\\/uploads\\\/2026\\\/03\\\/7f1ac463-ef5a-425d-bdd6-a5da03a334a9-1024x683.png\",\"contentUrl\":\"https:\\\/\\\/sagrinex.com\\\/wp-content\\\/uploads\\\/2026\\\/03\\\/7f1ac463-ef5a-425d-bdd6-a5da03a334a9-1024x683.png\",\"width\":1024,\"height\":683,\"caption\":\"Sagrinex \u2013 Remorques, Conteneurs & Mat\u00e9riel Agricole\"},\"image\":{\"@id\":\"https:\\\/\\\/sagrinex.com\\\/#\\\/schema\\\/logo\\\/image\\\/\"}}]}<\/script>\n<!-- \/ Yoast SEO plugin. -->","yoast_head_json":{"title":"Lovol M254C Traktorkabine + Frontlader - Sagrinex \u2013 Anhaenger, Container &amp; Landtechnik \ud83c\udf3e\ud83d\ude9c","robots":{"index":"index","follow":"follow","max-snippet":"max-snippet:-1","max-image-preview":"max-image-preview:large","max-video-preview":"max-video-preview:-1"},"canonical":"https:\/\/sagrinex.com\/produit\/lovol-m254c-traktorkabine-frontlader\/?lang=de","og_locale":"de_DE","og_type":"article","og_title":"Lovol M254C Traktorkabine + Frontlader - Sagrinex \u2013 Anhaenger, Container &amp; Landtechnik \ud83c\udf3e\ud83d\ude9c","og_description":"Der landwirtschaftliche Traktor LOVOL M254C mit einer Leistung von 25 PS ist ein Traktor mit beheizter Panoramakabine und Frontlader mit dritter Funktion f\u00fcr Gabel oder Krokodilschaufel. Der EURO-Hakenlader ist serienm\u00e4\u00dfig ausgestattet mit: einer Erdschaufel und einem Schaufelrahmen.","og_url":"https:\/\/sagrinex.com\/produit\/lovol-m254c-traktorkabine-frontlader\/?lang=de","og_site_name":"Sagrinex \u2013 Anhaenger, Container &amp; Landtechnik \ud83c\udf3e\ud83d\ude9c","article_modified_time":"2026-04-15T21:12:35+00:00","og_image":[{"width":1100,"height":1422,"url":"https:\/\/sagrinex.com\/wp-content\/uploads\/2026\/03\/Image-168-1.jpeg","type":"image\/jpeg"}],"twitter_card":"summary_large_image","twitter_misc":{"Gesch\u00e4tzte Lesezeit":"1\u00a0Minute"},"schema":{"@context":"https:\/\/schema.org","@graph":[{"@type":"WebPage","@id":"https:\/\/sagrinex.com\/produit\/lovol-m254c-traktorkabine-frontlader\/?lang=de","url":"https:\/\/sagrinex.com\/produit\/lovol-m254c-traktorkabine-frontlader\/?lang=de","name":"Lovol M254C Traktorkabine + Frontlader - Sagrinex \u2013 Anhaenger, Container &amp; Landtechnik \ud83c\udf3e\ud83d\ude9c","isPartOf":{"@id":"https:\/\/sagrinex.com\/#website"},"primaryImageOfPage":{"@id":"https:\/\/sagrinex.com\/produit\/lovol-m254c-traktorkabine-frontlader\/?lang=de#primaryimage"},"image":{"@id":"https:\/\/sagrinex.com\/produit\/lovol-m254c-traktorkabine-frontlader\/?lang=de#primaryimage"},"thumbnailUrl":"https:\/\/sagrinex.com\/wp-content\/uploads\/2026\/03\/Image-168-1.jpeg","datePublished":"2026-04-15T18:22:46+00:00","dateModified":"2026-04-15T21:12:35+00:00","breadcrumb":{"@id":"https:\/\/sagrinex.com\/produit\/lovol-m254c-traktorkabine-frontlader\/?lang=de#breadcrumb"},"inLanguage":"de","potentialAction":[{"@type":"ReadAction","target":["https:\/\/sagrinex.com\/produit\/lovol-m254c-traktorkabine-frontlader\/?lang=de"]}]},{"@type":"ImageObject","inLanguage":"de","@id":"https:\/\/sagrinex.com\/produit\/lovol-m254c-traktorkabine-frontlader\/?lang=de#primaryimage","url":"https:\/\/sagrinex.com\/wp-content\/uploads\/2026\/03\/Image-168-1.jpeg","contentUrl":"https:\/\/sagrinex.com\/wp-content\/uploads\/2026\/03\/Image-168-1.jpeg","width":1100,"height":1422},{"@type":"BreadcrumbList","@id":"https:\/\/sagrinex.com\/produit\/lovol-m254c-traktorkabine-frontlader\/?lang=de#breadcrumb","itemListElement":[{"@type":"ListItem","position":1,"name":"Accueil","item":"https:\/\/sagrinex.com\/?lang=de"},{"@type":"ListItem","position":2,"name":"Shop","item":"https:\/\/sagrinex.com\/shop\/"},{"@type":"ListItem","position":3,"name":"Lovol M254C Traktorkabine + Frontlader"}]},{"@type":"WebSite","@id":"https:\/\/sagrinex.com\/#website","url":"https:\/\/sagrinex.com\/","name":"Sagrinex \u2013 Spezialist f\u00fcr Anh\u00e4nger, Container & Landtechnik","description":"Anhaenger, Container &amp; Landtechnik \u2014 Online-Verkauf &amp; kostenloses Angebot","publisher":{"@id":"https:\/\/sagrinex.com\/#organization"},"potentialAction":[{"@type":"SearchAction","target":{"@type":"EntryPoint","urlTemplate":"https:\/\/sagrinex.com\/?s={search_term_string}"},"query-input":{"@type":"PropertyValueSpecification","valueRequired":true,"valueName":"search_term_string"}}],"inLanguage":"de"},{"@type":"Organization","@id":"https:\/\/sagrinex.com\/#organization","name":"Sagrinex \u2013 Remorques, Conteneurs & Mat\u00e9riel Agricole","url":"https:\/\/sagrinex.com\/","logo":{"@type":"ImageObject","inLanguage":"de","@id":"https:\/\/sagrinex.com\/#\/schema\/logo\/image\/","url":"https:\/\/sagrinex.com\/wp-content\/uploads\/2026\/03\/7f1ac463-ef5a-425d-bdd6-a5da03a334a9-1024x683.png","contentUrl":"https:\/\/sagrinex.com\/wp-content\/uploads\/2026\/03\/7f1ac463-ef5a-425d-bdd6-a5da03a334a9-1024x683.png","width":1024,"height":683,"caption":"Sagrinex \u2013 Remorques, Conteneurs & Mat\u00e9riel Agricole"},"image":{"@id":"https:\/\/sagrinex.com\/#\/schema\/logo\/image\/"}}]}},"jetpack_sharing_enabled":true,"_links":{"self":[{"href":"https:\/\/sagrinex.com\/de\/wp-json\/wp\/v2\/product\/17424","targetHints":{"allow":["GET"]}}],"collection":[{"href":"https:\/\/sagrinex.com\/de\/wp-json\/wp\/v2\/product"}],"about":[{"href":"https:\/\/sagrinex.com\/de\/wp-json\/wp\/v2\/types\/product"}],"replies":[{"embeddable":true,"href":"https:\/\/sagrinex.com\/de\/wp-json\/wp\/v2\/comments?post=17424"}],"version-history":[{"count":0,"href":"https:\/\/sagrinex.com\/de\/wp-json\/wp\/v2\/product\/17424\/revisions"}],"wp:featuredmedia":[{"embeddable":true,"href":"https:\/\/sagrinex.com\/de\/wp-json\/wp\/v2\/media\/5860"}],"wp:attachment":[{"href":"https:\/\/sagrinex.com\/de\/wp-json\/wp\/v2\/media?parent=17424"}],"wp:term":[{"taxonomy":"product_brand","embeddable":true,"href":"https:\/\/sagrinex.com\/de\/wp-json\/wp\/v2\/product_brand?post=17424"},{"taxonomy":"product_cat","embeddable":true,"href":"https:\/\/sagrinex.com\/de\/wp-json\/wp\/v2\/product_cat?post=17424"},{"taxonomy":"product_tag","embeddable":true,"href":"https:\/\/sagrinex.com\/de\/wp-json\/wp\/v2\/product_tag?post=17424"}],"curies":[{"name":"wp","href":"https:\/\/api.w.org\/{rel}","templated":true}]}}