{"id":17436,"date":"2026-04-15T18:28:32","date_gmt":"2026-04-15T18:28:32","guid":{"rendered":"https:\/\/sagrinex.com\/produit\/minibagger-ht25-neue-maschine-neue-ausruestung\/"},"modified":"2026-04-15T18:28:32","modified_gmt":"2026-04-15T18:28:32","slug":"minibagger-ht25-neue-maschine-neue-ausruestung","status":"publish","type":"product","link":"https:\/\/sagrinex.com\/de\/produit\/minibagger-ht25-neue-maschine-neue-ausruestung\/","title":{"rendered":"Minibagger HT25 Neue Maschine \/ Neue Ausr\u00fcstung"},"content":{"rendered":"<details class=\"wc-acc__item\" open=\"\">\n<details class=\"wc-acc__item\" open=\"\">\n<details class=\"wc-acc__item\" open=\"\">\n<div class=\"wc-acc__content\">\n<table>\n<tbody>\n<tr>\n<td><strong>Abrei\u00dfkraft<\/strong><\/td>\n<td>2 t<\/td>\n<\/tr>\n<tr>\n<td><strong>Bewegungsgeschwindigkeit<\/strong><\/td>\n<td>2.1 km\/h<\/td>\n<\/tr>\n<tr>\n<td><strong>Rotation<\/strong><\/td>\n<td>360\u00b0<\/td>\n<\/tr>\n<tr>\n<td><strong>Leergewicht<\/strong><\/td>\n<td>2.3 t<\/td>\n<\/tr>\n<tr>\n<td><strong>Betriebsgewicht<\/strong><\/td>\n<td>2.5 t<\/td>\n<\/tr>\n<tr>\n<td><strong>Maschinenbreite<\/strong><\/td>\n<td>140 cm<\/td>\n<\/tr>\n<tr>\n<td><strong>Maschinenh\u00f6he<\/strong><\/td>\n<td>2,45 m<\/td>\n<\/tr>\n<tr>\n<td><strong>Grabungstiefe<\/strong><\/td>\n<td>2.245 m<\/td>\n<\/tr>\n<\/tbody>\n<\/table>\n<\/div>\n<\/details>\n<details class=\"wc-acc__item\" open=\"\">\n<summary class=\"wc-acc__title\">Motor<\/summary>\n<div class=\"wc-acc__content\">\n<table>\n<tbody>\n<tr>\n<td><strong>Motormodell<\/strong><\/td>\n<td>Quanchai \u2013 24 CV<\/td>\n<\/tr>\n<tr>\n<td><strong>Typ<\/strong><\/td>\n<td>Dieselmotor 3 Zylinder direkte Einspritzung<\/td>\n<\/tr>\n<tr>\n<td><strong>K\u00fchlung<\/strong><\/td>\n<td>Wasserk\u00fchler<\/td>\n<\/tr>\n<tr>\n<td><strong>Start<\/strong><\/td>\n<td>Elektrisch<\/td>\n<\/tr>\n<tr>\n<td><strong>Nennleistung<\/strong><\/td>\n<td>18.9 kW<\/td>\n<\/tr>\n<tr>\n<td><strong>Hubraum<\/strong><\/td>\n<td>1617 cc<\/td>\n<\/tr>\n<tr>\n<td><strong>Treibstofftankvolumen<\/strong><\/td>\n<td>30 Litres<\/td>\n<\/tr>\n<tr>\n<td><strong>Motor\u00f6lvolumen<\/strong><\/td>\n<td>4.35 Litres<\/td>\n<\/tr>\n<tr>\n<td><strong>Verbrauch<\/strong><\/td>\n<td>4.5 L\/h \u2013 3600 rpm (100% Last)<\/td>\n<\/tr>\n<tr>\n<td><strong>Batterie<\/strong><\/td>\n<td>12V\/20A<\/td>\n<\/tr>\n<\/tbody>\n<\/table>\n<\/div>\n<\/details>\n<details class=\"wc-acc__item\" open=\"\">\n<summary class=\"wc-acc__title\">Hydraulik<\/summary>\n<div class=\"wc-acc__content\">\n<table>\n<tbody>\n<tr>\n<td><strong>Pumpe<\/strong><\/td>\n<td>2 Zahnradpumpen<\/td>\n<\/tr>\n<tr>\n<td><strong>Marke<\/strong><\/td>\n<td>Generisch \u2013 keine spezifische Marke<\/td>\n<\/tr>\n<tr>\n<td><strong>Pumpenhubraum<\/strong><\/td>\n<td>13 + 3 cc<\/td>\n<\/tr>\n<tr>\n<td><strong>Betriebsdruck<\/strong><\/td>\n<td>170 bar<\/td>\n<\/tr>\n<tr>\n<td><strong>\u00d6lk\u00fchler<\/strong><\/td>\n<td>Ja<\/td>\n<\/tr>\n<tr>\n<td><strong>Hydrauliktankvolumen<\/strong><\/td>\n<td>29 Litres<\/td>\n<\/tr>\n<tr>\n<td><strong>Durchsatz<\/strong><\/td>\n<td>32 + 7.5 L\/min<\/td>\n<\/tr>\n<\/tbody>\n<\/table>\n<\/div>\n<\/details>\n<details class=\"wc-acc__item\" open=\"\">\n<summary class=\"wc-acc__title\">Option<\/summary>\n<div class=\"wc-acc__content\">\n<table>\n<tbody>\n<tr>\n<td><strong>Dach<\/strong><\/td>\n<td>Serie<\/td>\n<\/tr>\n<tr>\n<td><strong>Hilfsleitung<\/strong><\/td>\n<td>Serie (ohne Schnellkupplungen)<\/td>\n<\/tr>\n<tr>\n<td><strong>Zubeh\u00f6r<\/strong><\/td>\n<td>Serie: Schaufel 50 cm mit Z\u00e4hnen<\/td>\n<\/tr>\n<tr>\n<td><strong>Armversatz<\/strong><\/td>\n<td>Hydraulische Drehmuffe<\/td>\n<\/tr>\n<\/tbody>\n<\/table>\n<\/div>\n<\/details>\n<\/details>\n<\/details>\n","protected":false},"excerpt":{"rendered":"<p>Das <strong data-start=\"89\" data-end=\"114\">Minibagger HT25 <\/strong>ist eine robuste und effiziente Maschine, die f\u00fcr <strong data-start=\"182\" data-end=\"198\">entwickelt wurde Erdarbeiten<\/strong>, von<strong data-start=\"202\" data-end=\"216\">Ausgrabung<\/strong> und<strong data-start=\"222\" data-end=\"247\">Au\u00dfendesign<\/strong> erfordern Kraft und Pr\u00e4zision.<\/p>\n<p><img decoding=\"async\" src=\"https:\/\/img.icons8.com\/glyph-neue\/64\/engine.png\" alt=\"engine\" width=\"20\" height=\"20\" \/> 3 Zylinder 24 PS \u2013 Quanchai<br \/>\n<img decoding=\"async\" src=\"https:\/\/img.icons8.com\/ios-filled\/50\/petrol.png\" alt=\"petrol\" width=\"20\" height=\"20\" \/> Dieselmotor<br \/>\n<img decoding=\"async\" src=\"https:\/\/img.icons8.com\/ios-filled\/50\/fan-speed--v2.png\" alt=\"fan-speed--v2\" width=\"20\" height=\"20\" \/> Wasserk\u00fchlung<br \/>\n<img loading=\"lazy\" decoding=\"async\" src=\"https:\/\/img.icons8.com\/ios-filled\/50\/flex-biceps.png\" alt=\"flex-biceps\" width=\"20\" height=\"20\" \/> Ausbrechkraft 2t<br \/>\n<img loading=\"lazy\" decoding=\"async\" src=\"https:\/\/img.icons8.com\/pastel-glyph\/64\/double-path.png\" alt=\"double-path\" width=\"20\" height=\"20\" \/> Hydraulischer Gest\u00e4ngeversatz<br \/>\n<img loading=\"lazy\" decoding=\"async\" src=\"https:\/\/img.icons8.com\/ios-filled\/50\/drop-of-blood.png\" alt=\"drop-of-blood\" width=\"20\" height=\"20\" \/> Hilfsleitung serienm\u00e4\u00dfig<br \/>\n<img loading=\"lazy\" decoding=\"async\" src=\"https:\/\/img.icons8.com\/pulsar-line\/48\/width.png\" alt=\"width\" width=\"20\" height=\"20\" \/> Maschinenbreite 140 cm<br \/>\n<img loading=\"lazy\" decoding=\"async\" src=\"https:\/\/img.icons8.com\/ios-filled\/50\/weight.png\" alt=\"weight\" width=\"20\" height=\"20\" \/> Maschinengewicht 2,5t<\/p>\n","protected":false},"featured_media":5677,"comment_status":"open","ping_status":"closed","template":"","meta":[],"product_brand":[],"product_cat":[322,343],"product_tag":[],"class_list":{"0":"post-17436","1":"product","2":"type-product","3":"status-publish","4":"has-post-thumbnail","6":"product_cat-landwirtschaftliche-geraete-und-zubehoer","7":"product_cat-minibagger","9":"first","10":"instock","11":"shipping-taxable","12":"purchasable","13":"product-type-simple"},"yoast_head":"<!-- This site is optimized with the Yoast SEO plugin v27.4 - https:\/\/yoast.com\/product\/yoast-seo-wordpress\/ -->\n<title>Minibagger HT25 Neue Maschine \/ Neue Ausr\u00fcstung - Sagrinex \u2013 Anhaenger, Container &amp; Landtechnik \ud83c\udf3e\ud83d\ude9c<\/title>\n<meta name=\"robots\" content=\"index, follow, max-snippet:-1, max-image-preview:large, max-video-preview:-1\" \/>\n<link rel=\"canonical\" href=\"https:\/\/sagrinex.com\/produit\/minibagger-ht25-neue-maschine-neue-ausruestung\/?lang=de\" \/>\n<meta property=\"og:locale\" content=\"de_DE\" \/>\n<meta property=\"og:type\" content=\"article\" \/>\n<meta property=\"og:title\" content=\"Minibagger HT25 Neue Maschine \/ Neue Ausr\u00fcstung - Sagrinex \u2013 Anhaenger, Container &amp; Landtechnik \ud83c\udf3e\ud83d\ude9c\" \/>\n<meta property=\"og:description\" content=\"Das Minibagger HT25 ist eine robuste und effiziente Maschine, die f\u00fcr entwickelt wurde Erdarbeiten, vonAusgrabung undAu\u00dfendesign erfordern Kraft und Pr\u00e4zision. 3 Zylinder 24 PS \u2013 Quanchai Dieselmotor Wasserk\u00fchlung Ausbrechkraft 2t Hydraulischer Gest\u00e4ngeversatz Hilfsleitung serienm\u00e4\u00dfig Maschinenbreite 140 cm Maschinengewicht 2,5t\" \/>\n<meta property=\"og:url\" content=\"https:\/\/sagrinex.com\/produit\/minibagger-ht25-neue-maschine-neue-ausruestung\/?lang=de\" \/>\n<meta property=\"og:site_name\" content=\"Sagrinex \u2013 Anhaenger, Container &amp; Landtechnik \ud83c\udf3e\ud83d\ude9c\" \/>\n<meta name=\"twitter:card\" content=\"summary_large_image\" \/>\n<script type=\"application\/ld+json\" class=\"yoast-schema-graph\">{\"@context\":\"https:\\\/\\\/schema.org\",\"@graph\":[{\"@type\":\"WebPage\",\"@id\":\"https:\\\/\\\/sagrinex.com\\\/produit\\\/minibagger-ht25-neue-maschine-neue-ausruestung\\\/?lang=de\",\"url\":\"https:\\\/\\\/sagrinex.com\\\/produit\\\/minibagger-ht25-neue-maschine-neue-ausruestung\\\/?lang=de\",\"name\":\"Minibagger HT25 Neue Maschine \\\/ Neue Ausr\u00fcstung - Sagrinex \u2013 Anhaenger, Container &amp; Landtechnik \ud83c\udf3e\ud83d\ude9c\",\"isPartOf\":{\"@id\":\"https:\\\/\\\/sagrinex.com\\\/#website\"},\"primaryImageOfPage\":{\"@id\":\"https:\\\/\\\/sagrinex.com\\\/produit\\\/minibagger-ht25-neue-maschine-neue-ausruestung\\\/?lang=de#primaryimage\"},\"image\":{\"@id\":\"https:\\\/\\\/sagrinex.com\\\/produit\\\/minibagger-ht25-neue-maschine-neue-ausruestung\\\/?lang=de#primaryimage\"},\"thumbnailUrl\":\"https:\\\/\\\/sagrinex.com\\\/wp-content\\\/uploads\\\/2026\\\/03\\\/Image-51-1.jpeg\",\"datePublished\":\"2026-04-15T18:28:32+00:00\",\"breadcrumb\":{\"@id\":\"https:\\\/\\\/sagrinex.com\\\/produit\\\/minibagger-ht25-neue-maschine-neue-ausruestung\\\/?lang=de#breadcrumb\"},\"inLanguage\":\"de\",\"potentialAction\":[{\"@type\":\"ReadAction\",\"target\":[\"https:\\\/\\\/sagrinex.com\\\/produit\\\/minibagger-ht25-neue-maschine-neue-ausruestung\\\/?lang=de\"]}]},{\"@type\":\"ImageObject\",\"inLanguage\":\"de\",\"@id\":\"https:\\\/\\\/sagrinex.com\\\/produit\\\/minibagger-ht25-neue-maschine-neue-ausruestung\\\/?lang=de#primaryimage\",\"url\":\"https:\\\/\\\/sagrinex.com\\\/wp-content\\\/uploads\\\/2026\\\/03\\\/Image-51-1.jpeg\",\"contentUrl\":\"https:\\\/\\\/sagrinex.com\\\/wp-content\\\/uploads\\\/2026\\\/03\\\/Image-51-1.jpeg\",\"width\":2400,\"height\":2400},{\"@type\":\"BreadcrumbList\",\"@id\":\"https:\\\/\\\/sagrinex.com\\\/produit\\\/minibagger-ht25-neue-maschine-neue-ausruestung\\\/?lang=de#breadcrumb\",\"itemListElement\":[{\"@type\":\"ListItem\",\"position\":1,\"name\":\"Accueil\",\"item\":\"https:\\\/\\\/sagrinex.com\\\/?lang=de\"},{\"@type\":\"ListItem\",\"position\":2,\"name\":\"Shop\",\"item\":\"https:\\\/\\\/sagrinex.com\\\/shop\\\/\"},{\"@type\":\"ListItem\",\"position\":3,\"name\":\"Minibagger HT25 Neue Maschine \\\/ Neue Ausr\u00fcstung\"}]},{\"@type\":\"WebSite\",\"@id\":\"https:\\\/\\\/sagrinex.com\\\/#website\",\"url\":\"https:\\\/\\\/sagrinex.com\\\/\",\"name\":\"Sagrinex \u2013 Spezialist f\u00fcr Anh\u00e4nger, Container & Landtechnik\",\"description\":\"Anhaenger, Container &amp; Landtechnik \u2014 Online-Verkauf &amp; kostenloses Angebot\",\"publisher\":{\"@id\":\"https:\\\/\\\/sagrinex.com\\\/#organization\"},\"potentialAction\":[{\"@type\":\"SearchAction\",\"target\":{\"@type\":\"EntryPoint\",\"urlTemplate\":\"https:\\\/\\\/sagrinex.com\\\/?s={search_term_string}\"},\"query-input\":{\"@type\":\"PropertyValueSpecification\",\"valueRequired\":true,\"valueName\":\"search_term_string\"}}],\"inLanguage\":\"de\"},{\"@type\":\"Organization\",\"@id\":\"https:\\\/\\\/sagrinex.com\\\/#organization\",\"name\":\"Sagrinex \u2013 Remorques, Conteneurs & Mat\u00e9riel Agricole\",\"url\":\"https:\\\/\\\/sagrinex.com\\\/\",\"logo\":{\"@type\":\"ImageObject\",\"inLanguage\":\"de\",\"@id\":\"https:\\\/\\\/sagrinex.com\\\/#\\\/schema\\\/logo\\\/image\\\/\",\"url\":\"https:\\\/\\\/sagrinex.com\\\/wp-content\\\/uploads\\\/2026\\\/03\\\/7f1ac463-ef5a-425d-bdd6-a5da03a334a9-1024x683.png\",\"contentUrl\":\"https:\\\/\\\/sagrinex.com\\\/wp-content\\\/uploads\\\/2026\\\/03\\\/7f1ac463-ef5a-425d-bdd6-a5da03a334a9-1024x683.png\",\"width\":1024,\"height\":683,\"caption\":\"Sagrinex \u2013 Remorques, Conteneurs & Mat\u00e9riel Agricole\"},\"image\":{\"@id\":\"https:\\\/\\\/sagrinex.com\\\/#\\\/schema\\\/logo\\\/image\\\/\"}}]}<\/script>\n<!-- \/ Yoast SEO plugin. -->","yoast_head_json":{"title":"Minibagger HT25 Neue Maschine \/ Neue Ausr\u00fcstung - Sagrinex \u2013 Anhaenger, Container &amp; Landtechnik \ud83c\udf3e\ud83d\ude9c","robots":{"index":"index","follow":"follow","max-snippet":"max-snippet:-1","max-image-preview":"max-image-preview:large","max-video-preview":"max-video-preview:-1"},"canonical":"https:\/\/sagrinex.com\/produit\/minibagger-ht25-neue-maschine-neue-ausruestung\/?lang=de","og_locale":"de_DE","og_type":"article","og_title":"Minibagger HT25 Neue Maschine \/ Neue Ausr\u00fcstung - Sagrinex \u2013 Anhaenger, Container &amp; Landtechnik \ud83c\udf3e\ud83d\ude9c","og_description":"Das Minibagger HT25 ist eine robuste und effiziente Maschine, die f\u00fcr entwickelt wurde Erdarbeiten, vonAusgrabung undAu\u00dfendesign erfordern Kraft und Pr\u00e4zision. 3 Zylinder 24 PS \u2013 Quanchai Dieselmotor Wasserk\u00fchlung Ausbrechkraft 2t Hydraulischer Gest\u00e4ngeversatz Hilfsleitung serienm\u00e4\u00dfig Maschinenbreite 140 cm Maschinengewicht 2,5t","og_url":"https:\/\/sagrinex.com\/produit\/minibagger-ht25-neue-maschine-neue-ausruestung\/?lang=de","og_site_name":"Sagrinex \u2013 Anhaenger, Container &amp; Landtechnik \ud83c\udf3e\ud83d\ude9c","twitter_card":"summary_large_image","schema":{"@context":"https:\/\/schema.org","@graph":[{"@type":"WebPage","@id":"https:\/\/sagrinex.com\/produit\/minibagger-ht25-neue-maschine-neue-ausruestung\/?lang=de","url":"https:\/\/sagrinex.com\/produit\/minibagger-ht25-neue-maschine-neue-ausruestung\/?lang=de","name":"Minibagger HT25 Neue Maschine \/ Neue Ausr\u00fcstung - Sagrinex \u2013 Anhaenger, Container &amp; Landtechnik \ud83c\udf3e\ud83d\ude9c","isPartOf":{"@id":"https:\/\/sagrinex.com\/#website"},"primaryImageOfPage":{"@id":"https:\/\/sagrinex.com\/produit\/minibagger-ht25-neue-maschine-neue-ausruestung\/?lang=de#primaryimage"},"image":{"@id":"https:\/\/sagrinex.com\/produit\/minibagger-ht25-neue-maschine-neue-ausruestung\/?lang=de#primaryimage"},"thumbnailUrl":"https:\/\/sagrinex.com\/wp-content\/uploads\/2026\/03\/Image-51-1.jpeg","datePublished":"2026-04-15T18:28:32+00:00","breadcrumb":{"@id":"https:\/\/sagrinex.com\/produit\/minibagger-ht25-neue-maschine-neue-ausruestung\/?lang=de#breadcrumb"},"inLanguage":"de","potentialAction":[{"@type":"ReadAction","target":["https:\/\/sagrinex.com\/produit\/minibagger-ht25-neue-maschine-neue-ausruestung\/?lang=de"]}]},{"@type":"ImageObject","inLanguage":"de","@id":"https:\/\/sagrinex.com\/produit\/minibagger-ht25-neue-maschine-neue-ausruestung\/?lang=de#primaryimage","url":"https:\/\/sagrinex.com\/wp-content\/uploads\/2026\/03\/Image-51-1.jpeg","contentUrl":"https:\/\/sagrinex.com\/wp-content\/uploads\/2026\/03\/Image-51-1.jpeg","width":2400,"height":2400},{"@type":"BreadcrumbList","@id":"https:\/\/sagrinex.com\/produit\/minibagger-ht25-neue-maschine-neue-ausruestung\/?lang=de#breadcrumb","itemListElement":[{"@type":"ListItem","position":1,"name":"Accueil","item":"https:\/\/sagrinex.com\/?lang=de"},{"@type":"ListItem","position":2,"name":"Shop","item":"https:\/\/sagrinex.com\/shop\/"},{"@type":"ListItem","position":3,"name":"Minibagger HT25 Neue Maschine \/ Neue Ausr\u00fcstung"}]},{"@type":"WebSite","@id":"https:\/\/sagrinex.com\/#website","url":"https:\/\/sagrinex.com\/","name":"Sagrinex \u2013 Spezialist f\u00fcr Anh\u00e4nger, Container & Landtechnik","description":"Anhaenger, Container &amp; Landtechnik \u2014 Online-Verkauf &amp; kostenloses Angebot","publisher":{"@id":"https:\/\/sagrinex.com\/#organization"},"potentialAction":[{"@type":"SearchAction","target":{"@type":"EntryPoint","urlTemplate":"https:\/\/sagrinex.com\/?s={search_term_string}"},"query-input":{"@type":"PropertyValueSpecification","valueRequired":true,"valueName":"search_term_string"}}],"inLanguage":"de"},{"@type":"Organization","@id":"https:\/\/sagrinex.com\/#organization","name":"Sagrinex \u2013 Remorques, Conteneurs & Mat\u00e9riel Agricole","url":"https:\/\/sagrinex.com\/","logo":{"@type":"ImageObject","inLanguage":"de","@id":"https:\/\/sagrinex.com\/#\/schema\/logo\/image\/","url":"https:\/\/sagrinex.com\/wp-content\/uploads\/2026\/03\/7f1ac463-ef5a-425d-bdd6-a5da03a334a9-1024x683.png","contentUrl":"https:\/\/sagrinex.com\/wp-content\/uploads\/2026\/03\/7f1ac463-ef5a-425d-bdd6-a5da03a334a9-1024x683.png","width":1024,"height":683,"caption":"Sagrinex \u2013 Remorques, Conteneurs & Mat\u00e9riel Agricole"},"image":{"@id":"https:\/\/sagrinex.com\/#\/schema\/logo\/image\/"}}]}},"jetpack_sharing_enabled":true,"_links":{"self":[{"href":"https:\/\/sagrinex.com\/de\/wp-json\/wp\/v2\/product\/17436","targetHints":{"allow":["GET"]}}],"collection":[{"href":"https:\/\/sagrinex.com\/de\/wp-json\/wp\/v2\/product"}],"about":[{"href":"https:\/\/sagrinex.com\/de\/wp-json\/wp\/v2\/types\/product"}],"replies":[{"embeddable":true,"href":"https:\/\/sagrinex.com\/de\/wp-json\/wp\/v2\/comments?post=17436"}],"version-history":[{"count":0,"href":"https:\/\/sagrinex.com\/de\/wp-json\/wp\/v2\/product\/17436\/revisions"}],"wp:featuredmedia":[{"embeddable":true,"href":"https:\/\/sagrinex.com\/de\/wp-json\/wp\/v2\/media\/5677"}],"wp:attachment":[{"href":"https:\/\/sagrinex.com\/de\/wp-json\/wp\/v2\/media?parent=17436"}],"wp:term":[{"taxonomy":"product_brand","embeddable":true,"href":"https:\/\/sagrinex.com\/de\/wp-json\/wp\/v2\/product_brand?post=17436"},{"taxonomy":"product_cat","embeddable":true,"href":"https:\/\/sagrinex.com\/de\/wp-json\/wp\/v2\/product_cat?post=17436"},{"taxonomy":"product_tag","embeddable":true,"href":"https:\/\/sagrinex.com\/de\/wp-json\/wp\/v2\/product_tag?post=17436"}],"curies":[{"name":"wp","href":"https:\/\/api.w.org\/{rel}","templated":true}]}}