{"id":18422,"date":"2026-04-18T02:23:03","date_gmt":"2026-04-18T02:23:03","guid":{"rendered":"https:\/\/sagrinex.com\/produit\/20-fuss-kuehllager-versandcontainer-trockener-kuehlraum\/"},"modified":"2026-04-18T02:23:39","modified_gmt":"2026-04-18T02:23:39","slug":"20-fuss-kuehllager-versandcontainer-trockener-kuehlraum","status":"publish","type":"product","link":"https:\/\/sagrinex.com\/de\/produit\/20-fuss-kuehllager-versandcontainer-trockener-kuehlraum\/","title":{"rendered":"20 Fu\u00df K\u00fchllager-Versandcontainer, trockener K\u00fchlraum"},"content":{"rendered":"<div class=\"woocommerce-tabs wc-tabs-wrapper tabs-layout-tabs\">\n<div class=\"wd-tab-wrapper\">\n<div id=\"tab-description\" class=\"woocommerce-Tabs-panel woocommerce-Tabs-panel--description panel entry-content wc-tab\">\n<div class=\"wc-tab-inner \n\t\t\t\t\t\t\t\t\t\t\"><\/p>\n<div class=\"\">\n<div class=\"elementor elementor-12976\" data-elementor-type=\"wp-post\" data-elementor-id=\"12976\">\n<section class=\"elementor-section elementor-top-section elementor-element elementor-element-24885996 elementor-section-boxed elementor-section-height-default elementor-section-height-default wd-section-disabled\" data-id=\"24885996\" data-element_type=\"section\">\n<div class=\"elementor-container elementor-column-gap-default\">\n<div class=\"elementor-column elementor-col-100 elementor-top-column elementor-element elementor-element-69048377\" data-id=\"69048377\" data-element_type=\"column\">\n<div class=\"elementor-widget-wrap elementor-element-populated\">\n<div class=\"elementor-element elementor-element-593636b1 color-scheme-inherit text-left elementor-widget elementor-widget-text-editor\" data-id=\"593636b1\" data-element_type=\"widget\" data-widget_type=\"text-editor.default\">\n<div class=\"elementor-widget-container\">\n<div class=\"content-dimensions table-responsive\">\n<table class=\"table\">\n<thead>\n<tr>\n<th class=\"dim\" scope=\"col\">ABMESSUNGEN<\/th>\n<th scope=\"col\">L\u00c4NGE (M)<\/th>\n<th scope=\"col\">BREITE (M)<\/th>\n<th scope=\"col\">H\u00d6HE (M)<\/th>\n<th scope=\"col\">VOLUMEN (M<sup>3<\/sup>)<\/th>\n<th scope=\"col\">LEERGEWICHT (T)<\/th>\n<\/tr>\n<\/thead>\n<tbody>\n<tr>\n<th scope=\"row\">Au\u00dfenma\u00dfe<\/th>\n<td>6.058<\/td>\n<td>2.438<\/td>\n<td>2.591<\/td>\n<td class=\"border-left\" rowspan=\"2\">25.51 m<sup>3<\/sup><\/td>\n<td class=\"border-left\" rowspan=\"2\">2.7<\/td>\n<\/tr>\n<tr>\n<th scope=\"row\">Innenma\u00dfe<\/th>\n<td>5.90<\/td>\n<td>2.35<\/td>\n<td>2.39<\/td>\n<\/tr>\n<tr>\n<th scope=\"row\">T\u00fcren<\/th>\n<td><\/td>\n<td>2.34<\/td>\n<td>2.28<\/td>\n<td><\/td>\n<td><\/td>\n<\/tr>\n<tr>\n<td class=\"p-1\" colspan=\"6\"><\/td>\n<\/tr>\n<tr>\n<th scope=\"row\">K\u00fchlkammer<\/th>\n<td>5.20<\/td>\n<td>2.20<\/td>\n<td>2.23<\/td>\n<td class=\"border-left\">25.51<\/td>\n<td class=\"border-left\"><\/td>\n<\/tr>\n<tr>\n<th scope=\"row\">T\u00fcren<\/th>\n<td><\/td>\n<td>2.438<\/td>\n<td>2.591<\/td>\n<\/tr>\n<\/tbody>\n<\/table>\n<\/div>\n<\/div>\n<\/div>\n<\/div>\n<\/div>\n<\/div>\n<\/section>\n<\/div>\n<\/div>\n<\/div>\n<\/div>\n<\/div>\n<div class=\"wd-tab-wrapper\"><\/div>\n<ul>\n<li class=\"wd-tab-wrapper\">\n<p class=\"elementor-heading-title elementor-size-small\">Gewicht 2.7 t<\/p>\n<\/li>\n<li>\n<p class=\"elementor-heading-title elementor-size-small\">Fl\u00e4che 13.865 m2<\/p>\n<\/li>\n<li>\n<p class=\"elementor-heading-title elementor-size-small\">Volumen 25.51 m3<\/p>\n<\/li>\n<li>\n<p class=\"elementor-heading-title elementor-size-small\">Anzahl Paletten 11<\/p>\n<\/li>\n<\/ul>\n<\/div>\n","protected":false},"excerpt":{"rendered":"<div class=\"sgx-short-desc\">\n<div class=\"content-caracteristiques\">\n<p class=\"h4 caracteristiques-titre\">Funktionen<\/p>\n<ul>\n<li>Sehr konkurrenzf\u00e4higer Preis (f\u00fcr das gebrauchte Modell)<\/li>\n<li>Vielf\u00e4ltige Nutzungsm\u00f6glichkeiten: zus\u00e4tzlicher Lagerraum, Jagdh\u00fctte, Baustellencontainer, Pferdebox, Lagerung aller Art usw.<\/li>\n<li>Referenzprodukt f\u00fcr den Containerhausbau<\/li>\n<li>Doppelt\u00fcren mit 4 Cremones abschlie\u00dfbar und mit Vorh\u00e4ngeschloss gesichert<\/li>\n<li>Marine-Sperrholzboden 28 mm dick<\/li>\n<\/ul>\n<\/div>\n<div class=\"content-content\">\n<p>Der Container\u00a0<strong>45 Fu\u00df trockener High-Cube-Palettenbreit<\/strong>\u00a0ist ein Container, der f\u00fcr\u00a0<strong>entwickelt wurde Europ\u00e4er<\/strong>. Der Vorteil besteht darin, dass \u00fcber die Breite (800 mm) 3 Reihen Europaletten geladen werden k\u00f6nnen. Das sind insgesamt\u00a0<strong>33 Europaletten<\/strong>. Dies ist der Container mit dem\u00a0<strong>gr\u00f6\u00dftes Ladevolumen<\/strong>.<\/p>\n<p>Das\u00a0<strong>45 Fu\u00df trockener High-Cube-Palettenbreit\u00a0<\/strong>wird in\u00a0<strong>hergestellt CORTEN-Stahl<\/strong>. Diese Stahlsorte weist erhebliche Widerstandseigenschaften gegen\u00fcber den atmosph\u00e4rischen Bedingungen auf See auf.<\/p>\n<p>Seine Doppelt\u00fcren sind mit 4 Cremones abschlie\u00dfbar und mit einem Sicherheitsvorh\u00e4ngeschloss gesichert. Der Boden besteht aus 28 mm starkem Marinesperrholz.<\/p>\n<p>Der Beh\u00e4lter hat 4 Ecken\u00a0<strong>ISO<\/strong>\u00a0wodurch es w\u00e4hrend\u00a0<strong>gesperrt werden kann Stra\u00dfen-, Schienen- oder Seeverkehr<\/strong><\/p>\n<p>Es kann\u00a0<strong>sein personalisiert\u00a0<\/strong>in G\u00e4stezimmern, Snackbars, Kiosken, B\u00fcros, \u00f6ffentlich zug\u00e4nglichen Einrichtungen wie Kinderg\u00e4rten und Schulen, Heimstandorten f\u00fcr Unternehmen, kollektiver Infrastruktur f\u00fcr Sport, Freizeit und Verkehr.<\/p>\n<\/div>\n<\/div>\n","protected":false},"featured_media":12023,"comment_status":"open","ping_status":"closed","template":"","meta":[],"product_brand":[],"product_cat":[349,347],"product_tag":[],"class_list":{"0":"post-18422","1":"product","2":"type-product","3":"status-publish","4":"has-post-thumbnail","6":"product_cat-kuehllager","7":"product_cat-unsere-container","9":"first","10":"instock","11":"shipping-taxable","12":"purchasable","13":"product-type-variable"},"yoast_head":"<!-- This site is optimized with the Yoast SEO plugin v27.4 - https:\/\/yoast.com\/product\/yoast-seo-wordpress\/ -->\n<title>20 Fu\u00df K\u00fchllager-Versandcontainer, trockener K\u00fchlraum - Sagrinex \u2013 Anhaenger, Container &amp; Landtechnik \ud83c\udf3e\ud83d\ude9c<\/title>\n<meta name=\"robots\" content=\"index, follow, max-snippet:-1, max-image-preview:large, max-video-preview:-1\" \/>\n<link rel=\"canonical\" href=\"https:\/\/sagrinex.com\/produit\/20-fuss-kuehllager-versandcontainer-trockener-kuehlraum\/?lang=de\" \/>\n<meta property=\"og:locale\" content=\"de_DE\" \/>\n<meta property=\"og:type\" content=\"article\" \/>\n<meta property=\"og:title\" content=\"20 Fu\u00df K\u00fchllager-Versandcontainer, trockener K\u00fchlraum - Sagrinex \u2013 Anhaenger, Container &amp; Landtechnik \ud83c\udf3e\ud83d\ude9c\" \/>\n<meta property=\"og:description\" content=\"Funktionen Sehr konkurrenzf\u00e4higer Preis (f\u00fcr das gebrauchte Modell) Vielf\u00e4ltige Nutzungsm\u00f6glichkeiten: zus\u00e4tzlicher Lagerraum, Jagdh\u00fctte, Baustellencontainer, Pferdebox, Lagerung aller Art usw. Referenzprodukt f\u00fcr den Containerhausbau Doppelt\u00fcren mit 4 Cremones abschlie\u00dfbar und mit Vorh\u00e4ngeschloss gesichert Marine-Sperrholzboden 28 mm dick  Der Container\u00a045 Fu\u00df trockener High-Cube-Palettenbreit\u00a0ist ein Container, der f\u00fcr\u00a0entwickelt wurde Europ\u00e4er. Der Vorteil besteht darin, dass \u00fcber die Breite (800 mm) 3 Reihen Europaletten geladen werden k\u00f6nnen. Das sind insgesamt\u00a033 Europaletten. Dies ist der Container mit dem\u00a0gr\u00f6\u00dftes Ladevolumen. Das\u00a045 Fu\u00df trockener High-Cube-Palettenbreit\u00a0wird in\u00a0hergestellt CORTEN-Stahl. Diese Stahlsorte weist erhebliche Widerstandseigenschaften gegen\u00fcber den atmosph\u00e4rischen Bedingungen auf See auf. Seine Doppelt\u00fcren sind mit 4 Cremones abschlie\u00dfbar und mit einem Sicherheitsvorh\u00e4ngeschloss gesichert. Der Boden besteht aus 28 mm starkem Marinesperrholz. Der Beh\u00e4lter hat 4 Ecken\u00a0ISO\u00a0wodurch es w\u00e4hrend\u00a0gesperrt werden kann Stra\u00dfen-, Schienen- oder Seeverkehr Es kann\u00a0sein personalisiert\u00a0in G\u00e4stezimmern, Snackbars, Kiosken, B\u00fcros, \u00f6ffentlich zug\u00e4nglichen Einrichtungen wie Kinderg\u00e4rten und Schulen, Heimstandorten f\u00fcr Unternehmen, kollektiver Infrastruktur f\u00fcr Sport, Freizeit und Verkehr.\" \/>\n<meta property=\"og:url\" content=\"https:\/\/sagrinex.com\/produit\/20-fuss-kuehllager-versandcontainer-trockener-kuehlraum\/?lang=de\" \/>\n<meta property=\"og:site_name\" content=\"Sagrinex \u2013 Anhaenger, Container &amp; Landtechnik \ud83c\udf3e\ud83d\ude9c\" \/>\n<meta property=\"article:modified_time\" content=\"2026-04-18T02:23:39+00:00\" \/>\n<meta name=\"twitter:card\" content=\"summary_large_image\" \/>\n<script type=\"application\/ld+json\" class=\"yoast-schema-graph\">{\"@context\":\"https:\\\/\\\/schema.org\",\"@graph\":[{\"@type\":\"WebPage\",\"@id\":\"https:\\\/\\\/sagrinex.com\\\/produit\\\/20-fuss-kuehllager-versandcontainer-trockener-kuehlraum\\\/?lang=de\",\"url\":\"https:\\\/\\\/sagrinex.com\\\/produit\\\/20-fuss-kuehllager-versandcontainer-trockener-kuehlraum\\\/?lang=de\",\"name\":\"20 Fu\u00df K\u00fchllager-Versandcontainer, trockener K\u00fchlraum - Sagrinex \u2013 Anhaenger, Container &amp; Landtechnik \ud83c\udf3e\ud83d\ude9c\",\"isPartOf\":{\"@id\":\"https:\\\/\\\/sagrinex.com\\\/#website\"},\"primaryImageOfPage\":{\"@id\":\"https:\\\/\\\/sagrinex.com\\\/produit\\\/20-fuss-kuehllager-versandcontainer-trockener-kuehlraum\\\/?lang=de#primaryimage\"},\"image\":{\"@id\":\"https:\\\/\\\/sagrinex.com\\\/produit\\\/20-fuss-kuehllager-versandcontainer-trockener-kuehlraum\\\/?lang=de#primaryimage\"},\"thumbnailUrl\":\"https:\\\/\\\/sagrinex.com\\\/wp-content\\\/uploads\\\/2026\\\/03\\\/Image-238-2.jpeg\",\"datePublished\":\"2026-04-18T02:23:03+00:00\",\"dateModified\":\"2026-04-18T02:23:39+00:00\",\"breadcrumb\":{\"@id\":\"https:\\\/\\\/sagrinex.com\\\/produit\\\/20-fuss-kuehllager-versandcontainer-trockener-kuehlraum\\\/?lang=de#breadcrumb\"},\"inLanguage\":\"de\",\"potentialAction\":[{\"@type\":\"ReadAction\",\"target\":[\"https:\\\/\\\/sagrinex.com\\\/produit\\\/20-fuss-kuehllager-versandcontainer-trockener-kuehlraum\\\/?lang=de\"]}]},{\"@type\":\"ImageObject\",\"inLanguage\":\"de\",\"@id\":\"https:\\\/\\\/sagrinex.com\\\/produit\\\/20-fuss-kuehllager-versandcontainer-trockener-kuehlraum\\\/?lang=de#primaryimage\",\"url\":\"https:\\\/\\\/sagrinex.com\\\/wp-content\\\/uploads\\\/2026\\\/03\\\/Image-238-2.jpeg\",\"contentUrl\":\"https:\\\/\\\/sagrinex.com\\\/wp-content\\\/uploads\\\/2026\\\/03\\\/Image-238-2.jpeg\",\"width\":640,\"height\":480},{\"@type\":\"BreadcrumbList\",\"@id\":\"https:\\\/\\\/sagrinex.com\\\/produit\\\/20-fuss-kuehllager-versandcontainer-trockener-kuehlraum\\\/?lang=de#breadcrumb\",\"itemListElement\":[{\"@type\":\"ListItem\",\"position\":1,\"name\":\"Accueil\",\"item\":\"https:\\\/\\\/sagrinex.com\\\/?lang=de\"},{\"@type\":\"ListItem\",\"position\":2,\"name\":\"Shop\",\"item\":\"https:\\\/\\\/sagrinex.com\\\/shop\\\/\"},{\"@type\":\"ListItem\",\"position\":3,\"name\":\"20 Fu\u00df K\u00fchllager-Versandcontainer, trockener K\u00fchlraum\"}]},{\"@type\":\"WebSite\",\"@id\":\"https:\\\/\\\/sagrinex.com\\\/#website\",\"url\":\"https:\\\/\\\/sagrinex.com\\\/\",\"name\":\"Sagrinex \u2013 Spezialist f\u00fcr Anh\u00e4nger, Container & Landtechnik\",\"description\":\"Anhaenger, Container &amp; Landtechnik \u2014 Online-Verkauf &amp; kostenloses Angebot\",\"publisher\":{\"@id\":\"https:\\\/\\\/sagrinex.com\\\/#organization\"},\"potentialAction\":[{\"@type\":\"SearchAction\",\"target\":{\"@type\":\"EntryPoint\",\"urlTemplate\":\"https:\\\/\\\/sagrinex.com\\\/?s={search_term_string}\"},\"query-input\":{\"@type\":\"PropertyValueSpecification\",\"valueRequired\":true,\"valueName\":\"search_term_string\"}}],\"inLanguage\":\"de\"},{\"@type\":\"Organization\",\"@id\":\"https:\\\/\\\/sagrinex.com\\\/#organization\",\"name\":\"Sagrinex \u2013 Remorques, Conteneurs & Mat\u00e9riel Agricole\",\"url\":\"https:\\\/\\\/sagrinex.com\\\/\",\"logo\":{\"@type\":\"ImageObject\",\"inLanguage\":\"de\",\"@id\":\"https:\\\/\\\/sagrinex.com\\\/#\\\/schema\\\/logo\\\/image\\\/\",\"url\":\"https:\\\/\\\/sagrinex.com\\\/wp-content\\\/uploads\\\/2026\\\/03\\\/7f1ac463-ef5a-425d-bdd6-a5da03a334a9-1024x683.png\",\"contentUrl\":\"https:\\\/\\\/sagrinex.com\\\/wp-content\\\/uploads\\\/2026\\\/03\\\/7f1ac463-ef5a-425d-bdd6-a5da03a334a9-1024x683.png\",\"width\":1024,\"height\":683,\"caption\":\"Sagrinex \u2013 Remorques, Conteneurs & Mat\u00e9riel Agricole\"},\"image\":{\"@id\":\"https:\\\/\\\/sagrinex.com\\\/#\\\/schema\\\/logo\\\/image\\\/\"}}]}<\/script>\n<!-- \/ Yoast SEO plugin. -->","yoast_head_json":{"title":"20 Fu\u00df K\u00fchllager-Versandcontainer, trockener K\u00fchlraum - Sagrinex \u2013 Anhaenger, Container &amp; Landtechnik \ud83c\udf3e\ud83d\ude9c","robots":{"index":"index","follow":"follow","max-snippet":"max-snippet:-1","max-image-preview":"max-image-preview:large","max-video-preview":"max-video-preview:-1"},"canonical":"https:\/\/sagrinex.com\/produit\/20-fuss-kuehllager-versandcontainer-trockener-kuehlraum\/?lang=de","og_locale":"de_DE","og_type":"article","og_title":"20 Fu\u00df K\u00fchllager-Versandcontainer, trockener K\u00fchlraum - Sagrinex \u2013 Anhaenger, Container &amp; Landtechnik \ud83c\udf3e\ud83d\ude9c","og_description":"Funktionen Sehr konkurrenzf\u00e4higer Preis (f\u00fcr das gebrauchte Modell) Vielf\u00e4ltige Nutzungsm\u00f6glichkeiten: zus\u00e4tzlicher Lagerraum, Jagdh\u00fctte, Baustellencontainer, Pferdebox, Lagerung aller Art usw. Referenzprodukt f\u00fcr den Containerhausbau Doppelt\u00fcren mit 4 Cremones abschlie\u00dfbar und mit Vorh\u00e4ngeschloss gesichert Marine-Sperrholzboden 28 mm dick  Der Container\u00a045 Fu\u00df trockener High-Cube-Palettenbreit\u00a0ist ein Container, der f\u00fcr\u00a0entwickelt wurde Europ\u00e4er. Der Vorteil besteht darin, dass \u00fcber die Breite (800 mm) 3 Reihen Europaletten geladen werden k\u00f6nnen. Das sind insgesamt\u00a033 Europaletten. Dies ist der Container mit dem\u00a0gr\u00f6\u00dftes Ladevolumen. Das\u00a045 Fu\u00df trockener High-Cube-Palettenbreit\u00a0wird in\u00a0hergestellt CORTEN-Stahl. Diese Stahlsorte weist erhebliche Widerstandseigenschaften gegen\u00fcber den atmosph\u00e4rischen Bedingungen auf See auf. Seine Doppelt\u00fcren sind mit 4 Cremones abschlie\u00dfbar und mit einem Sicherheitsvorh\u00e4ngeschloss gesichert. Der Boden besteht aus 28 mm starkem Marinesperrholz. Der Beh\u00e4lter hat 4 Ecken\u00a0ISO\u00a0wodurch es w\u00e4hrend\u00a0gesperrt werden kann Stra\u00dfen-, Schienen- oder Seeverkehr Es kann\u00a0sein personalisiert\u00a0in G\u00e4stezimmern, Snackbars, Kiosken, B\u00fcros, \u00f6ffentlich zug\u00e4nglichen Einrichtungen wie Kinderg\u00e4rten und Schulen, Heimstandorten f\u00fcr Unternehmen, kollektiver Infrastruktur f\u00fcr Sport, Freizeit und Verkehr.","og_url":"https:\/\/sagrinex.com\/produit\/20-fuss-kuehllager-versandcontainer-trockener-kuehlraum\/?lang=de","og_site_name":"Sagrinex \u2013 Anhaenger, Container &amp; Landtechnik \ud83c\udf3e\ud83d\ude9c","article_modified_time":"2026-04-18T02:23:39+00:00","twitter_card":"summary_large_image","schema":{"@context":"https:\/\/schema.org","@graph":[{"@type":"WebPage","@id":"https:\/\/sagrinex.com\/produit\/20-fuss-kuehllager-versandcontainer-trockener-kuehlraum\/?lang=de","url":"https:\/\/sagrinex.com\/produit\/20-fuss-kuehllager-versandcontainer-trockener-kuehlraum\/?lang=de","name":"20 Fu\u00df K\u00fchllager-Versandcontainer, trockener K\u00fchlraum - Sagrinex \u2013 Anhaenger, Container &amp; Landtechnik \ud83c\udf3e\ud83d\ude9c","isPartOf":{"@id":"https:\/\/sagrinex.com\/#website"},"primaryImageOfPage":{"@id":"https:\/\/sagrinex.com\/produit\/20-fuss-kuehllager-versandcontainer-trockener-kuehlraum\/?lang=de#primaryimage"},"image":{"@id":"https:\/\/sagrinex.com\/produit\/20-fuss-kuehllager-versandcontainer-trockener-kuehlraum\/?lang=de#primaryimage"},"thumbnailUrl":"https:\/\/sagrinex.com\/wp-content\/uploads\/2026\/03\/Image-238-2.jpeg","datePublished":"2026-04-18T02:23:03+00:00","dateModified":"2026-04-18T02:23:39+00:00","breadcrumb":{"@id":"https:\/\/sagrinex.com\/produit\/20-fuss-kuehllager-versandcontainer-trockener-kuehlraum\/?lang=de#breadcrumb"},"inLanguage":"de","potentialAction":[{"@type":"ReadAction","target":["https:\/\/sagrinex.com\/produit\/20-fuss-kuehllager-versandcontainer-trockener-kuehlraum\/?lang=de"]}]},{"@type":"ImageObject","inLanguage":"de","@id":"https:\/\/sagrinex.com\/produit\/20-fuss-kuehllager-versandcontainer-trockener-kuehlraum\/?lang=de#primaryimage","url":"https:\/\/sagrinex.com\/wp-content\/uploads\/2026\/03\/Image-238-2.jpeg","contentUrl":"https:\/\/sagrinex.com\/wp-content\/uploads\/2026\/03\/Image-238-2.jpeg","width":640,"height":480},{"@type":"BreadcrumbList","@id":"https:\/\/sagrinex.com\/produit\/20-fuss-kuehllager-versandcontainer-trockener-kuehlraum\/?lang=de#breadcrumb","itemListElement":[{"@type":"ListItem","position":1,"name":"Accueil","item":"https:\/\/sagrinex.com\/?lang=de"},{"@type":"ListItem","position":2,"name":"Shop","item":"https:\/\/sagrinex.com\/shop\/"},{"@type":"ListItem","position":3,"name":"20 Fu\u00df K\u00fchllager-Versandcontainer, trockener K\u00fchlraum"}]},{"@type":"WebSite","@id":"https:\/\/sagrinex.com\/#website","url":"https:\/\/sagrinex.com\/","name":"Sagrinex \u2013 Spezialist f\u00fcr Anh\u00e4nger, Container & Landtechnik","description":"Anhaenger, Container &amp; Landtechnik \u2014 Online-Verkauf &amp; kostenloses Angebot","publisher":{"@id":"https:\/\/sagrinex.com\/#organization"},"potentialAction":[{"@type":"SearchAction","target":{"@type":"EntryPoint","urlTemplate":"https:\/\/sagrinex.com\/?s={search_term_string}"},"query-input":{"@type":"PropertyValueSpecification","valueRequired":true,"valueName":"search_term_string"}}],"inLanguage":"de"},{"@type":"Organization","@id":"https:\/\/sagrinex.com\/#organization","name":"Sagrinex \u2013 Remorques, Conteneurs & Mat\u00e9riel Agricole","url":"https:\/\/sagrinex.com\/","logo":{"@type":"ImageObject","inLanguage":"de","@id":"https:\/\/sagrinex.com\/#\/schema\/logo\/image\/","url":"https:\/\/sagrinex.com\/wp-content\/uploads\/2026\/03\/7f1ac463-ef5a-425d-bdd6-a5da03a334a9-1024x683.png","contentUrl":"https:\/\/sagrinex.com\/wp-content\/uploads\/2026\/03\/7f1ac463-ef5a-425d-bdd6-a5da03a334a9-1024x683.png","width":1024,"height":683,"caption":"Sagrinex \u2013 Remorques, Conteneurs & Mat\u00e9riel Agricole"},"image":{"@id":"https:\/\/sagrinex.com\/#\/schema\/logo\/image\/"}}]}},"jetpack_sharing_enabled":true,"_links":{"self":[{"href":"https:\/\/sagrinex.com\/de\/wp-json\/wp\/v2\/product\/18422","targetHints":{"allow":["GET"]}}],"collection":[{"href":"https:\/\/sagrinex.com\/de\/wp-json\/wp\/v2\/product"}],"about":[{"href":"https:\/\/sagrinex.com\/de\/wp-json\/wp\/v2\/types\/product"}],"replies":[{"embeddable":true,"href":"https:\/\/sagrinex.com\/de\/wp-json\/wp\/v2\/comments?post=18422"}],"version-history":[{"count":0,"href":"https:\/\/sagrinex.com\/de\/wp-json\/wp\/v2\/product\/18422\/revisions"}],"wp:featuredmedia":[{"embeddable":true,"href":"https:\/\/sagrinex.com\/de\/wp-json\/wp\/v2\/media\/12023"}],"wp:attachment":[{"href":"https:\/\/sagrinex.com\/de\/wp-json\/wp\/v2\/media?parent=18422"}],"wp:term":[{"taxonomy":"product_brand","embeddable":true,"href":"https:\/\/sagrinex.com\/de\/wp-json\/wp\/v2\/product_brand?post=18422"},{"taxonomy":"product_cat","embeddable":true,"href":"https:\/\/sagrinex.com\/de\/wp-json\/wp\/v2\/product_cat?post=18422"},{"taxonomy":"product_tag","embeddable":true,"href":"https:\/\/sagrinex.com\/de\/wp-json\/wp\/v2\/product_tag?post=18422"}],"curies":[{"name":"wp","href":"https:\/\/api.w.org\/{rel}","templated":true}]}}