{"id":18425,"date":"2026-04-18T02:23:12","date_gmt":"2026-04-18T02:23:12","guid":{"rendered":"https:\/\/sagrinex.com\/produit\/20-fuss-trockencontainer-2\/"},"modified":"2026-04-18T02:23:54","modified_gmt":"2026-04-18T02:23:54","slug":"20-fuss-trockencontainer-2","status":"publish","type":"product","link":"https:\/\/sagrinex.com\/de\/produit\/20-fuss-trockencontainer-2\/","title":{"rendered":"20 Fu\u00df Trockencontainer"},"content":{"rendered":"<div class=\"woocommerce-tabs wc-tabs-wrapper tabs-layout-tabs\">\n<div class=\"wd-tab-wrapper\">\n<div id=\"tab-description\" class=\"woocommerce-Tabs-panel woocommerce-Tabs-panel--description panel entry-content wc-tab\">\n<div class=\"wc-tab-inner \n\t\t\t\t\t\t\t\t\t\t\"><\/p>\n<div class=\"\">\n<table>\n<thead>\n<tr>\n<th scope=\"col\">ABMESSUNGEN<\/th>\n<th scope=\"col\">L\u00c4NGE (M)<\/th>\n<th scope=\"col\">BREITE (M)<\/th>\n<th scope=\"col\">H\u00d6HE (M)<\/th>\n<th scope=\"col\">VOLUMEN (M<sup>3<\/sup>)<\/th>\n<th scope=\"col\">LEERGEWICHT (T)<\/th>\n<\/tr>\n<\/thead>\n<tbody>\n<tr>\n<th scope=\"row\">Au\u00dfenma\u00dfe<\/th>\n<td>6.058<\/td>\n<td>2.438<\/td>\n<td>2.591<\/td>\n<td rowspan=\"2\">33.20 m<sup>3<\/sup><\/td>\n<td rowspan=\"2\">2.2<\/td>\n<\/tr>\n<tr>\n<th scope=\"row\">Innenma\u00dfe<\/th>\n<td>5.90<\/td>\n<td>2.35<\/td>\n<td>2.39<\/td>\n<\/tr>\n<tr>\n<th scope=\"row\">T\u00fcren<\/th>\n<td><\/td>\n<td>2.34<\/td>\n<td>2.28<\/td>\n<td><\/td>\n<td><\/td>\n<\/tr>\n<\/tbody>\n<\/table>\n<\/div>\n<\/div>\n<\/div>\n<\/div>\n<div class=\"wd-tab-wrapper\"><\/div>\n<div class=\"wd-tab-wrapper\"><\/div>\n<div class=\"wd-tab-wrapper\"><\/div>\n<\/div>\n<div class=\"yith-wcwl-add-to-wishlist add-to-wishlist-12882 yith-wcwl-add-to-wishlist--button_default-style yith-wcwl-add-to-wishlist--single wishlist-fragment on-first-load\" data-fragment-ref=\"12882\" data-fragment-options=\"{&quot;base_url&quot;:&quot;&quot;,&quot;product_id&quot;:12882,&quot;parent_product_id&quot;:12881,&quot;product_type&quot;:&quot;variation&quot;,&quot;is_single&quot;:true,&quot;in_default_wishlist&quot;:false,&quot;show_view&quot;:false,&quot;browse_wishlist_text&quot;:&quot;Wunschliste anzeigen&quot;,&quot;already_in_wishslist_text&quot;:&quot;Das Produkt befindet sich bereits auf Ihrer Wunschliste&nbsp;!&quot;,&quot;product_added_text&quot;:&quot;Produkt hinzugef\u00fcgt&nbsp;!&quot;,&quot;available_multi_wishlist&quot;:false,&quot;disable_wishlist&quot;:false,&quot;show_count&quot;:false,&quot;ajax_loading&quot;:false,&quot;loop_position&quot;:&quot;after_add_to_cart&quot;,&quot;item&quot;:&quot;add_to_wishlist&quot;}\">\n<div class=\"yith-wcwl-add-button\"><\/div>\n<\/div>\n","protected":false},"excerpt":{"rendered":"<div class=\"sgx-short-desc\">\n<div class=\"content-caracteristiques\">\n<p class=\"h4 caracteristiques-titre\">Funktionen<\/p>\n<ul>\n<li>Bester Kompromiss zwischen Gr\u00f6\u00dfe, Preis und einfacher Lieferung<\/li>\n<li>Vielf\u00e4ltige Einsatzm\u00f6glichkeiten: Gartenhaus, Jagdhaus, Baustellencontainer, Lagerung aller Art usw.<\/li>\n<li>Der gebr\u00e4uchlichste Container auf dem Selfstorage-Markt (M\u00f6bellagerung)<\/li>\n<li>Doppelt\u00fcren mit 4 Cremones abschlie\u00dfbar und mit Vorh\u00e4ngeschloss gesichert<\/li>\n<li>Marine-Sperrholzboden 28 mm dick<\/li>\n<\/ul>\n<\/div>\n<div class=\"content-content\">\n<p>Der Container\u00a0<strong>20 Fu\u00df trocken<\/strong>\u00a0ist mit dem 40-Fu\u00df-Trockencontainer der meistgenutzte Container f\u00fcr den Seetransport.<\/p>\n<p>Dieses Modell ist das\u00a0<strong>bester Kompromiss zwischen Gr\u00f6\u00dfe, Preis und einfacher Lieferung<\/strong>. Es wird alle Ihre Bed\u00fcrfnisse erf\u00fcllen: Gartenschuppen, Jagdschuppen, Baustellencontainer, Lagerung aller Art usw.<\/p>\n<p>Es kann auch personalisiert werden, um ein B\u00fcro, einen Pflanzenschutzraum, einen Entspannungsbereich, ein Spa, eine Snackbar, eine Sommerk\u00fcche usw. zu schaffen.<\/p>\n<p>Der 20\u2019 Dry wird in\u00a0<strong>hergestellt CORTEN-Stahl<\/strong>. Diese Stahlsorte weist erhebliche Widerstandseigenschaften gegen\u00fcber den atmosph\u00e4rischen Bedingungen auf See auf.<\/p>\n<p>Seine Doppelt\u00fcren sind mit 4 Cremones abschlie\u00dfbar und mit einem Sicherheitsvorh\u00e4ngeschloss gesichert. Das\u00a0<strong>Boden ist Sperrholz<\/strong>\u00a0Marineblau, Dicke 28 mm. Der Beh\u00e4lter hat 4 Ecken\u00a0<strong>ISO\u00a0<\/strong>die eine Verriegelung w\u00e4hrend des Transports erm\u00f6glichen\u00a0<strong>Stra\u00dfe<\/strong>,\u00a0<strong>Eisenbahn\u00a0<\/strong>oder\u00a0<strong>maritim<\/strong>.<\/p>\n<\/div>\n<\/div>\n","protected":false},"featured_media":11774,"comment_status":"open","ping_status":"closed","template":"","meta":[],"product_brand":[],"product_cat":[351,347],"product_tag":[],"class_list":{"0":"post-18425","1":"product","2":"type-product","3":"status-publish","4":"has-post-thumbnail","6":"product_cat-standardspeicher","7":"product_cat-unsere-container","9":"first","10":"instock","11":"shipping-taxable","12":"purchasable","13":"product-type-variable"},"yoast_head":"<!-- This site is optimized with the Yoast SEO plugin v27.4 - https:\/\/yoast.com\/product\/yoast-seo-wordpress\/ -->\n<title>20 Fu\u00df Trockencontainer - Sagrinex \u2013 Anhaenger, Container &amp; Landtechnik \ud83c\udf3e\ud83d\ude9c<\/title>\n<meta name=\"robots\" content=\"index, follow, max-snippet:-1, max-image-preview:large, max-video-preview:-1\" \/>\n<link rel=\"canonical\" href=\"https:\/\/sagrinex.com\/produit\/20-fuss-trockencontainer-2\/?lang=de\" \/>\n<meta property=\"og:locale\" content=\"de_DE\" \/>\n<meta property=\"og:type\" content=\"article\" \/>\n<meta property=\"og:title\" content=\"20 Fu\u00df Trockencontainer - Sagrinex \u2013 Anhaenger, Container &amp; Landtechnik \ud83c\udf3e\ud83d\ude9c\" \/>\n<meta property=\"og:description\" content=\"Funktionen Bester Kompromiss zwischen Gr\u00f6\u00dfe, Preis und einfacher Lieferung Vielf\u00e4ltige Einsatzm\u00f6glichkeiten: Gartenhaus, Jagdhaus, Baustellencontainer, Lagerung aller Art usw. Der gebr\u00e4uchlichste Container auf dem Selfstorage-Markt (M\u00f6bellagerung) Doppelt\u00fcren mit 4 Cremones abschlie\u00dfbar und mit Vorh\u00e4ngeschloss gesichert Marine-Sperrholzboden 28 mm dick  Der Container\u00a020 Fu\u00df trocken\u00a0ist mit dem 40-Fu\u00df-Trockencontainer der meistgenutzte Container f\u00fcr den Seetransport. Dieses Modell ist das\u00a0bester Kompromiss zwischen Gr\u00f6\u00dfe, Preis und einfacher Lieferung. Es wird alle Ihre Bed\u00fcrfnisse erf\u00fcllen: Gartenschuppen, Jagdschuppen, Baustellencontainer, Lagerung aller Art usw. Es kann auch personalisiert werden, um ein B\u00fcro, einen Pflanzenschutzraum, einen Entspannungsbereich, ein Spa, eine Snackbar, eine Sommerk\u00fcche usw. zu schaffen. Der 20\u2019 Dry wird in\u00a0hergestellt CORTEN-Stahl. Diese Stahlsorte weist erhebliche Widerstandseigenschaften gegen\u00fcber den atmosph\u00e4rischen Bedingungen auf See auf. Seine Doppelt\u00fcren sind mit 4 Cremones abschlie\u00dfbar und mit einem Sicherheitsvorh\u00e4ngeschloss gesichert. Das\u00a0Boden ist Sperrholz\u00a0Marineblau, Dicke 28 mm. Der Beh\u00e4lter hat 4 Ecken\u00a0ISO\u00a0die eine Verriegelung w\u00e4hrend des Transports erm\u00f6glichen\u00a0Stra\u00dfe,\u00a0Eisenbahn\u00a0oder\u00a0maritim.\" \/>\n<meta property=\"og:url\" content=\"https:\/\/sagrinex.com\/produit\/20-fuss-trockencontainer-2\/?lang=de\" \/>\n<meta property=\"og:site_name\" content=\"Sagrinex \u2013 Anhaenger, Container &amp; Landtechnik \ud83c\udf3e\ud83d\ude9c\" \/>\n<meta property=\"article:modified_time\" content=\"2026-04-18T02:23:54+00:00\" \/>\n<meta name=\"twitter:card\" content=\"summary_large_image\" \/>\n<script type=\"application\/ld+json\" class=\"yoast-schema-graph\">{\"@context\":\"https:\\\/\\\/schema.org\",\"@graph\":[{\"@type\":\"WebPage\",\"@id\":\"https:\\\/\\\/sagrinex.com\\\/produit\\\/20-fuss-trockencontainer-2\\\/?lang=de\",\"url\":\"https:\\\/\\\/sagrinex.com\\\/produit\\\/20-fuss-trockencontainer-2\\\/?lang=de\",\"name\":\"20 Fu\u00df Trockencontainer - Sagrinex \u2013 Anhaenger, Container &amp; Landtechnik \ud83c\udf3e\ud83d\ude9c\",\"isPartOf\":{\"@id\":\"https:\\\/\\\/sagrinex.com\\\/#website\"},\"primaryImageOfPage\":{\"@id\":\"https:\\\/\\\/sagrinex.com\\\/produit\\\/20-fuss-trockencontainer-2\\\/?lang=de#primaryimage\"},\"image\":{\"@id\":\"https:\\\/\\\/sagrinex.com\\\/produit\\\/20-fuss-trockencontainer-2\\\/?lang=de#primaryimage\"},\"thumbnailUrl\":\"https:\\\/\\\/sagrinex.com\\\/wp-content\\\/uploads\\\/2026\\\/03\\\/Image-139-2.jpeg\",\"datePublished\":\"2026-04-18T02:23:12+00:00\",\"dateModified\":\"2026-04-18T02:23:54+00:00\",\"breadcrumb\":{\"@id\":\"https:\\\/\\\/sagrinex.com\\\/produit\\\/20-fuss-trockencontainer-2\\\/?lang=de#breadcrumb\"},\"inLanguage\":\"de\",\"potentialAction\":[{\"@type\":\"ReadAction\",\"target\":[\"https:\\\/\\\/sagrinex.com\\\/produit\\\/20-fuss-trockencontainer-2\\\/?lang=de\"]}]},{\"@type\":\"ImageObject\",\"inLanguage\":\"de\",\"@id\":\"https:\\\/\\\/sagrinex.com\\\/produit\\\/20-fuss-trockencontainer-2\\\/?lang=de#primaryimage\",\"url\":\"https:\\\/\\\/sagrinex.com\\\/wp-content\\\/uploads\\\/2026\\\/03\\\/Image-139-2.jpeg\",\"contentUrl\":\"https:\\\/\\\/sagrinex.com\\\/wp-content\\\/uploads\\\/2026\\\/03\\\/Image-139-2.jpeg\",\"width\":640,\"height\":480},{\"@type\":\"BreadcrumbList\",\"@id\":\"https:\\\/\\\/sagrinex.com\\\/produit\\\/20-fuss-trockencontainer-2\\\/?lang=de#breadcrumb\",\"itemListElement\":[{\"@type\":\"ListItem\",\"position\":1,\"name\":\"Accueil\",\"item\":\"https:\\\/\\\/sagrinex.com\\\/?lang=de\"},{\"@type\":\"ListItem\",\"position\":2,\"name\":\"Shop\",\"item\":\"https:\\\/\\\/sagrinex.com\\\/shop\\\/\"},{\"@type\":\"ListItem\",\"position\":3,\"name\":\"20 Fu\u00df Trockencontainer\"}]},{\"@type\":\"WebSite\",\"@id\":\"https:\\\/\\\/sagrinex.com\\\/#website\",\"url\":\"https:\\\/\\\/sagrinex.com\\\/\",\"name\":\"Sagrinex \u2013 Spezialist f\u00fcr Anh\u00e4nger, Container & Landtechnik\",\"description\":\"Anhaenger, Container &amp; Landtechnik \u2014 Online-Verkauf &amp; kostenloses Angebot\",\"publisher\":{\"@id\":\"https:\\\/\\\/sagrinex.com\\\/#organization\"},\"potentialAction\":[{\"@type\":\"SearchAction\",\"target\":{\"@type\":\"EntryPoint\",\"urlTemplate\":\"https:\\\/\\\/sagrinex.com\\\/?s={search_term_string}\"},\"query-input\":{\"@type\":\"PropertyValueSpecification\",\"valueRequired\":true,\"valueName\":\"search_term_string\"}}],\"inLanguage\":\"de\"},{\"@type\":\"Organization\",\"@id\":\"https:\\\/\\\/sagrinex.com\\\/#organization\",\"name\":\"Sagrinex \u2013 Remorques, Conteneurs & Mat\u00e9riel Agricole\",\"url\":\"https:\\\/\\\/sagrinex.com\\\/\",\"logo\":{\"@type\":\"ImageObject\",\"inLanguage\":\"de\",\"@id\":\"https:\\\/\\\/sagrinex.com\\\/#\\\/schema\\\/logo\\\/image\\\/\",\"url\":\"https:\\\/\\\/sagrinex.com\\\/wp-content\\\/uploads\\\/2026\\\/03\\\/7f1ac463-ef5a-425d-bdd6-a5da03a334a9-1024x683.png\",\"contentUrl\":\"https:\\\/\\\/sagrinex.com\\\/wp-content\\\/uploads\\\/2026\\\/03\\\/7f1ac463-ef5a-425d-bdd6-a5da03a334a9-1024x683.png\",\"width\":1024,\"height\":683,\"caption\":\"Sagrinex \u2013 Remorques, Conteneurs & Mat\u00e9riel Agricole\"},\"image\":{\"@id\":\"https:\\\/\\\/sagrinex.com\\\/#\\\/schema\\\/logo\\\/image\\\/\"}}]}<\/script>\n<!-- \/ Yoast SEO plugin. -->","yoast_head_json":{"title":"20 Fu\u00df Trockencontainer - Sagrinex \u2013 Anhaenger, Container &amp; Landtechnik \ud83c\udf3e\ud83d\ude9c","robots":{"index":"index","follow":"follow","max-snippet":"max-snippet:-1","max-image-preview":"max-image-preview:large","max-video-preview":"max-video-preview:-1"},"canonical":"https:\/\/sagrinex.com\/produit\/20-fuss-trockencontainer-2\/?lang=de","og_locale":"de_DE","og_type":"article","og_title":"20 Fu\u00df Trockencontainer - Sagrinex \u2013 Anhaenger, Container &amp; Landtechnik \ud83c\udf3e\ud83d\ude9c","og_description":"Funktionen Bester Kompromiss zwischen Gr\u00f6\u00dfe, Preis und einfacher Lieferung Vielf\u00e4ltige Einsatzm\u00f6glichkeiten: Gartenhaus, Jagdhaus, Baustellencontainer, Lagerung aller Art usw. Der gebr\u00e4uchlichste Container auf dem Selfstorage-Markt (M\u00f6bellagerung) Doppelt\u00fcren mit 4 Cremones abschlie\u00dfbar und mit Vorh\u00e4ngeschloss gesichert Marine-Sperrholzboden 28 mm dick  Der Container\u00a020 Fu\u00df trocken\u00a0ist mit dem 40-Fu\u00df-Trockencontainer der meistgenutzte Container f\u00fcr den Seetransport. Dieses Modell ist das\u00a0bester Kompromiss zwischen Gr\u00f6\u00dfe, Preis und einfacher Lieferung. Es wird alle Ihre Bed\u00fcrfnisse erf\u00fcllen: Gartenschuppen, Jagdschuppen, Baustellencontainer, Lagerung aller Art usw. Es kann auch personalisiert werden, um ein B\u00fcro, einen Pflanzenschutzraum, einen Entspannungsbereich, ein Spa, eine Snackbar, eine Sommerk\u00fcche usw. zu schaffen. Der 20\u2019 Dry wird in\u00a0hergestellt CORTEN-Stahl. Diese Stahlsorte weist erhebliche Widerstandseigenschaften gegen\u00fcber den atmosph\u00e4rischen Bedingungen auf See auf. Seine Doppelt\u00fcren sind mit 4 Cremones abschlie\u00dfbar und mit einem Sicherheitsvorh\u00e4ngeschloss gesichert. Das\u00a0Boden ist Sperrholz\u00a0Marineblau, Dicke 28 mm. Der Beh\u00e4lter hat 4 Ecken\u00a0ISO\u00a0die eine Verriegelung w\u00e4hrend des Transports erm\u00f6glichen\u00a0Stra\u00dfe,\u00a0Eisenbahn\u00a0oder\u00a0maritim.","og_url":"https:\/\/sagrinex.com\/produit\/20-fuss-trockencontainer-2\/?lang=de","og_site_name":"Sagrinex \u2013 Anhaenger, Container &amp; Landtechnik \ud83c\udf3e\ud83d\ude9c","article_modified_time":"2026-04-18T02:23:54+00:00","twitter_card":"summary_large_image","schema":{"@context":"https:\/\/schema.org","@graph":[{"@type":"WebPage","@id":"https:\/\/sagrinex.com\/produit\/20-fuss-trockencontainer-2\/?lang=de","url":"https:\/\/sagrinex.com\/produit\/20-fuss-trockencontainer-2\/?lang=de","name":"20 Fu\u00df Trockencontainer - Sagrinex \u2013 Anhaenger, Container &amp; Landtechnik \ud83c\udf3e\ud83d\ude9c","isPartOf":{"@id":"https:\/\/sagrinex.com\/#website"},"primaryImageOfPage":{"@id":"https:\/\/sagrinex.com\/produit\/20-fuss-trockencontainer-2\/?lang=de#primaryimage"},"image":{"@id":"https:\/\/sagrinex.com\/produit\/20-fuss-trockencontainer-2\/?lang=de#primaryimage"},"thumbnailUrl":"https:\/\/sagrinex.com\/wp-content\/uploads\/2026\/03\/Image-139-2.jpeg","datePublished":"2026-04-18T02:23:12+00:00","dateModified":"2026-04-18T02:23:54+00:00","breadcrumb":{"@id":"https:\/\/sagrinex.com\/produit\/20-fuss-trockencontainer-2\/?lang=de#breadcrumb"},"inLanguage":"de","potentialAction":[{"@type":"ReadAction","target":["https:\/\/sagrinex.com\/produit\/20-fuss-trockencontainer-2\/?lang=de"]}]},{"@type":"ImageObject","inLanguage":"de","@id":"https:\/\/sagrinex.com\/produit\/20-fuss-trockencontainer-2\/?lang=de#primaryimage","url":"https:\/\/sagrinex.com\/wp-content\/uploads\/2026\/03\/Image-139-2.jpeg","contentUrl":"https:\/\/sagrinex.com\/wp-content\/uploads\/2026\/03\/Image-139-2.jpeg","width":640,"height":480},{"@type":"BreadcrumbList","@id":"https:\/\/sagrinex.com\/produit\/20-fuss-trockencontainer-2\/?lang=de#breadcrumb","itemListElement":[{"@type":"ListItem","position":1,"name":"Accueil","item":"https:\/\/sagrinex.com\/?lang=de"},{"@type":"ListItem","position":2,"name":"Shop","item":"https:\/\/sagrinex.com\/shop\/"},{"@type":"ListItem","position":3,"name":"20 Fu\u00df Trockencontainer"}]},{"@type":"WebSite","@id":"https:\/\/sagrinex.com\/#website","url":"https:\/\/sagrinex.com\/","name":"Sagrinex \u2013 Spezialist f\u00fcr Anh\u00e4nger, Container & Landtechnik","description":"Anhaenger, Container &amp; Landtechnik \u2014 Online-Verkauf &amp; kostenloses Angebot","publisher":{"@id":"https:\/\/sagrinex.com\/#organization"},"potentialAction":[{"@type":"SearchAction","target":{"@type":"EntryPoint","urlTemplate":"https:\/\/sagrinex.com\/?s={search_term_string}"},"query-input":{"@type":"PropertyValueSpecification","valueRequired":true,"valueName":"search_term_string"}}],"inLanguage":"de"},{"@type":"Organization","@id":"https:\/\/sagrinex.com\/#organization","name":"Sagrinex \u2013 Remorques, Conteneurs & Mat\u00e9riel Agricole","url":"https:\/\/sagrinex.com\/","logo":{"@type":"ImageObject","inLanguage":"de","@id":"https:\/\/sagrinex.com\/#\/schema\/logo\/image\/","url":"https:\/\/sagrinex.com\/wp-content\/uploads\/2026\/03\/7f1ac463-ef5a-425d-bdd6-a5da03a334a9-1024x683.png","contentUrl":"https:\/\/sagrinex.com\/wp-content\/uploads\/2026\/03\/7f1ac463-ef5a-425d-bdd6-a5da03a334a9-1024x683.png","width":1024,"height":683,"caption":"Sagrinex \u2013 Remorques, Conteneurs & Mat\u00e9riel Agricole"},"image":{"@id":"https:\/\/sagrinex.com\/#\/schema\/logo\/image\/"}}]}},"jetpack_sharing_enabled":true,"_links":{"self":[{"href":"https:\/\/sagrinex.com\/de\/wp-json\/wp\/v2\/product\/18425","targetHints":{"allow":["GET"]}}],"collection":[{"href":"https:\/\/sagrinex.com\/de\/wp-json\/wp\/v2\/product"}],"about":[{"href":"https:\/\/sagrinex.com\/de\/wp-json\/wp\/v2\/types\/product"}],"replies":[{"embeddable":true,"href":"https:\/\/sagrinex.com\/de\/wp-json\/wp\/v2\/comments?post=18425"}],"version-history":[{"count":0,"href":"https:\/\/sagrinex.com\/de\/wp-json\/wp\/v2\/product\/18425\/revisions"}],"wp:featuredmedia":[{"embeddable":true,"href":"https:\/\/sagrinex.com\/de\/wp-json\/wp\/v2\/media\/11774"}],"wp:attachment":[{"href":"https:\/\/sagrinex.com\/de\/wp-json\/wp\/v2\/media?parent=18425"}],"wp:term":[{"taxonomy":"product_brand","embeddable":true,"href":"https:\/\/sagrinex.com\/de\/wp-json\/wp\/v2\/product_brand?post=18425"},{"taxonomy":"product_cat","embeddable":true,"href":"https:\/\/sagrinex.com\/de\/wp-json\/wp\/v2\/product_cat?post=18425"},{"taxonomy":"product_tag","embeddable":true,"href":"https:\/\/sagrinex.com\/de\/wp-json\/wp\/v2\/product_tag?post=18425"}],"curies":[{"name":"wp","href":"https:\/\/api.w.org\/{rel}","templated":true}]}}