{"id":18436,"date":"2026-04-18T02:23:33","date_gmt":"2026-04-18T02:23:33","guid":{"rendered":"https:\/\/sagrinex.com\/produit\/gebremster-aluminiumanhaenger-mcalupro-dv135-1-gebremste-achse-gewicht-1350-kg-255-x-133-cm\/"},"modified":"2026-04-18T02:24:18","modified_gmt":"2026-04-18T02:24:18","slug":"gebremster-aluminiumanhaenger-mcalupro-dv135-1-gebremste-achse-gewicht-1350-kg-255-x-133-cm","status":"publish","type":"product","link":"https:\/\/sagrinex.com\/de\/produit\/gebremster-aluminiumanhaenger-mcalupro-dv135-1-gebremste-achse-gewicht-1350-kg-255-x-133-cm\/","title":{"rendered":"Gebremster Aluminiumanh\u00e4nger \u2013 Mcalupro \u2013 DV135 \u2013 1 gebremste Achse \u2013 Gewicht: 1350 kg \u2013 255 x 133 cm"},"content":{"rendered":"<p>Dieser <strong>zuverl\u00e4ssige Aluminium-Anh\u00e4nger<\/strong> und <strong>robust<\/strong> der Marke Saris ist geeignet f\u00fcr DIY-Arbeiten und den Transport schwerer Gegenst\u00e4nde (Schutt, Brennholz&#8230;) f\u00fcr <strong>Privatpersonen<\/strong> und <strong>Profis<\/strong>.<br \/>\nMit seinem <strong>PTAC<\/strong> <strong>reduzierbar<\/strong> von 750\/1000\/1200\/1300\/1350 Kg kann er eine maximale Nutzlast von 1090 Kg <strong>v\u00f6llig sicher<\/strong> transportieren.<\/p>\n<p>Dar\u00fcber hinaus erm\u00f6glichen seine <strong>nutzbaren Abmessungen<\/strong> von {cp:Dimensions caisse utile:4} auch das <strong>Laden von kleinen motorisierten Fahrzeugen<\/strong> (Motorr\u00e4der, Fahrr\u00e4der, Roller, Quads, Rasenm\u00e4her usw.) und die serienm\u00e4\u00dfigen Rungen bieten eine solide und zuverl\u00e4ssige Stabilit\u00e4t Ihrer Ladung nach der Sicherung.<\/p>\n<p>Eine <strong>Auswahl an praktischen und vielf\u00e4ltigen Optionen<\/strong> f\u00fcr dieses Modell verf\u00fcgbar:<\/p>\n<ul>\n<li><b>Flache Plane oder hohe Plane<\/b> (zum Schutz vor Blicken und Witterungseinfl\u00fcssen)<\/li>\n<li><b>Leitertr\u00e4ger<\/b> (zum Transport von langen Materialien oder langen Objekten: Leitern, Holzbretter, Metallstangen&#8230;)<\/li>\n<li><strong>Befestigungsrampen, Alu-Rampen oder Laderampen<\/strong> (um das Laden von kleinen Fahrzeugen wie Rasenm\u00e4hern, Motorr\u00e4dern, Quads usw. zu erleichtern)<\/li>\n<li><b>Gitteraufbauten<\/b> (um die nutzbare Kastenh\u00f6he zu erh\u00f6hen)<\/li>\n<li><strong>Ersatzrad + Halter<\/strong> (um Stra\u00dfenprobleme zu vermeiden: ein Platten am Morgen ohne Ersatzrad ist ein verlorener Arbeitstag).<\/li>\n<li><strong>Komplettes Netz<\/strong> oder <strong>Blattschutzgitter<\/strong> (um zu verhindern, dass Ihre Ladung w\u00e4hrend der Fahrt von der Stra\u00dfe fliegt)<\/li>\n<\/ul>\n<p><em><strong>Freizeit- und Mehrzweck-Anh\u00e4nger mit einem PTAC von \u00fcber 500 Kg erfordern die Beantragung eines Fahrzeugriegels.<\/strong><\/em><\/p>\n<ul>\n<li>Aluminium rostet nicht<\/li>\n<li>Leichtes Gewicht aber Widerstandsf\u00e4higkeit ohne Schw\u00e4chen<\/li>\n<li>Professionelle Verarbeitung und Qualit\u00e4t<\/li>\n<li>Gro\u00dfe Auswahl an Optionen (Gitteraufbauten, Leitertr\u00e4ger, Alu-Boden, Planen usw.)<\/li>\n<li>Seitliche Rungen serienm\u00e4\u00dfig f\u00fcr eine solide und vereinfachte Ladungssicherung.<\/li>\n<li>\u00c4sthetik und noch \u00e4sthetischer optional in Black Edition.<\/li>\n<\/ul>\n<p>Mit einer Erfahrung von <strong>\u00fcber 30 Jahren<\/strong> in der Branche wissen wir bei <strong>Sagrinex<\/strong>, die Qualit\u00e4t eines Anh\u00e4ngers auf den ersten Blick zu erkennen. Die <strong>ALU-Gep\u00e4cktr\u00e4ger<\/strong> Saris sind einfach fantastisch wegen der Qualit\u00e4t ihrer Verarbeitung und der bei der Konstruktion dieser <strong>hochwertigen MACALU-Modelle<\/strong> verwendeten Materialien. Wenn Sie solides und langlebiges Material im auf diesem Produktblatt angegebenen PTAC suchen, z\u00f6gern Sie nicht, dieses Modell ist genau das Richtige f\u00fcr Sie!<\/p>\n","protected":false},"excerpt":{"rendered":"<div class=\"sgx-short-desc\">\n<p>Dieser vielseitige, zuverl\u00e4ssige und solide Aluminiumanh\u00e4nger von Saris eignet sich f\u00fcr Heimwerkerarbeiten und den Transport von Kleinfahrzeugen oder schweren Gegenst\u00e4nden (Bauschutt, Brennholz usw.)<\/p>\n<div class=\"mod_fa_champspersonnalisables_v14_liste\">\n<div class=\"mod_fa_champspersonnalisables_v14_titre\"><strong>Gesamtgewicht: <\/strong><span class=\"mod_fa_champspersonnalisables_v14_valeur\">750\/1000\/1200\/1300\/1350 kg<\/span><\/div>\n<\/div>\n<div class=\"mod_fa_champspersonnalisables_v14_liste\">\n<div class=\"mod_fa_champspersonnalisables_v14_titre\"><strong>Leermasse: <\/strong><span class=\"mod_fa_champspersonnalisables_v14_valeur\">235 kg<\/span><\/div>\n<\/div>\n<div class=\"mod_fa_champspersonnalisables_v14_liste\">\n<div class=\"mod_fa_champspersonnalisables_v14_titre\"><strong>Nutzlast: <\/strong><span class=\"mod_fa_champspersonnalisables_v14_valeur\">maximal 1115 kg<\/span><\/div>\n<\/div>\n<div class=\"mod_fa_champspersonnalisables_v14_liste\">\n<div class=\"mod_fa_champspersonnalisables_v14_titre\"><strong>Gesamtabmessungen: <\/strong><span class=\"mod_fa_champspersonnalisables_v14_valeur\">386 x 188 x H94 cm<\/span><\/div>\n<\/div>\n<div class=\"mod_fa_champspersonnalisables_v14_liste\">\n<div class=\"mod_fa_champspersonnalisables_v14_titre\"><strong>Nutzh\u00f6he\/Boden: <\/strong><span class=\"mod_fa_champspersonnalisables_v14_valeur\">54 cm<\/span><\/div>\n<\/div>\n<div class=\"mod_fa_champspersonnalisables_v14_liste\">\n<div class=\"mod_fa_champspersonnalisables_v14_titre\"><strong>Pfeil: <\/strong><span class=\"mod_fa_champspersonnalisables_v14_valeur\">Feuerverzinkt gerade<\/span><\/div>\n<\/div>\n<div class=\"mod_fa_champspersonnalisables_v14_liste\">\n<div class=\"mod_fa_champspersonnalisables_v14_titre\"><strong>Fahrgestelltyp: <\/strong><span class=\"mod_fa_champspersonnalisables_v14_valeur\">Feuerverzinkt<\/span><\/div>\n<\/div>\n<div class=\"mod_fa_champspersonnalisables_v14_liste\">\n<div class=\"mod_fa_champspersonnalisables_v14_titre\"><strong>R\u00e4der: <\/strong><span class=\"mod_fa_champspersonnalisables_v14_valeur\">14 Zoll<\/span><\/div>\n<\/div>\n<div class=\"mod_fa_champspersonnalisables_v14_liste\">\n<div class=\"mod_fa_champspersonnalisables_v14_titre\"><strong>Ausr\u00fcstung: <\/strong><span class=\"mod_fa_champspersonnalisables_v14_valeur\">1 gebremste Achse \/ feuerverzinkte gerade Deichsel \/ doppelwandiger Aluminiumaufbau \/ rutschfester CP-Boden \/ integrierte Zurrhaken \/ festes Seitengel\u00e4nder \/ verl\u00e4ngerte Deichsel und Zusatzholm<\/span><\/div>\n<\/div>\n<\/div>\n","protected":false},"featured_media":11422,"comment_status":"open","ping_status":"closed","template":"","meta":[],"product_brand":[],"product_cat":[353,352],"product_tag":[],"class_list":{"0":"post-18436","1":"product","2":"type-product","3":"status-publish","4":"has-post-thumbnail","6":"product_cat-gepaeckanhaenger","7":"product_cat-unsere-trailer","9":"first","10":"instock","11":"shipping-taxable","12":"purchasable","13":"product-type-variable"},"yoast_head":"<!-- This site is optimized with the Yoast SEO plugin v27.4 - https:\/\/yoast.com\/product\/yoast-seo-wordpress\/ -->\n<title>Gebremster Aluminiumanh\u00e4nger \u2013 Mcalupro \u2013 DV135 \u2013 1 gebremste Achse \u2013 Gewicht: 1350 kg \u2013 255 x 133 cm - Sagrinex \u2013 Anhaenger, Container &amp; Landtechnik \ud83c\udf3e\ud83d\ude9c<\/title>\n<meta name=\"robots\" content=\"index, follow, max-snippet:-1, max-image-preview:large, max-video-preview:-1\" \/>\n<link rel=\"canonical\" href=\"https:\/\/sagrinex.com\/produit\/gebremster-aluminiumanhaenger-mcalupro-dv135-1-gebremste-achse-gewicht-1350-kg-255-x-133-cm\/?lang=de\" \/>\n<meta property=\"og:locale\" content=\"de_DE\" \/>\n<meta property=\"og:type\" content=\"article\" \/>\n<meta property=\"og:title\" content=\"Gebremster Aluminiumanh\u00e4nger \u2013 Mcalupro \u2013 DV135 \u2013 1 gebremste Achse \u2013 Gewicht: 1350 kg \u2013 255 x 133 cm - Sagrinex \u2013 Anhaenger, Container &amp; Landtechnik \ud83c\udf3e\ud83d\ude9c\" \/>\n<meta property=\"og:description\" content=\"Dieser vielseitige, zuverl\u00e4ssige und solide Aluminiumanh\u00e4nger von Saris eignet sich f\u00fcr Heimwerkerarbeiten und den Transport von Kleinfahrzeugen oder schweren Gegenst\u00e4nden (Bauschutt, Brennholz usw.) Gesamtgewicht: 750\/1000\/1200\/1300\/1350 kg  Leermasse: 235 kg  Nutzlast: maximal 1115 kg  Gesamtabmessungen: 386 x 188 x H94 cm  Nutzh\u00f6he\/Boden: 54 cm  Pfeil: Feuerverzinkt gerade  Fahrgestelltyp: Feuerverzinkt  R\u00e4der: 14 Zoll  Ausr\u00fcstung: 1 gebremste Achse \/ feuerverzinkte gerade Deichsel \/ doppelwandiger Aluminiumaufbau \/ rutschfester CP-Boden \/ integrierte Zurrhaken \/ festes Seitengel\u00e4nder \/ verl\u00e4ngerte Deichsel und Zusatzholm\" \/>\n<meta property=\"og:url\" content=\"https:\/\/sagrinex.com\/produit\/gebremster-aluminiumanhaenger-mcalupro-dv135-1-gebremste-achse-gewicht-1350-kg-255-x-133-cm\/?lang=de\" \/>\n<meta property=\"og:site_name\" content=\"Sagrinex \u2013 Anhaenger, Container &amp; Landtechnik \ud83c\udf3e\ud83d\ude9c\" \/>\n<meta property=\"article:modified_time\" content=\"2026-04-18T02:24:18+00:00\" \/>\n<meta name=\"twitter:card\" content=\"summary_large_image\" \/>\n<meta name=\"twitter:label1\" content=\"Gesch\u00e4tzte Lesezeit\" \/>\n\t<meta name=\"twitter:data1\" content=\"2\u00a0Minuten\" \/>\n<script type=\"application\/ld+json\" class=\"yoast-schema-graph\">{\"@context\":\"https:\\\/\\\/schema.org\",\"@graph\":[{\"@type\":\"WebPage\",\"@id\":\"https:\\\/\\\/sagrinex.com\\\/produit\\\/gebremster-aluminiumanhaenger-mcalupro-dv135-1-gebremste-achse-gewicht-1350-kg-255-x-133-cm\\\/?lang=de\",\"url\":\"https:\\\/\\\/sagrinex.com\\\/produit\\\/gebremster-aluminiumanhaenger-mcalupro-dv135-1-gebremste-achse-gewicht-1350-kg-255-x-133-cm\\\/?lang=de\",\"name\":\"Gebremster Aluminiumanh\u00e4nger \u2013 Mcalupro \u2013 DV135 \u2013 1 gebremste Achse \u2013 Gewicht: 1350 kg \u2013 255 x 133 cm - Sagrinex \u2013 Anhaenger, Container &amp; Landtechnik \ud83c\udf3e\ud83d\ude9c\",\"isPartOf\":{\"@id\":\"https:\\\/\\\/sagrinex.com\\\/#website\"},\"primaryImageOfPage\":{\"@id\":\"https:\\\/\\\/sagrinex.com\\\/produit\\\/gebremster-aluminiumanhaenger-mcalupro-dv135-1-gebremste-achse-gewicht-1350-kg-255-x-133-cm\\\/?lang=de#primaryimage\"},\"image\":{\"@id\":\"https:\\\/\\\/sagrinex.com\\\/produit\\\/gebremster-aluminiumanhaenger-mcalupro-dv135-1-gebremste-achse-gewicht-1350-kg-255-x-133-cm\\\/?lang=de#primaryimage\"},\"thumbnailUrl\":\"https:\\\/\\\/sagrinex.com\\\/wp-content\\\/uploads\\\/2026\\\/03\\\/Image-329-1-scaled.jpeg\",\"datePublished\":\"2026-04-18T02:23:33+00:00\",\"dateModified\":\"2026-04-18T02:24:18+00:00\",\"breadcrumb\":{\"@id\":\"https:\\\/\\\/sagrinex.com\\\/produit\\\/gebremster-aluminiumanhaenger-mcalupro-dv135-1-gebremste-achse-gewicht-1350-kg-255-x-133-cm\\\/?lang=de#breadcrumb\"},\"inLanguage\":\"de\",\"potentialAction\":[{\"@type\":\"ReadAction\",\"target\":[\"https:\\\/\\\/sagrinex.com\\\/produit\\\/gebremster-aluminiumanhaenger-mcalupro-dv135-1-gebremste-achse-gewicht-1350-kg-255-x-133-cm\\\/?lang=de\"]}]},{\"@type\":\"ImageObject\",\"inLanguage\":\"de\",\"@id\":\"https:\\\/\\\/sagrinex.com\\\/produit\\\/gebremster-aluminiumanhaenger-mcalupro-dv135-1-gebremste-achse-gewicht-1350-kg-255-x-133-cm\\\/?lang=de#primaryimage\",\"url\":\"https:\\\/\\\/sagrinex.com\\\/wp-content\\\/uploads\\\/2026\\\/03\\\/Image-329-1-scaled.jpeg\",\"contentUrl\":\"https:\\\/\\\/sagrinex.com\\\/wp-content\\\/uploads\\\/2026\\\/03\\\/Image-329-1-scaled.jpeg\",\"width\":2560,\"height\":1920},{\"@type\":\"BreadcrumbList\",\"@id\":\"https:\\\/\\\/sagrinex.com\\\/produit\\\/gebremster-aluminiumanhaenger-mcalupro-dv135-1-gebremste-achse-gewicht-1350-kg-255-x-133-cm\\\/?lang=de#breadcrumb\",\"itemListElement\":[{\"@type\":\"ListItem\",\"position\":1,\"name\":\"Accueil\",\"item\":\"https:\\\/\\\/sagrinex.com\\\/?lang=de\"},{\"@type\":\"ListItem\",\"position\":2,\"name\":\"Shop\",\"item\":\"https:\\\/\\\/sagrinex.com\\\/shop\\\/\"},{\"@type\":\"ListItem\",\"position\":3,\"name\":\"Gebremster Aluminiumanh\u00e4nger \u2013 Mcalupro \u2013 DV135 \u2013 1 gebremste Achse \u2013 Gewicht: 1350 kg \u2013 255 x 133 cm\"}]},{\"@type\":\"WebSite\",\"@id\":\"https:\\\/\\\/sagrinex.com\\\/#website\",\"url\":\"https:\\\/\\\/sagrinex.com\\\/\",\"name\":\"Sagrinex \u2013 Spezialist f\u00fcr Anh\u00e4nger, Container & Landtechnik\",\"description\":\"Anhaenger, Container &amp; Landtechnik \u2014 Online-Verkauf &amp; kostenloses Angebot\",\"publisher\":{\"@id\":\"https:\\\/\\\/sagrinex.com\\\/#organization\"},\"potentialAction\":[{\"@type\":\"SearchAction\",\"target\":{\"@type\":\"EntryPoint\",\"urlTemplate\":\"https:\\\/\\\/sagrinex.com\\\/?s={search_term_string}\"},\"query-input\":{\"@type\":\"PropertyValueSpecification\",\"valueRequired\":true,\"valueName\":\"search_term_string\"}}],\"inLanguage\":\"de\"},{\"@type\":\"Organization\",\"@id\":\"https:\\\/\\\/sagrinex.com\\\/#organization\",\"name\":\"Sagrinex \u2013 Remorques, Conteneurs & Mat\u00e9riel Agricole\",\"url\":\"https:\\\/\\\/sagrinex.com\\\/\",\"logo\":{\"@type\":\"ImageObject\",\"inLanguage\":\"de\",\"@id\":\"https:\\\/\\\/sagrinex.com\\\/#\\\/schema\\\/logo\\\/image\\\/\",\"url\":\"https:\\\/\\\/sagrinex.com\\\/wp-content\\\/uploads\\\/2026\\\/03\\\/7f1ac463-ef5a-425d-bdd6-a5da03a334a9-1024x683.png\",\"contentUrl\":\"https:\\\/\\\/sagrinex.com\\\/wp-content\\\/uploads\\\/2026\\\/03\\\/7f1ac463-ef5a-425d-bdd6-a5da03a334a9-1024x683.png\",\"width\":1024,\"height\":683,\"caption\":\"Sagrinex \u2013 Remorques, Conteneurs & Mat\u00e9riel Agricole\"},\"image\":{\"@id\":\"https:\\\/\\\/sagrinex.com\\\/#\\\/schema\\\/logo\\\/image\\\/\"}}]}<\/script>\n<!-- \/ Yoast SEO plugin. -->","yoast_head_json":{"title":"Gebremster Aluminiumanh\u00e4nger \u2013 Mcalupro \u2013 DV135 \u2013 1 gebremste Achse \u2013 Gewicht: 1350 kg \u2013 255 x 133 cm - Sagrinex \u2013 Anhaenger, Container &amp; Landtechnik \ud83c\udf3e\ud83d\ude9c","robots":{"index":"index","follow":"follow","max-snippet":"max-snippet:-1","max-image-preview":"max-image-preview:large","max-video-preview":"max-video-preview:-1"},"canonical":"https:\/\/sagrinex.com\/produit\/gebremster-aluminiumanhaenger-mcalupro-dv135-1-gebremste-achse-gewicht-1350-kg-255-x-133-cm\/?lang=de","og_locale":"de_DE","og_type":"article","og_title":"Gebremster Aluminiumanh\u00e4nger \u2013 Mcalupro \u2013 DV135 \u2013 1 gebremste Achse \u2013 Gewicht: 1350 kg \u2013 255 x 133 cm - Sagrinex \u2013 Anhaenger, Container &amp; Landtechnik \ud83c\udf3e\ud83d\ude9c","og_description":"Dieser vielseitige, zuverl\u00e4ssige und solide Aluminiumanh\u00e4nger von Saris eignet sich f\u00fcr Heimwerkerarbeiten und den Transport von Kleinfahrzeugen oder schweren Gegenst\u00e4nden (Bauschutt, Brennholz usw.) Gesamtgewicht: 750\/1000\/1200\/1300\/1350 kg  Leermasse: 235 kg  Nutzlast: maximal 1115 kg  Gesamtabmessungen: 386 x 188 x H94 cm  Nutzh\u00f6he\/Boden: 54 cm  Pfeil: Feuerverzinkt gerade  Fahrgestelltyp: Feuerverzinkt  R\u00e4der: 14 Zoll  Ausr\u00fcstung: 1 gebremste Achse \/ feuerverzinkte gerade Deichsel \/ doppelwandiger Aluminiumaufbau \/ rutschfester CP-Boden \/ integrierte Zurrhaken \/ festes Seitengel\u00e4nder \/ verl\u00e4ngerte Deichsel und Zusatzholm","og_url":"https:\/\/sagrinex.com\/produit\/gebremster-aluminiumanhaenger-mcalupro-dv135-1-gebremste-achse-gewicht-1350-kg-255-x-133-cm\/?lang=de","og_site_name":"Sagrinex \u2013 Anhaenger, Container &amp; Landtechnik \ud83c\udf3e\ud83d\ude9c","article_modified_time":"2026-04-18T02:24:18+00:00","twitter_card":"summary_large_image","twitter_misc":{"Gesch\u00e4tzte Lesezeit":"2\u00a0Minuten"},"schema":{"@context":"https:\/\/schema.org","@graph":[{"@type":"WebPage","@id":"https:\/\/sagrinex.com\/produit\/gebremster-aluminiumanhaenger-mcalupro-dv135-1-gebremste-achse-gewicht-1350-kg-255-x-133-cm\/?lang=de","url":"https:\/\/sagrinex.com\/produit\/gebremster-aluminiumanhaenger-mcalupro-dv135-1-gebremste-achse-gewicht-1350-kg-255-x-133-cm\/?lang=de","name":"Gebremster Aluminiumanh\u00e4nger \u2013 Mcalupro \u2013 DV135 \u2013 1 gebremste Achse \u2013 Gewicht: 1350 kg \u2013 255 x 133 cm - Sagrinex \u2013 Anhaenger, Container &amp; Landtechnik \ud83c\udf3e\ud83d\ude9c","isPartOf":{"@id":"https:\/\/sagrinex.com\/#website"},"primaryImageOfPage":{"@id":"https:\/\/sagrinex.com\/produit\/gebremster-aluminiumanhaenger-mcalupro-dv135-1-gebremste-achse-gewicht-1350-kg-255-x-133-cm\/?lang=de#primaryimage"},"image":{"@id":"https:\/\/sagrinex.com\/produit\/gebremster-aluminiumanhaenger-mcalupro-dv135-1-gebremste-achse-gewicht-1350-kg-255-x-133-cm\/?lang=de#primaryimage"},"thumbnailUrl":"https:\/\/sagrinex.com\/wp-content\/uploads\/2026\/03\/Image-329-1-scaled.jpeg","datePublished":"2026-04-18T02:23:33+00:00","dateModified":"2026-04-18T02:24:18+00:00","breadcrumb":{"@id":"https:\/\/sagrinex.com\/produit\/gebremster-aluminiumanhaenger-mcalupro-dv135-1-gebremste-achse-gewicht-1350-kg-255-x-133-cm\/?lang=de#breadcrumb"},"inLanguage":"de","potentialAction":[{"@type":"ReadAction","target":["https:\/\/sagrinex.com\/produit\/gebremster-aluminiumanhaenger-mcalupro-dv135-1-gebremste-achse-gewicht-1350-kg-255-x-133-cm\/?lang=de"]}]},{"@type":"ImageObject","inLanguage":"de","@id":"https:\/\/sagrinex.com\/produit\/gebremster-aluminiumanhaenger-mcalupro-dv135-1-gebremste-achse-gewicht-1350-kg-255-x-133-cm\/?lang=de#primaryimage","url":"https:\/\/sagrinex.com\/wp-content\/uploads\/2026\/03\/Image-329-1-scaled.jpeg","contentUrl":"https:\/\/sagrinex.com\/wp-content\/uploads\/2026\/03\/Image-329-1-scaled.jpeg","width":2560,"height":1920},{"@type":"BreadcrumbList","@id":"https:\/\/sagrinex.com\/produit\/gebremster-aluminiumanhaenger-mcalupro-dv135-1-gebremste-achse-gewicht-1350-kg-255-x-133-cm\/?lang=de#breadcrumb","itemListElement":[{"@type":"ListItem","position":1,"name":"Accueil","item":"https:\/\/sagrinex.com\/?lang=de"},{"@type":"ListItem","position":2,"name":"Shop","item":"https:\/\/sagrinex.com\/shop\/"},{"@type":"ListItem","position":3,"name":"Gebremster Aluminiumanh\u00e4nger \u2013 Mcalupro \u2013 DV135 \u2013 1 gebremste Achse \u2013 Gewicht: 1350 kg \u2013 255 x 133 cm"}]},{"@type":"WebSite","@id":"https:\/\/sagrinex.com\/#website","url":"https:\/\/sagrinex.com\/","name":"Sagrinex \u2013 Spezialist f\u00fcr Anh\u00e4nger, Container & Landtechnik","description":"Anhaenger, Container &amp; Landtechnik \u2014 Online-Verkauf &amp; kostenloses Angebot","publisher":{"@id":"https:\/\/sagrinex.com\/#organization"},"potentialAction":[{"@type":"SearchAction","target":{"@type":"EntryPoint","urlTemplate":"https:\/\/sagrinex.com\/?s={search_term_string}"},"query-input":{"@type":"PropertyValueSpecification","valueRequired":true,"valueName":"search_term_string"}}],"inLanguage":"de"},{"@type":"Organization","@id":"https:\/\/sagrinex.com\/#organization","name":"Sagrinex \u2013 Remorques, Conteneurs & Mat\u00e9riel Agricole","url":"https:\/\/sagrinex.com\/","logo":{"@type":"ImageObject","inLanguage":"de","@id":"https:\/\/sagrinex.com\/#\/schema\/logo\/image\/","url":"https:\/\/sagrinex.com\/wp-content\/uploads\/2026\/03\/7f1ac463-ef5a-425d-bdd6-a5da03a334a9-1024x683.png","contentUrl":"https:\/\/sagrinex.com\/wp-content\/uploads\/2026\/03\/7f1ac463-ef5a-425d-bdd6-a5da03a334a9-1024x683.png","width":1024,"height":683,"caption":"Sagrinex \u2013 Remorques, Conteneurs & Mat\u00e9riel Agricole"},"image":{"@id":"https:\/\/sagrinex.com\/#\/schema\/logo\/image\/"}}]}},"jetpack_sharing_enabled":true,"_links":{"self":[{"href":"https:\/\/sagrinex.com\/de\/wp-json\/wp\/v2\/product\/18436","targetHints":{"allow":["GET"]}}],"collection":[{"href":"https:\/\/sagrinex.com\/de\/wp-json\/wp\/v2\/product"}],"about":[{"href":"https:\/\/sagrinex.com\/de\/wp-json\/wp\/v2\/types\/product"}],"replies":[{"embeddable":true,"href":"https:\/\/sagrinex.com\/de\/wp-json\/wp\/v2\/comments?post=18436"}],"version-history":[{"count":0,"href":"https:\/\/sagrinex.com\/de\/wp-json\/wp\/v2\/product\/18436\/revisions"}],"wp:featuredmedia":[{"embeddable":true,"href":"https:\/\/sagrinex.com\/de\/wp-json\/wp\/v2\/media\/11422"}],"wp:attachment":[{"href":"https:\/\/sagrinex.com\/de\/wp-json\/wp\/v2\/media?parent=18436"}],"wp:term":[{"taxonomy":"product_brand","embeddable":true,"href":"https:\/\/sagrinex.com\/de\/wp-json\/wp\/v2\/product_brand?post=18436"},{"taxonomy":"product_cat","embeddable":true,"href":"https:\/\/sagrinex.com\/de\/wp-json\/wp\/v2\/product_cat?post=18436"},{"taxonomy":"product_tag","embeddable":true,"href":"https:\/\/sagrinex.com\/de\/wp-json\/wp\/v2\/product_tag?post=18436"}],"curies":[{"name":"wp","href":"https:\/\/api.w.org\/{rel}","templated":true}]}}