{"id":18438,"date":"2026-04-18T02:23:36","date_gmt":"2026-04-18T02:23:36","guid":{"rendered":"https:\/\/sagrinex.com\/produit\/saris-kippanhaenger-256-x-150-cm-gewicht-1350-kg-1-achse-gebremst\/"},"modified":"2026-04-18T02:24:13","modified_gmt":"2026-04-18T02:24:13","slug":"saris-kippanhaenger-256-x-150-cm-gewicht-1350-kg-1-achse-gebremst","status":"publish","type":"product","link":"https:\/\/sagrinex.com\/de\/produit\/saris-kippanhaenger-256-x-150-cm-gewicht-1350-kg-1-achse-gebremst\/","title":{"rendered":"Saris-Kippanh\u00e4nger \u2013 256 x 150 cm \u2013 Gewicht: 1350 kg \u2013 1 Achse \u2013 gebremst"},"content":{"rendered":"<p>Dieser SARIS Kipperanh\u00e4nger ist ideal f\u00fcr kleine und gro\u00dfe Arbeiten (Transport von Schutt, Bauschutt, Gartenabf\u00e4llen, Sand, Steinen und Maschinen) in aller Sicherheit. Sehr praktisch bei Au\u00dfengestaltungsarbeiten, Geb\u00e4udekonstruktion oder in der Landwirtschaft.<\/p>\n<p>Dieser \u00e4u\u00dferst robuste Kipper wurde entwickelt, um Missbrauch zu ertragen.<\/p>\n<p>Erh\u00e4ltlich in klassischer Version (Alu) oder <strong>Black Edition<\/strong> (schwarzer Boden, schwarze R\u00e4der, schwarze Bordw\u00e4nde)<\/p>\n<h2><strong>SERIENAUSSTATTUNG<\/strong><\/h2>\n<ul>\n<li>Abgesenkter Ladeschweller<\/li>\n<li>\u00dcber 200 Schwei\u00dfpunkte pro Fahrgestell<\/li>\n<li>Aluminium-Bordw\u00e4nde 30 cm Doppelwand mit \u00e4u\u00dferem Verschluss<\/li>\n<li>Klappst\u00fctzrad<\/li>\n<li>Doppelte Schallschutzumh\u00fcllung der Kupplungen pro Fahrgestell<\/li>\n<li>Befestigungsstifte f\u00fcr Netze auf Verschluss<\/li>\n<li>Zurrlaschen 800 daN schallged\u00e4mmt<\/li>\n<li>Zurrgurtstifte<\/li>\n<li>Stahlplatte auf Holzboden befestigt<\/li>\n<\/ul>\n<h2><strong>OPTIONEN<\/strong><\/h2>\n<ul>\n<li>Option Black Edition (schwarzer Boden, schwarze R\u00e4der, schwarze Bordw\u00e4nde)<\/li>\n<li>Bordw\u00e4nde von 35 cm statt 30 cm<\/li>\n<li>Elektropumpe :<\/li>\n<li>Nothandpumpe (mit Elektropumpe) :<\/li>\n<li>Fernbedienung Elektropumpe<\/li>\n<li>Montierte St\u00fctzb\u00f6cke<\/li>\n<li>Achsd\u00e4mpfer :<\/li>\n<li>Ersatzrad mit Halter<\/li>\n<li>Ersatzrad mit Halter f\u00fcr Black Edition<\/li>\n<li>LED-Beleuchtung (komplettes System)<\/li>\n<li>U-Profil zum Befestigen von Rampen<\/li>\n<\/ul>\n<h2><strong>ZUBEH\u00d6R<\/strong><\/h2>\n<ul>\n<li>Netz mit gro\u00dfen Maschen<\/li>\n<li>Leiterschiene<\/li>\n<li>Flache Plane hellgrau<\/li>\n<li>Hochplane 160 cm hellgrau<\/li>\n<li>Hochplane 180 cm hellgrau<\/li>\n<li>Gitteraufbau 60 cm<\/li>\n<li>Laubschutzgitter (feinmaschig)<\/li>\n<li>Lange Rampe 2.5 Meter 1400 kg<\/li>\n<li>Zus\u00e4tzliche Bordw\u00e4nde 30 cm \u00e4u\u00dferer Verschluss<\/li>\n<li>Zus\u00e4tzliche Bordw\u00e4nde 30 cm Black Edition<\/li>\n<li>Batterie-Ladeger\u00e4t<\/li>\n<\/ul>\n<h2><strong>DAS + VON SARIS KIPPERN<\/strong><\/h2>\n<ul>\n<li>Extreme Robustheit ohne Schwachstellen<\/li>\n<li>Schnelle Entladung<\/li>\n<li>Gro\u00dfe Auswahl an Optionen und Zubeh\u00f6r zur Anpassung an verschiedene Verwendungsarten<\/li>\n<li>Solider Boden mit resistenter Stahlplatte bedeckt<\/li>\n<li>Fahrgestell vollst\u00e4ndig verschwei\u00dft und feuerverzinkt<\/li>\n<li>Abgesenkter Ladeschweller<\/li>\n<li>\u00dcber 200 Schwei\u00dfpunkte pro Fahrgestell<\/li>\n<\/ul>\n","protected":false},"excerpt":{"rendered":"<div class=\"sgx-short-desc\">\n<p>Einachsiger gebremster Kippanh\u00e4nger, 256 \u00d7 150 cm Nutzfl\u00e4che, Nutzlast 910 kg (zul\u00e4ssiges Gesamtgewicht 1.350 kg). Vollst\u00e4ndig geschwei\u00dftes und verzinktes Fahrgestell, niedrige Ladeschwelle, 30 cm doppelwandige Aluminiumseiten (Au\u00dfenverschluss), Boden 67 cm \u00fcber dem Boden mit Stahlplatte. Ausgestattet mit automatischem St\u00fctzrad, 800-daN-Zurrpunkten mit doppelter L\u00e4rmschutzh\u00fclle. 13-Zoll-Reifen, V-f\u00f6rmiger Ausleger, einfache Neigung f\u00fcr schnelles Entladen am Heck.<\/p>\n<div class=\"mod_fa_champspersonnalisables_v14_liste\">\n<div class=\"mod_fa_champspersonnalisables_v14_titre\"><strong>Gesamtgewicht: <\/strong><span class=\"mod_fa_champspersonnalisables_v14_valeur\">1350 kg abnehmbar auf 750 kg<\/span><\/div>\n<\/div>\n<div class=\"mod_fa_champspersonnalisables_v14_liste\">\n<div class=\"mod_fa_champspersonnalisables_v14_titre\"><strong>Leermasse: <\/strong><span class=\"mod_fa_champspersonnalisables_v14_valeur\">430 kg<\/span><\/div>\n<\/div>\n<div class=\"mod_fa_champspersonnalisables_v14_liste\">\n<div class=\"mod_fa_champspersonnalisables_v14_titre\"><strong>Nutzlast: <\/strong><span class=\"mod_fa_champspersonnalisables_v14_valeur\">920 kg<\/span><\/div>\n<\/div>\n<div class=\"mod_fa_champspersonnalisables_v14_liste\">\n<div class=\"mod_fa_champspersonnalisables_v14_titre\"><strong>N\u00fctzliche Abmessungen: <\/strong><span class=\"mod_fa_champspersonnalisables_v14_valeur\">256 x 150 cm<\/span><\/div>\n<\/div>\n<div class=\"mod_fa_champspersonnalisables_v14_liste\">\n<div class=\"mod_fa_champspersonnalisables_v14_titre\"><strong>Gesamtabmessungen: <\/strong><span class=\"mod_fa_champspersonnalisables_v14_valeur\">390 x 156 cm<\/span><\/div>\n<\/div>\n<div class=\"mod_fa_champspersonnalisables_v14_liste\">\n<div class=\"mod_fa_champspersonnalisables_v14_titre\"><strong>Nutzh\u00f6he\/Boden: <\/strong><span class=\"mod_fa_champspersonnalisables_v14_valeur\">73 cm<\/span><\/div>\n<\/div>\n<div class=\"mod_fa_champspersonnalisables_v14_liste\">\n<div class=\"mod_fa_champspersonnalisables_v14_titre\"><strong>R\u00e4der: <\/strong><span class=\"mod_fa_champspersonnalisables_v14_valeur\">195\/50R13C<\/span><\/div>\n<\/div>\n<div class=\"mod_fa_champspersonnalisables_v14_liste\">\n<div class=\"mod_fa_champspersonnalisables_v14_titre\"><strong>Ausr\u00fcstung: <\/strong><span class=\"mod_fa_champspersonnalisables_v14_valeur\">Abgesenkte Ladekante \u2022 Vollverschwei\u00dftes Fahrgestell (rechteckiges Rohrprofil) \u2022 Mehr als 200 Schwei\u00dfpunkte pro Fahrgestell \u2022 Komplette Verzinkung des Fahrgestells im Bad \u2022 Doppelwandige Aluminium-Bordw\u00e4nde \u2022 30 cm Bordw\u00e4nde mit Au\u00dfenverschluss \u2022 Starkes einziehbares St\u00fctzrad \u2022 800 daN L\u00e4rmschutz-Zurrpunkte \u2022 Doppelte L\u00e4rmschutzummantelung der Haken pro Fahrgestell \u2022 Umreifungs\u00f6sen \u2022 Befestigungs\u00f6sen der Netze an Verschl\u00fcssen \u2022 Stahlplatte befestigt an Holzboden<\/span><\/div>\n<\/div>\n<\/div>\n","protected":false},"featured_media":10971,"comment_status":"open","ping_status":"closed","template":"","meta":[],"product_brand":[],"product_cat":[354,352],"product_tag":[],"class_list":{"0":"post-18438","1":"product","2":"type-product","3":"status-publish","4":"has-post-thumbnail","6":"product_cat-kippanhaenger","7":"product_cat-unsere-trailer","9":"first","10":"instock","11":"shipping-taxable","12":"purchasable","13":"product-type-variable"},"yoast_head":"<!-- This site is optimized with the Yoast SEO plugin v27.4 - https:\/\/yoast.com\/product\/yoast-seo-wordpress\/ -->\n<title>Saris-Kippanh\u00e4nger \u2013 256 x 150 cm \u2013 Gewicht: 1350 kg \u2013 1 Achse \u2013 gebremst - Sagrinex \u2013 Anhaenger, Container &amp; Landtechnik \ud83c\udf3e\ud83d\ude9c<\/title>\n<meta name=\"robots\" content=\"index, follow, max-snippet:-1, max-image-preview:large, max-video-preview:-1\" \/>\n<link rel=\"canonical\" href=\"https:\/\/sagrinex.com\/produit\/saris-kippanhaenger-256-x-150-cm-gewicht-1350-kg-1-achse-gebremst\/?lang=de\" \/>\n<meta property=\"og:locale\" content=\"de_DE\" \/>\n<meta property=\"og:type\" content=\"article\" \/>\n<meta property=\"og:title\" content=\"Saris-Kippanh\u00e4nger \u2013 256 x 150 cm \u2013 Gewicht: 1350 kg \u2013 1 Achse \u2013 gebremst - Sagrinex \u2013 Anhaenger, Container &amp; Landtechnik \ud83c\udf3e\ud83d\ude9c\" \/>\n<meta property=\"og:description\" content=\"Einachsiger gebremster Kippanh\u00e4nger, 256 \u00d7 150 cm Nutzfl\u00e4che, Nutzlast 910 kg (zul\u00e4ssiges Gesamtgewicht 1.350 kg). Vollst\u00e4ndig geschwei\u00dftes und verzinktes Fahrgestell, niedrige Ladeschwelle, 30 cm doppelwandige Aluminiumseiten (Au\u00dfenverschluss), Boden 67 cm \u00fcber dem Boden mit Stahlplatte. Ausgestattet mit automatischem St\u00fctzrad, 800-daN-Zurrpunkten mit doppelter L\u00e4rmschutzh\u00fclle. 13-Zoll-Reifen, V-f\u00f6rmiger Ausleger, einfache Neigung f\u00fcr schnelles Entladen am Heck. Gesamtgewicht: 1350 kg abnehmbar auf 750 kg  Leermasse: 430 kg  Nutzlast: 920 kg  N\u00fctzliche Abmessungen: 256 x 150 cm  Gesamtabmessungen: 390 x 156 cm  Nutzh\u00f6he\/Boden: 73 cm  R\u00e4der: 195\/50R13C  Ausr\u00fcstung: Abgesenkte Ladekante \u2022 Vollverschwei\u00dftes Fahrgestell (rechteckiges Rohrprofil) \u2022 Mehr als 200 Schwei\u00dfpunkte pro Fahrgestell \u2022 Komplette Verzinkung des Fahrgestells im Bad \u2022 Doppelwandige Aluminium-Bordw\u00e4nde \u2022 30 cm Bordw\u00e4nde mit Au\u00dfenverschluss \u2022 Starkes einziehbares St\u00fctzrad \u2022 800 daN L\u00e4rmschutz-Zurrpunkte \u2022 Doppelte L\u00e4rmschutzummantelung der Haken pro Fahrgestell \u2022 Umreifungs\u00f6sen \u2022 Befestigungs\u00f6sen der Netze an Verschl\u00fcssen \u2022 Stahlplatte befestigt an Holzboden\" \/>\n<meta property=\"og:url\" content=\"https:\/\/sagrinex.com\/produit\/saris-kippanhaenger-256-x-150-cm-gewicht-1350-kg-1-achse-gebremst\/?lang=de\" \/>\n<meta property=\"og:site_name\" content=\"Sagrinex \u2013 Anhaenger, Container &amp; Landtechnik \ud83c\udf3e\ud83d\ude9c\" \/>\n<meta property=\"article:modified_time\" content=\"2026-04-18T02:24:13+00:00\" \/>\n<meta name=\"twitter:card\" content=\"summary_large_image\" \/>\n<meta name=\"twitter:label1\" content=\"Gesch\u00e4tzte Lesezeit\" \/>\n\t<meta name=\"twitter:data1\" content=\"1\u00a0Minute\" \/>\n<script type=\"application\/ld+json\" class=\"yoast-schema-graph\">{\"@context\":\"https:\\\/\\\/schema.org\",\"@graph\":[{\"@type\":\"WebPage\",\"@id\":\"https:\\\/\\\/sagrinex.com\\\/produit\\\/saris-kippanhaenger-256-x-150-cm-gewicht-1350-kg-1-achse-gebremst\\\/?lang=de\",\"url\":\"https:\\\/\\\/sagrinex.com\\\/produit\\\/saris-kippanhaenger-256-x-150-cm-gewicht-1350-kg-1-achse-gebremst\\\/?lang=de\",\"name\":\"Saris-Kippanh\u00e4nger \u2013 256 x 150 cm \u2013 Gewicht: 1350 kg \u2013 1 Achse \u2013 gebremst - Sagrinex \u2013 Anhaenger, Container &amp; Landtechnik \ud83c\udf3e\ud83d\ude9c\",\"isPartOf\":{\"@id\":\"https:\\\/\\\/sagrinex.com\\\/#website\"},\"primaryImageOfPage\":{\"@id\":\"https:\\\/\\\/sagrinex.com\\\/produit\\\/saris-kippanhaenger-256-x-150-cm-gewicht-1350-kg-1-achse-gebremst\\\/?lang=de#primaryimage\"},\"image\":{\"@id\":\"https:\\\/\\\/sagrinex.com\\\/produit\\\/saris-kippanhaenger-256-x-150-cm-gewicht-1350-kg-1-achse-gebremst\\\/?lang=de#primaryimage\"},\"thumbnailUrl\":\"https:\\\/\\\/sagrinex.com\\\/wp-content\\\/uploads\\\/2026\\\/03\\\/Image-845.jpeg\",\"datePublished\":\"2026-04-18T02:23:36+00:00\",\"dateModified\":\"2026-04-18T02:24:13+00:00\",\"breadcrumb\":{\"@id\":\"https:\\\/\\\/sagrinex.com\\\/produit\\\/saris-kippanhaenger-256-x-150-cm-gewicht-1350-kg-1-achse-gebremst\\\/?lang=de#breadcrumb\"},\"inLanguage\":\"de\",\"potentialAction\":[{\"@type\":\"ReadAction\",\"target\":[\"https:\\\/\\\/sagrinex.com\\\/produit\\\/saris-kippanhaenger-256-x-150-cm-gewicht-1350-kg-1-achse-gebremst\\\/?lang=de\"]}]},{\"@type\":\"ImageObject\",\"inLanguage\":\"de\",\"@id\":\"https:\\\/\\\/sagrinex.com\\\/produit\\\/saris-kippanhaenger-256-x-150-cm-gewicht-1350-kg-1-achse-gebremst\\\/?lang=de#primaryimage\",\"url\":\"https:\\\/\\\/sagrinex.com\\\/wp-content\\\/uploads\\\/2026\\\/03\\\/Image-845.jpeg\",\"contentUrl\":\"https:\\\/\\\/sagrinex.com\\\/wp-content\\\/uploads\\\/2026\\\/03\\\/Image-845.jpeg\",\"width\":1200,\"height\":1200},{\"@type\":\"BreadcrumbList\",\"@id\":\"https:\\\/\\\/sagrinex.com\\\/produit\\\/saris-kippanhaenger-256-x-150-cm-gewicht-1350-kg-1-achse-gebremst\\\/?lang=de#breadcrumb\",\"itemListElement\":[{\"@type\":\"ListItem\",\"position\":1,\"name\":\"Accueil\",\"item\":\"https:\\\/\\\/sagrinex.com\\\/?lang=de\"},{\"@type\":\"ListItem\",\"position\":2,\"name\":\"Shop\",\"item\":\"https:\\\/\\\/sagrinex.com\\\/shop\\\/\"},{\"@type\":\"ListItem\",\"position\":3,\"name\":\"Saris-Kippanh\u00e4nger \u2013 256 x 150 cm \u2013 Gewicht: 1350 kg \u2013 1 Achse \u2013 gebremst\"}]},{\"@type\":\"WebSite\",\"@id\":\"https:\\\/\\\/sagrinex.com\\\/#website\",\"url\":\"https:\\\/\\\/sagrinex.com\\\/\",\"name\":\"Sagrinex \u2013 Spezialist f\u00fcr Anh\u00e4nger, Container & Landtechnik\",\"description\":\"Anhaenger, Container &amp; Landtechnik \u2014 Online-Verkauf &amp; kostenloses Angebot\",\"publisher\":{\"@id\":\"https:\\\/\\\/sagrinex.com\\\/#organization\"},\"potentialAction\":[{\"@type\":\"SearchAction\",\"target\":{\"@type\":\"EntryPoint\",\"urlTemplate\":\"https:\\\/\\\/sagrinex.com\\\/?s={search_term_string}\"},\"query-input\":{\"@type\":\"PropertyValueSpecification\",\"valueRequired\":true,\"valueName\":\"search_term_string\"}}],\"inLanguage\":\"de\"},{\"@type\":\"Organization\",\"@id\":\"https:\\\/\\\/sagrinex.com\\\/#organization\",\"name\":\"Sagrinex \u2013 Remorques, Conteneurs & Mat\u00e9riel Agricole\",\"url\":\"https:\\\/\\\/sagrinex.com\\\/\",\"logo\":{\"@type\":\"ImageObject\",\"inLanguage\":\"de\",\"@id\":\"https:\\\/\\\/sagrinex.com\\\/#\\\/schema\\\/logo\\\/image\\\/\",\"url\":\"https:\\\/\\\/sagrinex.com\\\/wp-content\\\/uploads\\\/2026\\\/03\\\/7f1ac463-ef5a-425d-bdd6-a5da03a334a9-1024x683.png\",\"contentUrl\":\"https:\\\/\\\/sagrinex.com\\\/wp-content\\\/uploads\\\/2026\\\/03\\\/7f1ac463-ef5a-425d-bdd6-a5da03a334a9-1024x683.png\",\"width\":1024,\"height\":683,\"caption\":\"Sagrinex \u2013 Remorques, Conteneurs & Mat\u00e9riel Agricole\"},\"image\":{\"@id\":\"https:\\\/\\\/sagrinex.com\\\/#\\\/schema\\\/logo\\\/image\\\/\"}}]}<\/script>\n<!-- \/ Yoast SEO plugin. -->","yoast_head_json":{"title":"Saris-Kippanh\u00e4nger \u2013 256 x 150 cm \u2013 Gewicht: 1350 kg \u2013 1 Achse \u2013 gebremst - Sagrinex \u2013 Anhaenger, Container &amp; Landtechnik \ud83c\udf3e\ud83d\ude9c","robots":{"index":"index","follow":"follow","max-snippet":"max-snippet:-1","max-image-preview":"max-image-preview:large","max-video-preview":"max-video-preview:-1"},"canonical":"https:\/\/sagrinex.com\/produit\/saris-kippanhaenger-256-x-150-cm-gewicht-1350-kg-1-achse-gebremst\/?lang=de","og_locale":"de_DE","og_type":"article","og_title":"Saris-Kippanh\u00e4nger \u2013 256 x 150 cm \u2013 Gewicht: 1350 kg \u2013 1 Achse \u2013 gebremst - Sagrinex \u2013 Anhaenger, Container &amp; Landtechnik \ud83c\udf3e\ud83d\ude9c","og_description":"Einachsiger gebremster Kippanh\u00e4nger, 256 \u00d7 150 cm Nutzfl\u00e4che, Nutzlast 910 kg (zul\u00e4ssiges Gesamtgewicht 1.350 kg). Vollst\u00e4ndig geschwei\u00dftes und verzinktes Fahrgestell, niedrige Ladeschwelle, 30 cm doppelwandige Aluminiumseiten (Au\u00dfenverschluss), Boden 67 cm \u00fcber dem Boden mit Stahlplatte. Ausgestattet mit automatischem St\u00fctzrad, 800-daN-Zurrpunkten mit doppelter L\u00e4rmschutzh\u00fclle. 13-Zoll-Reifen, V-f\u00f6rmiger Ausleger, einfache Neigung f\u00fcr schnelles Entladen am Heck. Gesamtgewicht: 1350 kg abnehmbar auf 750 kg  Leermasse: 430 kg  Nutzlast: 920 kg  N\u00fctzliche Abmessungen: 256 x 150 cm  Gesamtabmessungen: 390 x 156 cm  Nutzh\u00f6he\/Boden: 73 cm  R\u00e4der: 195\/50R13C  Ausr\u00fcstung: Abgesenkte Ladekante \u2022 Vollverschwei\u00dftes Fahrgestell (rechteckiges Rohrprofil) \u2022 Mehr als 200 Schwei\u00dfpunkte pro Fahrgestell \u2022 Komplette Verzinkung des Fahrgestells im Bad \u2022 Doppelwandige Aluminium-Bordw\u00e4nde \u2022 30 cm Bordw\u00e4nde mit Au\u00dfenverschluss \u2022 Starkes einziehbares St\u00fctzrad \u2022 800 daN L\u00e4rmschutz-Zurrpunkte \u2022 Doppelte L\u00e4rmschutzummantelung der Haken pro Fahrgestell \u2022 Umreifungs\u00f6sen \u2022 Befestigungs\u00f6sen der Netze an Verschl\u00fcssen \u2022 Stahlplatte befestigt an Holzboden","og_url":"https:\/\/sagrinex.com\/produit\/saris-kippanhaenger-256-x-150-cm-gewicht-1350-kg-1-achse-gebremst\/?lang=de","og_site_name":"Sagrinex \u2013 Anhaenger, Container &amp; Landtechnik \ud83c\udf3e\ud83d\ude9c","article_modified_time":"2026-04-18T02:24:13+00:00","twitter_card":"summary_large_image","twitter_misc":{"Gesch\u00e4tzte Lesezeit":"1\u00a0Minute"},"schema":{"@context":"https:\/\/schema.org","@graph":[{"@type":"WebPage","@id":"https:\/\/sagrinex.com\/produit\/saris-kippanhaenger-256-x-150-cm-gewicht-1350-kg-1-achse-gebremst\/?lang=de","url":"https:\/\/sagrinex.com\/produit\/saris-kippanhaenger-256-x-150-cm-gewicht-1350-kg-1-achse-gebremst\/?lang=de","name":"Saris-Kippanh\u00e4nger \u2013 256 x 150 cm \u2013 Gewicht: 1350 kg \u2013 1 Achse \u2013 gebremst - Sagrinex \u2013 Anhaenger, Container &amp; Landtechnik \ud83c\udf3e\ud83d\ude9c","isPartOf":{"@id":"https:\/\/sagrinex.com\/#website"},"primaryImageOfPage":{"@id":"https:\/\/sagrinex.com\/produit\/saris-kippanhaenger-256-x-150-cm-gewicht-1350-kg-1-achse-gebremst\/?lang=de#primaryimage"},"image":{"@id":"https:\/\/sagrinex.com\/produit\/saris-kippanhaenger-256-x-150-cm-gewicht-1350-kg-1-achse-gebremst\/?lang=de#primaryimage"},"thumbnailUrl":"https:\/\/sagrinex.com\/wp-content\/uploads\/2026\/03\/Image-845.jpeg","datePublished":"2026-04-18T02:23:36+00:00","dateModified":"2026-04-18T02:24:13+00:00","breadcrumb":{"@id":"https:\/\/sagrinex.com\/produit\/saris-kippanhaenger-256-x-150-cm-gewicht-1350-kg-1-achse-gebremst\/?lang=de#breadcrumb"},"inLanguage":"de","potentialAction":[{"@type":"ReadAction","target":["https:\/\/sagrinex.com\/produit\/saris-kippanhaenger-256-x-150-cm-gewicht-1350-kg-1-achse-gebremst\/?lang=de"]}]},{"@type":"ImageObject","inLanguage":"de","@id":"https:\/\/sagrinex.com\/produit\/saris-kippanhaenger-256-x-150-cm-gewicht-1350-kg-1-achse-gebremst\/?lang=de#primaryimage","url":"https:\/\/sagrinex.com\/wp-content\/uploads\/2026\/03\/Image-845.jpeg","contentUrl":"https:\/\/sagrinex.com\/wp-content\/uploads\/2026\/03\/Image-845.jpeg","width":1200,"height":1200},{"@type":"BreadcrumbList","@id":"https:\/\/sagrinex.com\/produit\/saris-kippanhaenger-256-x-150-cm-gewicht-1350-kg-1-achse-gebremst\/?lang=de#breadcrumb","itemListElement":[{"@type":"ListItem","position":1,"name":"Accueil","item":"https:\/\/sagrinex.com\/?lang=de"},{"@type":"ListItem","position":2,"name":"Shop","item":"https:\/\/sagrinex.com\/shop\/"},{"@type":"ListItem","position":3,"name":"Saris-Kippanh\u00e4nger \u2013 256 x 150 cm \u2013 Gewicht: 1350 kg \u2013 1 Achse \u2013 gebremst"}]},{"@type":"WebSite","@id":"https:\/\/sagrinex.com\/#website","url":"https:\/\/sagrinex.com\/","name":"Sagrinex \u2013 Spezialist f\u00fcr Anh\u00e4nger, Container & Landtechnik","description":"Anhaenger, Container &amp; Landtechnik \u2014 Online-Verkauf &amp; kostenloses Angebot","publisher":{"@id":"https:\/\/sagrinex.com\/#organization"},"potentialAction":[{"@type":"SearchAction","target":{"@type":"EntryPoint","urlTemplate":"https:\/\/sagrinex.com\/?s={search_term_string}"},"query-input":{"@type":"PropertyValueSpecification","valueRequired":true,"valueName":"search_term_string"}}],"inLanguage":"de"},{"@type":"Organization","@id":"https:\/\/sagrinex.com\/#organization","name":"Sagrinex \u2013 Remorques, Conteneurs & Mat\u00e9riel Agricole","url":"https:\/\/sagrinex.com\/","logo":{"@type":"ImageObject","inLanguage":"de","@id":"https:\/\/sagrinex.com\/#\/schema\/logo\/image\/","url":"https:\/\/sagrinex.com\/wp-content\/uploads\/2026\/03\/7f1ac463-ef5a-425d-bdd6-a5da03a334a9-1024x683.png","contentUrl":"https:\/\/sagrinex.com\/wp-content\/uploads\/2026\/03\/7f1ac463-ef5a-425d-bdd6-a5da03a334a9-1024x683.png","width":1024,"height":683,"caption":"Sagrinex \u2013 Remorques, Conteneurs & Mat\u00e9riel Agricole"},"image":{"@id":"https:\/\/sagrinex.com\/#\/schema\/logo\/image\/"}}]}},"jetpack_sharing_enabled":true,"_links":{"self":[{"href":"https:\/\/sagrinex.com\/de\/wp-json\/wp\/v2\/product\/18438","targetHints":{"allow":["GET"]}}],"collection":[{"href":"https:\/\/sagrinex.com\/de\/wp-json\/wp\/v2\/product"}],"about":[{"href":"https:\/\/sagrinex.com\/de\/wp-json\/wp\/v2\/types\/product"}],"replies":[{"embeddable":true,"href":"https:\/\/sagrinex.com\/de\/wp-json\/wp\/v2\/comments?post=18438"}],"version-history":[{"count":0,"href":"https:\/\/sagrinex.com\/de\/wp-json\/wp\/v2\/product\/18438\/revisions"}],"wp:featuredmedia":[{"embeddable":true,"href":"https:\/\/sagrinex.com\/de\/wp-json\/wp\/v2\/media\/10971"}],"wp:attachment":[{"href":"https:\/\/sagrinex.com\/de\/wp-json\/wp\/v2\/media?parent=18438"}],"wp:term":[{"taxonomy":"product_brand","embeddable":true,"href":"https:\/\/sagrinex.com\/de\/wp-json\/wp\/v2\/product_brand?post=18438"},{"taxonomy":"product_cat","embeddable":true,"href":"https:\/\/sagrinex.com\/de\/wp-json\/wp\/v2\/product_cat?post=18438"},{"taxonomy":"product_tag","embeddable":true,"href":"https:\/\/sagrinex.com\/de\/wp-json\/wp\/v2\/product_tag?post=18438"}],"curies":[{"name":"wp","href":"https:\/\/api.w.org\/{rel}","templated":true}]}}