{"id":18445,"date":"2026-04-18T02:23:47","date_gmt":"2026-04-18T02:23:47","guid":{"rendered":"https:\/\/sagrinex.com\/produit\/saris-kippanhaenger-306-x-184-cm-gewicht-2700-kg-2-achsen-gebremst\/"},"modified":"2026-04-18T02:24:25","modified_gmt":"2026-04-18T02:24:25","slug":"saris-kippanhaenger-306-x-184-cm-gewicht-2700-kg-2-achsen-gebremst","status":"publish","type":"product","link":"https:\/\/sagrinex.com\/de\/produit\/saris-kippanhaenger-306-x-184-cm-gewicht-2700-kg-2-achsen-gebremst\/","title":{"rendered":"Saris-Kippanh\u00e4nger \u2013 306 x 184 cm \u2013 Gewicht: 2700 kg \u2013 2 Achsen \u2013 gebremst"},"content":{"rendered":"<p>Dieser Anh\u00e4nger<strong> Kippmulde SARIS<\/strong> ist ideal f\u00fcr kleine und gro\u00dfe Arbeiten (Transport von Schutt, Bauschutt, Gartenabf\u00e4llen, Sand, Steinen und Maschinen) mit vollst\u00e4ndiger <strong>Sicherheit.<\/strong> Sehr praktisch bei Au\u00dfenausbauarbeiten, beim Geb\u00e4udebau oder in der Landwirtschaft.<\/p>\n<p>Diese Kippmulde<strong> \u00e4u\u00dferst robust<\/strong> wurde entwickelt, um raue Behandlung zu ertragen.<\/p>\n<p>Erh\u00e4ltlich in klassischer Version (Alu) oder<strong> Black Edition<\/strong> (schwarze Ladefl\u00e4che, schwarze R\u00e4der, schwarze Bordw\u00e4nde) (Siehe Foto hier mit einfacher Achse)<\/p>\n<h2>SERIENAUSSTATTUNG<\/h2>\n<p>&#8211; Abgesenkte Ladeschwelle<\/p>\n<p>&#8211; \u00dcber 200 Schwei\u00dfpunkte pro Fahrgestell<\/p>\n<p>&#8211; Aluminium-Bordw\u00e4nde 30 cm doppelwandig mit Au\u00dfenverschluss<\/p>\n<p>&#8211; Ausklappbares St\u00fctzrad<\/p>\n<p>&#8211; Doppelte Schallschutzmanschette der \u00d6sen pro Fahrgestell<\/p>\n<p>&#8211; Befestigungsstifte f\u00fcr Netze am Verschluss<\/p>\n<p>&#8211; Zurrgurte 800 daN schallged\u00e4mmt<\/p>\n<p>&#8211; Gurtstifte<\/p>\n<p>&#8211; Stahlplatte auf Holzboden befestigt<\/p>\n<p>&#8211; Elektrische Pumpe<\/p>\n<h2>OPTIONEN<\/h2>\n<ul>\n<li>Option Black Edition (schwarze Ladefl\u00e4che, schwarze R\u00e4der, schwarze Bordw\u00e4nde)<\/li>\n<li>Elektrische Pumpe<\/li>\n<li>Notfall-Handpumpe<\/li>\n<li>Fernbedienung elektrische Pumpe<\/li>\n<li>Montierte St\u00fctzb\u00f6cke<\/li>\n<li>Achsd\u00e4mpfer<\/li>\n<li>Reserverad mit Halterung<\/li>\n<li>Reserverad mit Halterung f\u00fcr Black Edition<\/li>\n<li>LED-Beleuchtung (komplettes System)<\/li>\n<li>F\u00fcr Rampen vorgesehen<\/li>\n<li>Integrierte Safety-Rampen (2800 kg\/das Paar)<\/li>\n<\/ul>\n<h2>ZUBEH\u00d6R<\/h2>\n<ul>\n<li>Netz mit weiter Maschenweite<\/li>\n<li>Leiterhalter<\/li>\n<li>Flache Plane hellgrau:<\/li>\n<li>Hochplane 180 cm hellgrau<\/li>\n<li>Hochplane 200 cm hellgrau<\/li>\n<li>Gitteraufbauten 60 cm vierseitig \u00f6ffnend<\/li>\n<li>Gitteraufbauten 90 cm vierseitig \u00f6ffnbar<\/li>\n<li>Laubnetz (feine Maschenweite)<\/li>\n<li>Lange Rampe 2.5 m\u00e8tres 1400 kg<\/li>\n<li>Zus\u00e4tzliche Bordw\u00e4nde 30 cm Au\u00dfenverschluss<\/li>\n<li>Zus\u00e4tzliche Bordw\u00e4nde 30 cm Black Edition<\/li>\n<li>Batterieladeger\u00e4t<\/li>\n<li>Sicherheitsschloss<\/li>\n<\/ul>\n<h2>DAS PLUS DER SARIS KIPPMULDEN<\/h2>\n<ul>\n<li>Extreme Robustheit unter allen Bedingungen<\/li>\n<li>Schnelle Entladung<\/li>\n<li>Gro\u00dfe Auswahl an Optionen und Zubeh\u00f6r f\u00fcr verschiedene Einsatzbereiche<\/li>\n<li>Solide Ladefl\u00e4che mit best\u00e4ndiger Stahlplatte<\/li>\n<li>Vollst\u00e4ndig geschwei\u00dftes, feuerverzinktes Fahrgestell<\/li>\n<li>Abgesenkte Ladeschwelle<\/li>\n<li>\u00dcber 200 Schwei\u00dfpunkte pro Fahrgestell<\/li>\n<li>Handpumpe Serie<\/li>\n<\/ul>\n","protected":false},"excerpt":{"rendered":"<div class=\"sgx-short-desc\">\n<p>SARIS-Kippanh\u00e4nger \u2013 K1306 \u2013 306 x 184 cm \u2013 zul\u00e4ssiges Gesamtgewicht: 2700 kg \u2013 2 Achsen \u2013 gebremst. Sehr beliebt bei Bau- und Au\u00dfendesign-Profis.<\/p>\n<div class=\"mod_fa_champspersonnalisables_v14_liste\">\n<div class=\"mod_fa_champspersonnalisables_v14_titre\"><strong>Gesamtgewicht: <\/strong><span class=\"mod_fa_champspersonnalisables_v14_valeur\">2700 kg<\/span><\/div>\n<\/div>\n<div class=\"mod_fa_champspersonnalisables_v14_liste\">\n<div class=\"mod_fa_champspersonnalisables_v14_titre\"><strong>Leermasse: <\/strong><span class=\"mod_fa_champspersonnalisables_v14_valeur\">629 kg<\/span><\/div>\n<\/div>\n<div class=\"mod_fa_champspersonnalisables_v14_liste\">\n<div class=\"mod_fa_champspersonnalisables_v14_titre\"><strong>Nutzlast: <\/strong><span class=\"mod_fa_champspersonnalisables_v14_valeur\">2070 kg<\/span><\/div>\n<\/div>\n<div class=\"mod_fa_champspersonnalisables_v14_liste\">\n<div class=\"mod_fa_champspersonnalisables_v14_titre\"><strong>N\u00fctzliche Abmessungen: <\/strong><span class=\"mod_fa_champspersonnalisables_v14_valeur\">306 x 184 cm<\/span><\/div>\n<\/div>\n<div class=\"mod_fa_champspersonnalisables_v14_liste\">\n<div class=\"mod_fa_champspersonnalisables_v14_titre\"><strong>Gesamtabmessungen: <\/strong><span class=\"mod_fa_champspersonnalisables_v14_valeur\">475 x 190 cm<\/span><\/div>\n<\/div>\n<div class=\"mod_fa_champspersonnalisables_v14_liste\">\n<div class=\"mod_fa_champspersonnalisables_v14_titre\"><strong>Nutzh\u00f6he\/Boden: <\/strong><span class=\"mod_fa_champspersonnalisables_v14_valeur\">66 cm<\/span><\/div>\n<\/div>\n<div class=\"mod_fa_champspersonnalisables_v14_liste\">\n<div class=\"mod_fa_champspersonnalisables_v14_titre\"><strong>Achswiderstand(e): <\/strong><span class=\"mod_fa_champspersonnalisables_v14_valeur\">2 x 1350 kg<\/span><\/div>\n<\/div>\n<div class=\"mod_fa_champspersonnalisables_v14_liste\">\n<div class=\"mod_fa_champspersonnalisables_v14_titre\"><strong>Pfeil: <\/strong><span class=\"mod_fa_champspersonnalisables_v14_valeur\">in V<\/span><\/div>\n<\/div>\n<div class=\"mod_fa_champspersonnalisables_v14_liste\">\n<div class=\"mod_fa_champspersonnalisables_v14_titre\"><strong>Fahrgestelltyp: <\/strong><span class=\"mod_fa_champspersonnalisables_v14_valeur\">Feuerverzinkt<\/span><\/div>\n<\/div>\n<div class=\"mod_fa_champspersonnalisables_v14_liste\">\n<div class=\"mod_fa_champspersonnalisables_v14_titre\"><strong>R\u00e4der: <\/strong><span class=\"mod_fa_champspersonnalisables_v14_valeur\">195\/50R13C<\/span><\/div>\n<\/div>\n<div class=\"mod_fa_champspersonnalisables_v14_liste\">\n<div class=\"mod_fa_champspersonnalisables_v14_titre\"><strong>Ausr\u00fcstung: <\/strong><span class=\"mod_fa_champspersonnalisables_v14_valeur\">Abgesenkte Ladekante \u2022 Vollverschwei\u00dftes Fahrgestell (Rechteckrohrprofil) \u2022 Mehr als 200 Schwei\u00dfpunkte\/Fahrgestell \u2022 Feuerverzinktes Fahrgestell \u2022 Doppelwandige Aluminium-Seitenw\u00e4nde \u2022 30 cm Seitenw\u00e4nde mit au\u00dfenliegendem Verschluss \u2022 Verst\u00e4rktes ausfahrbares St\u00fctzrad \u2022 800 daN l\u00e4rmmindernde Zurrpunkte \u2022 Doppelte Schallschutzummantelung f\u00fcr Haken am Fahrgestell \u2022 Umreifungs\u00f6sen \u2022 Netzbefestigungs\u00f6sen an Verschl\u00fcssen \u2022 Stahlplatte auf Holz befestigt Boden<\/span><\/div>\n<\/div>\n<\/div>\n","protected":false},"featured_media":10921,"comment_status":"open","ping_status":"closed","template":"","meta":[],"product_brand":[],"product_cat":[354,352],"product_tag":[],"class_list":{"0":"post-18445","1":"product","2":"type-product","3":"status-publish","4":"has-post-thumbnail","6":"product_cat-kippanhaenger","7":"product_cat-unsere-trailer","9":"first","10":"instock","11":"shipping-taxable","12":"purchasable","13":"product-type-variable"},"yoast_head":"<!-- This site is optimized with the Yoast SEO plugin v27.4 - https:\/\/yoast.com\/product\/yoast-seo-wordpress\/ -->\n<title>Saris-Kippanh\u00e4nger \u2013 306 x 184 cm \u2013 Gewicht: 2700 kg \u2013 2 Achsen \u2013 gebremst - Sagrinex \u2013 Anhaenger, Container &amp; Landtechnik \ud83c\udf3e\ud83d\ude9c<\/title>\n<meta name=\"robots\" content=\"index, follow, max-snippet:-1, max-image-preview:large, max-video-preview:-1\" \/>\n<link rel=\"canonical\" href=\"https:\/\/sagrinex.com\/produit\/saris-kippanhaenger-306-x-184-cm-gewicht-2700-kg-2-achsen-gebremst\/?lang=de\" \/>\n<meta property=\"og:locale\" content=\"de_DE\" \/>\n<meta property=\"og:type\" content=\"article\" \/>\n<meta property=\"og:title\" content=\"Saris-Kippanh\u00e4nger \u2013 306 x 184 cm \u2013 Gewicht: 2700 kg \u2013 2 Achsen \u2013 gebremst - Sagrinex \u2013 Anhaenger, Container &amp; Landtechnik \ud83c\udf3e\ud83d\ude9c\" \/>\n<meta property=\"og:description\" content=\"SARIS-Kippanh\u00e4nger \u2013 K1306 \u2013 306 x 184 cm \u2013 zul\u00e4ssiges Gesamtgewicht: 2700 kg \u2013 2 Achsen \u2013 gebremst. Sehr beliebt bei Bau- und Au\u00dfendesign-Profis. Gesamtgewicht: 2700 kg  Leermasse: 629 kg  Nutzlast: 2070 kg  N\u00fctzliche Abmessungen: 306 x 184 cm  Gesamtabmessungen: 475 x 190 cm  Nutzh\u00f6he\/Boden: 66 cm  Achswiderstand(e): 2 x 1350 kg  Pfeil: in V  Fahrgestelltyp: Feuerverzinkt  R\u00e4der: 195\/50R13C  Ausr\u00fcstung: Abgesenkte Ladekante \u2022 Vollverschwei\u00dftes Fahrgestell (Rechteckrohrprofil) \u2022 Mehr als 200 Schwei\u00dfpunkte\/Fahrgestell \u2022 Feuerverzinktes Fahrgestell \u2022 Doppelwandige Aluminium-Seitenw\u00e4nde \u2022 30 cm Seitenw\u00e4nde mit au\u00dfenliegendem Verschluss \u2022 Verst\u00e4rktes ausfahrbares St\u00fctzrad \u2022 800 daN l\u00e4rmmindernde Zurrpunkte \u2022 Doppelte Schallschutzummantelung f\u00fcr Haken am Fahrgestell \u2022 Umreifungs\u00f6sen \u2022 Netzbefestigungs\u00f6sen an Verschl\u00fcssen \u2022 Stahlplatte auf Holz befestigt Boden\" \/>\n<meta property=\"og:url\" content=\"https:\/\/sagrinex.com\/produit\/saris-kippanhaenger-306-x-184-cm-gewicht-2700-kg-2-achsen-gebremst\/?lang=de\" \/>\n<meta property=\"og:site_name\" content=\"Sagrinex \u2013 Anhaenger, Container &amp; Landtechnik \ud83c\udf3e\ud83d\ude9c\" \/>\n<meta property=\"article:modified_time\" content=\"2026-04-18T02:24:25+00:00\" \/>\n<meta name=\"twitter:card\" content=\"summary_large_image\" \/>\n<meta name=\"twitter:label1\" content=\"Gesch\u00e4tzte Lesezeit\" \/>\n\t<meta name=\"twitter:data1\" content=\"1\u00a0Minute\" \/>\n<script type=\"application\/ld+json\" class=\"yoast-schema-graph\">{\"@context\":\"https:\\\/\\\/schema.org\",\"@graph\":[{\"@type\":\"WebPage\",\"@id\":\"https:\\\/\\\/sagrinex.com\\\/produit\\\/saris-kippanhaenger-306-x-184-cm-gewicht-2700-kg-2-achsen-gebremst\\\/?lang=de\",\"url\":\"https:\\\/\\\/sagrinex.com\\\/produit\\\/saris-kippanhaenger-306-x-184-cm-gewicht-2700-kg-2-achsen-gebremst\\\/?lang=de\",\"name\":\"Saris-Kippanh\u00e4nger \u2013 306 x 184 cm \u2013 Gewicht: 2700 kg \u2013 2 Achsen \u2013 gebremst - Sagrinex \u2013 Anhaenger, Container &amp; Landtechnik \ud83c\udf3e\ud83d\ude9c\",\"isPartOf\":{\"@id\":\"https:\\\/\\\/sagrinex.com\\\/#website\"},\"primaryImageOfPage\":{\"@id\":\"https:\\\/\\\/sagrinex.com\\\/produit\\\/saris-kippanhaenger-306-x-184-cm-gewicht-2700-kg-2-achsen-gebremst\\\/?lang=de#primaryimage\"},\"image\":{\"@id\":\"https:\\\/\\\/sagrinex.com\\\/produit\\\/saris-kippanhaenger-306-x-184-cm-gewicht-2700-kg-2-achsen-gebremst\\\/?lang=de#primaryimage\"},\"thumbnailUrl\":\"https:\\\/\\\/sagrinex.com\\\/wp-content\\\/uploads\\\/2026\\\/03\\\/Image-805.jpeg\",\"datePublished\":\"2026-04-18T02:23:47+00:00\",\"dateModified\":\"2026-04-18T02:24:25+00:00\",\"breadcrumb\":{\"@id\":\"https:\\\/\\\/sagrinex.com\\\/produit\\\/saris-kippanhaenger-306-x-184-cm-gewicht-2700-kg-2-achsen-gebremst\\\/?lang=de#breadcrumb\"},\"inLanguage\":\"de\",\"potentialAction\":[{\"@type\":\"ReadAction\",\"target\":[\"https:\\\/\\\/sagrinex.com\\\/produit\\\/saris-kippanhaenger-306-x-184-cm-gewicht-2700-kg-2-achsen-gebremst\\\/?lang=de\"]}]},{\"@type\":\"ImageObject\",\"inLanguage\":\"de\",\"@id\":\"https:\\\/\\\/sagrinex.com\\\/produit\\\/saris-kippanhaenger-306-x-184-cm-gewicht-2700-kg-2-achsen-gebremst\\\/?lang=de#primaryimage\",\"url\":\"https:\\\/\\\/sagrinex.com\\\/wp-content\\\/uploads\\\/2026\\\/03\\\/Image-805.jpeg\",\"contentUrl\":\"https:\\\/\\\/sagrinex.com\\\/wp-content\\\/uploads\\\/2026\\\/03\\\/Image-805.jpeg\",\"width\":1200,\"height\":1200},{\"@type\":\"BreadcrumbList\",\"@id\":\"https:\\\/\\\/sagrinex.com\\\/produit\\\/saris-kippanhaenger-306-x-184-cm-gewicht-2700-kg-2-achsen-gebremst\\\/?lang=de#breadcrumb\",\"itemListElement\":[{\"@type\":\"ListItem\",\"position\":1,\"name\":\"Accueil\",\"item\":\"https:\\\/\\\/sagrinex.com\\\/?lang=de\"},{\"@type\":\"ListItem\",\"position\":2,\"name\":\"Shop\",\"item\":\"https:\\\/\\\/sagrinex.com\\\/shop\\\/\"},{\"@type\":\"ListItem\",\"position\":3,\"name\":\"Saris-Kippanh\u00e4nger \u2013 306 x 184 cm \u2013 Gewicht: 2700 kg \u2013 2 Achsen \u2013 gebremst\"}]},{\"@type\":\"WebSite\",\"@id\":\"https:\\\/\\\/sagrinex.com\\\/#website\",\"url\":\"https:\\\/\\\/sagrinex.com\\\/\",\"name\":\"Sagrinex \u2013 Spezialist f\u00fcr Anh\u00e4nger, Container & Landtechnik\",\"description\":\"Anhaenger, Container &amp; Landtechnik \u2014 Online-Verkauf &amp; kostenloses Angebot\",\"publisher\":{\"@id\":\"https:\\\/\\\/sagrinex.com\\\/#organization\"},\"potentialAction\":[{\"@type\":\"SearchAction\",\"target\":{\"@type\":\"EntryPoint\",\"urlTemplate\":\"https:\\\/\\\/sagrinex.com\\\/?s={search_term_string}\"},\"query-input\":{\"@type\":\"PropertyValueSpecification\",\"valueRequired\":true,\"valueName\":\"search_term_string\"}}],\"inLanguage\":\"de\"},{\"@type\":\"Organization\",\"@id\":\"https:\\\/\\\/sagrinex.com\\\/#organization\",\"name\":\"Sagrinex \u2013 Remorques, Conteneurs & Mat\u00e9riel Agricole\",\"url\":\"https:\\\/\\\/sagrinex.com\\\/\",\"logo\":{\"@type\":\"ImageObject\",\"inLanguage\":\"de\",\"@id\":\"https:\\\/\\\/sagrinex.com\\\/#\\\/schema\\\/logo\\\/image\\\/\",\"url\":\"https:\\\/\\\/sagrinex.com\\\/wp-content\\\/uploads\\\/2026\\\/03\\\/7f1ac463-ef5a-425d-bdd6-a5da03a334a9-1024x683.png\",\"contentUrl\":\"https:\\\/\\\/sagrinex.com\\\/wp-content\\\/uploads\\\/2026\\\/03\\\/7f1ac463-ef5a-425d-bdd6-a5da03a334a9-1024x683.png\",\"width\":1024,\"height\":683,\"caption\":\"Sagrinex \u2013 Remorques, Conteneurs & Mat\u00e9riel Agricole\"},\"image\":{\"@id\":\"https:\\\/\\\/sagrinex.com\\\/#\\\/schema\\\/logo\\\/image\\\/\"}}]}<\/script>\n<!-- \/ Yoast SEO plugin. -->","yoast_head_json":{"title":"Saris-Kippanh\u00e4nger \u2013 306 x 184 cm \u2013 Gewicht: 2700 kg \u2013 2 Achsen \u2013 gebremst - Sagrinex \u2013 Anhaenger, Container &amp; Landtechnik \ud83c\udf3e\ud83d\ude9c","robots":{"index":"index","follow":"follow","max-snippet":"max-snippet:-1","max-image-preview":"max-image-preview:large","max-video-preview":"max-video-preview:-1"},"canonical":"https:\/\/sagrinex.com\/produit\/saris-kippanhaenger-306-x-184-cm-gewicht-2700-kg-2-achsen-gebremst\/?lang=de","og_locale":"de_DE","og_type":"article","og_title":"Saris-Kippanh\u00e4nger \u2013 306 x 184 cm \u2013 Gewicht: 2700 kg \u2013 2 Achsen \u2013 gebremst - Sagrinex \u2013 Anhaenger, Container &amp; Landtechnik \ud83c\udf3e\ud83d\ude9c","og_description":"SARIS-Kippanh\u00e4nger \u2013 K1306 \u2013 306 x 184 cm \u2013 zul\u00e4ssiges Gesamtgewicht: 2700 kg \u2013 2 Achsen \u2013 gebremst. Sehr beliebt bei Bau- und Au\u00dfendesign-Profis. Gesamtgewicht: 2700 kg  Leermasse: 629 kg  Nutzlast: 2070 kg  N\u00fctzliche Abmessungen: 306 x 184 cm  Gesamtabmessungen: 475 x 190 cm  Nutzh\u00f6he\/Boden: 66 cm  Achswiderstand(e): 2 x 1350 kg  Pfeil: in V  Fahrgestelltyp: Feuerverzinkt  R\u00e4der: 195\/50R13C  Ausr\u00fcstung: Abgesenkte Ladekante \u2022 Vollverschwei\u00dftes Fahrgestell (Rechteckrohrprofil) \u2022 Mehr als 200 Schwei\u00dfpunkte\/Fahrgestell \u2022 Feuerverzinktes Fahrgestell \u2022 Doppelwandige Aluminium-Seitenw\u00e4nde \u2022 30 cm Seitenw\u00e4nde mit au\u00dfenliegendem Verschluss \u2022 Verst\u00e4rktes ausfahrbares St\u00fctzrad \u2022 800 daN l\u00e4rmmindernde Zurrpunkte \u2022 Doppelte Schallschutzummantelung f\u00fcr Haken am Fahrgestell \u2022 Umreifungs\u00f6sen \u2022 Netzbefestigungs\u00f6sen an Verschl\u00fcssen \u2022 Stahlplatte auf Holz befestigt Boden","og_url":"https:\/\/sagrinex.com\/produit\/saris-kippanhaenger-306-x-184-cm-gewicht-2700-kg-2-achsen-gebremst\/?lang=de","og_site_name":"Sagrinex \u2013 Anhaenger, Container &amp; Landtechnik \ud83c\udf3e\ud83d\ude9c","article_modified_time":"2026-04-18T02:24:25+00:00","twitter_card":"summary_large_image","twitter_misc":{"Gesch\u00e4tzte Lesezeit":"1\u00a0Minute"},"schema":{"@context":"https:\/\/schema.org","@graph":[{"@type":"WebPage","@id":"https:\/\/sagrinex.com\/produit\/saris-kippanhaenger-306-x-184-cm-gewicht-2700-kg-2-achsen-gebremst\/?lang=de","url":"https:\/\/sagrinex.com\/produit\/saris-kippanhaenger-306-x-184-cm-gewicht-2700-kg-2-achsen-gebremst\/?lang=de","name":"Saris-Kippanh\u00e4nger \u2013 306 x 184 cm \u2013 Gewicht: 2700 kg \u2013 2 Achsen \u2013 gebremst - Sagrinex \u2013 Anhaenger, Container &amp; Landtechnik \ud83c\udf3e\ud83d\ude9c","isPartOf":{"@id":"https:\/\/sagrinex.com\/#website"},"primaryImageOfPage":{"@id":"https:\/\/sagrinex.com\/produit\/saris-kippanhaenger-306-x-184-cm-gewicht-2700-kg-2-achsen-gebremst\/?lang=de#primaryimage"},"image":{"@id":"https:\/\/sagrinex.com\/produit\/saris-kippanhaenger-306-x-184-cm-gewicht-2700-kg-2-achsen-gebremst\/?lang=de#primaryimage"},"thumbnailUrl":"https:\/\/sagrinex.com\/wp-content\/uploads\/2026\/03\/Image-805.jpeg","datePublished":"2026-04-18T02:23:47+00:00","dateModified":"2026-04-18T02:24:25+00:00","breadcrumb":{"@id":"https:\/\/sagrinex.com\/produit\/saris-kippanhaenger-306-x-184-cm-gewicht-2700-kg-2-achsen-gebremst\/?lang=de#breadcrumb"},"inLanguage":"de","potentialAction":[{"@type":"ReadAction","target":["https:\/\/sagrinex.com\/produit\/saris-kippanhaenger-306-x-184-cm-gewicht-2700-kg-2-achsen-gebremst\/?lang=de"]}]},{"@type":"ImageObject","inLanguage":"de","@id":"https:\/\/sagrinex.com\/produit\/saris-kippanhaenger-306-x-184-cm-gewicht-2700-kg-2-achsen-gebremst\/?lang=de#primaryimage","url":"https:\/\/sagrinex.com\/wp-content\/uploads\/2026\/03\/Image-805.jpeg","contentUrl":"https:\/\/sagrinex.com\/wp-content\/uploads\/2026\/03\/Image-805.jpeg","width":1200,"height":1200},{"@type":"BreadcrumbList","@id":"https:\/\/sagrinex.com\/produit\/saris-kippanhaenger-306-x-184-cm-gewicht-2700-kg-2-achsen-gebremst\/?lang=de#breadcrumb","itemListElement":[{"@type":"ListItem","position":1,"name":"Accueil","item":"https:\/\/sagrinex.com\/?lang=de"},{"@type":"ListItem","position":2,"name":"Shop","item":"https:\/\/sagrinex.com\/shop\/"},{"@type":"ListItem","position":3,"name":"Saris-Kippanh\u00e4nger \u2013 306 x 184 cm \u2013 Gewicht: 2700 kg \u2013 2 Achsen \u2013 gebremst"}]},{"@type":"WebSite","@id":"https:\/\/sagrinex.com\/#website","url":"https:\/\/sagrinex.com\/","name":"Sagrinex \u2013 Spezialist f\u00fcr Anh\u00e4nger, Container & Landtechnik","description":"Anhaenger, Container &amp; Landtechnik \u2014 Online-Verkauf &amp; kostenloses Angebot","publisher":{"@id":"https:\/\/sagrinex.com\/#organization"},"potentialAction":[{"@type":"SearchAction","target":{"@type":"EntryPoint","urlTemplate":"https:\/\/sagrinex.com\/?s={search_term_string}"},"query-input":{"@type":"PropertyValueSpecification","valueRequired":true,"valueName":"search_term_string"}}],"inLanguage":"de"},{"@type":"Organization","@id":"https:\/\/sagrinex.com\/#organization","name":"Sagrinex \u2013 Remorques, Conteneurs & Mat\u00e9riel Agricole","url":"https:\/\/sagrinex.com\/","logo":{"@type":"ImageObject","inLanguage":"de","@id":"https:\/\/sagrinex.com\/#\/schema\/logo\/image\/","url":"https:\/\/sagrinex.com\/wp-content\/uploads\/2026\/03\/7f1ac463-ef5a-425d-bdd6-a5da03a334a9-1024x683.png","contentUrl":"https:\/\/sagrinex.com\/wp-content\/uploads\/2026\/03\/7f1ac463-ef5a-425d-bdd6-a5da03a334a9-1024x683.png","width":1024,"height":683,"caption":"Sagrinex \u2013 Remorques, Conteneurs & Mat\u00e9riel Agricole"},"image":{"@id":"https:\/\/sagrinex.com\/#\/schema\/logo\/image\/"}}]}},"jetpack_sharing_enabled":true,"_links":{"self":[{"href":"https:\/\/sagrinex.com\/de\/wp-json\/wp\/v2\/product\/18445","targetHints":{"allow":["GET"]}}],"collection":[{"href":"https:\/\/sagrinex.com\/de\/wp-json\/wp\/v2\/product"}],"about":[{"href":"https:\/\/sagrinex.com\/de\/wp-json\/wp\/v2\/types\/product"}],"replies":[{"embeddable":true,"href":"https:\/\/sagrinex.com\/de\/wp-json\/wp\/v2\/comments?post=18445"}],"version-history":[{"count":0,"href":"https:\/\/sagrinex.com\/de\/wp-json\/wp\/v2\/product\/18445\/revisions"}],"wp:featuredmedia":[{"embeddable":true,"href":"https:\/\/sagrinex.com\/de\/wp-json\/wp\/v2\/media\/10921"}],"wp:attachment":[{"href":"https:\/\/sagrinex.com\/de\/wp-json\/wp\/v2\/media?parent=18445"}],"wp:term":[{"taxonomy":"product_brand","embeddable":true,"href":"https:\/\/sagrinex.com\/de\/wp-json\/wp\/v2\/product_brand?post=18445"},{"taxonomy":"product_cat","embeddable":true,"href":"https:\/\/sagrinex.com\/de\/wp-json\/wp\/v2\/product_cat?post=18445"},{"taxonomy":"product_tag","embeddable":true,"href":"https:\/\/sagrinex.com\/de\/wp-json\/wp\/v2\/product_tag?post=18445"}],"curies":[{"name":"wp","href":"https:\/\/api.w.org\/{rel}","templated":true}]}}