{"id":18449,"date":"2026-04-18T02:23:58","date_gmt":"2026-04-18T02:23:58","guid":{"rendered":"https:\/\/sagrinex.com\/produit\/saris-kippanhaenger-k1356-356-x-184-cm-gewicht-2700-kg-2-achsen-gebremst-manuelle-pumpe\/"},"modified":"2026-04-18T02:24:29","modified_gmt":"2026-04-18T02:24:29","slug":"saris-kippanhaenger-k1356-356-x-184-cm-gewicht-2700-kg-2-achsen-gebremst-manuelle-pumpe","status":"publish","type":"product","link":"https:\/\/sagrinex.com\/de\/produit\/saris-kippanhaenger-k1356-356-x-184-cm-gewicht-2700-kg-2-achsen-gebremst-manuelle-pumpe\/","title":{"rendered":"Saris-Kippanh\u00e4nger \u2013 K1356 \u2013 356 x 184 cm \u2013 Gewicht: 2700 kg \u2013 2 Achsen \u2013 gebremst \u2013 manuelle Pumpe"},"content":{"rendered":"<h2>VERWENDUNG<\/h2>\n<p>Dieser Anh\u00e4nger<strong> Kippmulde SARIS<\/strong> ist ideal f\u00fcr kleine und gro\u00dfe Arbeiten (Transport von Bauschutt, Bauabf\u00e4llen, Gartenabf\u00e4llen, Sand, Steinen und Maschinen) in v\u00f6lliger <strong>Sicherheit.<\/strong> Sehr praktisch auf Baustellen f\u00fcr Au\u00dfenanlagen, beim Hausbau oder in der Landwirtschaft.<\/p>\n<p>Diese Kippmulde<strong> \u00e4u\u00dferst robust<\/strong> wurde entwickelt, um raue Behandlung zu vertragen.<\/p>\n<p>Erh\u00e4ltlich in klassischer Version (Alu) oder<strong> Black Edition<\/strong> (schwarze Ladefl\u00e4che, schwarze R\u00e4der, schwarze Bordw\u00e4nde) (Siehe Foto hier in einfacher Achse)<\/p>\n<h2>SERIENAUSSTATTUNG<\/h2>\n<p>&#8211; Abgesenkte Ladefl\u00e4che<\/p>\n<p>&#8211; \u00dcber 200 Schwei\u00dfpunkte pro Rahmen<\/p>\n<p>&#8211; Aluminium-Bordw\u00e4nde 30 cm Doppelwand mit \u00e4u\u00dferem Verschluss<\/p>\n<p>&#8211; Einziehbare St\u00fctzrolle<\/p>\n<p>&#8211; Doppelschutzschlauch gegen Hakenl\u00e4rm pro Rahmen<\/p>\n<p>&#8211; Befestigungsstifte f\u00fcr Netze am Verschluss<\/p>\n<p>&#8211; Zurrlaschen 800 daN L\u00e4rmschutz<\/p>\n<p>&#8211; Riemensicherungsstifte<\/p>\n<p>&#8211; Stahlplatte auf Holzladefl\u00e4che befestigt<\/p>\n<p>&#8211; Elektrische Pumpe<\/p>\n<h2>OPTIONEN<\/h2>\n<ul>\n<li>Option Black Edition (schwarze Ladefl\u00e4che, schwarze R\u00e4der, schwarze Bordw\u00e4nde)<\/li>\n<li>Heckklappe schwenkbar<\/li>\n<li>Bordw\u00e4nde 35 cm statt 30 cm<\/li>\n<li>Notfall-Handpumpe<\/li>\n<li>Fernbedienung elektrische Pumpe<\/li>\n<li>Achsd\u00e4mpfer<\/li>\n<li>Ersatzrad mit Halterung<\/li>\n<li>Ersatzrad mit Halterung f\u00fcr Black Edition<\/li>\n<li>LED-Beleuchtung (komplettes System)<\/li>\n<li>F\u00fcr Rampen vorgesehen<\/li>\n<li>Integrierte Safety-Rampen (2800 kg\/Paar)<\/li>\n<\/ul>\n<h2>ZUBEH\u00d6R<\/h2>\n<ul>\n<li>Netz mit gro\u00dfen Maschen<\/li>\n<li>Leiterbock<\/li>\n<li>Plane flach hellgrau<\/li>\n<li>Hochplane 160 cm hellgrau<\/li>\n<li>Hochplane 180 cm hellgrau<\/li>\n<li>Hochplane 200 cm hellgrau<\/li>\n<li>Erh\u00f6hungsgitter 60 cm vorne und hinten \u00f6ffnend<\/li>\n<li>Erh\u00f6hungsgitter 60 cm auf 4 Seiten \u00f6ffnend<\/li>\n<li>Erh\u00f6hungsgitter 90 cm 4-seitig \u00f6ffnbar<\/li>\n<li>Blattschutzgitter (feinmaschig)<\/li>\n<li>Lange Rampe 2,5 Meter 1400 kg<\/li>\n<li>Zus\u00e4tzliche Bordw\u00e4nde 30 cm \u00e4u\u00dferer Verschluss<\/li>\n<li>Zus\u00e4tzliche Bordw\u00e4nde 30 cm Black Edition<\/li>\n<li>Batterielader<\/li>\n<li>Sicherheitsschloss<\/li>\n<\/ul>\n<h2>DAS + DER SARIS KIPPMULDEN<\/h2>\n<ul>\n<li>Extreme Robustheit in jeder Situation<\/li>\n<li>Schnelle Entladung<\/li>\n<li>Gro\u00dfe Auswahl an Optionen und Zubeh\u00f6r f\u00fcr verschiedene Verwendungszwecke<\/li>\n<li>Stabile Ladefl\u00e4che mit widerstandsf\u00e4higer Stahlplatte<\/li>\n<li>Vollst\u00e4ndig geschwei\u00dfter Rahmen, feuerverzinkt<\/li>\n<li>Abgesenkte Ladefl\u00e4che<\/li>\n<li>\u00dcber 200 Schwei\u00dfpunkte pro Rahmen<\/li>\n<li>Elektrische Pumpe Serie<\/li>\n<\/ul>\n","protected":false},"excerpt":{"rendered":"<div class=\"sgx-short-desc\">\n<p>SARIS-Kippanh\u00e4nger \u2013 K1356 \u2013 356 x 184 cm \u2013 zul\u00e4ssiges Gesamtgewicht: 2700 kg \u2013 2 Achsen \u2013 gebremst \u2013 manuelle Pumpe. Sehr beliebt bei Bau- und Au\u00dfendesign-Profis.<\/p>\n<div class=\"mod_fa_champspersonnalisables_v14_liste\">\n<div class=\"mod_fa_champspersonnalisables_v14_titre\"><strong>Gesamtgewicht: <\/strong><span class=\"mod_fa_champspersonnalisables_v14_valeur\">2700 kg<\/span><\/div>\n<\/div>\n<div class=\"mod_fa_champspersonnalisables_v14_liste\">\n<div class=\"mod_fa_champspersonnalisables_v14_titre\"><strong>Leermasse: <\/strong><span class=\"mod_fa_champspersonnalisables_v14_valeur\">781 kg<\/span><\/div>\n<\/div>\n<div class=\"mod_fa_champspersonnalisables_v14_liste\">\n<div class=\"mod_fa_champspersonnalisables_v14_titre\"><strong>Nutzlast: <\/strong><span class=\"mod_fa_champspersonnalisables_v14_valeur\">1920 kg<\/span><\/div>\n<\/div>\n<div class=\"mod_fa_champspersonnalisables_v14_liste\">\n<div class=\"mod_fa_champspersonnalisables_v14_titre\"><strong>N\u00fctzliche Abmessungen: <\/strong><span class=\"mod_fa_champspersonnalisables_v14_valeur\">256 x 184 cm<\/span><\/div>\n<\/div>\n<div class=\"mod_fa_champspersonnalisables_v14_liste\">\n<div class=\"mod_fa_champspersonnalisables_v14_titre\"><strong>Gesamtabmessungen: <\/strong><span class=\"mod_fa_champspersonnalisables_v14_valeur\">518 x 190 cm<\/span><\/div>\n<\/div>\n<div class=\"mod_fa_champspersonnalisables_v14_liste\">\n<div class=\"mod_fa_champspersonnalisables_v14_titre\"><strong>Nutzh\u00f6he\/Boden: <\/strong><span class=\"mod_fa_champspersonnalisables_v14_valeur\">75 cm<\/span><\/div>\n<\/div>\n<div class=\"mod_fa_champspersonnalisables_v14_liste\">\n<div class=\"mod_fa_champspersonnalisables_v14_titre\"><strong>Faltseite(n): <\/strong><span class=\"mod_fa_champspersonnalisables_v14_valeur\">35 cm Doppelwandiges Aluminium<\/span><\/div>\n<\/div>\n<div class=\"mod_fa_champspersonnalisables_v14_liste\">\n<div class=\"mod_fa_champspersonnalisables_v14_titre\"><strong>Etage: <\/strong><span class=\"mod_fa_champspersonnalisables_v14_valeur\">Holz mit einer Stahlplatte bedeckt<\/span><\/div>\n<\/div>\n<div class=\"mod_fa_champspersonnalisables_v14_liste\">\n<div class=\"mod_fa_champspersonnalisables_v14_titre\"><strong>Pfeil: <\/strong><span class=\"mod_fa_champspersonnalisables_v14_valeur\">in V<\/span><\/div>\n<\/div>\n<div class=\"mod_fa_champspersonnalisables_v14_liste\">\n<div class=\"mod_fa_champspersonnalisables_v14_titre\"><strong>Kopf gebremst: <\/strong><span class=\"mod_fa_champspersonnalisables_v14_valeur\">Ja<\/span><\/div>\n<\/div>\n<div class=\"mod_fa_champspersonnalisables_v14_liste\">\n<div class=\"mod_fa_champspersonnalisables_v14_titre\"><strong>Fahrgestelltyp: <\/strong><span class=\"mod_fa_champspersonnalisables_v14_valeur\">Feuerverzinkt<\/span><\/div>\n<\/div>\n<div class=\"mod_fa_champspersonnalisables_v14_liste\">\n<div class=\"mod_fa_champspersonnalisables_v14_titre\"><strong>R\u00e4der: <\/strong><span class=\"mod_fa_champspersonnalisables_v14_valeur\">195\/50R13C<\/span><\/div>\n<\/div>\n<div class=\"mod_fa_champspersonnalisables_v14_liste\">\n<div class=\"mod_fa_champspersonnalisables_v14_titre\"><strong>Pumpe: <\/strong><span class=\"mod_fa_champspersonnalisables_v14_valeur\">HANDBUCH<\/span><\/div>\n<\/div>\n<div class=\"mod_fa_champspersonnalisables_v14_liste\">\n<div class=\"mod_fa_champspersonnalisables_v14_titre\"><strong>Ausr\u00fcstung: <\/strong><span class=\"mod_fa_champspersonnalisables_v14_valeur\">35 cm breite Bordw\u00e4nde mit Au\u00dfenverschluss \/ St\u00fctzrad \/ L\u00e4rmschutz-Zurrhaken \u2013 Umreifungs\u00f6sen \/ Netzbefestigungs\u00f6sen am Verschluss<\/span><\/div>\n<\/div>\n<\/div>\n","protected":false},"featured_media":10879,"comment_status":"open","ping_status":"closed","template":"","meta":[],"product_brand":[],"product_cat":[354,352],"product_tag":[],"class_list":{"0":"post-18449","1":"product","2":"type-product","3":"status-publish","4":"has-post-thumbnail","6":"product_cat-kippanhaenger","7":"product_cat-unsere-trailer","9":"first","10":"instock","11":"shipping-taxable","12":"purchasable","13":"product-type-variable"},"yoast_head":"<!-- This site is optimized with the Yoast SEO plugin v27.4 - https:\/\/yoast.com\/product\/yoast-seo-wordpress\/ -->\n<title>Saris-Kippanh\u00e4nger \u2013 K1356 \u2013 356 x 184 cm \u2013 Gewicht: 2700 kg \u2013 2 Achsen \u2013 gebremst \u2013 manuelle Pumpe - Sagrinex \u2013 Anhaenger, Container &amp; Landtechnik \ud83c\udf3e\ud83d\ude9c<\/title>\n<meta name=\"robots\" content=\"index, follow, max-snippet:-1, max-image-preview:large, max-video-preview:-1\" \/>\n<link rel=\"canonical\" href=\"https:\/\/sagrinex.com\/produit\/saris-kippanhaenger-k1356-356-x-184-cm-gewicht-2700-kg-2-achsen-gebremst-manuelle-pumpe\/?lang=de\" \/>\n<meta property=\"og:locale\" content=\"de_DE\" \/>\n<meta property=\"og:type\" content=\"article\" \/>\n<meta property=\"og:title\" content=\"Saris-Kippanh\u00e4nger \u2013 K1356 \u2013 356 x 184 cm \u2013 Gewicht: 2700 kg \u2013 2 Achsen \u2013 gebremst \u2013 manuelle Pumpe - Sagrinex \u2013 Anhaenger, Container &amp; Landtechnik \ud83c\udf3e\ud83d\ude9c\" \/>\n<meta property=\"og:description\" content=\"SARIS-Kippanh\u00e4nger \u2013 K1356 \u2013 356 x 184 cm \u2013 zul\u00e4ssiges Gesamtgewicht: 2700 kg \u2013 2 Achsen \u2013 gebremst \u2013 manuelle Pumpe. Sehr beliebt bei Bau- und Au\u00dfendesign-Profis. Gesamtgewicht: 2700 kg  Leermasse: 781 kg  Nutzlast: 1920 kg  N\u00fctzliche Abmessungen: 256 x 184 cm  Gesamtabmessungen: 518 x 190 cm  Nutzh\u00f6he\/Boden: 75 cm  Faltseite(n): 35 cm Doppelwandiges Aluminium  Etage: Holz mit einer Stahlplatte bedeckt  Pfeil: in V  Kopf gebremst: Ja  Fahrgestelltyp: Feuerverzinkt  R\u00e4der: 195\/50R13C  Pumpe: HANDBUCH  Ausr\u00fcstung: 35 cm breite Bordw\u00e4nde mit Au\u00dfenverschluss \/ St\u00fctzrad \/ L\u00e4rmschutz-Zurrhaken \u2013 Umreifungs\u00f6sen \/ Netzbefestigungs\u00f6sen am Verschluss\" \/>\n<meta property=\"og:url\" content=\"https:\/\/sagrinex.com\/produit\/saris-kippanhaenger-k1356-356-x-184-cm-gewicht-2700-kg-2-achsen-gebremst-manuelle-pumpe\/?lang=de\" \/>\n<meta property=\"og:site_name\" content=\"Sagrinex \u2013 Anhaenger, Container &amp; Landtechnik \ud83c\udf3e\ud83d\ude9c\" \/>\n<meta property=\"article:modified_time\" content=\"2026-04-18T02:24:29+00:00\" \/>\n<meta name=\"twitter:card\" content=\"summary_large_image\" \/>\n<meta name=\"twitter:label1\" content=\"Gesch\u00e4tzte Lesezeit\" \/>\n\t<meta name=\"twitter:data1\" content=\"1\u00a0Minute\" \/>\n<script type=\"application\/ld+json\" class=\"yoast-schema-graph\">{\"@context\":\"https:\\\/\\\/schema.org\",\"@graph\":[{\"@type\":\"WebPage\",\"@id\":\"https:\\\/\\\/sagrinex.com\\\/produit\\\/saris-kippanhaenger-k1356-356-x-184-cm-gewicht-2700-kg-2-achsen-gebremst-manuelle-pumpe\\\/?lang=de\",\"url\":\"https:\\\/\\\/sagrinex.com\\\/produit\\\/saris-kippanhaenger-k1356-356-x-184-cm-gewicht-2700-kg-2-achsen-gebremst-manuelle-pumpe\\\/?lang=de\",\"name\":\"Saris-Kippanh\u00e4nger \u2013 K1356 \u2013 356 x 184 cm \u2013 Gewicht: 2700 kg \u2013 2 Achsen \u2013 gebremst \u2013 manuelle Pumpe - Sagrinex \u2013 Anhaenger, Container &amp; Landtechnik \ud83c\udf3e\ud83d\ude9c\",\"isPartOf\":{\"@id\":\"https:\\\/\\\/sagrinex.com\\\/#website\"},\"primaryImageOfPage\":{\"@id\":\"https:\\\/\\\/sagrinex.com\\\/produit\\\/saris-kippanhaenger-k1356-356-x-184-cm-gewicht-2700-kg-2-achsen-gebremst-manuelle-pumpe\\\/?lang=de#primaryimage\"},\"image\":{\"@id\":\"https:\\\/\\\/sagrinex.com\\\/produit\\\/saris-kippanhaenger-k1356-356-x-184-cm-gewicht-2700-kg-2-achsen-gebremst-manuelle-pumpe\\\/?lang=de#primaryimage\"},\"thumbnailUrl\":\"https:\\\/\\\/sagrinex.com\\\/wp-content\\\/uploads\\\/2026\\\/03\\\/Image-780.jpeg\",\"datePublished\":\"2026-04-18T02:23:58+00:00\",\"dateModified\":\"2026-04-18T02:24:29+00:00\",\"breadcrumb\":{\"@id\":\"https:\\\/\\\/sagrinex.com\\\/produit\\\/saris-kippanhaenger-k1356-356-x-184-cm-gewicht-2700-kg-2-achsen-gebremst-manuelle-pumpe\\\/?lang=de#breadcrumb\"},\"inLanguage\":\"de\",\"potentialAction\":[{\"@type\":\"ReadAction\",\"target\":[\"https:\\\/\\\/sagrinex.com\\\/produit\\\/saris-kippanhaenger-k1356-356-x-184-cm-gewicht-2700-kg-2-achsen-gebremst-manuelle-pumpe\\\/?lang=de\"]}]},{\"@type\":\"ImageObject\",\"inLanguage\":\"de\",\"@id\":\"https:\\\/\\\/sagrinex.com\\\/produit\\\/saris-kippanhaenger-k1356-356-x-184-cm-gewicht-2700-kg-2-achsen-gebremst-manuelle-pumpe\\\/?lang=de#primaryimage\",\"url\":\"https:\\\/\\\/sagrinex.com\\\/wp-content\\\/uploads\\\/2026\\\/03\\\/Image-780.jpeg\",\"contentUrl\":\"https:\\\/\\\/sagrinex.com\\\/wp-content\\\/uploads\\\/2026\\\/03\\\/Image-780.jpeg\",\"width\":1000,\"height\":905},{\"@type\":\"BreadcrumbList\",\"@id\":\"https:\\\/\\\/sagrinex.com\\\/produit\\\/saris-kippanhaenger-k1356-356-x-184-cm-gewicht-2700-kg-2-achsen-gebremst-manuelle-pumpe\\\/?lang=de#breadcrumb\",\"itemListElement\":[{\"@type\":\"ListItem\",\"position\":1,\"name\":\"Accueil\",\"item\":\"https:\\\/\\\/sagrinex.com\\\/?lang=de\"},{\"@type\":\"ListItem\",\"position\":2,\"name\":\"Shop\",\"item\":\"https:\\\/\\\/sagrinex.com\\\/shop\\\/\"},{\"@type\":\"ListItem\",\"position\":3,\"name\":\"Saris-Kippanh\u00e4nger \u2013 K1356 \u2013 356 x 184 cm \u2013 Gewicht: 2700 kg \u2013 2 Achsen \u2013 gebremst \u2013 manuelle Pumpe\"}]},{\"@type\":\"WebSite\",\"@id\":\"https:\\\/\\\/sagrinex.com\\\/#website\",\"url\":\"https:\\\/\\\/sagrinex.com\\\/\",\"name\":\"Sagrinex \u2013 Spezialist f\u00fcr Anh\u00e4nger, Container & Landtechnik\",\"description\":\"Anhaenger, Container &amp; Landtechnik \u2014 Online-Verkauf &amp; kostenloses Angebot\",\"publisher\":{\"@id\":\"https:\\\/\\\/sagrinex.com\\\/#organization\"},\"potentialAction\":[{\"@type\":\"SearchAction\",\"target\":{\"@type\":\"EntryPoint\",\"urlTemplate\":\"https:\\\/\\\/sagrinex.com\\\/?s={search_term_string}\"},\"query-input\":{\"@type\":\"PropertyValueSpecification\",\"valueRequired\":true,\"valueName\":\"search_term_string\"}}],\"inLanguage\":\"de\"},{\"@type\":\"Organization\",\"@id\":\"https:\\\/\\\/sagrinex.com\\\/#organization\",\"name\":\"Sagrinex \u2013 Remorques, Conteneurs & Mat\u00e9riel Agricole\",\"url\":\"https:\\\/\\\/sagrinex.com\\\/\",\"logo\":{\"@type\":\"ImageObject\",\"inLanguage\":\"de\",\"@id\":\"https:\\\/\\\/sagrinex.com\\\/#\\\/schema\\\/logo\\\/image\\\/\",\"url\":\"https:\\\/\\\/sagrinex.com\\\/wp-content\\\/uploads\\\/2026\\\/03\\\/7f1ac463-ef5a-425d-bdd6-a5da03a334a9-1024x683.png\",\"contentUrl\":\"https:\\\/\\\/sagrinex.com\\\/wp-content\\\/uploads\\\/2026\\\/03\\\/7f1ac463-ef5a-425d-bdd6-a5da03a334a9-1024x683.png\",\"width\":1024,\"height\":683,\"caption\":\"Sagrinex \u2013 Remorques, Conteneurs & Mat\u00e9riel Agricole\"},\"image\":{\"@id\":\"https:\\\/\\\/sagrinex.com\\\/#\\\/schema\\\/logo\\\/image\\\/\"}}]}<\/script>\n<!-- \/ Yoast SEO plugin. -->","yoast_head_json":{"title":"Saris-Kippanh\u00e4nger \u2013 K1356 \u2013 356 x 184 cm \u2013 Gewicht: 2700 kg \u2013 2 Achsen \u2013 gebremst \u2013 manuelle Pumpe - Sagrinex \u2013 Anhaenger, Container &amp; Landtechnik \ud83c\udf3e\ud83d\ude9c","robots":{"index":"index","follow":"follow","max-snippet":"max-snippet:-1","max-image-preview":"max-image-preview:large","max-video-preview":"max-video-preview:-1"},"canonical":"https:\/\/sagrinex.com\/produit\/saris-kippanhaenger-k1356-356-x-184-cm-gewicht-2700-kg-2-achsen-gebremst-manuelle-pumpe\/?lang=de","og_locale":"de_DE","og_type":"article","og_title":"Saris-Kippanh\u00e4nger \u2013 K1356 \u2013 356 x 184 cm \u2013 Gewicht: 2700 kg \u2013 2 Achsen \u2013 gebremst \u2013 manuelle Pumpe - Sagrinex \u2013 Anhaenger, Container &amp; Landtechnik \ud83c\udf3e\ud83d\ude9c","og_description":"SARIS-Kippanh\u00e4nger \u2013 K1356 \u2013 356 x 184 cm \u2013 zul\u00e4ssiges Gesamtgewicht: 2700 kg \u2013 2 Achsen \u2013 gebremst \u2013 manuelle Pumpe. Sehr beliebt bei Bau- und Au\u00dfendesign-Profis. Gesamtgewicht: 2700 kg  Leermasse: 781 kg  Nutzlast: 1920 kg  N\u00fctzliche Abmessungen: 256 x 184 cm  Gesamtabmessungen: 518 x 190 cm  Nutzh\u00f6he\/Boden: 75 cm  Faltseite(n): 35 cm Doppelwandiges Aluminium  Etage: Holz mit einer Stahlplatte bedeckt  Pfeil: in V  Kopf gebremst: Ja  Fahrgestelltyp: Feuerverzinkt  R\u00e4der: 195\/50R13C  Pumpe: HANDBUCH  Ausr\u00fcstung: 35 cm breite Bordw\u00e4nde mit Au\u00dfenverschluss \/ St\u00fctzrad \/ L\u00e4rmschutz-Zurrhaken \u2013 Umreifungs\u00f6sen \/ Netzbefestigungs\u00f6sen am Verschluss","og_url":"https:\/\/sagrinex.com\/produit\/saris-kippanhaenger-k1356-356-x-184-cm-gewicht-2700-kg-2-achsen-gebremst-manuelle-pumpe\/?lang=de","og_site_name":"Sagrinex \u2013 Anhaenger, Container &amp; Landtechnik \ud83c\udf3e\ud83d\ude9c","article_modified_time":"2026-04-18T02:24:29+00:00","twitter_card":"summary_large_image","twitter_misc":{"Gesch\u00e4tzte Lesezeit":"1\u00a0Minute"},"schema":{"@context":"https:\/\/schema.org","@graph":[{"@type":"WebPage","@id":"https:\/\/sagrinex.com\/produit\/saris-kippanhaenger-k1356-356-x-184-cm-gewicht-2700-kg-2-achsen-gebremst-manuelle-pumpe\/?lang=de","url":"https:\/\/sagrinex.com\/produit\/saris-kippanhaenger-k1356-356-x-184-cm-gewicht-2700-kg-2-achsen-gebremst-manuelle-pumpe\/?lang=de","name":"Saris-Kippanh\u00e4nger \u2013 K1356 \u2013 356 x 184 cm \u2013 Gewicht: 2700 kg \u2013 2 Achsen \u2013 gebremst \u2013 manuelle Pumpe - Sagrinex \u2013 Anhaenger, Container &amp; Landtechnik \ud83c\udf3e\ud83d\ude9c","isPartOf":{"@id":"https:\/\/sagrinex.com\/#website"},"primaryImageOfPage":{"@id":"https:\/\/sagrinex.com\/produit\/saris-kippanhaenger-k1356-356-x-184-cm-gewicht-2700-kg-2-achsen-gebremst-manuelle-pumpe\/?lang=de#primaryimage"},"image":{"@id":"https:\/\/sagrinex.com\/produit\/saris-kippanhaenger-k1356-356-x-184-cm-gewicht-2700-kg-2-achsen-gebremst-manuelle-pumpe\/?lang=de#primaryimage"},"thumbnailUrl":"https:\/\/sagrinex.com\/wp-content\/uploads\/2026\/03\/Image-780.jpeg","datePublished":"2026-04-18T02:23:58+00:00","dateModified":"2026-04-18T02:24:29+00:00","breadcrumb":{"@id":"https:\/\/sagrinex.com\/produit\/saris-kippanhaenger-k1356-356-x-184-cm-gewicht-2700-kg-2-achsen-gebremst-manuelle-pumpe\/?lang=de#breadcrumb"},"inLanguage":"de","potentialAction":[{"@type":"ReadAction","target":["https:\/\/sagrinex.com\/produit\/saris-kippanhaenger-k1356-356-x-184-cm-gewicht-2700-kg-2-achsen-gebremst-manuelle-pumpe\/?lang=de"]}]},{"@type":"ImageObject","inLanguage":"de","@id":"https:\/\/sagrinex.com\/produit\/saris-kippanhaenger-k1356-356-x-184-cm-gewicht-2700-kg-2-achsen-gebremst-manuelle-pumpe\/?lang=de#primaryimage","url":"https:\/\/sagrinex.com\/wp-content\/uploads\/2026\/03\/Image-780.jpeg","contentUrl":"https:\/\/sagrinex.com\/wp-content\/uploads\/2026\/03\/Image-780.jpeg","width":1000,"height":905},{"@type":"BreadcrumbList","@id":"https:\/\/sagrinex.com\/produit\/saris-kippanhaenger-k1356-356-x-184-cm-gewicht-2700-kg-2-achsen-gebremst-manuelle-pumpe\/?lang=de#breadcrumb","itemListElement":[{"@type":"ListItem","position":1,"name":"Accueil","item":"https:\/\/sagrinex.com\/?lang=de"},{"@type":"ListItem","position":2,"name":"Shop","item":"https:\/\/sagrinex.com\/shop\/"},{"@type":"ListItem","position":3,"name":"Saris-Kippanh\u00e4nger \u2013 K1356 \u2013 356 x 184 cm \u2013 Gewicht: 2700 kg \u2013 2 Achsen \u2013 gebremst \u2013 manuelle Pumpe"}]},{"@type":"WebSite","@id":"https:\/\/sagrinex.com\/#website","url":"https:\/\/sagrinex.com\/","name":"Sagrinex \u2013 Spezialist f\u00fcr Anh\u00e4nger, Container & Landtechnik","description":"Anhaenger, Container &amp; Landtechnik \u2014 Online-Verkauf &amp; kostenloses Angebot","publisher":{"@id":"https:\/\/sagrinex.com\/#organization"},"potentialAction":[{"@type":"SearchAction","target":{"@type":"EntryPoint","urlTemplate":"https:\/\/sagrinex.com\/?s={search_term_string}"},"query-input":{"@type":"PropertyValueSpecification","valueRequired":true,"valueName":"search_term_string"}}],"inLanguage":"de"},{"@type":"Organization","@id":"https:\/\/sagrinex.com\/#organization","name":"Sagrinex \u2013 Remorques, Conteneurs & Mat\u00e9riel Agricole","url":"https:\/\/sagrinex.com\/","logo":{"@type":"ImageObject","inLanguage":"de","@id":"https:\/\/sagrinex.com\/#\/schema\/logo\/image\/","url":"https:\/\/sagrinex.com\/wp-content\/uploads\/2026\/03\/7f1ac463-ef5a-425d-bdd6-a5da03a334a9-1024x683.png","contentUrl":"https:\/\/sagrinex.com\/wp-content\/uploads\/2026\/03\/7f1ac463-ef5a-425d-bdd6-a5da03a334a9-1024x683.png","width":1024,"height":683,"caption":"Sagrinex \u2013 Remorques, Conteneurs & Mat\u00e9riel Agricole"},"image":{"@id":"https:\/\/sagrinex.com\/#\/schema\/logo\/image\/"}}]}},"jetpack_sharing_enabled":true,"_links":{"self":[{"href":"https:\/\/sagrinex.com\/de\/wp-json\/wp\/v2\/product\/18449","targetHints":{"allow":["GET"]}}],"collection":[{"href":"https:\/\/sagrinex.com\/de\/wp-json\/wp\/v2\/product"}],"about":[{"href":"https:\/\/sagrinex.com\/de\/wp-json\/wp\/v2\/types\/product"}],"replies":[{"embeddable":true,"href":"https:\/\/sagrinex.com\/de\/wp-json\/wp\/v2\/comments?post=18449"}],"version-history":[{"count":0,"href":"https:\/\/sagrinex.com\/de\/wp-json\/wp\/v2\/product\/18449\/revisions"}],"wp:featuredmedia":[{"embeddable":true,"href":"https:\/\/sagrinex.com\/de\/wp-json\/wp\/v2\/media\/10879"}],"wp:attachment":[{"href":"https:\/\/sagrinex.com\/de\/wp-json\/wp\/v2\/media?parent=18449"}],"wp:term":[{"taxonomy":"product_brand","embeddable":true,"href":"https:\/\/sagrinex.com\/de\/wp-json\/wp\/v2\/product_brand?post=18449"},{"taxonomy":"product_cat","embeddable":true,"href":"https:\/\/sagrinex.com\/de\/wp-json\/wp\/v2\/product_cat?post=18449"},{"taxonomy":"product_tag","embeddable":true,"href":"https:\/\/sagrinex.com\/de\/wp-json\/wp\/v2\/product_tag?post=18449"}],"curies":[{"name":"wp","href":"https:\/\/api.w.org\/{rel}","templated":true}]}}