{"id":18450,"date":"2026-04-18T02:23:59","date_gmt":"2026-04-18T02:23:59","guid":{"rendered":"https:\/\/sagrinex.com\/produit\/hydraulischer-saris-kippanhaenger-306-x-170-cm-gewicht-2700-kg-2-achsen-gebremst\/"},"modified":"2026-04-18T02:24:29","modified_gmt":"2026-04-18T02:24:29","slug":"hydraulischer-saris-kippanhaenger-306-x-170-cm-gewicht-2700-kg-2-achsen-gebremst","status":"publish","type":"product","link":"https:\/\/sagrinex.com\/de\/produit\/hydraulischer-saris-kippanhaenger-306-x-170-cm-gewicht-2700-kg-2-achsen-gebremst\/","title":{"rendered":"Hydraulischer Saris-Kippanh\u00e4nger \u2013 306 x 170 cm \u2013 Gewicht: 2700 kg \u2013 2 Achsen \u2013 gebremst"},"content":{"rendered":"<p>Dieser Anh\u00e4nger<strong> Hydraulische Kippmulde SARIS<\/strong> ist ideal f\u00fcr kleine und gro\u00dfe Arbeiten (Transport von Schutt, Bauschutt, Gartenabf\u00e4llen, Sand, Steinen und Maschinen) mit vollst\u00e4ndiger <strong>Sicherheit.<\/strong> Sehr praktisch bei Au\u00dfengestaltungsarbeiten, Geb\u00e4udekonstruktion oder in der Landwirtschaft.<\/p>\n<p>Diese<strong> \u00e4u\u00dferst robuste hydraulische Kippmulde<\/strong> wurde entwickelt, um raue Behandlung zu bew\u00e4ltigen.<\/p>\n<p>Erh\u00e4ltlich in klassischer Version (Alu) oder<strong> Black Edition<\/strong> (schwarzer Boden, schwarze R\u00e4der, schwarze Bordw\u00e4nde) (Siehe Foto hier mit einfacher Achse)<\/p>\n<h2>SERIENAUSSTATTUNG<\/h2>\n<p>&#8211; Abgesenkter Ladeschwelle<\/p>\n<p>&#8211; \u00dcber 200 Schwei\u00dfpunkte pro Rahmen<\/p>\n<p>&#8211; Aluminium-Bordw\u00e4nde 30 cm doppelwandig mit Au\u00dfenverschluss<\/p>\n<p>&#8211; Einklappbares St\u00fctzrad<\/p>\n<p>&#8211; Doppelte L\u00e4rmschutzummantelung der Haken pro Rahmen<\/p>\n<p>&#8211; Befestigungslaschen f\u00fcr Netze auf dem Verschluss<\/p>\n<p>&#8211; Lashing-Punkte 800 daN l\u00e4rmgesch\u00fctzt<\/p>\n<p>&#8211; Umreifungslaschen<\/p>\n<p>&#8211; Stahlplatte auf Holzboden befestigt<\/p>\n<h2>OPTIONEN<\/h2>\n<ul>\n<li>Black Edition-Option (schwarzer Boden, schwarze R\u00e4der, schwarze Bordw\u00e4nde)<\/li>\n<li>Heckklappbar<\/li>\n<li>Bordw\u00e4nde von 35 cm statt 30 cm<\/li>\n<li>Elektrische Pumpe<\/li>\n<li>Manuelle Notwasserpumpe (mit elektrischer Hydraulikpumpe)<\/li>\n<li>Montierte St\u00fctzbeine<\/li>\n<li>Achsd\u00e4mpfer<\/li>\n<li>Ersatzrad mit Halterung<\/li>\n<li>Ersatzrad mit Halterung f\u00fcr Black Edition<\/li>\n<li>LED-Beleuchtung (komplettes System)<\/li>\n<li>F\u00fcr Rampen vorgesehen<\/li>\n<li>Integrierte Safety-Rampen (2800 kg\/das Paar)<\/li>\n<\/ul>\n<h2>ZUBEH\u00d6R<\/h2>\n<ul>\n<li>Netz mit gro\u00dfen Maschen<\/li>\n<li>Leitertr\u00e4ger<\/li>\n<li>Flache Plane hellgrau<\/li>\n<li>Hochplane 160 cm hellgrau<\/li>\n<li>Hochplane 180 cm hellgrau<\/li>\n<li>Hochplane 200 cm hellgrau<\/li>\n<li>Gitterseitenteile 60 cm Vorder- und R\u00fcck\u00f6ffnung<\/li>\n<li>Gitterseitenteile 60 cm mit 4-seitiger \u00d6ffnung<\/li>\n<li>Gitterseitenteile 90 cm 4-seitig \u00f6ffnbar<\/li>\n<li>Laubschutzgitter (feine Maschen)<\/li>\n<li>Lange Rampe 2.5 Meter 1400 kg<\/li>\n<li>Zus\u00e4tzliche Bordw\u00e4nde 30 cm Au\u00dfenverschluss<\/li>\n<li>Zus\u00e4tzliche Bordw\u00e4nde 30 cm Black Edition<\/li>\n<li>Batterieladeger\u00e4t<\/li>\n<li>Sicherheitsschloss<\/li>\n<\/ul>\n<h2>DAS + DER HYDRAULISCHEN KIPPMULDEN SARIS<\/h2>\n<ul>\n<li>Extreme Robustheit unter allen Bedingungen<\/li>\n<li>Schnelle Entladung<\/li>\n<li>Gro\u00dfe Auswahl an Optionen und Zubeh\u00f6r f\u00fcr verschiedene Einsatzarten<\/li>\n<li>Robuster Boden mit widerstandsf\u00e4higer Stahlplatte<\/li>\n<li>Vollst\u00e4ndig geschwei\u00dfter Rahmen feuerverzinkt<\/li>\n<li>Abgesenkter Ladeschwelle<\/li>\n<li>\u00dcber 200 Schwei\u00dfpunkte pro Rahmen<\/li>\n<\/ul>\n","protected":false},"excerpt":{"rendered":"<div class=\"sgx-short-desc\">\n<p>SARIS-Kippanh\u00e4nger \u2013 K1306 \u2013 306 x 170 cm \u2013 zul\u00e4ssiges Gesamtgewicht: 2700 kg \u2013 2 Achsen \u2013 gebremst. Sehr beliebt bei Bau- und Au\u00dfendesign-Profis<\/p>\n<div class=\"mod_fa_champspersonnalisables_v14_liste\">\n<div class=\"mod_fa_champspersonnalisables_v14_titre\"><strong>Gesamtgewicht: <\/strong><span class=\"mod_fa_champspersonnalisables_v14_valeur\">2700 kg<\/span><\/div>\n<\/div>\n<div class=\"mod_fa_champspersonnalisables_v14_liste\">\n<div class=\"mod_fa_champspersonnalisables_v14_titre\"><strong>Leermasse: <\/strong><span class=\"mod_fa_champspersonnalisables_v14_valeur\">600 kg<\/span><\/div>\n<\/div>\n<div class=\"mod_fa_champspersonnalisables_v14_liste\">\n<div class=\"mod_fa_champspersonnalisables_v14_titre\"><strong>Nutzlast: <\/strong><span class=\"mod_fa_champspersonnalisables_v14_valeur\">2100 kg<\/span><\/div>\n<\/div>\n<div class=\"mod_fa_champspersonnalisables_v14_liste\">\n<div class=\"mod_fa_champspersonnalisables_v14_titre\"><strong>N\u00fctzliche Abmessungen: <\/strong><span class=\"mod_fa_champspersonnalisables_v14_valeur\">306 x 170 cm<\/span><\/div>\n<\/div>\n<div class=\"mod_fa_champspersonnalisables_v14_liste\">\n<div class=\"mod_fa_champspersonnalisables_v14_titre\"><strong>Gesamtabmessungen: <\/strong><span class=\"mod_fa_champspersonnalisables_v14_valeur\">449 x 176 cm<\/span><\/div>\n<\/div>\n<div class=\"mod_fa_champspersonnalisables_v14_liste\">\n<div class=\"mod_fa_champspersonnalisables_v14_titre\"><strong>Nutzh\u00f6he\/Boden: <\/strong><span class=\"mod_fa_champspersonnalisables_v14_valeur\">66 cm<\/span><\/div>\n<\/div>\n<div class=\"mod_fa_champspersonnalisables_v14_liste\">\n<div class=\"mod_fa_champspersonnalisables_v14_titre\"><strong>Achswiderstand(e): <\/strong><span class=\"mod_fa_champspersonnalisables_v14_valeur\">2 x 1350 kg<\/span><\/div>\n<\/div>\n<div class=\"mod_fa_champspersonnalisables_v14_liste\">\n<div class=\"mod_fa_champspersonnalisables_v14_titre\"><strong>Pfeil: <\/strong><span class=\"mod_fa_champspersonnalisables_v14_valeur\">in V<\/span><\/div>\n<\/div>\n<div class=\"mod_fa_champspersonnalisables_v14_liste\">\n<div class=\"mod_fa_champspersonnalisables_v14_titre\"><strong>Fahrgestelltyp: <\/strong><span class=\"mod_fa_champspersonnalisables_v14_valeur\">Feuerverzinkt<\/span><\/div>\n<\/div>\n<div class=\"mod_fa_champspersonnalisables_v14_liste\">\n<div class=\"mod_fa_champspersonnalisables_v14_titre\"><strong>R\u00e4der: <\/strong><span class=\"mod_fa_champspersonnalisables_v14_valeur\">195\/50R13C<\/span><\/div>\n<\/div>\n<div class=\"mod_fa_champspersonnalisables_v14_liste\">\n<div class=\"mod_fa_champspersonnalisables_v14_titre\"><strong>Ausr\u00fcstung: <\/strong><span class=\"mod_fa_champspersonnalisables_v14_valeur\">Abgesenkte Ladekante \u2022 Vollverschwei\u00dftes Fahrgestell (Rechteckrohrprofil) \u2022 &gt;200 Schwei\u00dfpunkte pro Fahrgestell \u2022 Komplette Verzinkung durch Hei\u00dfbad \u2022 Doppelwandige Aluminium-Seitenw\u00e4nde \u2022 30 cm Seitenw\u00e4nde mit Au\u00dfenverschluss \u2022 Verst\u00e4rktes einziehbares St\u00fctzrad \u2022 800 daN l\u00e4rmmindernde Zurrpunkte \u2022 Doppelte l\u00e4rmd\u00e4mmende Ummantelung f\u00fcr Haken am Fahrgestell \u2022 Spann\u00f6sen \u2022 Netzbefestigungs\u00f6sen an Verschl\u00fcssen \u2022 Stahlplatte auf Holzboden befestigt<\/span><\/div>\n<\/div>\n<\/div>\n","protected":false},"featured_media":10874,"comment_status":"open","ping_status":"closed","template":"","meta":[],"product_brand":[],"product_cat":[354,352],"product_tag":[],"class_list":{"0":"post-18450","1":"product","2":"type-product","3":"status-publish","4":"has-post-thumbnail","6":"product_cat-kippanhaenger","7":"product_cat-unsere-trailer","9":"first","10":"instock","11":"shipping-taxable","12":"purchasable","13":"product-type-variable"},"yoast_head":"<!-- This site is optimized with the Yoast SEO plugin v27.4 - https:\/\/yoast.com\/product\/yoast-seo-wordpress\/ -->\n<title>Hydraulischer Saris-Kippanh\u00e4nger \u2013 306 x 170 cm \u2013 Gewicht: 2700 kg \u2013 2 Achsen \u2013 gebremst - Sagrinex \u2013 Anhaenger, Container &amp; Landtechnik \ud83c\udf3e\ud83d\ude9c<\/title>\n<meta name=\"robots\" content=\"index, follow, max-snippet:-1, max-image-preview:large, max-video-preview:-1\" \/>\n<link rel=\"canonical\" href=\"https:\/\/sagrinex.com\/produit\/hydraulischer-saris-kippanhaenger-306-x-170-cm-gewicht-2700-kg-2-achsen-gebremst\/?lang=de\" \/>\n<meta property=\"og:locale\" content=\"de_DE\" \/>\n<meta property=\"og:type\" content=\"article\" \/>\n<meta property=\"og:title\" content=\"Hydraulischer Saris-Kippanh\u00e4nger \u2013 306 x 170 cm \u2013 Gewicht: 2700 kg \u2013 2 Achsen \u2013 gebremst - Sagrinex \u2013 Anhaenger, Container &amp; Landtechnik \ud83c\udf3e\ud83d\ude9c\" \/>\n<meta property=\"og:description\" content=\"SARIS-Kippanh\u00e4nger \u2013 K1306 \u2013 306 x 170 cm \u2013 zul\u00e4ssiges Gesamtgewicht: 2700 kg \u2013 2 Achsen \u2013 gebremst. Sehr beliebt bei Bau- und Au\u00dfendesign-Profis Gesamtgewicht: 2700 kg  Leermasse: 600 kg  Nutzlast: 2100 kg  N\u00fctzliche Abmessungen: 306 x 170 cm  Gesamtabmessungen: 449 x 176 cm  Nutzh\u00f6he\/Boden: 66 cm  Achswiderstand(e): 2 x 1350 kg  Pfeil: in V  Fahrgestelltyp: Feuerverzinkt  R\u00e4der: 195\/50R13C  Ausr\u00fcstung: Abgesenkte Ladekante \u2022 Vollverschwei\u00dftes Fahrgestell (Rechteckrohrprofil) \u2022 &gt;200 Schwei\u00dfpunkte pro Fahrgestell \u2022 Komplette Verzinkung durch Hei\u00dfbad \u2022 Doppelwandige Aluminium-Seitenw\u00e4nde \u2022 30 cm Seitenw\u00e4nde mit Au\u00dfenverschluss \u2022 Verst\u00e4rktes einziehbares St\u00fctzrad \u2022 800 daN l\u00e4rmmindernde Zurrpunkte \u2022 Doppelte l\u00e4rmd\u00e4mmende Ummantelung f\u00fcr Haken am Fahrgestell \u2022 Spann\u00f6sen \u2022 Netzbefestigungs\u00f6sen an Verschl\u00fcssen \u2022 Stahlplatte auf Holzboden befestigt\" \/>\n<meta property=\"og:url\" content=\"https:\/\/sagrinex.com\/produit\/hydraulischer-saris-kippanhaenger-306-x-170-cm-gewicht-2700-kg-2-achsen-gebremst\/?lang=de\" \/>\n<meta property=\"og:site_name\" content=\"Sagrinex \u2013 Anhaenger, Container &amp; Landtechnik \ud83c\udf3e\ud83d\ude9c\" \/>\n<meta property=\"article:modified_time\" content=\"2026-04-18T02:24:29+00:00\" \/>\n<meta name=\"twitter:card\" content=\"summary_large_image\" \/>\n<meta name=\"twitter:label1\" content=\"Gesch\u00e4tzte Lesezeit\" \/>\n\t<meta name=\"twitter:data1\" content=\"1\u00a0Minute\" \/>\n<script type=\"application\/ld+json\" class=\"yoast-schema-graph\">{\"@context\":\"https:\\\/\\\/schema.org\",\"@graph\":[{\"@type\":\"WebPage\",\"@id\":\"https:\\\/\\\/sagrinex.com\\\/produit\\\/hydraulischer-saris-kippanhaenger-306-x-170-cm-gewicht-2700-kg-2-achsen-gebremst\\\/?lang=de\",\"url\":\"https:\\\/\\\/sagrinex.com\\\/produit\\\/hydraulischer-saris-kippanhaenger-306-x-170-cm-gewicht-2700-kg-2-achsen-gebremst\\\/?lang=de\",\"name\":\"Hydraulischer Saris-Kippanh\u00e4nger \u2013 306 x 170 cm \u2013 Gewicht: 2700 kg \u2013 2 Achsen \u2013 gebremst - Sagrinex \u2013 Anhaenger, Container &amp; Landtechnik \ud83c\udf3e\ud83d\ude9c\",\"isPartOf\":{\"@id\":\"https:\\\/\\\/sagrinex.com\\\/#website\"},\"primaryImageOfPage\":{\"@id\":\"https:\\\/\\\/sagrinex.com\\\/produit\\\/hydraulischer-saris-kippanhaenger-306-x-170-cm-gewicht-2700-kg-2-achsen-gebremst\\\/?lang=de#primaryimage\"},\"image\":{\"@id\":\"https:\\\/\\\/sagrinex.com\\\/produit\\\/hydraulischer-saris-kippanhaenger-306-x-170-cm-gewicht-2700-kg-2-achsen-gebremst\\\/?lang=de#primaryimage\"},\"thumbnailUrl\":\"https:\\\/\\\/sagrinex.com\\\/wp-content\\\/uploads\\\/2026\\\/03\\\/Image-764.jpeg\",\"datePublished\":\"2026-04-18T02:23:59+00:00\",\"dateModified\":\"2026-04-18T02:24:29+00:00\",\"breadcrumb\":{\"@id\":\"https:\\\/\\\/sagrinex.com\\\/produit\\\/hydraulischer-saris-kippanhaenger-306-x-170-cm-gewicht-2700-kg-2-achsen-gebremst\\\/?lang=de#breadcrumb\"},\"inLanguage\":\"de\",\"potentialAction\":[{\"@type\":\"ReadAction\",\"target\":[\"https:\\\/\\\/sagrinex.com\\\/produit\\\/hydraulischer-saris-kippanhaenger-306-x-170-cm-gewicht-2700-kg-2-achsen-gebremst\\\/?lang=de\"]}]},{\"@type\":\"ImageObject\",\"inLanguage\":\"de\",\"@id\":\"https:\\\/\\\/sagrinex.com\\\/produit\\\/hydraulischer-saris-kippanhaenger-306-x-170-cm-gewicht-2700-kg-2-achsen-gebremst\\\/?lang=de#primaryimage\",\"url\":\"https:\\\/\\\/sagrinex.com\\\/wp-content\\\/uploads\\\/2026\\\/03\\\/Image-764.jpeg\",\"contentUrl\":\"https:\\\/\\\/sagrinex.com\\\/wp-content\\\/uploads\\\/2026\\\/03\\\/Image-764.jpeg\",\"width\":1200,\"height\":1200},{\"@type\":\"BreadcrumbList\",\"@id\":\"https:\\\/\\\/sagrinex.com\\\/produit\\\/hydraulischer-saris-kippanhaenger-306-x-170-cm-gewicht-2700-kg-2-achsen-gebremst\\\/?lang=de#breadcrumb\",\"itemListElement\":[{\"@type\":\"ListItem\",\"position\":1,\"name\":\"Accueil\",\"item\":\"https:\\\/\\\/sagrinex.com\\\/?lang=de\"},{\"@type\":\"ListItem\",\"position\":2,\"name\":\"Shop\",\"item\":\"https:\\\/\\\/sagrinex.com\\\/shop\\\/\"},{\"@type\":\"ListItem\",\"position\":3,\"name\":\"Hydraulischer Saris-Kippanh\u00e4nger \u2013 306 x 170 cm \u2013 Gewicht: 2700 kg \u2013 2 Achsen \u2013 gebremst\"}]},{\"@type\":\"WebSite\",\"@id\":\"https:\\\/\\\/sagrinex.com\\\/#website\",\"url\":\"https:\\\/\\\/sagrinex.com\\\/\",\"name\":\"Sagrinex \u2013 Spezialist f\u00fcr Anh\u00e4nger, Container & Landtechnik\",\"description\":\"Anhaenger, Container &amp; Landtechnik \u2014 Online-Verkauf &amp; kostenloses Angebot\",\"publisher\":{\"@id\":\"https:\\\/\\\/sagrinex.com\\\/#organization\"},\"potentialAction\":[{\"@type\":\"SearchAction\",\"target\":{\"@type\":\"EntryPoint\",\"urlTemplate\":\"https:\\\/\\\/sagrinex.com\\\/?s={search_term_string}\"},\"query-input\":{\"@type\":\"PropertyValueSpecification\",\"valueRequired\":true,\"valueName\":\"search_term_string\"}}],\"inLanguage\":\"de\"},{\"@type\":\"Organization\",\"@id\":\"https:\\\/\\\/sagrinex.com\\\/#organization\",\"name\":\"Sagrinex \u2013 Remorques, Conteneurs & Mat\u00e9riel Agricole\",\"url\":\"https:\\\/\\\/sagrinex.com\\\/\",\"logo\":{\"@type\":\"ImageObject\",\"inLanguage\":\"de\",\"@id\":\"https:\\\/\\\/sagrinex.com\\\/#\\\/schema\\\/logo\\\/image\\\/\",\"url\":\"https:\\\/\\\/sagrinex.com\\\/wp-content\\\/uploads\\\/2026\\\/03\\\/7f1ac463-ef5a-425d-bdd6-a5da03a334a9-1024x683.png\",\"contentUrl\":\"https:\\\/\\\/sagrinex.com\\\/wp-content\\\/uploads\\\/2026\\\/03\\\/7f1ac463-ef5a-425d-bdd6-a5da03a334a9-1024x683.png\",\"width\":1024,\"height\":683,\"caption\":\"Sagrinex \u2013 Remorques, Conteneurs & Mat\u00e9riel Agricole\"},\"image\":{\"@id\":\"https:\\\/\\\/sagrinex.com\\\/#\\\/schema\\\/logo\\\/image\\\/\"}}]}<\/script>\n<!-- \/ Yoast SEO plugin. -->","yoast_head_json":{"title":"Hydraulischer Saris-Kippanh\u00e4nger \u2013 306 x 170 cm \u2013 Gewicht: 2700 kg \u2013 2 Achsen \u2013 gebremst - Sagrinex \u2013 Anhaenger, Container &amp; Landtechnik \ud83c\udf3e\ud83d\ude9c","robots":{"index":"index","follow":"follow","max-snippet":"max-snippet:-1","max-image-preview":"max-image-preview:large","max-video-preview":"max-video-preview:-1"},"canonical":"https:\/\/sagrinex.com\/produit\/hydraulischer-saris-kippanhaenger-306-x-170-cm-gewicht-2700-kg-2-achsen-gebremst\/?lang=de","og_locale":"de_DE","og_type":"article","og_title":"Hydraulischer Saris-Kippanh\u00e4nger \u2013 306 x 170 cm \u2013 Gewicht: 2700 kg \u2013 2 Achsen \u2013 gebremst - Sagrinex \u2013 Anhaenger, Container &amp; Landtechnik \ud83c\udf3e\ud83d\ude9c","og_description":"SARIS-Kippanh\u00e4nger \u2013 K1306 \u2013 306 x 170 cm \u2013 zul\u00e4ssiges Gesamtgewicht: 2700 kg \u2013 2 Achsen \u2013 gebremst. Sehr beliebt bei Bau- und Au\u00dfendesign-Profis Gesamtgewicht: 2700 kg  Leermasse: 600 kg  Nutzlast: 2100 kg  N\u00fctzliche Abmessungen: 306 x 170 cm  Gesamtabmessungen: 449 x 176 cm  Nutzh\u00f6he\/Boden: 66 cm  Achswiderstand(e): 2 x 1350 kg  Pfeil: in V  Fahrgestelltyp: Feuerverzinkt  R\u00e4der: 195\/50R13C  Ausr\u00fcstung: Abgesenkte Ladekante \u2022 Vollverschwei\u00dftes Fahrgestell (Rechteckrohrprofil) \u2022 &gt;200 Schwei\u00dfpunkte pro Fahrgestell \u2022 Komplette Verzinkung durch Hei\u00dfbad \u2022 Doppelwandige Aluminium-Seitenw\u00e4nde \u2022 30 cm Seitenw\u00e4nde mit Au\u00dfenverschluss \u2022 Verst\u00e4rktes einziehbares St\u00fctzrad \u2022 800 daN l\u00e4rmmindernde Zurrpunkte \u2022 Doppelte l\u00e4rmd\u00e4mmende Ummantelung f\u00fcr Haken am Fahrgestell \u2022 Spann\u00f6sen \u2022 Netzbefestigungs\u00f6sen an Verschl\u00fcssen \u2022 Stahlplatte auf Holzboden befestigt","og_url":"https:\/\/sagrinex.com\/produit\/hydraulischer-saris-kippanhaenger-306-x-170-cm-gewicht-2700-kg-2-achsen-gebremst\/?lang=de","og_site_name":"Sagrinex \u2013 Anhaenger, Container &amp; Landtechnik \ud83c\udf3e\ud83d\ude9c","article_modified_time":"2026-04-18T02:24:29+00:00","twitter_card":"summary_large_image","twitter_misc":{"Gesch\u00e4tzte Lesezeit":"1\u00a0Minute"},"schema":{"@context":"https:\/\/schema.org","@graph":[{"@type":"WebPage","@id":"https:\/\/sagrinex.com\/produit\/hydraulischer-saris-kippanhaenger-306-x-170-cm-gewicht-2700-kg-2-achsen-gebremst\/?lang=de","url":"https:\/\/sagrinex.com\/produit\/hydraulischer-saris-kippanhaenger-306-x-170-cm-gewicht-2700-kg-2-achsen-gebremst\/?lang=de","name":"Hydraulischer Saris-Kippanh\u00e4nger \u2013 306 x 170 cm \u2013 Gewicht: 2700 kg \u2013 2 Achsen \u2013 gebremst - Sagrinex \u2013 Anhaenger, Container &amp; Landtechnik \ud83c\udf3e\ud83d\ude9c","isPartOf":{"@id":"https:\/\/sagrinex.com\/#website"},"primaryImageOfPage":{"@id":"https:\/\/sagrinex.com\/produit\/hydraulischer-saris-kippanhaenger-306-x-170-cm-gewicht-2700-kg-2-achsen-gebremst\/?lang=de#primaryimage"},"image":{"@id":"https:\/\/sagrinex.com\/produit\/hydraulischer-saris-kippanhaenger-306-x-170-cm-gewicht-2700-kg-2-achsen-gebremst\/?lang=de#primaryimage"},"thumbnailUrl":"https:\/\/sagrinex.com\/wp-content\/uploads\/2026\/03\/Image-764.jpeg","datePublished":"2026-04-18T02:23:59+00:00","dateModified":"2026-04-18T02:24:29+00:00","breadcrumb":{"@id":"https:\/\/sagrinex.com\/produit\/hydraulischer-saris-kippanhaenger-306-x-170-cm-gewicht-2700-kg-2-achsen-gebremst\/?lang=de#breadcrumb"},"inLanguage":"de","potentialAction":[{"@type":"ReadAction","target":["https:\/\/sagrinex.com\/produit\/hydraulischer-saris-kippanhaenger-306-x-170-cm-gewicht-2700-kg-2-achsen-gebremst\/?lang=de"]}]},{"@type":"ImageObject","inLanguage":"de","@id":"https:\/\/sagrinex.com\/produit\/hydraulischer-saris-kippanhaenger-306-x-170-cm-gewicht-2700-kg-2-achsen-gebremst\/?lang=de#primaryimage","url":"https:\/\/sagrinex.com\/wp-content\/uploads\/2026\/03\/Image-764.jpeg","contentUrl":"https:\/\/sagrinex.com\/wp-content\/uploads\/2026\/03\/Image-764.jpeg","width":1200,"height":1200},{"@type":"BreadcrumbList","@id":"https:\/\/sagrinex.com\/produit\/hydraulischer-saris-kippanhaenger-306-x-170-cm-gewicht-2700-kg-2-achsen-gebremst\/?lang=de#breadcrumb","itemListElement":[{"@type":"ListItem","position":1,"name":"Accueil","item":"https:\/\/sagrinex.com\/?lang=de"},{"@type":"ListItem","position":2,"name":"Shop","item":"https:\/\/sagrinex.com\/shop\/"},{"@type":"ListItem","position":3,"name":"Hydraulischer Saris-Kippanh\u00e4nger \u2013 306 x 170 cm \u2013 Gewicht: 2700 kg \u2013 2 Achsen \u2013 gebremst"}]},{"@type":"WebSite","@id":"https:\/\/sagrinex.com\/#website","url":"https:\/\/sagrinex.com\/","name":"Sagrinex \u2013 Spezialist f\u00fcr Anh\u00e4nger, Container & Landtechnik","description":"Anhaenger, Container &amp; Landtechnik \u2014 Online-Verkauf &amp; kostenloses Angebot","publisher":{"@id":"https:\/\/sagrinex.com\/#organization"},"potentialAction":[{"@type":"SearchAction","target":{"@type":"EntryPoint","urlTemplate":"https:\/\/sagrinex.com\/?s={search_term_string}"},"query-input":{"@type":"PropertyValueSpecification","valueRequired":true,"valueName":"search_term_string"}}],"inLanguage":"de"},{"@type":"Organization","@id":"https:\/\/sagrinex.com\/#organization","name":"Sagrinex \u2013 Remorques, Conteneurs & Mat\u00e9riel Agricole","url":"https:\/\/sagrinex.com\/","logo":{"@type":"ImageObject","inLanguage":"de","@id":"https:\/\/sagrinex.com\/#\/schema\/logo\/image\/","url":"https:\/\/sagrinex.com\/wp-content\/uploads\/2026\/03\/7f1ac463-ef5a-425d-bdd6-a5da03a334a9-1024x683.png","contentUrl":"https:\/\/sagrinex.com\/wp-content\/uploads\/2026\/03\/7f1ac463-ef5a-425d-bdd6-a5da03a334a9-1024x683.png","width":1024,"height":683,"caption":"Sagrinex \u2013 Remorques, Conteneurs & Mat\u00e9riel Agricole"},"image":{"@id":"https:\/\/sagrinex.com\/#\/schema\/logo\/image\/"}}]}},"jetpack_sharing_enabled":true,"_links":{"self":[{"href":"https:\/\/sagrinex.com\/de\/wp-json\/wp\/v2\/product\/18450","targetHints":{"allow":["GET"]}}],"collection":[{"href":"https:\/\/sagrinex.com\/de\/wp-json\/wp\/v2\/product"}],"about":[{"href":"https:\/\/sagrinex.com\/de\/wp-json\/wp\/v2\/types\/product"}],"replies":[{"embeddable":true,"href":"https:\/\/sagrinex.com\/de\/wp-json\/wp\/v2\/comments?post=18450"}],"version-history":[{"count":0,"href":"https:\/\/sagrinex.com\/de\/wp-json\/wp\/v2\/product\/18450\/revisions"}],"wp:featuredmedia":[{"embeddable":true,"href":"https:\/\/sagrinex.com\/de\/wp-json\/wp\/v2\/media\/10874"}],"wp:attachment":[{"href":"https:\/\/sagrinex.com\/de\/wp-json\/wp\/v2\/media?parent=18450"}],"wp:term":[{"taxonomy":"product_brand","embeddable":true,"href":"https:\/\/sagrinex.com\/de\/wp-json\/wp\/v2\/product_brand?post=18450"},{"taxonomy":"product_cat","embeddable":true,"href":"https:\/\/sagrinex.com\/de\/wp-json\/wp\/v2\/product_cat?post=18450"},{"taxonomy":"product_tag","embeddable":true,"href":"https:\/\/sagrinex.com\/de\/wp-json\/wp\/v2\/product_tag?post=18450"}],"curies":[{"name":"wp","href":"https:\/\/api.w.org\/{rel}","templated":true}]}}