{"id":18454,"date":"2026-04-18T02:24:06","date_gmt":"2026-04-18T02:24:06","guid":{"rendered":"https:\/\/sagrinex.com\/produit\/saris-kippanhaenger-k1276-276-x-170-cm-gewicht-2700-kg-2-achsen-gebremst\/"},"modified":"2026-04-18T02:24:31","modified_gmt":"2026-04-18T02:24:31","slug":"saris-kippanhaenger-k1276-276-x-170-cm-gewicht-2700-kg-2-achsen-gebremst","status":"publish","type":"product","link":"https:\/\/sagrinex.com\/de\/produit\/saris-kippanhaenger-k1276-276-x-170-cm-gewicht-2700-kg-2-achsen-gebremst\/","title":{"rendered":"Saris-Kippanh\u00e4nger \u2013 K1276 \u2013 276 x 170 cm \u2013 Gewicht: 2700 kg \u2013 2 Achsen \u2013 gebremst"},"content":{"rendered":"<p>Dieser Anh\u00e4nger<strong> Kipper SARIS<\/strong> ist ideal f\u00fcr kleine und gro\u00dfe Arbeiten (Transport von Bauschutt, Bauschutt, Gartenabf\u00e4llen, Sand, Steinen und Maschinen) in v\u00f6lliger <strong>Sicherheit.<\/strong> Sehr praktisch bei Au\u00dfengestaltungsarbeiten, Geb\u00e4udekonstruktionen oder in der Landwirtschaft.<\/p>\n<p>Dieser Kipper<strong> \u00e4u\u00dferst robust<\/strong> wurde entworfen, um Missbrauch zu widerstehen.<\/p>\n<p>Erh\u00e4ltlich in klassischer Version (Alu) oder<strong> Black Edition<\/strong> (schwarzer Boden, schwarze R\u00e4der, schwarze Seitenw\u00e4nde) (Siehe Foto hier auf einfacher Achse)<\/p>\n<h2>SERIENAUSSTATTUNG<\/h2>\n<p>&#8211; Tiefgestellte Ladeschwelle<\/p>\n<p>&#8211; \u00dcber 200 Schwei\u00dfpunkte pro Chassis<\/p>\n<p>&#8211; Aluminium-Seitenw\u00e4nde 30 cm Doppelwand mit Au\u00dfenverschluss<\/p>\n<p>&#8211; Ausklappbares St\u00fctzrad<\/p>\n<p>&#8211; Doppelte ger\u00e4uschd\u00e4mmende H\u00fclse der Haken pro Chassis<\/p>\n<p>&#8211; Befestigungsstifte f\u00fcr Netze auf dem Verschluss<\/p>\n<p>&#8211; Anschlagpunkte 800 daN ger\u00e4uschd\u00e4mmend<\/p>\n<p>&#8211; Spannstollen<\/p>\n<p>&#8211; Stahlplatte auf Holzboden aufgebracht<\/p>\n<h2>OPTIONEN<\/h2>\n<ul>\n<li>Option Black Edition (schwarzer Boden, schwarze R\u00e4der, schwarze Seitenw\u00e4nde)<\/li>\n<li>Schwenkklappe hinten<\/li>\n<li>Seitenw\u00e4nde 35 cm statt 30 cm<\/li>\n<li>Elektropumpe<\/li>\n<li>Notfall-Handpumpe (mit Elektropumpe)<\/li>\n<li>Fernbedienung Elektropumpe<\/li>\n<li>Montierte St\u00fctzbeine<\/li>\n<li>Achsd\u00e4mpfer<\/li>\n<li>Ersatzrad mit Halterung<\/li>\n<li>Ersatzrad mit Halterung f\u00fcr Black Edition<\/li>\n<li>LED-Beleuchtung (komplettes System)<\/li>\n<li>Vorgesehen f\u00fcr Rampen<\/li>\n<li>Integrierte Sicherheitsrampen (2800 kg\/das Paar)<\/li>\n<\/ul>\n<h2>ZUBEH\u00d6R<\/h2>\n<ul>\n<li>Netz mit gro\u00dfen Maschen<\/li>\n<li>Leiterhalter<\/li>\n<li>Flache Plane hellgrau<\/li>\n<li>Hochplane 160 cm hellgrau<\/li>\n<li>Hochplane 180 cm hellgrau<\/li>\n<li>Gitterverst\u00e4rkungen 60 cm vorne und hinten \u00f6ffnend<\/li>\n<li>Gitterverst\u00e4rkungen 60 cm 4-seitig \u00f6ffnend<\/li>\n<li>Blattfangnetz (feinmaschig)<\/li>\n<li>Lange Rampe 2.5 meter 1400 kg<\/li>\n<li>Zus\u00e4tzliche Seitenw\u00e4nde 30 cm Au\u00dfenverschluss<\/li>\n<li>Zus\u00e4tzliche Seitenw\u00e4nde 30 cm Black Edition<\/li>\n<li>Batterieladeger\u00e4t<\/li>\n<li>Sicherheitsschloss<\/li>\n<\/ul>\n<h2>DAS + DER SARIS KIPPER<\/h2>\n<ul>\n<li>Extreme Robustheit unabh\u00e4ngig vom Einsatz<\/li>\n<li>Schnelle Entladung<\/li>\n<li>Gro\u00dfe Auswahl an Optionen und Zubeh\u00f6r zur Anpassung an verschiedene Verwendungsarten<\/li>\n<li>Solider Boden mit widerstandsf\u00e4higer Stahlplatte<\/li>\n<li>Vollst\u00e4ndig geschwei\u00dftes, feuerverzinktes Chassis<\/li>\n<li>Tiefgestellte Ladeschwelle<\/li>\n<li>\u00dcber 200 Schwei\u00dfpunkte pro Chassis<\/li>\n<\/ul>\n<h2>DAS + VON ANH\u00c4NGER CENTER<\/h2>\n<div class=\"woocommerce-tabs wc-tabs-wrapper\">\n<div id=\"tab-description\" class=\"woocommerce-Tabs-panel woocommerce-Tabs-panel--description panel entry-content wc-tab\" role=\"tabpanel\" aria-labelledby=\"tab-title-description\">\n<p>Mit einer gro\u00dfen Auswahl an Kippeanh\u00e4ngern auf Lager kann Sagrinex Sie beim Kauf gem\u00e4\u00df Ihren Anforderungen hinsichtlich Verwendung, Qualit\u00e4t und Budget beraten.<\/p>\n<p><strong>Sagrinex k\u00fcmmert sich um die Lieferung Ihres Anh\u00e4ngers<\/strong>.<\/p>\n<p>Z\u00f6gern Sie nicht, uns f\u00fcr weitere Details zu kontaktieren<\/p>\n<\/div>\n<\/div>\n<p>&nbsp;<\/p>\n","protected":false},"excerpt":{"rendered":"<div class=\"sgx-short-desc\">\n<p>SARIS-Kippanh\u00e4nger \u2013 K1276 \u2013 276 x 170 cm \u2013 zul\u00e4ssiges Gesamtgewicht: 2700 kg \u2013 2 Achsen \u2013 gebremst. Sehr beliebt bei Bau- und Au\u00dfendesign-Profis.<\/p>\n<div class=\"mod_fa_champspersonnalisables_v14_liste\">\n<div class=\"mod_fa_champspersonnalisables_v14_titre\"><strong>Gesamtgewicht: <\/strong><span class=\"mod_fa_champspersonnalisables_v14_valeur\">2700 kg<\/span><\/div>\n<\/div>\n<div class=\"mod_fa_champspersonnalisables_v14_liste\">\n<div class=\"mod_fa_champspersonnalisables_v14_titre\"><strong>Leermasse: <\/strong><span class=\"mod_fa_champspersonnalisables_v14_valeur\">582 kg<\/span><\/div>\n<\/div>\n<div class=\"mod_fa_champspersonnalisables_v14_liste\">\n<div class=\"mod_fa_champspersonnalisables_v14_titre\"><strong>Nutzlast: <\/strong><span class=\"mod_fa_champspersonnalisables_v14_valeur\">2115 kg<\/span><\/div>\n<\/div>\n<div class=\"mod_fa_champspersonnalisables_v14_liste\">\n<div class=\"mod_fa_champspersonnalisables_v14_titre\"><strong>N\u00fctzliche Abmessungen: <\/strong><span class=\"mod_fa_champspersonnalisables_v14_valeur\">276 x 170 cm<\/span><\/div>\n<\/div>\n<div class=\"mod_fa_champspersonnalisables_v14_liste\">\n<div class=\"mod_fa_champspersonnalisables_v14_titre\"><strong>Gesamtabmessungen: <\/strong><span class=\"mod_fa_champspersonnalisables_v14_valeur\">437 x 176 cm<\/span><\/div>\n<\/div>\n<div class=\"mod_fa_champspersonnalisables_v14_liste\">\n<div class=\"mod_fa_champspersonnalisables_v14_titre\"><strong>Nutzh\u00f6he\/Boden: <\/strong><span class=\"mod_fa_champspersonnalisables_v14_valeur\">66 cm<\/span><\/div>\n<\/div>\n<div class=\"mod_fa_champspersonnalisables_v14_liste\">\n<div class=\"mod_fa_champspersonnalisables_v14_titre\"><strong>Achswiderstand(e): <\/strong><span class=\"mod_fa_champspersonnalisables_v14_valeur\">2 x 1350 kg<\/span><\/div>\n<\/div>\n<div class=\"mod_fa_champspersonnalisables_v14_liste\">\n<div class=\"mod_fa_champspersonnalisables_v14_titre\"><strong>Faltseite(n): <\/strong><span class=\"mod_fa_champspersonnalisables_v14_valeur\">Ja<\/span><\/div>\n<\/div>\n<div class=\"mod_fa_champspersonnalisables_v14_liste\">\n<div class=\"mod_fa_champspersonnalisables_v14_titre\"><strong>Etage: <\/strong><span class=\"mod_fa_champspersonnalisables_v14_valeur\">Holz+Galva-Blech<\/span><\/div>\n<\/div>\n<div class=\"mod_fa_champspersonnalisables_v14_liste\">\n<div class=\"mod_fa_champspersonnalisables_v14_titre\"><strong>Pfeil: <\/strong><span class=\"mod_fa_champspersonnalisables_v14_valeur\">in V<\/span><\/div>\n<\/div>\n<div class=\"mod_fa_champspersonnalisables_v14_liste\">\n<div class=\"mod_fa_champspersonnalisables_v14_titre\"><strong>Kopf gebremst: <\/strong><span class=\"mod_fa_champspersonnalisables_v14_valeur\">AL-KO<\/span><\/div>\n<\/div>\n<div class=\"mod_fa_champspersonnalisables_v14_liste\">\n<div class=\"mod_fa_champspersonnalisables_v14_titre\"><strong>Kippk\u00f6rper: <\/strong><span class=\"mod_fa_champspersonnalisables_v14_valeur\">Ja<\/span><\/div>\n<\/div>\n<div class=\"mod_fa_champspersonnalisables_v14_liste\">\n<div class=\"mod_fa_champspersonnalisables_v14_titre\"><strong>Fahrgestelltyp: <\/strong><span class=\"mod_fa_champspersonnalisables_v14_valeur\">Feuerverzinkt<\/span><\/div>\n<\/div>\n<div class=\"mod_fa_champspersonnalisables_v14_liste\">\n<div class=\"mod_fa_champspersonnalisables_v14_titre\"><strong>R\u00e4der: <\/strong><span class=\"mod_fa_champspersonnalisables_v14_valeur\">195\/50R13C<\/span><\/div>\n<\/div>\n<div class=\"mod_fa_champspersonnalisables_v14_liste\">\n<div class=\"mod_fa_champspersonnalisables_v14_titre\"><strong>Pumpe: <\/strong><span class=\"mod_fa_champspersonnalisables_v14_valeur\">Handbuch<\/span><\/div>\n<\/div>\n<div class=\"mod_fa_champspersonnalisables_v14_liste\">\n<div class=\"mod_fa_champspersonnalisables_v14_titre\"><strong>Ausr\u00fcstung: <\/strong><span class=\"mod_fa_champspersonnalisables_v14_valeur\">30 cm breite Bordw\u00e4nde mit Au\u00dfenverschluss \/ St\u00fctzrad \/ L\u00e4rmschutz-Zurrhaken \u2013 Zurr\u00f6sen \/ Netzbefestigungs\u00f6sen am Verschluss<\/span><\/div>\n<\/div>\n<\/div>\n","protected":false},"featured_media":10853,"comment_status":"open","ping_status":"closed","template":"","meta":[],"product_brand":[],"product_cat":[354,352],"product_tag":[],"class_list":{"0":"post-18454","1":"product","2":"type-product","3":"status-publish","4":"has-post-thumbnail","6":"product_cat-kippanhaenger","7":"product_cat-unsere-trailer","9":"first","10":"instock","11":"shipping-taxable","12":"purchasable","13":"product-type-variable"},"yoast_head":"<!-- This site is optimized with the Yoast SEO plugin v27.4 - https:\/\/yoast.com\/product\/yoast-seo-wordpress\/ -->\n<title>Saris-Kippanh\u00e4nger \u2013 K1276 \u2013 276 x 170 cm \u2013 Gewicht: 2700 kg \u2013 2 Achsen \u2013 gebremst - Sagrinex \u2013 Anhaenger, Container &amp; Landtechnik \ud83c\udf3e\ud83d\ude9c<\/title>\n<meta name=\"robots\" content=\"index, follow, max-snippet:-1, max-image-preview:large, max-video-preview:-1\" \/>\n<link rel=\"canonical\" href=\"https:\/\/sagrinex.com\/produit\/saris-kippanhaenger-k1276-276-x-170-cm-gewicht-2700-kg-2-achsen-gebremst\/?lang=de\" \/>\n<meta property=\"og:locale\" content=\"de_DE\" \/>\n<meta property=\"og:type\" content=\"article\" \/>\n<meta property=\"og:title\" content=\"Saris-Kippanh\u00e4nger \u2013 K1276 \u2013 276 x 170 cm \u2013 Gewicht: 2700 kg \u2013 2 Achsen \u2013 gebremst - Sagrinex \u2013 Anhaenger, Container &amp; Landtechnik \ud83c\udf3e\ud83d\ude9c\" \/>\n<meta property=\"og:description\" content=\"SARIS-Kippanh\u00e4nger \u2013 K1276 \u2013 276 x 170 cm \u2013 zul\u00e4ssiges Gesamtgewicht: 2700 kg \u2013 2 Achsen \u2013 gebremst. Sehr beliebt bei Bau- und Au\u00dfendesign-Profis. Gesamtgewicht: 2700 kg  Leermasse: 582 kg  Nutzlast: 2115 kg  N\u00fctzliche Abmessungen: 276 x 170 cm  Gesamtabmessungen: 437 x 176 cm  Nutzh\u00f6he\/Boden: 66 cm  Achswiderstand(e): 2 x 1350 kg  Faltseite(n): Ja  Etage: Holz+Galva-Blech  Pfeil: in V  Kopf gebremst: AL-KO  Kippk\u00f6rper: Ja  Fahrgestelltyp: Feuerverzinkt  R\u00e4der: 195\/50R13C  Pumpe: Handbuch  Ausr\u00fcstung: 30 cm breite Bordw\u00e4nde mit Au\u00dfenverschluss \/ St\u00fctzrad \/ L\u00e4rmschutz-Zurrhaken \u2013 Zurr\u00f6sen \/ Netzbefestigungs\u00f6sen am Verschluss\" \/>\n<meta property=\"og:url\" content=\"https:\/\/sagrinex.com\/produit\/saris-kippanhaenger-k1276-276-x-170-cm-gewicht-2700-kg-2-achsen-gebremst\/?lang=de\" \/>\n<meta property=\"og:site_name\" content=\"Sagrinex \u2013 Anhaenger, Container &amp; Landtechnik \ud83c\udf3e\ud83d\ude9c\" \/>\n<meta property=\"article:modified_time\" content=\"2026-04-18T02:24:31+00:00\" \/>\n<meta name=\"twitter:card\" content=\"summary_large_image\" \/>\n<meta name=\"twitter:label1\" content=\"Gesch\u00e4tzte Lesezeit\" \/>\n\t<meta name=\"twitter:data1\" content=\"2\u00a0Minuten\" \/>\n<script type=\"application\/ld+json\" class=\"yoast-schema-graph\">{\"@context\":\"https:\\\/\\\/schema.org\",\"@graph\":[{\"@type\":\"WebPage\",\"@id\":\"https:\\\/\\\/sagrinex.com\\\/produit\\\/saris-kippanhaenger-k1276-276-x-170-cm-gewicht-2700-kg-2-achsen-gebremst\\\/?lang=de\",\"url\":\"https:\\\/\\\/sagrinex.com\\\/produit\\\/saris-kippanhaenger-k1276-276-x-170-cm-gewicht-2700-kg-2-achsen-gebremst\\\/?lang=de\",\"name\":\"Saris-Kippanh\u00e4nger \u2013 K1276 \u2013 276 x 170 cm \u2013 Gewicht: 2700 kg \u2013 2 Achsen \u2013 gebremst - Sagrinex \u2013 Anhaenger, Container &amp; Landtechnik \ud83c\udf3e\ud83d\ude9c\",\"isPartOf\":{\"@id\":\"https:\\\/\\\/sagrinex.com\\\/#website\"},\"primaryImageOfPage\":{\"@id\":\"https:\\\/\\\/sagrinex.com\\\/produit\\\/saris-kippanhaenger-k1276-276-x-170-cm-gewicht-2700-kg-2-achsen-gebremst\\\/?lang=de#primaryimage\"},\"image\":{\"@id\":\"https:\\\/\\\/sagrinex.com\\\/produit\\\/saris-kippanhaenger-k1276-276-x-170-cm-gewicht-2700-kg-2-achsen-gebremst\\\/?lang=de#primaryimage\"},\"thumbnailUrl\":\"https:\\\/\\\/sagrinex.com\\\/wp-content\\\/uploads\\\/2026\\\/03\\\/Image-746.jpeg\",\"datePublished\":\"2026-04-18T02:24:06+00:00\",\"dateModified\":\"2026-04-18T02:24:31+00:00\",\"breadcrumb\":{\"@id\":\"https:\\\/\\\/sagrinex.com\\\/produit\\\/saris-kippanhaenger-k1276-276-x-170-cm-gewicht-2700-kg-2-achsen-gebremst\\\/?lang=de#breadcrumb\"},\"inLanguage\":\"de\",\"potentialAction\":[{\"@type\":\"ReadAction\",\"target\":[\"https:\\\/\\\/sagrinex.com\\\/produit\\\/saris-kippanhaenger-k1276-276-x-170-cm-gewicht-2700-kg-2-achsen-gebremst\\\/?lang=de\"]}]},{\"@type\":\"ImageObject\",\"inLanguage\":\"de\",\"@id\":\"https:\\\/\\\/sagrinex.com\\\/produit\\\/saris-kippanhaenger-k1276-276-x-170-cm-gewicht-2700-kg-2-achsen-gebremst\\\/?lang=de#primaryimage\",\"url\":\"https:\\\/\\\/sagrinex.com\\\/wp-content\\\/uploads\\\/2026\\\/03\\\/Image-746.jpeg\",\"contentUrl\":\"https:\\\/\\\/sagrinex.com\\\/wp-content\\\/uploads\\\/2026\\\/03\\\/Image-746.jpeg\",\"width\":1200,\"height\":1200},{\"@type\":\"BreadcrumbList\",\"@id\":\"https:\\\/\\\/sagrinex.com\\\/produit\\\/saris-kippanhaenger-k1276-276-x-170-cm-gewicht-2700-kg-2-achsen-gebremst\\\/?lang=de#breadcrumb\",\"itemListElement\":[{\"@type\":\"ListItem\",\"position\":1,\"name\":\"Accueil\",\"item\":\"https:\\\/\\\/sagrinex.com\\\/?lang=de\"},{\"@type\":\"ListItem\",\"position\":2,\"name\":\"Shop\",\"item\":\"https:\\\/\\\/sagrinex.com\\\/shop\\\/\"},{\"@type\":\"ListItem\",\"position\":3,\"name\":\"Saris-Kippanh\u00e4nger \u2013 K1276 \u2013 276 x 170 cm \u2013 Gewicht: 2700 kg \u2013 2 Achsen \u2013 gebremst\"}]},{\"@type\":\"WebSite\",\"@id\":\"https:\\\/\\\/sagrinex.com\\\/#website\",\"url\":\"https:\\\/\\\/sagrinex.com\\\/\",\"name\":\"Sagrinex \u2013 Spezialist f\u00fcr Anh\u00e4nger, Container & Landtechnik\",\"description\":\"Anhaenger, Container &amp; Landtechnik \u2014 Online-Verkauf &amp; kostenloses Angebot\",\"publisher\":{\"@id\":\"https:\\\/\\\/sagrinex.com\\\/#organization\"},\"potentialAction\":[{\"@type\":\"SearchAction\",\"target\":{\"@type\":\"EntryPoint\",\"urlTemplate\":\"https:\\\/\\\/sagrinex.com\\\/?s={search_term_string}\"},\"query-input\":{\"@type\":\"PropertyValueSpecification\",\"valueRequired\":true,\"valueName\":\"search_term_string\"}}],\"inLanguage\":\"de\"},{\"@type\":\"Organization\",\"@id\":\"https:\\\/\\\/sagrinex.com\\\/#organization\",\"name\":\"Sagrinex \u2013 Remorques, Conteneurs & Mat\u00e9riel Agricole\",\"url\":\"https:\\\/\\\/sagrinex.com\\\/\",\"logo\":{\"@type\":\"ImageObject\",\"inLanguage\":\"de\",\"@id\":\"https:\\\/\\\/sagrinex.com\\\/#\\\/schema\\\/logo\\\/image\\\/\",\"url\":\"https:\\\/\\\/sagrinex.com\\\/wp-content\\\/uploads\\\/2026\\\/03\\\/7f1ac463-ef5a-425d-bdd6-a5da03a334a9-1024x683.png\",\"contentUrl\":\"https:\\\/\\\/sagrinex.com\\\/wp-content\\\/uploads\\\/2026\\\/03\\\/7f1ac463-ef5a-425d-bdd6-a5da03a334a9-1024x683.png\",\"width\":1024,\"height\":683,\"caption\":\"Sagrinex \u2013 Remorques, Conteneurs & Mat\u00e9riel Agricole\"},\"image\":{\"@id\":\"https:\\\/\\\/sagrinex.com\\\/#\\\/schema\\\/logo\\\/image\\\/\"}}]}<\/script>\n<!-- \/ Yoast SEO plugin. -->","yoast_head_json":{"title":"Saris-Kippanh\u00e4nger \u2013 K1276 \u2013 276 x 170 cm \u2013 Gewicht: 2700 kg \u2013 2 Achsen \u2013 gebremst - Sagrinex \u2013 Anhaenger, Container &amp; Landtechnik \ud83c\udf3e\ud83d\ude9c","robots":{"index":"index","follow":"follow","max-snippet":"max-snippet:-1","max-image-preview":"max-image-preview:large","max-video-preview":"max-video-preview:-1"},"canonical":"https:\/\/sagrinex.com\/produit\/saris-kippanhaenger-k1276-276-x-170-cm-gewicht-2700-kg-2-achsen-gebremst\/?lang=de","og_locale":"de_DE","og_type":"article","og_title":"Saris-Kippanh\u00e4nger \u2013 K1276 \u2013 276 x 170 cm \u2013 Gewicht: 2700 kg \u2013 2 Achsen \u2013 gebremst - Sagrinex \u2013 Anhaenger, Container &amp; Landtechnik \ud83c\udf3e\ud83d\ude9c","og_description":"SARIS-Kippanh\u00e4nger \u2013 K1276 \u2013 276 x 170 cm \u2013 zul\u00e4ssiges Gesamtgewicht: 2700 kg \u2013 2 Achsen \u2013 gebremst. Sehr beliebt bei Bau- und Au\u00dfendesign-Profis. Gesamtgewicht: 2700 kg  Leermasse: 582 kg  Nutzlast: 2115 kg  N\u00fctzliche Abmessungen: 276 x 170 cm  Gesamtabmessungen: 437 x 176 cm  Nutzh\u00f6he\/Boden: 66 cm  Achswiderstand(e): 2 x 1350 kg  Faltseite(n): Ja  Etage: Holz+Galva-Blech  Pfeil: in V  Kopf gebremst: AL-KO  Kippk\u00f6rper: Ja  Fahrgestelltyp: Feuerverzinkt  R\u00e4der: 195\/50R13C  Pumpe: Handbuch  Ausr\u00fcstung: 30 cm breite Bordw\u00e4nde mit Au\u00dfenverschluss \/ St\u00fctzrad \/ L\u00e4rmschutz-Zurrhaken \u2013 Zurr\u00f6sen \/ Netzbefestigungs\u00f6sen am Verschluss","og_url":"https:\/\/sagrinex.com\/produit\/saris-kippanhaenger-k1276-276-x-170-cm-gewicht-2700-kg-2-achsen-gebremst\/?lang=de","og_site_name":"Sagrinex \u2013 Anhaenger, Container &amp; Landtechnik \ud83c\udf3e\ud83d\ude9c","article_modified_time":"2026-04-18T02:24:31+00:00","twitter_card":"summary_large_image","twitter_misc":{"Gesch\u00e4tzte Lesezeit":"2\u00a0Minuten"},"schema":{"@context":"https:\/\/schema.org","@graph":[{"@type":"WebPage","@id":"https:\/\/sagrinex.com\/produit\/saris-kippanhaenger-k1276-276-x-170-cm-gewicht-2700-kg-2-achsen-gebremst\/?lang=de","url":"https:\/\/sagrinex.com\/produit\/saris-kippanhaenger-k1276-276-x-170-cm-gewicht-2700-kg-2-achsen-gebremst\/?lang=de","name":"Saris-Kippanh\u00e4nger \u2013 K1276 \u2013 276 x 170 cm \u2013 Gewicht: 2700 kg \u2013 2 Achsen \u2013 gebremst - Sagrinex \u2013 Anhaenger, Container &amp; Landtechnik \ud83c\udf3e\ud83d\ude9c","isPartOf":{"@id":"https:\/\/sagrinex.com\/#website"},"primaryImageOfPage":{"@id":"https:\/\/sagrinex.com\/produit\/saris-kippanhaenger-k1276-276-x-170-cm-gewicht-2700-kg-2-achsen-gebremst\/?lang=de#primaryimage"},"image":{"@id":"https:\/\/sagrinex.com\/produit\/saris-kippanhaenger-k1276-276-x-170-cm-gewicht-2700-kg-2-achsen-gebremst\/?lang=de#primaryimage"},"thumbnailUrl":"https:\/\/sagrinex.com\/wp-content\/uploads\/2026\/03\/Image-746.jpeg","datePublished":"2026-04-18T02:24:06+00:00","dateModified":"2026-04-18T02:24:31+00:00","breadcrumb":{"@id":"https:\/\/sagrinex.com\/produit\/saris-kippanhaenger-k1276-276-x-170-cm-gewicht-2700-kg-2-achsen-gebremst\/?lang=de#breadcrumb"},"inLanguage":"de","potentialAction":[{"@type":"ReadAction","target":["https:\/\/sagrinex.com\/produit\/saris-kippanhaenger-k1276-276-x-170-cm-gewicht-2700-kg-2-achsen-gebremst\/?lang=de"]}]},{"@type":"ImageObject","inLanguage":"de","@id":"https:\/\/sagrinex.com\/produit\/saris-kippanhaenger-k1276-276-x-170-cm-gewicht-2700-kg-2-achsen-gebremst\/?lang=de#primaryimage","url":"https:\/\/sagrinex.com\/wp-content\/uploads\/2026\/03\/Image-746.jpeg","contentUrl":"https:\/\/sagrinex.com\/wp-content\/uploads\/2026\/03\/Image-746.jpeg","width":1200,"height":1200},{"@type":"BreadcrumbList","@id":"https:\/\/sagrinex.com\/produit\/saris-kippanhaenger-k1276-276-x-170-cm-gewicht-2700-kg-2-achsen-gebremst\/?lang=de#breadcrumb","itemListElement":[{"@type":"ListItem","position":1,"name":"Accueil","item":"https:\/\/sagrinex.com\/?lang=de"},{"@type":"ListItem","position":2,"name":"Shop","item":"https:\/\/sagrinex.com\/shop\/"},{"@type":"ListItem","position":3,"name":"Saris-Kippanh\u00e4nger \u2013 K1276 \u2013 276 x 170 cm \u2013 Gewicht: 2700 kg \u2013 2 Achsen \u2013 gebremst"}]},{"@type":"WebSite","@id":"https:\/\/sagrinex.com\/#website","url":"https:\/\/sagrinex.com\/","name":"Sagrinex \u2013 Spezialist f\u00fcr Anh\u00e4nger, Container & Landtechnik","description":"Anhaenger, Container &amp; Landtechnik \u2014 Online-Verkauf &amp; kostenloses Angebot","publisher":{"@id":"https:\/\/sagrinex.com\/#organization"},"potentialAction":[{"@type":"SearchAction","target":{"@type":"EntryPoint","urlTemplate":"https:\/\/sagrinex.com\/?s={search_term_string}"},"query-input":{"@type":"PropertyValueSpecification","valueRequired":true,"valueName":"search_term_string"}}],"inLanguage":"de"},{"@type":"Organization","@id":"https:\/\/sagrinex.com\/#organization","name":"Sagrinex \u2013 Remorques, Conteneurs & Mat\u00e9riel Agricole","url":"https:\/\/sagrinex.com\/","logo":{"@type":"ImageObject","inLanguage":"de","@id":"https:\/\/sagrinex.com\/#\/schema\/logo\/image\/","url":"https:\/\/sagrinex.com\/wp-content\/uploads\/2026\/03\/7f1ac463-ef5a-425d-bdd6-a5da03a334a9-1024x683.png","contentUrl":"https:\/\/sagrinex.com\/wp-content\/uploads\/2026\/03\/7f1ac463-ef5a-425d-bdd6-a5da03a334a9-1024x683.png","width":1024,"height":683,"caption":"Sagrinex \u2013 Remorques, Conteneurs & Mat\u00e9riel Agricole"},"image":{"@id":"https:\/\/sagrinex.com\/#\/schema\/logo\/image\/"}}]}},"jetpack_sharing_enabled":true,"_links":{"self":[{"href":"https:\/\/sagrinex.com\/de\/wp-json\/wp\/v2\/product\/18454","targetHints":{"allow":["GET"]}}],"collection":[{"href":"https:\/\/sagrinex.com\/de\/wp-json\/wp\/v2\/product"}],"about":[{"href":"https:\/\/sagrinex.com\/de\/wp-json\/wp\/v2\/types\/product"}],"replies":[{"embeddable":true,"href":"https:\/\/sagrinex.com\/de\/wp-json\/wp\/v2\/comments?post=18454"}],"version-history":[{"count":0,"href":"https:\/\/sagrinex.com\/de\/wp-json\/wp\/v2\/product\/18454\/revisions"}],"wp:featuredmedia":[{"embeddable":true,"href":"https:\/\/sagrinex.com\/de\/wp-json\/wp\/v2\/media\/10853"}],"wp:attachment":[{"href":"https:\/\/sagrinex.com\/de\/wp-json\/wp\/v2\/media?parent=18454"}],"wp:term":[{"taxonomy":"product_brand","embeddable":true,"href":"https:\/\/sagrinex.com\/de\/wp-json\/wp\/v2\/product_brand?post=18454"},{"taxonomy":"product_cat","embeddable":true,"href":"https:\/\/sagrinex.com\/de\/wp-json\/wp\/v2\/product_cat?post=18454"},{"taxonomy":"product_tag","embeddable":true,"href":"https:\/\/sagrinex.com\/de\/wp-json\/wp\/v2\/product_tag?post=18454"}],"curies":[{"name":"wp","href":"https:\/\/api.w.org\/{rel}","templated":true}]}}