{"id":18459,"date":"2026-04-18T02:24:11","date_gmt":"2026-04-18T02:24:11","guid":{"rendered":"https:\/\/sagrinex.com\/produit\/saris-kippanhaenger-k1276-276-x-150-cm-gewicht-2000-kg-2-achsen-gebremst\/"},"modified":"2026-04-18T02:24:35","modified_gmt":"2026-04-18T02:24:35","slug":"saris-kippanhaenger-k1276-276-x-150-cm-gewicht-2000-kg-2-achsen-gebremst","status":"publish","type":"product","link":"https:\/\/sagrinex.com\/de\/produit\/saris-kippanhaenger-k1276-276-x-150-cm-gewicht-2000-kg-2-achsen-gebremst\/","title":{"rendered":"Saris-Kippanh\u00e4nger \u2013 K1276 \u2013 276 x 150 cm \u2013 Gewicht: 2000 kg \u2013 2 Achsen \u2013 gebremst"},"content":{"rendered":"<h2>VERWENDUNG<\/h2>\n<p>Dieser Anh\u00e4nger<strong> Kippmulde SARIS<\/strong> ist ideal f\u00fcr kleine und gro\u00dfe Arbeiten (Transport von Bauschutt, Bauschutt, Gartenabf\u00e4llen, Sand, Steinen und Maschinen) in vollst\u00e4ndiger <strong>Sicherheit.<\/strong> Sehr praktisch bei Au\u00dfenanlagearbeiten, beim Geb\u00e4udebau oder in der Landwirtschaft.<\/p>\n<p>Diese Kippmulde<strong> ist \u00e4u\u00dferst robust<\/strong> und wurde so konstruiert, dass sie raue Behandlung vertr\u00e4gt.<\/p>\n<p>Erh\u00e4ltlich in klassischer Ausf\u00fchrung (Alu) oder<strong> Black Edition<\/strong> (schwarzer Boden, schwarze R\u00e4der, schwarze Seitenw\u00e4nde) (Siehe Foto hier in einfacher Achse)<\/p>\n<h2>SERIENAUSSTATTUNG<\/h2>\n<ul>\n<li>Abgesenkter Ladesockel<\/li>\n<li> \u00dcber 200 Schwei\u00dfpunkte pro Rahmen<\/li>\n<li> Aluminium-Seitenw\u00e4nde 30 cm Doppelwand mit Au\u00dfenverschluss<\/li>\n<li> Einklappbares St\u00fctzrad<\/li>\n<li> Doppelte Ger\u00e4uschschutzumh\u00fcllung der Haken pro Rahmen<\/li>\n<li> Befestigungszapfen f\u00fcr Netze am Verschluss<\/li>\n<li> Anschlagpunkte 800 daN ger\u00e4uschged\u00e4mmt<\/li>\n<li> Verzurrungszapfen<\/li>\n<li> Stahlplatte auf Holzboden befestigt<\/li>\n<\/ul>\n<h2>OPTIONEN<\/h2>\n<ul>\n<li>Option Black Edition (schwarzer Boden, schwarze R\u00e4der, schwarze Seitenw\u00e4nde)<\/li>\n<li>Hinterklappe<\/li>\n<li>Seitenw\u00e4nde 35 cm statt 30 cm<\/li>\n<li>Elektrische Pumpe<\/li>\n<li>Manuelle Notfallpumpe (mit elektrischer Pumpe)<\/li>\n<li>Fernbedienung elektrische Pumpe<\/li>\n<li>Montierte St\u00fctzf\u00fc\u00dfe<\/li>\n<li>Achsd\u00e4mpfer<\/li>\n<li>Ersatzrad mit Halterung<\/li>\n<li>Ersatzrad mit Halterung f\u00fcr Black Edition<\/li>\n<li>LED-Beleuchtung (Komplettsystem)<\/li>\n<li>U-Profil zum Befestigen von Rampen<\/li>\n<\/ul>\n<h2>ZUBEH\u00d6R<\/h2>\n<ul>\n<li>Netz mit gro\u00dfer Maschenweite<\/li>\n<li>Leitungstr\u00e4ger<\/li>\n<li>Flache Plane hellgrau<\/li>\n<li>Hochplane 160 cm hellgrau<\/li>\n<li>Hochplane 180 cm hellgrau<\/li>\n<li>Gitteraufbauten 60 cm vorne und hinten \u00f6ffnend<\/li>\n<li>Gitteraufbauten 60 cm 4-seitig \u00f6ffnend<\/li>\n<li>Laubschutzrollo (feine Maschenweite)<\/li>\n<li>Lange Rampe 2.5 Meter 1400 kg<\/li>\n<li>Zus\u00e4tzliche Seitenw\u00e4nde 30 cm Au\u00dfenverschluss<\/li>\n<li>Zus\u00e4tzliche Seitenw\u00e4nde 30 cm Black Edition<\/li>\n<li>Batterieladeger\u00e4t :<\/li>\n<li>Sicherheitsschloss<\/li>\n<\/ul>\n<h2>DAS + DER SARIS KIPPMULDEN<\/h2>\n<ul>\n<li>Extreme Robustheit<\/li>\n<li>Schnelle Entladung<\/li>\n<li>Gro\u00dfe Auswahl an Optionen und Zubeh\u00f6r f\u00fcr verschiedene Einsatzarten<\/li>\n<li>Stabiler Boden mit resistenter Stahlplatte belegt<\/li>\n<li>Vollst\u00e4ndig verschwei\u00dfter feuerverzinkter Rahmen<\/li>\n<li>Abgesenkter Ladesockel<\/li>\n<li>\u00dcber 200 Schwei\u00dfpunkte pro Rahmen<\/li>\n<\/ul>\n<h2>DAS + VON ANH\u00c4NGER CENTER<\/h2>\n<p>Mit einer gro\u00dfen Auswahl an Kippaufz\u00fcgen im Lager kann Sagrinex Sie beim Kauf je nach Anforderungen in Bezug auf Verwendung, Qualit\u00e4t und Budget beraten.<\/p>\n<p><strong>Sagrinex k\u00fcmmert sich um die Lieferung Ihres Anh\u00e4ngers <\/strong>.<\/p>\n<p>Z\u00f6gern Sie nicht, uns f\u00fcr weitere Details zu kontaktieren<\/p>\n<p>&nbsp;<\/p>\n<p>&nbsp;<\/p>\n","protected":false},"excerpt":{"rendered":"<div class=\"sgx-short-desc\">\n<p>SARIS-Kippanh\u00e4nger \u2013 K1276 \u2013 276 x 150 cm \u2013 zul\u00e4ssiges Gesamtgewicht: 2000 kg \u2013 2 Achsen \u2013 gebremst. Sehr beliebt bei Bau- und Au\u00dfendesign-Profis.<\/p>\n<div class=\"mod_fa_champspersonnalisables_v14_liste\">\n<div class=\"mod_fa_champspersonnalisables_v14_titre\"><strong>Gesamtgewicht: <\/strong><span class=\"mod_fa_champspersonnalisables_v14_valeur\">2000 kg<\/span><\/div>\n<\/div>\n<div class=\"mod_fa_champspersonnalisables_v14_liste\">\n<div class=\"mod_fa_champspersonnalisables_v14_titre\"><strong>Leermasse: <\/strong><span class=\"mod_fa_champspersonnalisables_v14_valeur\">535 kg<\/span><\/div>\n<\/div>\n<div class=\"mod_fa_champspersonnalisables_v14_liste\">\n<div class=\"mod_fa_champspersonnalisables_v14_titre\"><strong>Nutzlast: <\/strong><span class=\"mod_fa_champspersonnalisables_v14_valeur\">1466 kg<\/span><\/div>\n<\/div>\n<div class=\"mod_fa_champspersonnalisables_v14_liste\">\n<div class=\"mod_fa_champspersonnalisables_v14_titre\"><strong>N\u00fctzliche Abmessungen: <\/strong><span class=\"mod_fa_champspersonnalisables_v14_valeur\">276 x 150 cm<\/span><\/div>\n<\/div>\n<div class=\"mod_fa_champspersonnalisables_v14_liste\">\n<div class=\"mod_fa_champspersonnalisables_v14_titre\"><strong>Gesamtabmessungen: <\/strong><span class=\"mod_fa_champspersonnalisables_v14_valeur\">401 x 156 cm<\/span><\/div>\n<\/div>\n<div class=\"mod_fa_champspersonnalisables_v14_liste\">\n<div class=\"mod_fa_champspersonnalisables_v14_titre\"><strong>Nutzh\u00f6he\/Boden: <\/strong><span class=\"mod_fa_champspersonnalisables_v14_valeur\">66 cm<\/span><\/div>\n<\/div>\n<div class=\"mod_fa_champspersonnalisables_v14_liste\">\n<div class=\"mod_fa_champspersonnalisables_v14_titre\"><strong>Achswiderstand(e): <\/strong><span class=\"mod_fa_champspersonnalisables_v14_valeur\">2 x 1000 kg<\/span><\/div>\n<\/div>\n<div class=\"mod_fa_champspersonnalisables_v14_liste\">\n<div class=\"mod_fa_champspersonnalisables_v14_titre\"><strong>Pfeil: <\/strong><span class=\"mod_fa_champspersonnalisables_v14_valeur\">in V<\/span><\/div>\n<\/div>\n<div class=\"mod_fa_champspersonnalisables_v14_liste\">\n<div class=\"mod_fa_champspersonnalisables_v14_titre\"><strong>Fahrgestelltyp: <\/strong><span class=\"mod_fa_champspersonnalisables_v14_valeur\">Feuerverzinkt<\/span><\/div>\n<\/div>\n<div class=\"mod_fa_champspersonnalisables_v14_liste\">\n<div class=\"mod_fa_champspersonnalisables_v14_titre\"><strong>R\u00e4der: <\/strong><span class=\"mod_fa_champspersonnalisables_v14_valeur\">195\/50R13C<\/span><\/div>\n<\/div>\n<div class=\"mod_fa_champspersonnalisables_v14_liste\">\n<div class=\"mod_fa_champspersonnalisables_v14_titre\"><strong>Ausr\u00fcstung: <\/strong><span class=\"mod_fa_champspersonnalisables_v14_valeur\">Abgesenkte Ladekante \u2022 Vollverschwei\u00dftes Fahrgestell (rechteckiges Rohrprofil) \u2022 Mehr als 200 Schwei\u00dfpunkte pro Fahrgestell \u2022 Komplette Verzinkung des Fahrgestells im Bad \u2022 Doppelwandige Aluminium-Bordw\u00e4nde \u2022 30 cm Bordw\u00e4nde mit Au\u00dfenverschluss \u2022 Starkes einziehbares St\u00fctzrad \u2022 800 daN L\u00e4rmschutz-Zurrpunkte \u2022 Doppelte L\u00e4rmschutzummantelung der Haken pro Fahrgestell \u2022 Umreifungs\u00f6sen \u2022 Befestigungs\u00f6sen der Netze an Verschl\u00fcssen \u2022 Stahlplatte befestigt an Holzboden<\/span><\/div>\n<\/div>\n<\/div>\n","protected":false},"featured_media":10778,"comment_status":"open","ping_status":"closed","template":"","meta":[],"product_brand":[],"product_cat":[354,352],"product_tag":[],"class_list":{"0":"post-18459","1":"product","2":"type-product","3":"status-publish","4":"has-post-thumbnail","6":"product_cat-kippanhaenger","7":"product_cat-unsere-trailer","9":"first","10":"instock","11":"shipping-taxable","12":"purchasable","13":"product-type-variable"},"yoast_head":"<!-- This site is optimized with the Yoast SEO plugin v27.4 - https:\/\/yoast.com\/product\/yoast-seo-wordpress\/ -->\n<title>Saris-Kippanh\u00e4nger \u2013 K1276 \u2013 276 x 150 cm \u2013 Gewicht: 2000 kg \u2013 2 Achsen \u2013 gebremst - Sagrinex \u2013 Anhaenger, Container &amp; Landtechnik \ud83c\udf3e\ud83d\ude9c<\/title>\n<meta name=\"robots\" content=\"index, follow, max-snippet:-1, max-image-preview:large, max-video-preview:-1\" \/>\n<link rel=\"canonical\" href=\"https:\/\/sagrinex.com\/produit\/saris-kippanhaenger-k1276-276-x-150-cm-gewicht-2000-kg-2-achsen-gebremst\/?lang=de\" \/>\n<meta property=\"og:locale\" content=\"de_DE\" \/>\n<meta property=\"og:type\" content=\"article\" \/>\n<meta property=\"og:title\" content=\"Saris-Kippanh\u00e4nger \u2013 K1276 \u2013 276 x 150 cm \u2013 Gewicht: 2000 kg \u2013 2 Achsen \u2013 gebremst - Sagrinex \u2013 Anhaenger, Container &amp; Landtechnik \ud83c\udf3e\ud83d\ude9c\" \/>\n<meta property=\"og:description\" content=\"SARIS-Kippanh\u00e4nger \u2013 K1276 \u2013 276 x 150 cm \u2013 zul\u00e4ssiges Gesamtgewicht: 2000 kg \u2013 2 Achsen \u2013 gebremst. Sehr beliebt bei Bau- und Au\u00dfendesign-Profis. Gesamtgewicht: 2000 kg  Leermasse: 535 kg  Nutzlast: 1466 kg  N\u00fctzliche Abmessungen: 276 x 150 cm  Gesamtabmessungen: 401 x 156 cm  Nutzh\u00f6he\/Boden: 66 cm  Achswiderstand(e): 2 x 1000 kg  Pfeil: in V  Fahrgestelltyp: Feuerverzinkt  R\u00e4der: 195\/50R13C  Ausr\u00fcstung: Abgesenkte Ladekante \u2022 Vollverschwei\u00dftes Fahrgestell (rechteckiges Rohrprofil) \u2022 Mehr als 200 Schwei\u00dfpunkte pro Fahrgestell \u2022 Komplette Verzinkung des Fahrgestells im Bad \u2022 Doppelwandige Aluminium-Bordw\u00e4nde \u2022 30 cm Bordw\u00e4nde mit Au\u00dfenverschluss \u2022 Starkes einziehbares St\u00fctzrad \u2022 800 daN L\u00e4rmschutz-Zurrpunkte \u2022 Doppelte L\u00e4rmschutzummantelung der Haken pro Fahrgestell \u2022 Umreifungs\u00f6sen \u2022 Befestigungs\u00f6sen der Netze an Verschl\u00fcssen \u2022 Stahlplatte befestigt an Holzboden\" \/>\n<meta property=\"og:url\" content=\"https:\/\/sagrinex.com\/produit\/saris-kippanhaenger-k1276-276-x-150-cm-gewicht-2000-kg-2-achsen-gebremst\/?lang=de\" \/>\n<meta property=\"og:site_name\" content=\"Sagrinex \u2013 Anhaenger, Container &amp; Landtechnik \ud83c\udf3e\ud83d\ude9c\" \/>\n<meta property=\"article:modified_time\" content=\"2026-04-18T02:24:35+00:00\" \/>\n<meta name=\"twitter:card\" content=\"summary_large_image\" \/>\n<meta name=\"twitter:label1\" content=\"Gesch\u00e4tzte Lesezeit\" \/>\n\t<meta name=\"twitter:data1\" content=\"2\u00a0Minuten\" \/>\n<script type=\"application\/ld+json\" class=\"yoast-schema-graph\">{\"@context\":\"https:\\\/\\\/schema.org\",\"@graph\":[{\"@type\":\"WebPage\",\"@id\":\"https:\\\/\\\/sagrinex.com\\\/produit\\\/saris-kippanhaenger-k1276-276-x-150-cm-gewicht-2000-kg-2-achsen-gebremst\\\/?lang=de\",\"url\":\"https:\\\/\\\/sagrinex.com\\\/produit\\\/saris-kippanhaenger-k1276-276-x-150-cm-gewicht-2000-kg-2-achsen-gebremst\\\/?lang=de\",\"name\":\"Saris-Kippanh\u00e4nger \u2013 K1276 \u2013 276 x 150 cm \u2013 Gewicht: 2000 kg \u2013 2 Achsen \u2013 gebremst - Sagrinex \u2013 Anhaenger, Container &amp; Landtechnik \ud83c\udf3e\ud83d\ude9c\",\"isPartOf\":{\"@id\":\"https:\\\/\\\/sagrinex.com\\\/#website\"},\"primaryImageOfPage\":{\"@id\":\"https:\\\/\\\/sagrinex.com\\\/produit\\\/saris-kippanhaenger-k1276-276-x-150-cm-gewicht-2000-kg-2-achsen-gebremst\\\/?lang=de#primaryimage\"},\"image\":{\"@id\":\"https:\\\/\\\/sagrinex.com\\\/produit\\\/saris-kippanhaenger-k1276-276-x-150-cm-gewicht-2000-kg-2-achsen-gebremst\\\/?lang=de#primaryimage\"},\"thumbnailUrl\":\"https:\\\/\\\/sagrinex.com\\\/wp-content\\\/uploads\\\/2026\\\/03\\\/Image-689.jpeg\",\"datePublished\":\"2026-04-18T02:24:11+00:00\",\"dateModified\":\"2026-04-18T02:24:35+00:00\",\"breadcrumb\":{\"@id\":\"https:\\\/\\\/sagrinex.com\\\/produit\\\/saris-kippanhaenger-k1276-276-x-150-cm-gewicht-2000-kg-2-achsen-gebremst\\\/?lang=de#breadcrumb\"},\"inLanguage\":\"de\",\"potentialAction\":[{\"@type\":\"ReadAction\",\"target\":[\"https:\\\/\\\/sagrinex.com\\\/produit\\\/saris-kippanhaenger-k1276-276-x-150-cm-gewicht-2000-kg-2-achsen-gebremst\\\/?lang=de\"]}]},{\"@type\":\"ImageObject\",\"inLanguage\":\"de\",\"@id\":\"https:\\\/\\\/sagrinex.com\\\/produit\\\/saris-kippanhaenger-k1276-276-x-150-cm-gewicht-2000-kg-2-achsen-gebremst\\\/?lang=de#primaryimage\",\"url\":\"https:\\\/\\\/sagrinex.com\\\/wp-content\\\/uploads\\\/2026\\\/03\\\/Image-689.jpeg\",\"contentUrl\":\"https:\\\/\\\/sagrinex.com\\\/wp-content\\\/uploads\\\/2026\\\/03\\\/Image-689.jpeg\",\"width\":1000,\"height\":903},{\"@type\":\"BreadcrumbList\",\"@id\":\"https:\\\/\\\/sagrinex.com\\\/produit\\\/saris-kippanhaenger-k1276-276-x-150-cm-gewicht-2000-kg-2-achsen-gebremst\\\/?lang=de#breadcrumb\",\"itemListElement\":[{\"@type\":\"ListItem\",\"position\":1,\"name\":\"Accueil\",\"item\":\"https:\\\/\\\/sagrinex.com\\\/?lang=de\"},{\"@type\":\"ListItem\",\"position\":2,\"name\":\"Shop\",\"item\":\"https:\\\/\\\/sagrinex.com\\\/shop\\\/\"},{\"@type\":\"ListItem\",\"position\":3,\"name\":\"Saris-Kippanh\u00e4nger \u2013 K1276 \u2013 276 x 150 cm \u2013 Gewicht: 2000 kg \u2013 2 Achsen \u2013 gebremst\"}]},{\"@type\":\"WebSite\",\"@id\":\"https:\\\/\\\/sagrinex.com\\\/#website\",\"url\":\"https:\\\/\\\/sagrinex.com\\\/\",\"name\":\"Sagrinex \u2013 Spezialist f\u00fcr Anh\u00e4nger, Container & Landtechnik\",\"description\":\"Anhaenger, Container &amp; Landtechnik \u2014 Online-Verkauf &amp; kostenloses Angebot\",\"publisher\":{\"@id\":\"https:\\\/\\\/sagrinex.com\\\/#organization\"},\"potentialAction\":[{\"@type\":\"SearchAction\",\"target\":{\"@type\":\"EntryPoint\",\"urlTemplate\":\"https:\\\/\\\/sagrinex.com\\\/?s={search_term_string}\"},\"query-input\":{\"@type\":\"PropertyValueSpecification\",\"valueRequired\":true,\"valueName\":\"search_term_string\"}}],\"inLanguage\":\"de\"},{\"@type\":\"Organization\",\"@id\":\"https:\\\/\\\/sagrinex.com\\\/#organization\",\"name\":\"Sagrinex \u2013 Remorques, Conteneurs & Mat\u00e9riel Agricole\",\"url\":\"https:\\\/\\\/sagrinex.com\\\/\",\"logo\":{\"@type\":\"ImageObject\",\"inLanguage\":\"de\",\"@id\":\"https:\\\/\\\/sagrinex.com\\\/#\\\/schema\\\/logo\\\/image\\\/\",\"url\":\"https:\\\/\\\/sagrinex.com\\\/wp-content\\\/uploads\\\/2026\\\/03\\\/7f1ac463-ef5a-425d-bdd6-a5da03a334a9-1024x683.png\",\"contentUrl\":\"https:\\\/\\\/sagrinex.com\\\/wp-content\\\/uploads\\\/2026\\\/03\\\/7f1ac463-ef5a-425d-bdd6-a5da03a334a9-1024x683.png\",\"width\":1024,\"height\":683,\"caption\":\"Sagrinex \u2013 Remorques, Conteneurs & Mat\u00e9riel Agricole\"},\"image\":{\"@id\":\"https:\\\/\\\/sagrinex.com\\\/#\\\/schema\\\/logo\\\/image\\\/\"}}]}<\/script>\n<!-- \/ Yoast SEO plugin. -->","yoast_head_json":{"title":"Saris-Kippanh\u00e4nger \u2013 K1276 \u2013 276 x 150 cm \u2013 Gewicht: 2000 kg \u2013 2 Achsen \u2013 gebremst - Sagrinex \u2013 Anhaenger, Container &amp; Landtechnik \ud83c\udf3e\ud83d\ude9c","robots":{"index":"index","follow":"follow","max-snippet":"max-snippet:-1","max-image-preview":"max-image-preview:large","max-video-preview":"max-video-preview:-1"},"canonical":"https:\/\/sagrinex.com\/produit\/saris-kippanhaenger-k1276-276-x-150-cm-gewicht-2000-kg-2-achsen-gebremst\/?lang=de","og_locale":"de_DE","og_type":"article","og_title":"Saris-Kippanh\u00e4nger \u2013 K1276 \u2013 276 x 150 cm \u2013 Gewicht: 2000 kg \u2013 2 Achsen \u2013 gebremst - Sagrinex \u2013 Anhaenger, Container &amp; Landtechnik \ud83c\udf3e\ud83d\ude9c","og_description":"SARIS-Kippanh\u00e4nger \u2013 K1276 \u2013 276 x 150 cm \u2013 zul\u00e4ssiges Gesamtgewicht: 2000 kg \u2013 2 Achsen \u2013 gebremst. Sehr beliebt bei Bau- und Au\u00dfendesign-Profis. Gesamtgewicht: 2000 kg  Leermasse: 535 kg  Nutzlast: 1466 kg  N\u00fctzliche Abmessungen: 276 x 150 cm  Gesamtabmessungen: 401 x 156 cm  Nutzh\u00f6he\/Boden: 66 cm  Achswiderstand(e): 2 x 1000 kg  Pfeil: in V  Fahrgestelltyp: Feuerverzinkt  R\u00e4der: 195\/50R13C  Ausr\u00fcstung: Abgesenkte Ladekante \u2022 Vollverschwei\u00dftes Fahrgestell (rechteckiges Rohrprofil) \u2022 Mehr als 200 Schwei\u00dfpunkte pro Fahrgestell \u2022 Komplette Verzinkung des Fahrgestells im Bad \u2022 Doppelwandige Aluminium-Bordw\u00e4nde \u2022 30 cm Bordw\u00e4nde mit Au\u00dfenverschluss \u2022 Starkes einziehbares St\u00fctzrad \u2022 800 daN L\u00e4rmschutz-Zurrpunkte \u2022 Doppelte L\u00e4rmschutzummantelung der Haken pro Fahrgestell \u2022 Umreifungs\u00f6sen \u2022 Befestigungs\u00f6sen der Netze an Verschl\u00fcssen \u2022 Stahlplatte befestigt an Holzboden","og_url":"https:\/\/sagrinex.com\/produit\/saris-kippanhaenger-k1276-276-x-150-cm-gewicht-2000-kg-2-achsen-gebremst\/?lang=de","og_site_name":"Sagrinex \u2013 Anhaenger, Container &amp; Landtechnik \ud83c\udf3e\ud83d\ude9c","article_modified_time":"2026-04-18T02:24:35+00:00","twitter_card":"summary_large_image","twitter_misc":{"Gesch\u00e4tzte Lesezeit":"2\u00a0Minuten"},"schema":{"@context":"https:\/\/schema.org","@graph":[{"@type":"WebPage","@id":"https:\/\/sagrinex.com\/produit\/saris-kippanhaenger-k1276-276-x-150-cm-gewicht-2000-kg-2-achsen-gebremst\/?lang=de","url":"https:\/\/sagrinex.com\/produit\/saris-kippanhaenger-k1276-276-x-150-cm-gewicht-2000-kg-2-achsen-gebremst\/?lang=de","name":"Saris-Kippanh\u00e4nger \u2013 K1276 \u2013 276 x 150 cm \u2013 Gewicht: 2000 kg \u2013 2 Achsen \u2013 gebremst - Sagrinex \u2013 Anhaenger, Container &amp; Landtechnik \ud83c\udf3e\ud83d\ude9c","isPartOf":{"@id":"https:\/\/sagrinex.com\/#website"},"primaryImageOfPage":{"@id":"https:\/\/sagrinex.com\/produit\/saris-kippanhaenger-k1276-276-x-150-cm-gewicht-2000-kg-2-achsen-gebremst\/?lang=de#primaryimage"},"image":{"@id":"https:\/\/sagrinex.com\/produit\/saris-kippanhaenger-k1276-276-x-150-cm-gewicht-2000-kg-2-achsen-gebremst\/?lang=de#primaryimage"},"thumbnailUrl":"https:\/\/sagrinex.com\/wp-content\/uploads\/2026\/03\/Image-689.jpeg","datePublished":"2026-04-18T02:24:11+00:00","dateModified":"2026-04-18T02:24:35+00:00","breadcrumb":{"@id":"https:\/\/sagrinex.com\/produit\/saris-kippanhaenger-k1276-276-x-150-cm-gewicht-2000-kg-2-achsen-gebremst\/?lang=de#breadcrumb"},"inLanguage":"de","potentialAction":[{"@type":"ReadAction","target":["https:\/\/sagrinex.com\/produit\/saris-kippanhaenger-k1276-276-x-150-cm-gewicht-2000-kg-2-achsen-gebremst\/?lang=de"]}]},{"@type":"ImageObject","inLanguage":"de","@id":"https:\/\/sagrinex.com\/produit\/saris-kippanhaenger-k1276-276-x-150-cm-gewicht-2000-kg-2-achsen-gebremst\/?lang=de#primaryimage","url":"https:\/\/sagrinex.com\/wp-content\/uploads\/2026\/03\/Image-689.jpeg","contentUrl":"https:\/\/sagrinex.com\/wp-content\/uploads\/2026\/03\/Image-689.jpeg","width":1000,"height":903},{"@type":"BreadcrumbList","@id":"https:\/\/sagrinex.com\/produit\/saris-kippanhaenger-k1276-276-x-150-cm-gewicht-2000-kg-2-achsen-gebremst\/?lang=de#breadcrumb","itemListElement":[{"@type":"ListItem","position":1,"name":"Accueil","item":"https:\/\/sagrinex.com\/?lang=de"},{"@type":"ListItem","position":2,"name":"Shop","item":"https:\/\/sagrinex.com\/shop\/"},{"@type":"ListItem","position":3,"name":"Saris-Kippanh\u00e4nger \u2013 K1276 \u2013 276 x 150 cm \u2013 Gewicht: 2000 kg \u2013 2 Achsen \u2013 gebremst"}]},{"@type":"WebSite","@id":"https:\/\/sagrinex.com\/#website","url":"https:\/\/sagrinex.com\/","name":"Sagrinex \u2013 Spezialist f\u00fcr Anh\u00e4nger, Container & Landtechnik","description":"Anhaenger, Container &amp; Landtechnik \u2014 Online-Verkauf &amp; kostenloses Angebot","publisher":{"@id":"https:\/\/sagrinex.com\/#organization"},"potentialAction":[{"@type":"SearchAction","target":{"@type":"EntryPoint","urlTemplate":"https:\/\/sagrinex.com\/?s={search_term_string}"},"query-input":{"@type":"PropertyValueSpecification","valueRequired":true,"valueName":"search_term_string"}}],"inLanguage":"de"},{"@type":"Organization","@id":"https:\/\/sagrinex.com\/#organization","name":"Sagrinex \u2013 Remorques, Conteneurs & Mat\u00e9riel Agricole","url":"https:\/\/sagrinex.com\/","logo":{"@type":"ImageObject","inLanguage":"de","@id":"https:\/\/sagrinex.com\/#\/schema\/logo\/image\/","url":"https:\/\/sagrinex.com\/wp-content\/uploads\/2026\/03\/7f1ac463-ef5a-425d-bdd6-a5da03a334a9-1024x683.png","contentUrl":"https:\/\/sagrinex.com\/wp-content\/uploads\/2026\/03\/7f1ac463-ef5a-425d-bdd6-a5da03a334a9-1024x683.png","width":1024,"height":683,"caption":"Sagrinex \u2013 Remorques, Conteneurs & Mat\u00e9riel Agricole"},"image":{"@id":"https:\/\/sagrinex.com\/#\/schema\/logo\/image\/"}}]}},"jetpack_sharing_enabled":true,"_links":{"self":[{"href":"https:\/\/sagrinex.com\/de\/wp-json\/wp\/v2\/product\/18459","targetHints":{"allow":["GET"]}}],"collection":[{"href":"https:\/\/sagrinex.com\/de\/wp-json\/wp\/v2\/product"}],"about":[{"href":"https:\/\/sagrinex.com\/de\/wp-json\/wp\/v2\/types\/product"}],"replies":[{"embeddable":true,"href":"https:\/\/sagrinex.com\/de\/wp-json\/wp\/v2\/comments?post=18459"}],"version-history":[{"count":0,"href":"https:\/\/sagrinex.com\/de\/wp-json\/wp\/v2\/product\/18459\/revisions"}],"wp:featuredmedia":[{"embeddable":true,"href":"https:\/\/sagrinex.com\/de\/wp-json\/wp\/v2\/media\/10778"}],"wp:attachment":[{"href":"https:\/\/sagrinex.com\/de\/wp-json\/wp\/v2\/media?parent=18459"}],"wp:term":[{"taxonomy":"product_brand","embeddable":true,"href":"https:\/\/sagrinex.com\/de\/wp-json\/wp\/v2\/product_brand?post=18459"},{"taxonomy":"product_cat","embeddable":true,"href":"https:\/\/sagrinex.com\/de\/wp-json\/wp\/v2\/product_cat?post=18459"},{"taxonomy":"product_tag","embeddable":true,"href":"https:\/\/sagrinex.com\/de\/wp-json\/wp\/v2\/product_tag?post=18459"}],"curies":[{"name":"wp","href":"https:\/\/api.w.org\/{rel}","templated":true}]}}