{"id":18513,"date":"2026-04-18T08:58:23","date_gmt":"2026-04-18T08:58:23","guid":{"rendered":"https:\/\/sagrinex.com\/produit\/spezifischer-20-fuss-lagertransportbehaelter-mit-offener-seite\/"},"modified":"2026-04-18T09:27:54","modified_gmt":"2026-04-18T09:27:54","slug":"spezifischer-20-fuss-lagertransportbehaelter-mit-offener-seite","status":"publish","type":"product","link":"https:\/\/sagrinex.com\/de\/produit\/spezifischer-20-fuss-lagertransportbehaelter-mit-offener-seite\/","title":{"rendered":"Spezifischer 20-Fu\u00df-Lagertransportbeh\u00e4lter mit offener Seite"},"content":{"rendered":"<div class=\"woocommerce-tabs wc-tabs-wrapper tabs-layout-tabs\">\n<div class=\"wd-tab-wrapper\">\n<div id=\"tab-description\" class=\"woocommerce-Tabs-panel woocommerce-Tabs-panel--description panel entry-content wc-tab\">\n<div class=\"wc-tab-inner \n\t\t\t\t\t\t\t\t\t\t\"><\/p>\n<div class=\"\">\n<table>\n<thead>\n<tr>\n<th scope=\"col\">ABMESSUNGEN<\/th>\n<th scope=\"col\">L\u00c4NGE (M)<\/th>\n<th scope=\"col\">BREITE (M)<\/th>\n<th scope=\"col\">H\u00d6HE (M)<\/th>\n<th scope=\"col\">VOLUMEN (M<sup>3<\/sup>)<\/th>\n<th scope=\"col\">LEERGEWICHT (T)<\/th>\n<\/tr>\n<\/thead>\n<tbody>\n<tr>\n<th scope=\"row\">Au\u00dfen<\/th>\n<td>6.058<\/td>\n<td>2.438<\/td>\n<td>2.591<\/td>\n<td rowspan=\"2\">30m<sup>3<\/sup><\/td>\n<td rowspan=\"2\">3.17<\/td>\n<\/tr>\n<tr>\n<th scope=\"row\">Innenraum<\/th>\n<td>5.898<\/td>\n<td>2,287<\/td>\n<td>2.302<\/td>\n<\/tr>\n<tr>\n<th scope=\"row\">T\u00fcren<\/th>\n<td>10<\/td>\n<td>2.226<\/td>\n<td>2.189<\/td>\n<\/tr>\n<\/tbody>\n<\/table>\n<\/div>\n<\/div>\n<\/div>\n<\/div>\n<\/div>\n","protected":false},"excerpt":{"rendered":"<div class=\"sgx-short-desc\">\n<div class=\"content-caracteristiques\">\n<p class=\"h4 caracteristiques-titre\">Funktionen<\/p>\n<ul>\n<li>Durchgehende \u00d6ffnung mit 4 abschlie\u00dfbaren T\u00fcren: erleichtert das Be- und Entladen<\/li>\n<li>\u00d6ffnung an einer Seite durch doppelt abschlie\u00dfbare T\u00fcren<\/li>\n<li>Einfache Lieferung<\/li>\n<li>Vielf\u00e4ltige Nutzungsm\u00f6glichkeiten: Gartenhaus, Jagdschuppen, Baustellencontainer, Lagerfl\u00e4che aller Art usw.<\/li>\n<li>Sehr gefragtes Produkt in der Maschinen-, Automobil- und Luftfahrtindustrie sowie f\u00fcr Veranstaltungsunternehmen<\/li>\n<li>28 mm dicker Sperrholzboden<\/li>\n<li>Mit Vorh\u00e4ngeschl\u00f6ssern gesicherte T\u00fcren<\/li>\n<\/ul>\n<\/div>\n<div class=\"content-content\">\n<p>Der Container\u00a0<strong>20 Fu\u00df offene Seite<\/strong>\u00a0hat ein\u00a0<strong>vollst\u00e4ndige \u00d6ffnung mit 4 Fl\u00fcgeln entlang der L\u00e4nge<\/strong>, w\u00e4hrend die Doppelt\u00fcr am Ende bleibt. Dies ist ein Produkt\u00a0<strong>sehr begehrt<\/strong>\u00a0im\u00a0<strong>die mechanische Industrie<\/strong>, das<strong>Automobil<\/strong>\u00a0und das<strong>Luftfahrt<\/strong>\u00a0weil es\u00a0<strong>erlaubt laden und entladen<\/strong>\u00a0die mit einem\u00a0<strong>gelagerten G\u00fcter gro\u00dfe Leichtigkeit<\/strong>\u00a0(zum Beispiel mit dem Gabelstapler).<\/p>\n<p>Das\u00a0<strong>20\u2018 offene Seite\u00a0<\/strong>wird in\u00a0<strong>hergestellt CORTEN-Stahl<\/strong>. Diese Stahlsorte weist erhebliche Widerstandseigenschaften gegen\u00fcber den atmosph\u00e4rischen Bedingungen auf See auf.<\/p>\n<p>Seine Doppelt\u00fcren sowie die 4 Fl\u00fcgel k\u00f6nnen mit Cremonen verschlossen und mit einem Sicherheitsvorh\u00e4ngeschloss gesichert werden. Der Boden ist\u00a0<strong>Marinesperrholz<\/strong>\u00a0Dicke 28 mm. Der Beh\u00e4lter hat 4 Ecken\u00a0<strong>ISO\u00a0<\/strong>wodurch es w\u00e4hrend\u00a0<strong>gesperrt werden kann Stra\u00dfen-, Schienenverkehr<\/strong>\u00a0oder<strong>\u00a0maritim<\/strong>.<\/p>\n<p>Es kann\u00a0<strong>sein personalisiert\u00a0<\/strong>und\u00a0<strong>m\u00f6bliert<\/strong>\u00a0in Ferienh\u00e4usern, Gesch\u00e4ften, Snackbars, Arztpraxen, Gartenh\u00e4usern, Garagen, B\u00fcros, Wohnheimen usw.<\/p>\n<\/div>\n<\/div>\n","protected":false},"featured_media":11929,"comment_status":"open","ping_status":"closed","template":"","meta":[],"product_brand":[],"product_cat":[350,347],"product_tag":[],"class_list":{"0":"post-18513","1":"product","2":"type-product","3":"status-publish","4":"has-post-thumbnail","6":"product_cat-spezifischer-speicher","7":"product_cat-unsere-container","9":"first","10":"instock","11":"shipping-taxable","12":"purchasable","13":"product-type-variable"},"yoast_head":"<!-- This site is optimized with the Yoast SEO plugin v27.4 - https:\/\/yoast.com\/product\/yoast-seo-wordpress\/ -->\n<title>Spezifischer 20-Fu\u00df-Lagertransportbeh\u00e4lter mit offener Seite - Sagrinex \u2013 Anhaenger, Container &amp; Landtechnik \ud83c\udf3e\ud83d\ude9c<\/title>\n<meta name=\"robots\" content=\"index, follow, max-snippet:-1, max-image-preview:large, max-video-preview:-1\" \/>\n<link rel=\"canonical\" href=\"https:\/\/sagrinex.com\/produit\/spezifischer-20-fuss-lagertransportbehaelter-mit-offener-seite\/?lang=de\" \/>\n<meta property=\"og:locale\" content=\"de_DE\" \/>\n<meta property=\"og:type\" content=\"article\" \/>\n<meta property=\"og:title\" content=\"Spezifischer 20-Fu\u00df-Lagertransportbeh\u00e4lter mit offener Seite - Sagrinex \u2013 Anhaenger, Container &amp; Landtechnik \ud83c\udf3e\ud83d\ude9c\" \/>\n<meta property=\"og:description\" content=\"Funktionen Durchgehende \u00d6ffnung mit 4 abschlie\u00dfbaren T\u00fcren: erleichtert das Be- und Entladen \u00d6ffnung an einer Seite durch doppelt abschlie\u00dfbare T\u00fcren Einfache Lieferung Vielf\u00e4ltige Nutzungsm\u00f6glichkeiten: Gartenhaus, Jagdschuppen, Baustellencontainer, Lagerfl\u00e4che aller Art usw. Sehr gefragtes Produkt in der Maschinen-, Automobil- und Luftfahrtindustrie sowie f\u00fcr Veranstaltungsunternehmen 28 mm dicker Sperrholzboden Mit Vorh\u00e4ngeschl\u00f6ssern gesicherte T\u00fcren  Der Container\u00a020 Fu\u00df offene Seite\u00a0hat ein\u00a0vollst\u00e4ndige \u00d6ffnung mit 4 Fl\u00fcgeln entlang der L\u00e4nge, w\u00e4hrend die Doppelt\u00fcr am Ende bleibt. Dies ist ein Produkt\u00a0sehr begehrt\u00a0im\u00a0die mechanische Industrie, dasAutomobil\u00a0und dasLuftfahrt\u00a0weil es\u00a0erlaubt laden und entladen\u00a0die mit einem\u00a0gelagerten G\u00fcter gro\u00dfe Leichtigkeit\u00a0(zum Beispiel mit dem Gabelstapler). Das\u00a020\u2018 offene Seite\u00a0wird in\u00a0hergestellt CORTEN-Stahl. Diese Stahlsorte weist erhebliche Widerstandseigenschaften gegen\u00fcber den atmosph\u00e4rischen Bedingungen auf See auf. Seine Doppelt\u00fcren sowie die 4 Fl\u00fcgel k\u00f6nnen mit Cremonen verschlossen und mit einem Sicherheitsvorh\u00e4ngeschloss gesichert werden. Der Boden ist\u00a0Marinesperrholz\u00a0Dicke 28 mm. Der Beh\u00e4lter hat 4 Ecken\u00a0ISO\u00a0wodurch es w\u00e4hrend\u00a0gesperrt werden kann Stra\u00dfen-, Schienenverkehr\u00a0oder\u00a0maritim. Es kann\u00a0sein personalisiert\u00a0und\u00a0m\u00f6bliert\u00a0in Ferienh\u00e4usern, Gesch\u00e4ften, Snackbars, Arztpraxen, Gartenh\u00e4usern, Garagen, B\u00fcros, Wohnheimen usw.\" \/>\n<meta property=\"og:url\" content=\"https:\/\/sagrinex.com\/produit\/spezifischer-20-fuss-lagertransportbehaelter-mit-offener-seite\/?lang=de\" \/>\n<meta property=\"og:site_name\" content=\"Sagrinex \u2013 Anhaenger, Container &amp; Landtechnik \ud83c\udf3e\ud83d\ude9c\" \/>\n<meta property=\"article:modified_time\" content=\"2026-04-18T09:27:54+00:00\" \/>\n<meta property=\"og:image\" content=\"https:\/\/sagrinex.com\/wp-content\/uploads\/2026\/03\/Image-194-2.jpeg\" \/>\n\t<meta property=\"og:image:width\" content=\"1030\" \/>\n\t<meta property=\"og:image:height\" content=\"1030\" \/>\n\t<meta property=\"og:image:type\" content=\"image\/jpeg\" \/>\n<meta name=\"twitter:card\" content=\"summary_large_image\" \/>\n<script type=\"application\/ld+json\" class=\"yoast-schema-graph\">{\"@context\":\"https:\\\/\\\/schema.org\",\"@graph\":[{\"@type\":\"WebPage\",\"@id\":\"https:\\\/\\\/sagrinex.com\\\/produit\\\/spezifischer-20-fuss-lagertransportbehaelter-mit-offener-seite\\\/?lang=de\",\"url\":\"https:\\\/\\\/sagrinex.com\\\/produit\\\/spezifischer-20-fuss-lagertransportbehaelter-mit-offener-seite\\\/?lang=de\",\"name\":\"Spezifischer 20-Fu\u00df-Lagertransportbeh\u00e4lter mit offener Seite - Sagrinex \u2013 Anhaenger, Container &amp; Landtechnik \ud83c\udf3e\ud83d\ude9c\",\"isPartOf\":{\"@id\":\"https:\\\/\\\/sagrinex.com\\\/#website\"},\"primaryImageOfPage\":{\"@id\":\"https:\\\/\\\/sagrinex.com\\\/produit\\\/spezifischer-20-fuss-lagertransportbehaelter-mit-offener-seite\\\/?lang=de#primaryimage\"},\"image\":{\"@id\":\"https:\\\/\\\/sagrinex.com\\\/produit\\\/spezifischer-20-fuss-lagertransportbehaelter-mit-offener-seite\\\/?lang=de#primaryimage\"},\"thumbnailUrl\":\"https:\\\/\\\/sagrinex.com\\\/wp-content\\\/uploads\\\/2026\\\/03\\\/Image-194-2.jpeg\",\"datePublished\":\"2026-04-18T08:58:23+00:00\",\"dateModified\":\"2026-04-18T09:27:54+00:00\",\"breadcrumb\":{\"@id\":\"https:\\\/\\\/sagrinex.com\\\/produit\\\/spezifischer-20-fuss-lagertransportbehaelter-mit-offener-seite\\\/?lang=de#breadcrumb\"},\"inLanguage\":\"de\",\"potentialAction\":[{\"@type\":\"ReadAction\",\"target\":[\"https:\\\/\\\/sagrinex.com\\\/produit\\\/spezifischer-20-fuss-lagertransportbehaelter-mit-offener-seite\\\/?lang=de\"]}]},{\"@type\":\"ImageObject\",\"inLanguage\":\"de\",\"@id\":\"https:\\\/\\\/sagrinex.com\\\/produit\\\/spezifischer-20-fuss-lagertransportbehaelter-mit-offener-seite\\\/?lang=de#primaryimage\",\"url\":\"https:\\\/\\\/sagrinex.com\\\/wp-content\\\/uploads\\\/2026\\\/03\\\/Image-194-2.jpeg\",\"contentUrl\":\"https:\\\/\\\/sagrinex.com\\\/wp-content\\\/uploads\\\/2026\\\/03\\\/Image-194-2.jpeg\",\"width\":1030,\"height\":1030},{\"@type\":\"BreadcrumbList\",\"@id\":\"https:\\\/\\\/sagrinex.com\\\/produit\\\/spezifischer-20-fuss-lagertransportbehaelter-mit-offener-seite\\\/?lang=de#breadcrumb\",\"itemListElement\":[{\"@type\":\"ListItem\",\"position\":1,\"name\":\"Accueil\",\"item\":\"https:\\\/\\\/sagrinex.com\\\/?lang=de\"},{\"@type\":\"ListItem\",\"position\":2,\"name\":\"Shop\",\"item\":\"https:\\\/\\\/sagrinex.com\\\/shop\\\/\"},{\"@type\":\"ListItem\",\"position\":3,\"name\":\"Spezifischer 20-Fu\u00df-Lagertransportbeh\u00e4lter mit offener Seite\"}]},{\"@type\":\"WebSite\",\"@id\":\"https:\\\/\\\/sagrinex.com\\\/#website\",\"url\":\"https:\\\/\\\/sagrinex.com\\\/\",\"name\":\"Sagrinex \u2013 Spezialist f\u00fcr Anh\u00e4nger, Container & Landtechnik\",\"description\":\"Anhaenger, Container &amp; Landtechnik \u2014 Online-Verkauf &amp; kostenloses Angebot\",\"publisher\":{\"@id\":\"https:\\\/\\\/sagrinex.com\\\/#organization\"},\"potentialAction\":[{\"@type\":\"SearchAction\",\"target\":{\"@type\":\"EntryPoint\",\"urlTemplate\":\"https:\\\/\\\/sagrinex.com\\\/?s={search_term_string}\"},\"query-input\":{\"@type\":\"PropertyValueSpecification\",\"valueRequired\":true,\"valueName\":\"search_term_string\"}}],\"inLanguage\":\"de\"},{\"@type\":\"Organization\",\"@id\":\"https:\\\/\\\/sagrinex.com\\\/#organization\",\"name\":\"Sagrinex \u2013 Remorques, Conteneurs & Mat\u00e9riel Agricole\",\"url\":\"https:\\\/\\\/sagrinex.com\\\/\",\"logo\":{\"@type\":\"ImageObject\",\"inLanguage\":\"de\",\"@id\":\"https:\\\/\\\/sagrinex.com\\\/#\\\/schema\\\/logo\\\/image\\\/\",\"url\":\"https:\\\/\\\/sagrinex.com\\\/wp-content\\\/uploads\\\/2026\\\/03\\\/7f1ac463-ef5a-425d-bdd6-a5da03a334a9-1024x683.png\",\"contentUrl\":\"https:\\\/\\\/sagrinex.com\\\/wp-content\\\/uploads\\\/2026\\\/03\\\/7f1ac463-ef5a-425d-bdd6-a5da03a334a9-1024x683.png\",\"width\":1024,\"height\":683,\"caption\":\"Sagrinex \u2013 Remorques, Conteneurs & Mat\u00e9riel Agricole\"},\"image\":{\"@id\":\"https:\\\/\\\/sagrinex.com\\\/#\\\/schema\\\/logo\\\/image\\\/\"}}]}<\/script>\n<!-- \/ Yoast SEO plugin. -->","yoast_head_json":{"title":"Spezifischer 20-Fu\u00df-Lagertransportbeh\u00e4lter mit offener Seite - Sagrinex \u2013 Anhaenger, Container &amp; Landtechnik \ud83c\udf3e\ud83d\ude9c","robots":{"index":"index","follow":"follow","max-snippet":"max-snippet:-1","max-image-preview":"max-image-preview:large","max-video-preview":"max-video-preview:-1"},"canonical":"https:\/\/sagrinex.com\/produit\/spezifischer-20-fuss-lagertransportbehaelter-mit-offener-seite\/?lang=de","og_locale":"de_DE","og_type":"article","og_title":"Spezifischer 20-Fu\u00df-Lagertransportbeh\u00e4lter mit offener Seite - Sagrinex \u2013 Anhaenger, Container &amp; Landtechnik \ud83c\udf3e\ud83d\ude9c","og_description":"Funktionen Durchgehende \u00d6ffnung mit 4 abschlie\u00dfbaren T\u00fcren: erleichtert das Be- und Entladen \u00d6ffnung an einer Seite durch doppelt abschlie\u00dfbare T\u00fcren Einfache Lieferung Vielf\u00e4ltige Nutzungsm\u00f6glichkeiten: Gartenhaus, Jagdschuppen, Baustellencontainer, Lagerfl\u00e4che aller Art usw. Sehr gefragtes Produkt in der Maschinen-, Automobil- und Luftfahrtindustrie sowie f\u00fcr Veranstaltungsunternehmen 28 mm dicker Sperrholzboden Mit Vorh\u00e4ngeschl\u00f6ssern gesicherte T\u00fcren  Der Container\u00a020 Fu\u00df offene Seite\u00a0hat ein\u00a0vollst\u00e4ndige \u00d6ffnung mit 4 Fl\u00fcgeln entlang der L\u00e4nge, w\u00e4hrend die Doppelt\u00fcr am Ende bleibt. Dies ist ein Produkt\u00a0sehr begehrt\u00a0im\u00a0die mechanische Industrie, dasAutomobil\u00a0und dasLuftfahrt\u00a0weil es\u00a0erlaubt laden und entladen\u00a0die mit einem\u00a0gelagerten G\u00fcter gro\u00dfe Leichtigkeit\u00a0(zum Beispiel mit dem Gabelstapler). Das\u00a020\u2018 offene Seite\u00a0wird in\u00a0hergestellt CORTEN-Stahl. Diese Stahlsorte weist erhebliche Widerstandseigenschaften gegen\u00fcber den atmosph\u00e4rischen Bedingungen auf See auf. Seine Doppelt\u00fcren sowie die 4 Fl\u00fcgel k\u00f6nnen mit Cremonen verschlossen und mit einem Sicherheitsvorh\u00e4ngeschloss gesichert werden. Der Boden ist\u00a0Marinesperrholz\u00a0Dicke 28 mm. Der Beh\u00e4lter hat 4 Ecken\u00a0ISO\u00a0wodurch es w\u00e4hrend\u00a0gesperrt werden kann Stra\u00dfen-, Schienenverkehr\u00a0oder\u00a0maritim. Es kann\u00a0sein personalisiert\u00a0und\u00a0m\u00f6bliert\u00a0in Ferienh\u00e4usern, Gesch\u00e4ften, Snackbars, Arztpraxen, Gartenh\u00e4usern, Garagen, B\u00fcros, Wohnheimen usw.","og_url":"https:\/\/sagrinex.com\/produit\/spezifischer-20-fuss-lagertransportbehaelter-mit-offener-seite\/?lang=de","og_site_name":"Sagrinex \u2013 Anhaenger, Container &amp; Landtechnik \ud83c\udf3e\ud83d\ude9c","article_modified_time":"2026-04-18T09:27:54+00:00","og_image":[{"width":1030,"height":1030,"url":"https:\/\/sagrinex.com\/wp-content\/uploads\/2026\/03\/Image-194-2.jpeg","type":"image\/jpeg"}],"twitter_card":"summary_large_image","schema":{"@context":"https:\/\/schema.org","@graph":[{"@type":"WebPage","@id":"https:\/\/sagrinex.com\/produit\/spezifischer-20-fuss-lagertransportbehaelter-mit-offener-seite\/?lang=de","url":"https:\/\/sagrinex.com\/produit\/spezifischer-20-fuss-lagertransportbehaelter-mit-offener-seite\/?lang=de","name":"Spezifischer 20-Fu\u00df-Lagertransportbeh\u00e4lter mit offener Seite - Sagrinex \u2013 Anhaenger, Container &amp; Landtechnik \ud83c\udf3e\ud83d\ude9c","isPartOf":{"@id":"https:\/\/sagrinex.com\/#website"},"primaryImageOfPage":{"@id":"https:\/\/sagrinex.com\/produit\/spezifischer-20-fuss-lagertransportbehaelter-mit-offener-seite\/?lang=de#primaryimage"},"image":{"@id":"https:\/\/sagrinex.com\/produit\/spezifischer-20-fuss-lagertransportbehaelter-mit-offener-seite\/?lang=de#primaryimage"},"thumbnailUrl":"https:\/\/sagrinex.com\/wp-content\/uploads\/2026\/03\/Image-194-2.jpeg","datePublished":"2026-04-18T08:58:23+00:00","dateModified":"2026-04-18T09:27:54+00:00","breadcrumb":{"@id":"https:\/\/sagrinex.com\/produit\/spezifischer-20-fuss-lagertransportbehaelter-mit-offener-seite\/?lang=de#breadcrumb"},"inLanguage":"de","potentialAction":[{"@type":"ReadAction","target":["https:\/\/sagrinex.com\/produit\/spezifischer-20-fuss-lagertransportbehaelter-mit-offener-seite\/?lang=de"]}]},{"@type":"ImageObject","inLanguage":"de","@id":"https:\/\/sagrinex.com\/produit\/spezifischer-20-fuss-lagertransportbehaelter-mit-offener-seite\/?lang=de#primaryimage","url":"https:\/\/sagrinex.com\/wp-content\/uploads\/2026\/03\/Image-194-2.jpeg","contentUrl":"https:\/\/sagrinex.com\/wp-content\/uploads\/2026\/03\/Image-194-2.jpeg","width":1030,"height":1030},{"@type":"BreadcrumbList","@id":"https:\/\/sagrinex.com\/produit\/spezifischer-20-fuss-lagertransportbehaelter-mit-offener-seite\/?lang=de#breadcrumb","itemListElement":[{"@type":"ListItem","position":1,"name":"Accueil","item":"https:\/\/sagrinex.com\/?lang=de"},{"@type":"ListItem","position":2,"name":"Shop","item":"https:\/\/sagrinex.com\/shop\/"},{"@type":"ListItem","position":3,"name":"Spezifischer 20-Fu\u00df-Lagertransportbeh\u00e4lter mit offener Seite"}]},{"@type":"WebSite","@id":"https:\/\/sagrinex.com\/#website","url":"https:\/\/sagrinex.com\/","name":"Sagrinex \u2013 Spezialist f\u00fcr Anh\u00e4nger, Container & Landtechnik","description":"Anhaenger, Container &amp; Landtechnik \u2014 Online-Verkauf &amp; kostenloses Angebot","publisher":{"@id":"https:\/\/sagrinex.com\/#organization"},"potentialAction":[{"@type":"SearchAction","target":{"@type":"EntryPoint","urlTemplate":"https:\/\/sagrinex.com\/?s={search_term_string}"},"query-input":{"@type":"PropertyValueSpecification","valueRequired":true,"valueName":"search_term_string"}}],"inLanguage":"de"},{"@type":"Organization","@id":"https:\/\/sagrinex.com\/#organization","name":"Sagrinex \u2013 Remorques, Conteneurs & Mat\u00e9riel Agricole","url":"https:\/\/sagrinex.com\/","logo":{"@type":"ImageObject","inLanguage":"de","@id":"https:\/\/sagrinex.com\/#\/schema\/logo\/image\/","url":"https:\/\/sagrinex.com\/wp-content\/uploads\/2026\/03\/7f1ac463-ef5a-425d-bdd6-a5da03a334a9-1024x683.png","contentUrl":"https:\/\/sagrinex.com\/wp-content\/uploads\/2026\/03\/7f1ac463-ef5a-425d-bdd6-a5da03a334a9-1024x683.png","width":1024,"height":683,"caption":"Sagrinex \u2013 Remorques, Conteneurs & Mat\u00e9riel Agricole"},"image":{"@id":"https:\/\/sagrinex.com\/#\/schema\/logo\/image\/"}}]}},"jetpack_sharing_enabled":true,"_links":{"self":[{"href":"https:\/\/sagrinex.com\/de\/wp-json\/wp\/v2\/product\/18513","targetHints":{"allow":["GET"]}}],"collection":[{"href":"https:\/\/sagrinex.com\/de\/wp-json\/wp\/v2\/product"}],"about":[{"href":"https:\/\/sagrinex.com\/de\/wp-json\/wp\/v2\/types\/product"}],"replies":[{"embeddable":true,"href":"https:\/\/sagrinex.com\/de\/wp-json\/wp\/v2\/comments?post=18513"}],"version-history":[{"count":0,"href":"https:\/\/sagrinex.com\/de\/wp-json\/wp\/v2\/product\/18513\/revisions"}],"wp:featuredmedia":[{"embeddable":true,"href":"https:\/\/sagrinex.com\/de\/wp-json\/wp\/v2\/media\/11929"}],"wp:attachment":[{"href":"https:\/\/sagrinex.com\/de\/wp-json\/wp\/v2\/media?parent=18513"}],"wp:term":[{"taxonomy":"product_brand","embeddable":true,"href":"https:\/\/sagrinex.com\/de\/wp-json\/wp\/v2\/product_brand?post=18513"},{"taxonomy":"product_cat","embeddable":true,"href":"https:\/\/sagrinex.com\/de\/wp-json\/wp\/v2\/product_cat?post=18513"},{"taxonomy":"product_tag","embeddable":true,"href":"https:\/\/sagrinex.com\/de\/wp-json\/wp\/v2\/product_tag?post=18513"}],"curies":[{"name":"wp","href":"https:\/\/api.w.org\/{rel}","templated":true}]}}