{"id":18534,"date":"2026-04-18T09:08:05","date_gmt":"2026-04-18T09:08:05","guid":{"rendered":"https:\/\/sagrinex.com\/produit\/maritime-lagercontainer-standard-20-fuss-dry-high-cube\/"},"modified":"2026-04-18T09:19:55","modified_gmt":"2026-04-18T09:19:55","slug":"maritime-lagercontainer-standard-20-fuss-dry-high-cube","status":"publish","type":"product","link":"https:\/\/sagrinex.com\/de\/produit\/maritime-lagercontainer-standard-20-fuss-dry-high-cube\/","title":{"rendered":"\u201eStandard\u201c 40 Fu\u00df trockene maritime Lagercontainer"},"content":{"rendered":"<table class=\"table\">\n<thead>\n<tr>\n<th class=\"dim\" scope=\"col\">ABMESSUNGEN<\/th>\n<th scope=\"col\">L\u00c4NGE (M)<\/th>\n<th scope=\"col\">BREITE (M)<\/th>\n<th scope=\"col\">H\u00d6HE (M)<\/th>\n<th scope=\"col\">VOLUMEN (M<sup>3<\/sup>)<\/th>\n<th scope=\"col\">LEERGEWICHT (T)<\/th>\n<\/tr>\n<\/thead>\n<tbody>\n<tr>\n<th scope=\"row\">Au\u00dfen<\/th>\n<td>12.192<\/td>\n<td>2.438<\/td>\n<td>2.591<\/td>\n<td class=\"border-left\" rowspan=\"2\">67,70 m<sup>3<\/sup><\/td>\n<td class=\"border-left\" rowspan=\"2\">3,47<\/td>\n<\/tr>\n<tr>\n<th scope=\"row\">Innenraum<\/th>\n<td>12.032<\/td>\n<td>2.352<\/td>\n<td>2,393<\/td>\n<\/tr>\n<tr>\n<th scope=\"row\">T\u00fcren<\/th>\n<td><\/td>\n<td>2,34<\/td>\n<td>2,28<\/td>\n<td><\/td>\n<td><\/td>\n<\/tr>\n<\/tbody>\n<\/table>\n<ul>\n<li>\n<p class=\"elementor-heading-title elementor-size-small\">Gewicht 3,47 t<\/p>\n<\/li>\n<li>\n<p class=\"elementor-heading-title elementor-size-small\">Fl\u00e4che 28.299 m2<\/p>\n<\/li>\n<li>\n<p class=\"elementor-heading-title elementor-size-small\">Volumen 67,70 m3<\/p>\n<\/li>\n<li>\n<p class=\"elementor-heading-title elementor-size-small\">nb. Paletten 24<\/p>\n<\/li>\n<\/ul>\n","protected":false},"excerpt":{"rendered":"<div class=\"sgx-short-desc\">\n<div class=\"content-caracteristiques\">\n<p class=\"h4 caracteristiques-titre\">Funktionen<\/p>\n<ul>\n<li>Derzeit der g\u00fcnstigste Preis f\u00fcr das Gebrauchtmodell<\/li>\n<li>Vielf\u00e4ltige Nutzungsm\u00f6glichkeiten: zus\u00e4tzlicher Lagerraum, Jagdh\u00fctte, Baustellencontainer, Pferdebox, Lagerung aller Art usw.<\/li>\n<li>Eines der Flaggschiffprodukte f\u00fcr den Bau\/die Erweiterung von H\u00e4usern, Lagerhallen usw.<\/li>\n<li>Doppelt\u00fcren mit 4 Cremones abschlie\u00dfbar und mit Vorh\u00e4ngeschloss gesichert<\/li>\n<li>Marine-Sperrholzboden 28 mm dick<\/li>\n<\/ul>\n<\/div>\n<div class=\"content-content\">\n<p>Der Container\u00a0<strong>40 Fu\u00df trocken<\/strong>\u00a0ist das\u00a0<strong>Beh\u00e4lter<\/strong>\u00a0das\u00a0<strong>am h\u00e4ufigsten verwendet<\/strong>\u00a0f\u00fcr die\u00a0<strong>Seeverkehr<\/strong>.<\/p>\n<p>Am\u00a0<strong>das verwendete Modell,\u00a0<\/strong>Es ist der attraktivste Container, wenn man seinen Preis mit der angebotenen Fl\u00e4che vergleicht, d. h. 28 m\u00b2.<\/p>\n<p>Es wird alle Ihre Bed\u00fcrfnisse erf\u00fcllen: Platz von\u00a0<strong>Lagerung<\/strong>\u00a0<strong>zus\u00e4tzlich<\/strong>, Jagdh\u00fctte,\u00a0<strong>Baustellencontainer<\/strong>, Pferdebox,\u00a0<strong>Lagerung aller Art<\/strong>usw.<\/p>\n<p>Es kann auch\u00a0<strong>sein personalisiert<\/strong>\u00a0um daraus ein B\u00fcro, einen Pflanzenschutzraum, einen Entspannungsbereich, ein G\u00e4stezimmer, eine Snackbar, einen Kiosk, einen Gartenschuppen, eine Garage, ein Haus usw. zu machen.<\/p>\n<p>Das\u00a0<strong>40\u2019 trocken\u00a0<\/strong>wird in\u00a0<strong>hergestellt CORTEN-Stahl<\/strong>\u00a0Gew\u00e4hrleistung erheblicher Widerstandseigenschaften gegen\u00fcber den atmosph\u00e4rischen Bedingungen auf See.<\/p>\n<\/div>\n<\/div>\n","protected":false},"featured_media":11797,"comment_status":"open","ping_status":"closed","template":"","meta":[],"product_brand":[],"product_cat":[351,347],"product_tag":[],"class_list":{"0":"post-18534","1":"product","2":"type-product","3":"status-publish","4":"has-post-thumbnail","6":"product_cat-standardspeicher","7":"product_cat-unsere-container","9":"first","10":"instock","11":"shipping-taxable","12":"purchasable","13":"product-type-variable"},"yoast_head":"<!-- This site is optimized with the Yoast SEO plugin v27.4 - https:\/\/yoast.com\/product\/yoast-seo-wordpress\/ -->\n<title>\u201eStandard\u201c 40 Fu\u00df trockene maritime Lagercontainer - Sagrinex \u2013 Anhaenger, Container &amp; Landtechnik \ud83c\udf3e\ud83d\ude9c<\/title>\n<meta name=\"robots\" content=\"index, follow, max-snippet:-1, max-image-preview:large, max-video-preview:-1\" \/>\n<link rel=\"canonical\" href=\"https:\/\/sagrinex.com\/produit\/maritime-lagercontainer-standard-20-fuss-dry-high-cube\/?lang=de\" \/>\n<meta property=\"og:locale\" content=\"de_DE\" \/>\n<meta property=\"og:type\" content=\"article\" \/>\n<meta property=\"og:title\" content=\"\u201eStandard\u201c 40 Fu\u00df trockene maritime Lagercontainer - Sagrinex \u2013 Anhaenger, Container &amp; Landtechnik \ud83c\udf3e\ud83d\ude9c\" \/>\n<meta property=\"og:description\" content=\"Funktionen Derzeit der g\u00fcnstigste Preis f\u00fcr das Gebrauchtmodell Vielf\u00e4ltige Nutzungsm\u00f6glichkeiten: zus\u00e4tzlicher Lagerraum, Jagdh\u00fctte, Baustellencontainer, Pferdebox, Lagerung aller Art usw. Eines der Flaggschiffprodukte f\u00fcr den Bau\/die Erweiterung von H\u00e4usern, Lagerhallen usw. Doppelt\u00fcren mit 4 Cremones abschlie\u00dfbar und mit Vorh\u00e4ngeschloss gesichert Marine-Sperrholzboden 28 mm dick  Der Container\u00a040 Fu\u00df trocken\u00a0ist das\u00a0Beh\u00e4lter\u00a0das\u00a0am h\u00e4ufigsten verwendet\u00a0f\u00fcr die\u00a0Seeverkehr. Am\u00a0das verwendete Modell,\u00a0Es ist der attraktivste Container, wenn man seinen Preis mit der angebotenen Fl\u00e4che vergleicht, d. h. 28 m\u00b2. Es wird alle Ihre Bed\u00fcrfnisse erf\u00fcllen: Platz von\u00a0Lagerung\u00a0zus\u00e4tzlich, Jagdh\u00fctte,\u00a0Baustellencontainer, Pferdebox,\u00a0Lagerung aller Artusw. Es kann auch\u00a0sein personalisiert\u00a0um daraus ein B\u00fcro, einen Pflanzenschutzraum, einen Entspannungsbereich, ein G\u00e4stezimmer, eine Snackbar, einen Kiosk, einen Gartenschuppen, eine Garage, ein Haus usw. zu machen. Das\u00a040\u2019 trocken\u00a0wird in\u00a0hergestellt CORTEN-Stahl\u00a0Gew\u00e4hrleistung erheblicher Widerstandseigenschaften gegen\u00fcber den atmosph\u00e4rischen Bedingungen auf See.\" \/>\n<meta property=\"og:url\" content=\"https:\/\/sagrinex.com\/produit\/maritime-lagercontainer-standard-20-fuss-dry-high-cube\/?lang=de\" \/>\n<meta property=\"og:site_name\" content=\"Sagrinex \u2013 Anhaenger, Container &amp; Landtechnik \ud83c\udf3e\ud83d\ude9c\" \/>\n<meta property=\"article:modified_time\" content=\"2026-04-18T09:19:55+00:00\" \/>\n<meta property=\"og:image\" content=\"https:\/\/sagrinex.com\/wp-content\/uploads\/2026\/03\/Image-151-1.jpeg\" \/>\n\t<meta property=\"og:image:width\" content=\"1024\" \/>\n\t<meta property=\"og:image:height\" content=\"768\" \/>\n\t<meta property=\"og:image:type\" content=\"image\/jpeg\" \/>\n<meta name=\"twitter:card\" content=\"summary_large_image\" \/>\n<script type=\"application\/ld+json\" class=\"yoast-schema-graph\">{\"@context\":\"https:\\\/\\\/schema.org\",\"@graph\":[{\"@type\":\"WebPage\",\"@id\":\"https:\\\/\\\/sagrinex.com\\\/produit\\\/maritime-lagercontainer-standard-20-fuss-dry-high-cube\\\/?lang=de\",\"url\":\"https:\\\/\\\/sagrinex.com\\\/produit\\\/maritime-lagercontainer-standard-20-fuss-dry-high-cube\\\/?lang=de\",\"name\":\"\u201eStandard\u201c 40 Fu\u00df trockene maritime Lagercontainer - Sagrinex \u2013 Anhaenger, Container &amp; Landtechnik \ud83c\udf3e\ud83d\ude9c\",\"isPartOf\":{\"@id\":\"https:\\\/\\\/sagrinex.com\\\/#website\"},\"primaryImageOfPage\":{\"@id\":\"https:\\\/\\\/sagrinex.com\\\/produit\\\/maritime-lagercontainer-standard-20-fuss-dry-high-cube\\\/?lang=de#primaryimage\"},\"image\":{\"@id\":\"https:\\\/\\\/sagrinex.com\\\/produit\\\/maritime-lagercontainer-standard-20-fuss-dry-high-cube\\\/?lang=de#primaryimage\"},\"thumbnailUrl\":\"https:\\\/\\\/sagrinex.com\\\/wp-content\\\/uploads\\\/2026\\\/03\\\/Image-147-2.jpeg\",\"datePublished\":\"2026-04-18T09:08:05+00:00\",\"dateModified\":\"2026-04-18T09:19:55+00:00\",\"breadcrumb\":{\"@id\":\"https:\\\/\\\/sagrinex.com\\\/produit\\\/maritime-lagercontainer-standard-20-fuss-dry-high-cube\\\/?lang=de#breadcrumb\"},\"inLanguage\":\"de\",\"potentialAction\":[{\"@type\":\"ReadAction\",\"target\":[\"https:\\\/\\\/sagrinex.com\\\/produit\\\/maritime-lagercontainer-standard-20-fuss-dry-high-cube\\\/?lang=de\"]}]},{\"@type\":\"ImageObject\",\"inLanguage\":\"de\",\"@id\":\"https:\\\/\\\/sagrinex.com\\\/produit\\\/maritime-lagercontainer-standard-20-fuss-dry-high-cube\\\/?lang=de#primaryimage\",\"url\":\"https:\\\/\\\/sagrinex.com\\\/wp-content\\\/uploads\\\/2026\\\/03\\\/Image-147-2.jpeg\",\"contentUrl\":\"https:\\\/\\\/sagrinex.com\\\/wp-content\\\/uploads\\\/2026\\\/03\\\/Image-147-2.jpeg\",\"width\":640,\"height\":480},{\"@type\":\"BreadcrumbList\",\"@id\":\"https:\\\/\\\/sagrinex.com\\\/produit\\\/maritime-lagercontainer-standard-20-fuss-dry-high-cube\\\/?lang=de#breadcrumb\",\"itemListElement\":[{\"@type\":\"ListItem\",\"position\":1,\"name\":\"Accueil\",\"item\":\"https:\\\/\\\/sagrinex.com\\\/?lang=de\"},{\"@type\":\"ListItem\",\"position\":2,\"name\":\"Shop\",\"item\":\"https:\\\/\\\/sagrinex.com\\\/shop\\\/\"},{\"@type\":\"ListItem\",\"position\":3,\"name\":\"\u201eStandard\u201c 40 Fu\u00df trockene maritime Lagercontainer\"}]},{\"@type\":\"WebSite\",\"@id\":\"https:\\\/\\\/sagrinex.com\\\/#website\",\"url\":\"https:\\\/\\\/sagrinex.com\\\/\",\"name\":\"Sagrinex \u2013 Spezialist f\u00fcr Anh\u00e4nger, Container & Landtechnik\",\"description\":\"Anhaenger, Container &amp; Landtechnik \u2014 Online-Verkauf &amp; kostenloses Angebot\",\"publisher\":{\"@id\":\"https:\\\/\\\/sagrinex.com\\\/#organization\"},\"potentialAction\":[{\"@type\":\"SearchAction\",\"target\":{\"@type\":\"EntryPoint\",\"urlTemplate\":\"https:\\\/\\\/sagrinex.com\\\/?s={search_term_string}\"},\"query-input\":{\"@type\":\"PropertyValueSpecification\",\"valueRequired\":true,\"valueName\":\"search_term_string\"}}],\"inLanguage\":\"de\"},{\"@type\":\"Organization\",\"@id\":\"https:\\\/\\\/sagrinex.com\\\/#organization\",\"name\":\"Sagrinex \u2013 Remorques, Conteneurs & Mat\u00e9riel Agricole\",\"url\":\"https:\\\/\\\/sagrinex.com\\\/\",\"logo\":{\"@type\":\"ImageObject\",\"inLanguage\":\"de\",\"@id\":\"https:\\\/\\\/sagrinex.com\\\/#\\\/schema\\\/logo\\\/image\\\/\",\"url\":\"https:\\\/\\\/sagrinex.com\\\/wp-content\\\/uploads\\\/2026\\\/03\\\/7f1ac463-ef5a-425d-bdd6-a5da03a334a9-1024x683.png\",\"contentUrl\":\"https:\\\/\\\/sagrinex.com\\\/wp-content\\\/uploads\\\/2026\\\/03\\\/7f1ac463-ef5a-425d-bdd6-a5da03a334a9-1024x683.png\",\"width\":1024,\"height\":683,\"caption\":\"Sagrinex \u2013 Remorques, Conteneurs & Mat\u00e9riel Agricole\"},\"image\":{\"@id\":\"https:\\\/\\\/sagrinex.com\\\/#\\\/schema\\\/logo\\\/image\\\/\"}}]}<\/script>\n<!-- \/ Yoast SEO plugin. -->","yoast_head_json":{"title":"\u201eStandard\u201c 40 Fu\u00df trockene maritime Lagercontainer - Sagrinex \u2013 Anhaenger, Container &amp; Landtechnik \ud83c\udf3e\ud83d\ude9c","robots":{"index":"index","follow":"follow","max-snippet":"max-snippet:-1","max-image-preview":"max-image-preview:large","max-video-preview":"max-video-preview:-1"},"canonical":"https:\/\/sagrinex.com\/produit\/maritime-lagercontainer-standard-20-fuss-dry-high-cube\/?lang=de","og_locale":"de_DE","og_type":"article","og_title":"\u201eStandard\u201c 40 Fu\u00df trockene maritime Lagercontainer - Sagrinex \u2013 Anhaenger, Container &amp; Landtechnik \ud83c\udf3e\ud83d\ude9c","og_description":"Funktionen Derzeit der g\u00fcnstigste Preis f\u00fcr das Gebrauchtmodell Vielf\u00e4ltige Nutzungsm\u00f6glichkeiten: zus\u00e4tzlicher Lagerraum, Jagdh\u00fctte, Baustellencontainer, Pferdebox, Lagerung aller Art usw. Eines der Flaggschiffprodukte f\u00fcr den Bau\/die Erweiterung von H\u00e4usern, Lagerhallen usw. Doppelt\u00fcren mit 4 Cremones abschlie\u00dfbar und mit Vorh\u00e4ngeschloss gesichert Marine-Sperrholzboden 28 mm dick  Der Container\u00a040 Fu\u00df trocken\u00a0ist das\u00a0Beh\u00e4lter\u00a0das\u00a0am h\u00e4ufigsten verwendet\u00a0f\u00fcr die\u00a0Seeverkehr. Am\u00a0das verwendete Modell,\u00a0Es ist der attraktivste Container, wenn man seinen Preis mit der angebotenen Fl\u00e4che vergleicht, d. h. 28 m\u00b2. Es wird alle Ihre Bed\u00fcrfnisse erf\u00fcllen: Platz von\u00a0Lagerung\u00a0zus\u00e4tzlich, Jagdh\u00fctte,\u00a0Baustellencontainer, Pferdebox,\u00a0Lagerung aller Artusw. Es kann auch\u00a0sein personalisiert\u00a0um daraus ein B\u00fcro, einen Pflanzenschutzraum, einen Entspannungsbereich, ein G\u00e4stezimmer, eine Snackbar, einen Kiosk, einen Gartenschuppen, eine Garage, ein Haus usw. zu machen. Das\u00a040\u2019 trocken\u00a0wird in\u00a0hergestellt CORTEN-Stahl\u00a0Gew\u00e4hrleistung erheblicher Widerstandseigenschaften gegen\u00fcber den atmosph\u00e4rischen Bedingungen auf See.","og_url":"https:\/\/sagrinex.com\/produit\/maritime-lagercontainer-standard-20-fuss-dry-high-cube\/?lang=de","og_site_name":"Sagrinex \u2013 Anhaenger, Container &amp; Landtechnik \ud83c\udf3e\ud83d\ude9c","article_modified_time":"2026-04-18T09:19:55+00:00","og_image":[{"width":1024,"height":768,"url":"https:\/\/sagrinex.com\/wp-content\/uploads\/2026\/03\/Image-151-1.jpeg","type":"image\/jpeg"}],"twitter_card":"summary_large_image","schema":{"@context":"https:\/\/schema.org","@graph":[{"@type":"WebPage","@id":"https:\/\/sagrinex.com\/produit\/maritime-lagercontainer-standard-20-fuss-dry-high-cube\/?lang=de","url":"https:\/\/sagrinex.com\/produit\/maritime-lagercontainer-standard-20-fuss-dry-high-cube\/?lang=de","name":"\u201eStandard\u201c 40 Fu\u00df trockene maritime Lagercontainer - Sagrinex \u2013 Anhaenger, Container &amp; Landtechnik \ud83c\udf3e\ud83d\ude9c","isPartOf":{"@id":"https:\/\/sagrinex.com\/#website"},"primaryImageOfPage":{"@id":"https:\/\/sagrinex.com\/produit\/maritime-lagercontainer-standard-20-fuss-dry-high-cube\/?lang=de#primaryimage"},"image":{"@id":"https:\/\/sagrinex.com\/produit\/maritime-lagercontainer-standard-20-fuss-dry-high-cube\/?lang=de#primaryimage"},"thumbnailUrl":"https:\/\/sagrinex.com\/wp-content\/uploads\/2026\/03\/Image-147-2.jpeg","datePublished":"2026-04-18T09:08:05+00:00","dateModified":"2026-04-18T09:19:55+00:00","breadcrumb":{"@id":"https:\/\/sagrinex.com\/produit\/maritime-lagercontainer-standard-20-fuss-dry-high-cube\/?lang=de#breadcrumb"},"inLanguage":"de","potentialAction":[{"@type":"ReadAction","target":["https:\/\/sagrinex.com\/produit\/maritime-lagercontainer-standard-20-fuss-dry-high-cube\/?lang=de"]}]},{"@type":"ImageObject","inLanguage":"de","@id":"https:\/\/sagrinex.com\/produit\/maritime-lagercontainer-standard-20-fuss-dry-high-cube\/?lang=de#primaryimage","url":"https:\/\/sagrinex.com\/wp-content\/uploads\/2026\/03\/Image-147-2.jpeg","contentUrl":"https:\/\/sagrinex.com\/wp-content\/uploads\/2026\/03\/Image-147-2.jpeg","width":640,"height":480},{"@type":"BreadcrumbList","@id":"https:\/\/sagrinex.com\/produit\/maritime-lagercontainer-standard-20-fuss-dry-high-cube\/?lang=de#breadcrumb","itemListElement":[{"@type":"ListItem","position":1,"name":"Accueil","item":"https:\/\/sagrinex.com\/?lang=de"},{"@type":"ListItem","position":2,"name":"Shop","item":"https:\/\/sagrinex.com\/shop\/"},{"@type":"ListItem","position":3,"name":"\u201eStandard\u201c 40 Fu\u00df trockene maritime Lagercontainer"}]},{"@type":"WebSite","@id":"https:\/\/sagrinex.com\/#website","url":"https:\/\/sagrinex.com\/","name":"Sagrinex \u2013 Spezialist f\u00fcr Anh\u00e4nger, Container & Landtechnik","description":"Anhaenger, Container &amp; Landtechnik \u2014 Online-Verkauf &amp; kostenloses Angebot","publisher":{"@id":"https:\/\/sagrinex.com\/#organization"},"potentialAction":[{"@type":"SearchAction","target":{"@type":"EntryPoint","urlTemplate":"https:\/\/sagrinex.com\/?s={search_term_string}"},"query-input":{"@type":"PropertyValueSpecification","valueRequired":true,"valueName":"search_term_string"}}],"inLanguage":"de"},{"@type":"Organization","@id":"https:\/\/sagrinex.com\/#organization","name":"Sagrinex \u2013 Remorques, Conteneurs & Mat\u00e9riel Agricole","url":"https:\/\/sagrinex.com\/","logo":{"@type":"ImageObject","inLanguage":"de","@id":"https:\/\/sagrinex.com\/#\/schema\/logo\/image\/","url":"https:\/\/sagrinex.com\/wp-content\/uploads\/2026\/03\/7f1ac463-ef5a-425d-bdd6-a5da03a334a9-1024x683.png","contentUrl":"https:\/\/sagrinex.com\/wp-content\/uploads\/2026\/03\/7f1ac463-ef5a-425d-bdd6-a5da03a334a9-1024x683.png","width":1024,"height":683,"caption":"Sagrinex \u2013 Remorques, Conteneurs & Mat\u00e9riel Agricole"},"image":{"@id":"https:\/\/sagrinex.com\/#\/schema\/logo\/image\/"}}]}},"jetpack_sharing_enabled":true,"_links":{"self":[{"href":"https:\/\/sagrinex.com\/de\/wp-json\/wp\/v2\/product\/18534","targetHints":{"allow":["GET"]}}],"collection":[{"href":"https:\/\/sagrinex.com\/de\/wp-json\/wp\/v2\/product"}],"about":[{"href":"https:\/\/sagrinex.com\/de\/wp-json\/wp\/v2\/types\/product"}],"replies":[{"embeddable":true,"href":"https:\/\/sagrinex.com\/de\/wp-json\/wp\/v2\/comments?post=18534"}],"version-history":[{"count":0,"href":"https:\/\/sagrinex.com\/de\/wp-json\/wp\/v2\/product\/18534\/revisions"}],"wp:featuredmedia":[{"embeddable":true,"href":"https:\/\/sagrinex.com\/de\/wp-json\/wp\/v2\/media\/11797"}],"wp:attachment":[{"href":"https:\/\/sagrinex.com\/de\/wp-json\/wp\/v2\/media?parent=18534"}],"wp:term":[{"taxonomy":"product_brand","embeddable":true,"href":"https:\/\/sagrinex.com\/de\/wp-json\/wp\/v2\/product_brand?post=18534"},{"taxonomy":"product_cat","embeddable":true,"href":"https:\/\/sagrinex.com\/de\/wp-json\/wp\/v2\/product_cat?post=18534"},{"taxonomy":"product_tag","embeddable":true,"href":"https:\/\/sagrinex.com\/de\/wp-json\/wp\/v2\/product_tag?post=18534"}],"curies":[{"name":"wp","href":"https:\/\/api.w.org\/{rel}","templated":true}]}}